{"id":3501,"date":"2023-02-10T23:00:15","date_gmt":"2023-02-10T22:00:15","guid":{"rendered":"https:\/\/szkolenia-udt.pl\/?page_id=3501"},"modified":"2023-02-10T23:47:17","modified_gmt":"2023-02-10T22:47:17","slug":"%d0%b2%d0%b0%d0%bd%d1%82%d0%b0%d0%b6%d0%bd%d0%be-%d1%80%d0%be%d0%b7%d0%b2%d0%b0%d0%bd%d1%82%d0%b0%d0%b6%d1%83%d0%b2%d0%b0%d0%bb%d1%8c%d0%bd%d1%96-%d1%80%d0%be%d0%b1%d0%be%d1%82%d0%b8-%d0%bc%d0%b0","status":"publish","type":"page","link":"https:\/\/szkolenia-udt.pl\/ua\/kursy\/uprawnienia-udt-tdt-wdt\/obslugi-ukladnic-magazynowych\/","title":{"rendered":"\u041a\u0443\u0440\u0441 UDT \u0434\u043b\u044f \u043c\u0430\u0448\u0438\u043d\u0456\u0441\u0442\u0456\u0432 \u043a\u0440\u0430\u043d\u0456\u0432-\u0448\u0442\u0430\u0431\u0435\u043b\u0435\u0440\u0456\u0432"},"content":{"rendered":"\n<p>Firma OSO organizuje kurs przeznaczony dla os\u00f3b, kt\u00f3re chc\u0105 zdoby\u0107 uprawnienia i znale\u017a\u0107 prac\u0119 na stanowisku operatora lub konserwatora uk\u0142adnic magazynowych. W czasie szkolenia uzyskacie Pa\u0144stwo wiedz\u0119 i umiej\u0119tno\u015bci, dzi\u0119ki kt\u00f3rym bez problem\u00f3w uzyskacie pozytywny wynik egzaminu, kt\u00f3ry odbywa si\u0119 przed cz\u0142onkami komisji Urz\u0119du Dozoru Technicznego.\u00a0<\/p>\n\n\n<div class=\"wp-block-image\">\n<figure class=\"aligncenter size-full\"><a href=\"https:\/\/szkolenia-udt.pl\/wp-content\/uploads\/2023\/02\/ukladnica-magazynowa.jpg\"><img loading=\"lazy\" decoding=\"async\" width=\"750\" height=\"750\" src=\"https:\/\/szkolenia-udt.pl\/wp-content\/uploads\/2023\/02\/ukladnica-magazynowa.jpg\" alt=\"Operator steruje urz\u0105dzeniem\" class=\"wp-image-3503\" srcset=\"https:\/\/szkolenia-udt.pl\/wp-content\/uploads\/2023\/02\/ukladnica-magazynowa.jpg 750w, https:\/\/szkolenia-udt.pl\/wp-content\/uploads\/2023\/02\/ukladnica-magazynowa-300x300.jpg 300w, https:\/\/szkolenia-udt.pl\/wp-content\/uploads\/2023\/02\/ukladnica-magazynowa-150x150.jpg 150w, https:\/\/szkolenia-udt.pl\/wp-content\/uploads\/2023\/02\/ukladnica-magazynowa-12x12.jpg 12w\" sizes=\"auto, (max-width: 750px) 100vw, 750px\" \/><\/a><\/figure>\n<\/div>\n\n\n<p>Aby podj\u0105\u0107 prac\u0119 przy obs\u0142udze lub konserwacji uk\u0142adnic magazynowych w du\u017cych magazynach i fabrykach, niezb\u0119dnym jest zdobycie uprawnie\u0144 UDT. Zapraszamy do zapoznania si\u0119 z oferowanym przez nas szkoleniem.&nbsp;<\/p>\n\n\n\n<h2 class=\"wp-block-heading\">Zakres tematyczny kursu&nbsp;&nbsp;<\/h2>\n\n\n\n<p>Prowadzone przez nas szkolenie spe\u0142nia wszystkie wytyczne UDT, a na zaj\u0119ciach poruszane s\u0105 m.in. takie zagadnienia jak:&nbsp;<\/p>\n\n\n\n<ul class=\"wp-block-list\">\n<li>bezpiecze\u0144stwo i higiena pracy w magazynach rega\u0142owych,&nbsp;<\/li>\n\n\n\n<li>budowa cz\u0119\u015bci hydraulicznej,&nbsp;<\/li>\n\n\n\n<li>budowa cz\u0119\u015bci pneumatycznej,&nbsp;<\/li>\n\n\n\n<li>budowa cz\u0119\u015bci elektrycznej (sterowanie, nap\u0119d, zasilanie),&nbsp;<\/li>\n\n\n\n<li>budowa cz\u0119\u015bci mechanicznej,&nbsp;<\/li>\n\n\n\n<li>informacje o dozorze technicznym,&nbsp;<\/li>\n\n\n\n<li>aparaty i urz\u0105dzenia bezpiecze\u0144stwa,&nbsp;<\/li>\n\n\n\n<li>urz\u0105dzenia system\u00f3w transportu pojemnik\u00f3w i palet,&nbsp;<\/li>\n\n\n\n<li>oznakowanie uk\u0142adnic,&nbsp;<\/li>\n\n\n\n<li>instrukcja eksploatacji urz\u0105dzenia,&nbsp;<\/li>\n\n\n\n<li>rega\u0142y magazynowe,&nbsp;<\/li>\n\n\n\n<li>stanowisko operatora,&nbsp;<\/li>\n\n\n\n<li>stanowisko konserwatora,&nbsp;<\/li>\n\n\n\n<li>wiadomo\u015bci o urz\u0105dzeniach transportu bliskiego,&nbsp;<\/li>\n\n\n\n<li>przenoszenie \u0142adunk\u00f3w,&nbsp;<\/li>\n\n\n\n<li>czynno\u015bci operatora,&nbsp;<\/li>\n\n\n\n<li>czynno\u015bci konserwatora,&nbsp;<\/li>\n\n\n\n<li>rodzaje stosowanych uk\u0142adnic magazynowych,&nbsp;<\/li>\n\n\n\n<li>zaj\u0119cia praktyczne.&nbsp;<\/li>\n<\/ul>\n\n\n\n<h2 class=\"wp-block-heading\">Uk\u0142adnice magazynowe &#8211; zastosowanie&nbsp;<\/h2>\n\n\n\n<p>Uk\u0142adnice stosuje si\u0119 w tradycyjnych magazynach oraz tych o konstrukcji samono\u015bnej. S\u0105 to urz\u0105dzenia transportu bliskiego, kt\u00f3re pozwalaj\u0105 na manipulowanie paletami na rega\u0142ach. Bardzo dobrze sprawdzaj\u0105 si\u0119 w sytuacji zarz\u0105dzania zr\u00f3\u017cnicowanym asortymentem towarowym, o \u015bredniej lub du\u017cej rotacji. S\u0105 w stanie poprawi\u0107 r\u00f3wnie\u017c efektywno\u015b\u0107 prac prowadzonych w mro\u017aniach lub magazynach typu ch\u0142odniczego, dzi\u0119ki czemu operator nie musi d\u0142ugo przebywa\u0107 w pomieszczeniach, w kt\u00f3rych panuje niska temperatura.&nbsp;<\/p>\n\n\n\n<p><strong>Zalety stosowania uk\u0142adnic magazynowych:\u00a0<\/strong><\/p>\n\n\n\n<ul class=\"wp-block-list\">\n<li>du\u017ca wydajno\u015b\u0107 &#8211; mo\u017cliwo\u015b\u0107 pracowania przez ca\u0142\u0105 dob\u0119,&nbsp;<\/li>\n\n\n\n<li>wysoki poziom bezpiecze\u0144stwa towaru \u2013 jest ma\u0142e prawdopodobie\u0144stwo powstania wielu b\u0142\u0119d\u00f3w,&nbsp;<\/li>\n\n\n\n<li>niski pob\u00f3r energii &#8211; s\u0105 to urz\u0105dzenia energooszcz\u0119dne,&nbsp;<\/li>\n\n\n\n<li>nieustanny monitoring asortymentu,&nbsp;<\/li>\n\n\n\n<li>lepsze wykorzystanie powierzchni sk\u0142adowania &#8211; korytarze oddzielaj\u0105ce rega\u0142y mog\u0105 by\u0107 w\u0105skie, a uk\u0142adnice w przeciwie\u0144stwie do w\u00f3zk\u00f3w wid\u0142owych mog\u0105 sk\u0142adowa\u0107 towary na du\u017cej wysoko\u015bci.&nbsp;<\/li>\n<\/ul>\n\n\n\n<h2 class=\"wp-block-heading\">Program szkolenia&nbsp;<\/h2>\n\n\n\n<p>Kurs podzielony jest na dwa etapy: cz\u0119\u015b\u0107 teoretyczn\u0105 i cz\u0119\u015b\u0107 praktyczn\u0105. Po uko\u0144czonym szkoleniu kursant przyst\u0119puje do egzaminu przed komisj\u0105 UDT. Gdy uzyska wynik pozytywny, otrzyma za\u015bwiadczenie kwalifikacyjne, potwierdzaj\u0105ce zdobyte uprawnienia.&nbsp;<\/p>\n\n\n\n<p><strong>Warunki uczestnictwa\u00a0<\/strong><\/p>\n\n\n\n<ul class=\"wp-block-list\">\n<li>uko\u0144czony 18 rok \u017cycia,&nbsp;<\/li>\n\n\n\n<li>wykszta\u0142cenie minimum podstawowe\/gimnazjalne,&nbsp;<\/li>\n\n\n\n<li>za\u015bwiadczenie lekarskie potwierdzaj\u0105ce stan zdrowia, pozwalaj\u0105cy na prac\u0119 na stanowisku operatora uk\u0142adnic magazynowych.&nbsp;<\/li>\n<\/ul>\n\n\n\n<h2 class=\"wp-block-heading\">Lokalizacja kursu&nbsp;<\/h2>\n\n\n\n<p>Szkolenia odbywaj\u0105 si\u0119 w naszych o\u015brodkach regionalnych znajduj\u0105cych si\u0119 w Krakowie, Warszawie, Bielsko-Bia\u0142ej i Katowicach. Mo\u017cemy tak\u017ce na pro\u015bb\u0119 klienta przeprowadzi\u0107 szkolenie w jego firmie, w dowolnym miejscu na terenie kraju.&nbsp;<\/p>\n\n\n\n<h2 class=\"wp-block-heading\">Inne nasze szkolenia&nbsp;<\/h2>\n\n\n\n<p>Jeste\u015bmy firm\u0105, kt\u00f3ra ma du\u017ce do\u015bwiadczenie w prowadzeniu szkole\u0144 zawodowych. Oferujemy r\u00f3wnie\u017c kursy przygotowuj\u0105ce do pracy w zawodzie konserwatora lub operatora m.in. takich urz\u0105dze\u0144 jak:&nbsp;<\/p>\n\n\n\n<ul class=\"wp-block-list\">\n<li>w\u00f3zki wid\u0142owe,&nbsp;<\/li>\n\n\n\n<li>suwnice,&nbsp;<\/li>\n\n\n\n<li>\u017curawie HDS,&nbsp;<\/li>\n\n\n\n<li>\u017curawie wie\u017cowe,&nbsp;<\/li>\n\n\n\n<li>podesty ruchome (w tym podno\u015bniki no\u017cycowe i koszowe),&nbsp;<\/li>\n\n\n\n<li>wci\u0105garki i wci\u0105gniki,&nbsp;<\/li>\n\n\n\n<li>d\u017awigi budowlane.&nbsp;<\/li>\n<\/ul>\n\n\n\n<h2 class=\"wp-block-heading\">Pytania i odpowiedzi<\/h2>\n\n\n\t\t<details\t\thelp class=\"sc_fs_faq sc_card    \"\n\t\topen\t\t>\n\t\t\t\t\t<summary>\n\t\t\t\t<h3>Do czego s\u0142u\u017c\u0105 uk\u0142adnice magazynowe?\u00a0<\/h3>\t\t\t\t\t<\/summary>\n\t\t\t\t<div>\n\t\t\t\t\t\t<div class=\"sc_fs_faq__content\">\n\t\t\t\t\n\n<p>S\u0105 to urz\u0105dzenia wykorzystywane w magazynach. S\u0142u\u017c\u0105 do przemieszczania towar\u00f3w w wyznaczone miejsca na rega\u0142ach.\u00a0<\/p>\n\n\t\t\t<\/div>\n\t\t<\/div>\n\t\t<\/details>\n\t\t\t\t<details\t\thelp class=\"sc_fs_faq sc_card    \"\n\t\t\t\t>\n\t\t\t\t\t<summary>\n\t\t\t\t<h3>Czy organizujecie szkolenia u klient\u00f3w?\u00a0<\/h3>\t\t\t\t\t<\/summary>\n\t\t\t\t<div>\n\t\t\t\t\t\t<div class=\"sc_fs_faq__content\">\n\t\t\t\t\n\n<p>Tak. Na pro\u015bb\u0119 zleceniodawcy mo\u017cemy zorganizowa\u0107 szkolenie w jego firmie.\u00a0<\/p>\n\n\t\t\t<\/div>\n\t\t<\/div>\n\t\t<\/details>\n\t\t\t\t<details\t\thelp class=\"sc_fs_faq sc_card    \"\n\t\t\t\t>\n\t\t\t\t\t<summary>\n\t\t\t\t<h3>Czy trzeba mie\u0107 wykszta\u0142cenie techniczne, by zapisa\u0107 si\u0119 na kurs?\u00a0<\/h3>\t\t\t\t\t<\/summary>\n\t\t\t\t<div>\n\t\t\t\t\t\t<div class=\"sc_fs_faq__content\">\n\t\t\t\t\n\n<p>Nie. Wystarczy mie\u0107 uko\u0144czon\u0105 szko\u0142\u0119 podstawow\u0105 lub gimnazjaln\u0105.\u00a0<\/p>\n\n\t\t\t<\/div>\n\t\t<\/div>\n\t\t<\/details>\n\t\t\t\t<details\t\thelp class=\"sc_fs_faq sc_card    \"\n\t\t\t\t>\n\t\t\t\t\t<summary>\n\t\t\t\t<h3>Na jakie urz\u0105dzenia macie jeszcze kursy?\u00a0<\/h3>\t\t\t\t\t<\/summary>\n\t\t\t\t<div>\n\t\t\t\t\t\t<div class=\"sc_fs_faq__content\">\n\t\t\t\t\n\n<p>Prowadzimy szkolenia z obs\u0142ugi i konserwacji m.in. w\u00f3zk\u00f3w wid\u0142owych, suwnic, \u017curawi wie\u017cowych, \u017curawi HDS, podno\u015bnik\u00f3w koszowych i no\u017cycowych, d\u017awig\u00f3w budowlanych, wci\u0105garek i wci\u0105gnik\u00f3w.\u00a0<\/p>\n\n\t\t\t<\/div>\n\t\t<\/div>\n\t\t<\/details>\n\t\t\n<script type=\"application\/ld+json\">\n\t{\n\t\t\"@context\": \"https:\/\/schema.org\",\n\t\t\"@type\": \"FAQPage\",\n\t\t\"mainEntity\": [\n\t\t\t\t\t{\n\t\t\t\t\"@type\": \"Question\",\n\t\t\t\t\"name\": \"Do czego s\u0142u\u017c\u0105 uk\u0142adnice magazynowe?\u00a0\",\n\t\t\t\t\"acceptedAnswer\": {\n\t\t\t\t\t\"@type\": \"Answer\",\n\t\t\t\t\t\"text\": \"<p>S\u0105 to urz\u0105dzenia wykorzystywane w magazynach. S\u0142u\u017c\u0105 do przemieszczania towar\u00f3w w wyznaczone miejsca na rega\u0142ach.\u00a0<\/p>\"\n\t\t\t\t\t\t\t\t\t}\n\t\t\t}\n\t\t\t,\t\t\t\t{\n\t\t\t\t\"@type\": \"Question\",\n\t\t\t\t\"name\": \"Czy organizujecie szkolenia u klient\u00f3w?\u00a0\",\n\t\t\t\t\"acceptedAnswer\": {\n\t\t\t\t\t\"@type\": \"Answer\",\n\t\t\t\t\t\"text\": \"<p>Tak. Na pro\u015bb\u0119 zleceniodawcy mo\u017cemy zorganizowa\u0107 szkolenie w jego firmie.\u00a0<\/p>\"\n\t\t\t\t\t\t\t\t\t}\n\t\t\t}\n\t\t\t,\t\t\t\t{\n\t\t\t\t\"@type\": \"Question\",\n\t\t\t\t\"name\": \"Czy trzeba mie\u0107 wykszta\u0142cenie techniczne, by zapisa\u0107 si\u0119 na kurs?\u00a0\",\n\t\t\t\t\"acceptedAnswer\": {\n\t\t\t\t\t\"@type\": \"Answer\",\n\t\t\t\t\t\"text\": \"<p>Nie. Wystarczy mie\u0107 uko\u0144czon\u0105 szko\u0142\u0119 podstawow\u0105 lub gimnazjaln\u0105.\u00a0<\/p>\"\n\t\t\t\t\t\t\t\t\t}\n\t\t\t}\n\t\t\t,\t\t\t\t{\n\t\t\t\t\"@type\": \"Question\",\n\t\t\t\t\"name\": \"Na jakie urz\u0105dzenia macie jeszcze kursy?\u00a0\",\n\t\t\t\t\"acceptedAnswer\": {\n\t\t\t\t\t\"@type\": \"Answer\",\n\t\t\t\t\t\"text\": \"<p>Prowadzimy szkolenia z obs\u0142ugi i konserwacji m.in. w\u00f3zk\u00f3w wid\u0142owych, suwnic, \u017curawi wie\u017cowych, \u017curawi HDS, podno\u015bnik\u00f3w koszowych i no\u017cycowych, d\u017awig\u00f3w budowlanych, wci\u0105garek i wci\u0105gnik\u00f3w.\u00a0<\/p>\"\n\t\t\t\t\t\t\t\t\t}\n\t\t\t}\n\t\t\t\t\t\t]\n\t}\n<\/script>\n","protected":false},"excerpt":{"rendered":"<p>Firma OSO organizuje kurs przeznaczony dla os\u00f3b, kt\u00f3re chc\u0105 zdoby\u0107 uprawnienia i znale\u017a\u0107 prac\u0119 na stanowisku operatora lub konserwatora uk\u0142adnic magazynowych. W czasie szkolenia uzyskacie Pa\u0144stwo wiedz\u0119 i umiej\u0119tno\u015bci, dzi\u0119ki kt\u00f3rym bez problem\u00f3w uzyskacie pozytywny wynik egzaminu, kt\u00f3ry odbywa si\u0119 przed cz\u0142onkami komisji Urz\u0119du Dozoru Technicznego.\u00a0 Aby podj\u0105\u0107 prac\u0119 przy obs\u0142udze lub konserwacji uk\u0142adnic magazynowych [&hellip;]<\/p>\n","protected":false},"author":3,"featured_media":3503,"parent":2266,"menu_order":0,"comment_status":"closed","ping_status":"closed","template":"","meta":{"footnotes":""},"class_list":["post-3501","page","type-page","status-publish","has-post-thumbnail","hentry"],"aioseo_notices":[],"_links":{"self":[{"href":"https:\/\/szkolenia-udt.pl\/ua\/wp-json\/wp\/v2\/pages\/3501","targetHints":{"allow":["GET"]}}],"collection":[{"href":"https:\/\/szkolenia-udt.pl\/ua\/wp-json\/wp\/v2\/pages"}],"about":[{"href":"https:\/\/szkolenia-udt.pl\/ua\/wp-json\/wp\/v2\/types\/page"}],"author":[{"embeddable":true,"href":"https:\/\/szkolenia-udt.pl\/ua\/wp-json\/wp\/v2\/users\/3"}],"replies":[{"embeddable":true,"href":"https:\/\/szkolenia-udt.pl\/ua\/wp-json\/wp\/v2\/comments?post=3501"}],"version-history":[{"count":3,"href":"https:\/\/szkolenia-udt.pl\/ua\/wp-json\/wp\/v2\/pages\/3501\/revisions"}],"predecessor-version":[{"id":3506,"href":"https:\/\/szkolenia-udt.pl\/ua\/wp-json\/wp\/v2\/pages\/3501\/revisions\/3506"}],"up":[{"embeddable":true,"href":"https:\/\/szkolenia-udt.pl\/ua\/wp-json\/wp\/v2\/pages\/2266"}],"wp:featuredmedia":[{"embeddable":true,"href":"https:\/\/szkolenia-udt.pl\/ua\/wp-json\/wp\/v2\/media\/3503"}],"wp:attachment":[{"href":"https:\/\/szkolenia-udt.pl\/ua\/wp-json\/wp\/v2\/media?parent=3501"}],"curies":[{"name":"wp","href":"https:\/\/api.w.org\/{rel}","templated":true}]}}