{"id":3519,"date":"2023-02-12T22:56:04","date_gmt":"2023-02-12T21:56:04","guid":{"rendered":"https:\/\/szkolenia-udt.pl\/?page_id=3519"},"modified":"2023-02-12T22:58:53","modified_gmt":"2023-02-12T21:58:53","slug":"bhp-%d0%b4%d0%bb%d1%8f-%d0%bf%d1%80%d0%b0%d1%86%d1%96%d0%b2%d0%bd%d0%b8%d0%ba%d1%96%d0%b2-%d0%b0%d0%b4%d0%bc%d1%96%d0%bd%d1%96%d1%81%d1%82%d1%80%d0%b0%d1%82%d0%b8%d0%b2%d0%bd%d0%be%d0%b3%d0%be-%d0%be","status":"publish","type":"page","link":"https:\/\/szkolenia-udt.pl\/ua\/kursy\/bhp-ppoz\/bhp-dla-pracownikow-administracyjno-biurowych\/","title":{"rendered":"\u041a\u0443\u0440\u0441 \u0437 \u043e\u0445\u043e\u0440\u043e\u043d\u0438 \u043f\u0440\u0430\u0446\u0456 \u0434\u043b\u044f \u0430\u0434\u043c\u0456\u043d\u0456\u0441\u0442\u0440\u0430\u0442\u0438\u0432\u043d\u0438\u0445 \u0442\u0430 \u043e\u0444\u0456\u0441\u043d\u0438\u0445 \u043f\u0440\u0430\u0446\u0456\u0432\u043d\u0438\u043a\u0456\u0432\u00a0"},"content":{"rendered":"\n<p>Temat szkolenia BHP dla pracownik\u00f3w administracyjno\u2013biurowych g\u0142\u00f3wnie uwzgl\u0119dnia prac\u0119 przy obs\u0142udze komputera, a dok\u0142adniej prac\u0119 przy monitorze. Pozwala to na zapoznanie si\u0119 z obowi\u0105zuj\u0105cymi zasadami ergonomii, optymalizacj\u0119 prac komputerowych i prawid\u0142ow\u0105 ocen\u0119 zagro\u017cenia podczas pracy biurowej.&nbsp;<\/p>\n\n\n<div class=\"wp-block-image\">\n<figure class=\"alignright size-large is-resized\"><a href=\"https:\/\/szkolenia-udt.pl\/wp-content\/uploads\/2023\/02\/s2-1-1.jpg\"><img loading=\"lazy\" decoding=\"async\" src=\"https:\/\/szkolenia-udt.pl\/wp-content\/uploads\/2023\/02\/s2-1-1-1024x683.jpg\" alt=\"Pracownik biurowy szkolony przez prze\u0142o\u017conego.\" class=\"wp-image-3520\" width=\"512\" height=\"342\" srcset=\"https:\/\/szkolenia-udt.pl\/wp-content\/uploads\/2023\/02\/s2-1-1-1024x683.jpg 1024w, https:\/\/szkolenia-udt.pl\/wp-content\/uploads\/2023\/02\/s2-1-1-300x200.jpg 300w, https:\/\/szkolenia-udt.pl\/wp-content\/uploads\/2023\/02\/s2-1-1-768x512.jpg 768w, https:\/\/szkolenia-udt.pl\/wp-content\/uploads\/2023\/02\/s2-1-1-1536x1024.jpg 1536w, https:\/\/szkolenia-udt.pl\/wp-content\/uploads\/2023\/02\/s2-1-1-18x12.jpg 18w, https:\/\/szkolenia-udt.pl\/wp-content\/uploads\/2023\/02\/s2-1-1.jpg 1600w\" sizes=\"auto, (max-width: 512px) 100vw, 512px\" \/><\/a><\/figure>\n<\/div>\n\n\n<p>Cel szkolenia obejmuje uzyskanie wiedzy z zakresu:&nbsp;<\/p>\n\n\n\n<ul class=\"wp-block-list\">\n<li>w\u0142a\u015bciwej oceny zagro\u017ce\u0144 w zwi\u0105zku z pracami biurowymi,&nbsp;<\/li>\n\n\n\n<li>metodyk\u0119 ochronn\u0105 przed zagro\u017ceniami zdrowia pracownik\u00f3w,&nbsp;<\/li>\n\n\n\n<li>ukszta\u0142towania optymalnych warunk\u00f3w pracy zgodnie z obowi\u0105zuj\u0105cymi zasadami BHP,&nbsp;<\/li>\n\n\n\n<li>post\u0119powania w sytuacji wypadku lub awarii,&nbsp;<\/li>\n\n\n\n<li>zapoznanie si\u0119 z powszechnymi zasadami pierwszej pomocy.&nbsp;<\/li>\n<\/ul>\n\n\n\n<h2 class=\"wp-block-heading\"><strong>PROGRAM SZKOLENIA DLA PRACOWNIK\u00d3W ADMINISTRACYJNO\u2013BIUROWYCH<\/strong>&nbsp;<\/h2>\n\n\n\n<p>Szkolenia opieraj\u0105 si\u0119 na zapoznaniu si\u0119 z faktycznymi zdarzeniami, powsta\u0142ymi podczas pracy w biurze, czy przy komputerze. Om\u00f3wione zostan\u0105 zasady pierwszej pomocy podczas wypadk\u00f3w biurowych. Okre\u015blone zostaj\u0105 stosowane <a href=\"https:\/\/szkolenia-udt.pl\/ua\/kursy\/bhp-ppoz\/szkolenia-bhp-oso\/\">\u015brodki ochrony indywidualnej<\/a> dla pracownik\u00f3w. Dodatkowo zaznajamia si\u0119 z regulacjami bezpiecze\u0144stwa i higieny pracy na danym stanowisku.&nbsp;<\/p>\n\n\n\n<h2 class=\"wp-block-heading\"><strong>PRZEPROWADZENIE SZKOLENIA<\/strong>&nbsp;<\/h2>\n\n\n\n<p>Nale\u017cytym obowi\u0105zkiem pracodawcy by\u0142oby, przeprowadzenie szkolenia BHP w formie wst\u0119pnej, ju\u017c pierwszego dnia od zatrudnienia nowego pracownika. Dzieli si\u0119 ono na dwa etapy:&nbsp;&nbsp;<\/p>\n\n\n\n<ul class=\"wp-block-list\">\n<li>instrukcj\u0119 g\u0142\u00f3wn\u0105 \u2013 zapoznaje si\u0119 tu z g\u0142\u00f3wnymi wytycznymi bezpiecze\u0144stwa i higieny pracy w obr\u0119bie ca\u0142ego zak\u0142adu pracy.&nbsp;<\/li>\n\n\n\n<li>instrukcj\u0119 stanowiskow\u0105 \u2013 obejmuje ona zakres zasad BHP, powszechnie przyjmowanych do pracy na wybranym stanowisku.&nbsp;<\/li>\n<\/ul>\n\n\n\n<h2 class=\"wp-block-heading\"><strong>OSOBY UPOWA\u017bNIONE DO SZKOLENIA PRACOWNIK\u00d3W W ZAKRESIE ZASAD BHP<\/strong>&nbsp;<\/h2>\n\n\n\n<p>Szkolenia BHP mog\u0105 zosta\u0107 przeprowadzone przez wykwalifikowanych ludzi, kt\u00f3rzy zdobyli ju\u017c w\u0142asne aktualne za\u015bwiadczenie o odbyciu kursu BHP dla pracownik\u00f3w administracyjno-biurowych. Kwalifikuj\u0105 si\u0119 do nich m.in.:&nbsp;<\/p>\n\n\n\n<ul class=\"wp-block-list\">\n<li>pracownicy s\u0142u\u017cb BHP,&nbsp;<\/li>\n\n\n\n<li>pracodawcy, kt\u00f3rzy s\u0105 odpowiedzialni za dane stanowiska pracy,&nbsp;<\/li>\n\n\n\n<li>osoby na zleceniu pracodawcy, wyspecjalizowani w przeprowadzaniu takich szkole\u0144,&nbsp;<\/li>\n\n\n\n<li>pracownicy z d\u0142u\u017cszym sta\u017cem, obeznani w zasadach BHP na danym stanowisku z wa\u017cnym za\u015bwiadczeniem odbycia szkolenia Bezpiecze\u0144stwa i Higieny Pracy.&nbsp;<\/li>\n<\/ul>\n\n\n\n<h2 class=\"wp-block-heading\"><strong>WA\u017bNO\u015a\u0106 SZKOLE\u0143 BHP<\/strong>&nbsp;<\/h2>\n\n\n\n<p>Okres odbycia szkolenia musi wynie\u015b\u0107 12 miesi\u0119cy od daty zatrudnienia. Samo szkolenie wa\u017cne jest przez okres 6 lat.&nbsp;<\/p>\n\n\n\n<h2 class=\"wp-block-heading\"><strong>Pytania i odpowiedzi<\/strong><\/h2>\n\n\n\t\t<details\t\thelp class=\"sc_fs_faq sc_card    \"\n\t\topen\t\t>\n\t\t\t\t\t<summary>\n\t\t\t\t<h3>Jakie s\u0105 wewn\u0119trzne szkolenia BHP dla nowego pracownika? <\/h3>\t\t\t\t\t<\/summary>\n\t\t\t\t<div>\n\t\t\t\t\t\t<div class=\"sc_fs_faq__content\">\n\t\t\t\t\n\n<p>Osoby odpowiedzialne za szkolenie w danej firmie przeprowadzaj\u0105 szkolenie g\u0142\u00f3wne i stanowiskowe. Szkolenie g\u0142\u00f3wne odpowiada za zasady BHP obowi\u0105zuj\u0105ce na terenie zak\u0142adu pracy, a stanowiskowe \u2013 za zasady BHP uwzgl\u0119dnione przy pracy na danym stanowisku.&nbsp;<\/p>\n\n\t\t\t<\/div>\n\t\t<\/div>\n\t\t<\/details>\n\t\t\t\t<details\t\thelp class=\"sc_fs_faq sc_card    \"\n\t\t\t\t>\n\t\t\t\t\t<summary>\n\t\t\t\t<h3>Jak d\u0142ugo wa\u017cne jest szkolenie BHP podczas pracy biurowej? <\/h3>\t\t\t\t\t<\/summary>\n\t\t\t\t<div>\n\t\t\t\t\t\t<div class=\"sc_fs_faq__content\">\n\t\t\t\t\n\n<p>Szkolenie BHP w zakresie prac administracyjno-biurowych przesta\u0142o obowi\u0105zywa\u0107 od 1 stycznia 2019 roku. Jednak istnieje mo\u017cliwo\u015b\u0107 jego realizacji i szkolenie wa\u017cne jest 6 lat od dnia jego przeprowadzenia.&nbsp;<\/p>\n\n\t\t\t<\/div>\n\t\t<\/div>\n\t\t<\/details>\n\t\t\n<script type=\"application\/ld+json\">\n\t{\n\t\t\"@context\": \"https:\/\/schema.org\",\n\t\t\"@type\": \"FAQPage\",\n\t\t\"mainEntity\": [\n\t\t\t\t\t{\n\t\t\t\t\"@type\": \"Question\",\n\t\t\t\t\"name\": \"Jakie s\u0105 wewn\u0119trzne szkolenia BHP dla nowego pracownika? \",\n\t\t\t\t\"acceptedAnswer\": {\n\t\t\t\t\t\"@type\": \"Answer\",\n\t\t\t\t\t\"text\": \"<p>Osoby odpowiedzialne za szkolenie w danej firmie przeprowadzaj\u0105 szkolenie g\u0142\u00f3wne i stanowiskowe. Szkolenie g\u0142\u00f3wne odpowiada za zasady BHP obowi\u0105zuj\u0105ce na terenie zak\u0142adu pracy, a stanowiskowe \u2013 za zasady BHP uwzgl\u0119dnione przy pracy na danym stanowisku.&nbsp;<\/p>\"\n\t\t\t\t\t\t\t\t\t}\n\t\t\t}\n\t\t\t,\t\t\t\t{\n\t\t\t\t\"@type\": \"Question\",\n\t\t\t\t\"name\": \"Jak d\u0142ugo wa\u017cne jest szkolenie BHP podczas pracy biurowej? \",\n\t\t\t\t\"acceptedAnswer\": {\n\t\t\t\t\t\"@type\": \"Answer\",\n\t\t\t\t\t\"text\": \"<p>Szkolenie BHP w zakresie prac administracyjno-biurowych przesta\u0142o obowi\u0105zywa\u0107 od 1 stycznia 2019 roku. Jednak istnieje mo\u017cliwo\u015b\u0107 jego realizacji i szkolenie wa\u017cne jest 6 lat od dnia jego przeprowadzenia.&nbsp;<\/p>\"\n\t\t\t\t\t\t\t\t\t}\n\t\t\t}\n\t\t\t\t\t\t]\n\t}\n<\/script>\n","protected":false},"excerpt":{"rendered":"<p>Temat szkolenia BHP dla pracownik\u00f3w administracyjno\u2013biurowych g\u0142\u00f3wnie uwzgl\u0119dnia prac\u0119 przy obs\u0142udze komputera, a dok\u0142adniej prac\u0119 przy monitorze. Pozwala to na zapoznanie si\u0119 z obowi\u0105zuj\u0105cymi zasadami ergonomii, optymalizacj\u0119 prac komputerowych i prawid\u0142ow\u0105 ocen\u0119 zagro\u017cenia podczas pracy biurowej.&nbsp; Cel szkolenia obejmuje uzyskanie wiedzy z zakresu:&nbsp; PROGRAM SZKOLENIA DLA PRACOWNIK\u00d3W ADMINISTRACYJNO\u2013BIUROWYCH&nbsp; Szkolenia opieraj\u0105 si\u0119 na zapoznaniu si\u0119 z [&hellip;]<\/p>\n","protected":false},"author":3,"featured_media":3520,"parent":2739,"menu_order":0,"comment_status":"closed","ping_status":"closed","template":"","meta":{"footnotes":""},"class_list":["post-3519","page","type-page","status-publish","has-post-thumbnail","hentry"],"aioseo_notices":[],"_links":{"self":[{"href":"https:\/\/szkolenia-udt.pl\/ua\/wp-json\/wp\/v2\/pages\/3519","targetHints":{"allow":["GET"]}}],"collection":[{"href":"https:\/\/szkolenia-udt.pl\/ua\/wp-json\/wp\/v2\/pages"}],"about":[{"href":"https:\/\/szkolenia-udt.pl\/ua\/wp-json\/wp\/v2\/types\/page"}],"author":[{"embeddable":true,"href":"https:\/\/szkolenia-udt.pl\/ua\/wp-json\/wp\/v2\/users\/3"}],"replies":[{"embeddable":true,"href":"https:\/\/szkolenia-udt.pl\/ua\/wp-json\/wp\/v2\/comments?post=3519"}],"version-history":[{"count":2,"href":"https:\/\/szkolenia-udt.pl\/ua\/wp-json\/wp\/v2\/pages\/3519\/revisions"}],"predecessor-version":[{"id":3523,"href":"https:\/\/szkolenia-udt.pl\/ua\/wp-json\/wp\/v2\/pages\/3519\/revisions\/3523"}],"up":[{"embeddable":true,"href":"https:\/\/szkolenia-udt.pl\/ua\/wp-json\/wp\/v2\/pages\/2739"}],"wp:featuredmedia":[{"embeddable":true,"href":"https:\/\/szkolenia-udt.pl\/ua\/wp-json\/wp\/v2\/media\/3520"}],"wp:attachment":[{"href":"https:\/\/szkolenia-udt.pl\/ua\/wp-json\/wp\/v2\/media?parent=3519"}],"curies":[{"name":"wp","href":"https:\/\/api.w.org\/{rel}","templated":true}]}}