{"id":3528,"date":"2023-02-12T23:18:16","date_gmt":"2023-02-12T22:18:16","guid":{"rendered":"https:\/\/szkolenia-udt.pl\/?page_id=3528"},"modified":"2023-02-12T23:39:42","modified_gmt":"2023-02-12T22:39:42","slug":"%d0%b7%d0%b4%d0%be%d1%80%d0%be%d0%b2%d1%8f-%d1%82%d0%b0-%d0%b1%d0%b5%d0%b7%d0%bf%d0%b5%d0%ba%d0%b0-%d0%b4%d0%bb%d1%8f-%d1%80%d0%be%d0%b1%d0%be%d1%82%d0%be%d0%b4%d0%b0%d0%b2%d1%86%d1%96%d0%b2-%d1%82","status":"publish","type":"page","link":"https:\/\/szkolenia-udt.pl\/ua\/kursy\/bhp-ppoz\/bhp-dla-pracodawcow-i-osob-kierujacych\/","title":{"rendered":"\u041e\u0445\u043e\u0440\u043e\u043d\u0430 \u043f\u0440\u0430\u0446\u0456 \u0434\u043b\u044f \u0440\u043e\u0431\u043e\u0442\u043e\u0434\u0430\u0432\u0446\u0456\u0432 \u0442\u0430 \u043c\u0435\u043d\u0435\u0434\u0436\u0435\u0440\u0456\u0432"},"content":{"rendered":"<div class=\"wp-block-image\">\n<figure class=\"alignleft size-large is-resized\"><a href=\"https:\/\/szkolenia-udt.pl\/wp-content\/uploads\/2023\/02\/s2-2.jpg\"><img loading=\"lazy\" decoding=\"async\" src=\"https:\/\/szkolenia-udt.pl\/wp-content\/uploads\/2023\/02\/s2-2-1024x684.jpg\" alt=\"Pracodawca udzielaj\u0105cy szkolenia BHP pracownikowi\" class=\"wp-image-3532\" width=\"512\" height=\"342\" srcset=\"https:\/\/szkolenia-udt.pl\/wp-content\/uploads\/2023\/02\/s2-2-1024x684.jpg 1024w, https:\/\/szkolenia-udt.pl\/wp-content\/uploads\/2023\/02\/s2-2-300x200.jpg 300w, https:\/\/szkolenia-udt.pl\/wp-content\/uploads\/2023\/02\/s2-2-768x513.jpg 768w, https:\/\/szkolenia-udt.pl\/wp-content\/uploads\/2023\/02\/s2-2-1536x1025.jpg 1536w, https:\/\/szkolenia-udt.pl\/wp-content\/uploads\/2023\/02\/s2-2-18x12.jpg 18w, https:\/\/szkolenia-udt.pl\/wp-content\/uploads\/2023\/02\/s2-2.jpg 1600w\" sizes=\"auto, (max-width: 512px) 100vw, 512px\" \/><\/a><\/figure>\n<\/div>\n\n\n<p>Obowi\u0105zkiem ka\u017cdego pracodawcy jest zaznajomi\u0107 pracownik\u00f3w z obowi\u0105zuj\u0105cymi zasadami BHP na danym stanowisku lub podczas pracy z r\u00f3\u017cnego rodzaju urz\u0105dzeniami czy maszynami. Wszelkie kwestie dotycz\u0105ce Bezpiecze\u0144stwa i Higieny pracy zosta\u0142y zawarte w dziale X Kodeksu Pracy (od artyku\u0142u 207 do 212 Kodeksu Pracy). Zapisano tam obowi\u0105zki pracodawcy, wzgl\u0119dem pracownika, kt\u00f3ry zobligowany jest do ich przestrzegania. Dzia\u0142 X zawiera r\u00f3wnie\u017c zbi\u00f3r praw i obowi\u0105zk\u00f3w pracownika dotycz\u0105cych BHP.&nbsp;<\/p>\n\n\n\n<p>Pracodawcy lub osoby kieruj\u0105ce zobowi\u0105zane s\u0105 do ochrony \u017cycia i zdrowia pracownik\u00f3w, by zapewni\u0107 im godne oraz bezpieczne warunki do pracy na wykonywanym stanowisku. G\u0142\u00f3wne zadania do spe\u0142nienia to m.in.:&nbsp;<\/p>\n\n\n\n<ul class=\"wp-block-list\">\n<li>egzekwowanie przepis\u00f3w BHP,&nbsp;<\/li>\n\n\n\n<li>odpowied\u017a na potrzeby pracownicze z zakresu BHP,&nbsp;<\/li>\n\n\n\n<li>zapewnienie ochrony zdrowia dla uprzywilejowanych: kobiet w ci\u0105\u017cy, os\u00f3b niepe\u0142nosprawnych oraz os\u00f3b nieletnich,&nbsp;<\/li>\n\n\n\n<li>wype\u0142nianie zalece\u0144 spo\u0142ecznego inspektora pracy,&nbsp;<\/li>\n\n\n\n<li>powiadamianie pracownik\u00f3w o zaistnia\u0142ych zagro\u017ceniach dla zdrowia lub \u017cycia.&nbsp;<\/li>\n<\/ul>\n\n\n\n<h2 class=\"wp-block-heading\"><strong>SZKOLENIE BHP OG\u00d3\u0141EM<\/strong>&nbsp;<\/h2>\n\n\n\n<p>Kursy BHP stanowi\u0105 wa\u017cn\u0105 i integraln\u0105 cz\u0119\u015b\u0107 pracy dla ka\u017cdego wykonywanego zawodu. Zgodnie z obowi\u0105zuj\u0105cym prawem, pracodawca zobowi\u0105zuje si\u0119 do wst\u0119pnego lub okresowego szkolenia BHP. Brak poszanowania powszechnych zasad, grozi grzywn\u0105 od 1000 do 3000 z\u0142otych. Ka\u017cde naruszenie zasad bezpiecze\u0144stwa, wypadku lub uszczerbku na zdrowiu pracownika, na terenie zak\u0142adu pracy egzekwowane jest kar\u0105 pieni\u0119\u017cn\u0105.&nbsp;<\/p>\n\n\n\n<p>Koszty szkolenia BHP s\u0105 po stronie pracodawcy. Warunkiem jest by szkolenie by\u0142o przeprowadzone w obr\u0119bie ewidencji pracy pracownika. Poza kursem BHP, pracownicy i pracodawcy mog\u0105 skorzysta\u0107 r\u00f3wnie\u017c z:&nbsp;<\/p>\n\n\n\n<ul class=\"wp-block-list\">\n<li>szkole\u0144 stanowiskowych,&nbsp;<\/li>\n\n\n\n<li>szkole\u0144 z zakresu prac wysoko\u015bciowych,&nbsp;<\/li>\n\n\n\n<li>szkole\u0144 dotycz\u0105cych pierwszej pomocy,&nbsp;<\/li>\n\n\n\n<li>szkole\u0144 dla pracodawc\u00f3w,&nbsp;<\/li>\n\n\n\n<li>szkole\u0144 dla kierownik\u00f3w.&nbsp;<\/li>\n<\/ul>\n\n\n\n<h2 class=\"wp-block-heading\"><strong>SZKOLENIE BHP DLA PRACODAWC\u00d3W I KIEROWNIK\u00d3W<\/strong>&nbsp;<\/h2>\n\n\n\n<p>Osoby na stanowiskach kierowniczych i pracodawcy zobowi\u0105zani s\u0105 zapozna\u0107 si\u0119 z przepisami zasad Bezpiecze\u0144stwa i Higieny pracy \u2013 zgodnie z zakresem ich obowi\u0105zk\u00f3w.&nbsp;&nbsp; G\u0142\u00f3wne zagadnienia, omawiane podczas szkole\u0144 BHP dla kierownik\u00f3w to m.in.:&nbsp;<\/p>\n\n\n\n<ul class=\"wp-block-list\">\n<li>zapoznanie si\u0119 z funkcjami s\u0142u\u017cbowymi,&nbsp;<\/li>\n\n\n\n<li>przyswojenie praw i obowi\u0105zk\u00f3w pracowniczych,&nbsp;<\/li>\n\n\n\n<li>zaznajomienie si\u0119 z prac\u0105 nieletnich, niepe\u0142nosprawnych i prac\u0105 kobiet w ci\u0105\u017cy,&nbsp;<\/li>\n\n\n\n<li>rozpoznanie i ocena wszelkich zagro\u017ce\u0144,&nbsp;<\/li>\n\n\n\n<li>poznanie instrukta\u017cu stanowiskowego i przekazanie informacji pracownikom,&nbsp;<\/li>\n\n\n\n<li>wdanie si\u0119 w szczeg\u00f3\u0142y o istotno\u015bci przestrzegania zagadnie\u0144 BHP.&nbsp;<\/li>\n<\/ul>\n\n\n\n<h2 class=\"wp-block-heading\"><strong>CZAS REALIZACJI SZKOLENIA BHP<\/strong>&nbsp;<\/h2>\n\n\n\n<p>G\u0142\u00f3wny termin szkolenia BHP wynosi 6 miesi\u0119cy od pierwszego dnia w pracy. Wa\u017cno\u015b\u0107 szkole\u0144 okresowych definiowana jest odg\u00f3rnie i wynosi 5 lat. Pracodawcy i kierownicy regularnie przyst\u0119puj\u0105cy do szkole\u0144 BHP daj\u0105 pozytywny przyk\u0142ad, na rzecz kszta\u0142towania optymalnych i stabilnych warunk\u00f3w pracy.&nbsp;<\/p>\n\n\n\n<h2 class=\"wp-block-heading\"><strong>Pytania i odpowiedzi<\/strong><\/h2>\n\n\n\t\t<details\t\thelp class=\"sc_fs_faq sc_card    \"\n\t\topen\t\t>\n\t\t\t\t\t<summary>\n\t\t\t\t<h3>Ile wynosz\u0105 kary za brak ustosunkowania si\u0119 do zasad BHP w firmie?\u00a0<\/h3>\t\t\t\t\t<\/summary>\n\t\t\t\t<div>\n\t\t\t\t\t\t<div class=\"sc_fs_faq__content\">\n\t\t\t\t\n\n<p>Grzywny oscyluj\u0105 w graniach od 1000 z\u0142otych do 3000 z\u0142otych.&nbsp;<\/p>\n\n\t\t\t<\/div>\n\t\t<\/div>\n\t\t<\/details>\n\t\t\t\t<details\t\thelp class=\"sc_fs_faq sc_card    \"\n\t\t\t\t>\n\t\t\t\t\t<summary>\n\t\t\t\t<h3>Jak d\u0142ugo wa\u017cne s\u0105 szkolenia BHP?\u00a0<\/h3>\t\t\t\t\t<\/summary>\n\t\t\t\t<div>\n\t\t\t\t\t\t<div class=\"sc_fs_faq__content\">\n\t\t\t\t\n\n<p>Szkolenia BHP wa\u017cne s\u0105 5 lat od daty ich nabycia.&nbsp;<\/p>\n\n\t\t\t<\/div>\n\t\t<\/div>\n\t\t<\/details>\n\t\t\n<script type=\"application\/ld+json\">\n\t{\n\t\t\"@context\": \"https:\/\/schema.org\",\n\t\t\"@type\": \"FAQPage\",\n\t\t\"mainEntity\": [\n\t\t\t\t\t{\n\t\t\t\t\"@type\": \"Question\",\n\t\t\t\t\"name\": \"Ile wynosz\u0105 kary za brak ustosunkowania si\u0119 do zasad BHP w firmie?\u00a0\",\n\t\t\t\t\"acceptedAnswer\": {\n\t\t\t\t\t\"@type\": \"Answer\",\n\t\t\t\t\t\"text\": \"<p>Grzywny oscyluj\u0105 w graniach od 1000 z\u0142otych do 3000 z\u0142otych.&nbsp;<\/p>\"\n\t\t\t\t\t\t\t\t\t}\n\t\t\t}\n\t\t\t,\t\t\t\t{\n\t\t\t\t\"@type\": \"Question\",\n\t\t\t\t\"name\": \"Jak d\u0142ugo wa\u017cne s\u0105 szkolenia BHP?\u00a0\",\n\t\t\t\t\"acceptedAnswer\": {\n\t\t\t\t\t\"@type\": \"Answer\",\n\t\t\t\t\t\"text\": \"<p>Szkolenia BHP wa\u017cne s\u0105 5 lat od daty ich nabycia.&nbsp;<\/p>\"\n\t\t\t\t\t\t\t\t\t}\n\t\t\t}\n\t\t\t\t\t\t]\n\t}\n<\/script>\n","protected":false},"excerpt":{"rendered":"<p>Obowi\u0105zkiem ka\u017cdego pracodawcy jest zaznajomi\u0107 pracownik\u00f3w z obowi\u0105zuj\u0105cymi zasadami BHP na danym stanowisku lub podczas pracy z r\u00f3\u017cnego rodzaju urz\u0105dzeniami czy maszynami. Wszelkie kwestie dotycz\u0105ce Bezpiecze\u0144stwa i Higieny pracy zosta\u0142y zawarte w dziale X Kodeksu Pracy (od artyku\u0142u 207 do 212 Kodeksu Pracy). Zapisano tam obowi\u0105zki pracodawcy, wzgl\u0119dem pracownika, kt\u00f3ry zobligowany jest do ich przestrzegania. [&hellip;]<\/p>\n","protected":false},"author":3,"featured_media":3532,"parent":2739,"menu_order":0,"comment_status":"closed","ping_status":"closed","template":"","meta":{"footnotes":""},"class_list":["post-3528","page","type-page","status-publish","has-post-thumbnail","hentry"],"aioseo_notices":[],"_links":{"self":[{"href":"https:\/\/szkolenia-udt.pl\/ua\/wp-json\/wp\/v2\/pages\/3528","targetHints":{"allow":["GET"]}}],"collection":[{"href":"https:\/\/szkolenia-udt.pl\/ua\/wp-json\/wp\/v2\/pages"}],"about":[{"href":"https:\/\/szkolenia-udt.pl\/ua\/wp-json\/wp\/v2\/types\/page"}],"author":[{"embeddable":true,"href":"https:\/\/szkolenia-udt.pl\/ua\/wp-json\/wp\/v2\/users\/3"}],"replies":[{"embeddable":true,"href":"https:\/\/szkolenia-udt.pl\/ua\/wp-json\/wp\/v2\/comments?post=3528"}],"version-history":[{"count":3,"href":"https:\/\/szkolenia-udt.pl\/ua\/wp-json\/wp\/v2\/pages\/3528\/revisions"}],"predecessor-version":[{"id":3534,"href":"https:\/\/szkolenia-udt.pl\/ua\/wp-json\/wp\/v2\/pages\/3528\/revisions\/3534"}],"up":[{"embeddable":true,"href":"https:\/\/szkolenia-udt.pl\/ua\/wp-json\/wp\/v2\/pages\/2739"}],"wp:featuredmedia":[{"embeddable":true,"href":"https:\/\/szkolenia-udt.pl\/ua\/wp-json\/wp\/v2\/media\/3532"}],"wp:attachment":[{"href":"https:\/\/szkolenia-udt.pl\/ua\/wp-json\/wp\/v2\/media?parent=3528"}],"curies":[{"name":"wp","href":"https:\/\/api.w.org\/{rel}","templated":true}]}}