{"id":3685,"date":"2023-03-06T19:01:27","date_gmt":"2023-03-06T18:01:27","guid":{"rendered":"https:\/\/szkolenia-udt.pl\/?page_id=3685"},"modified":"2023-03-08T01:40:20","modified_gmt":"2023-03-08T00:40:20","slug":"%d1%81%d0%b5%d1%80%d1%82%d0%b8%d1%84%d1%96%d0%ba%d0%b0%d1%82-%d0%bd%d0%b0-%d0%bf%d0%bb%d0%b0%d0%b2%d1%83%d1%87%d0%b8%d0%b9-%d0%ba%d1%80%d0%b0%d0%bd","status":"publish","type":"page","link":"https:\/\/szkolenia-udt.pl\/ua\/kursy\/uprawnienia-udt-tdt-wdt\/uprawnienia-na-zurawie-plywajace\/","title":{"rendered":"\u041d\u0430\u0432\u0447\u0430\u043d\u043d\u044f \u0434\u043b\u044f \u043e\u0442\u0440\u0438\u043c\u0430\u043d\u043d\u044f \u0434\u043e\u0437\u0432\u043e\u043b\u0443 \u043d\u0430 \u0435\u043a\u0441\u043f\u043b\u0443\u0430\u0442\u0430\u0446\u0456\u044e \u043f\u043b\u0430\u0432\u0443\u0447\u0438\u0445 \u043a\u0440\u0430\u043d\u0456\u0432"},"content":{"rendered":"\n<h2 class=\"wp-block-heading\">Zapraszamy na kurs na uprawnienia na \u017curawie p\u0142ywaj\u0105ce&nbsp;&nbsp;<\/h2>\n\n\n<div class=\"wp-block-image\">\n<figure class=\"alignright size-large is-resized\"><a href=\"https:\/\/szkolenia-udt.pl\/wp-content\/uploads\/2023\/02\/s2-5-1.jpg\"><img loading=\"lazy\" decoding=\"async\" src=\"https:\/\/szkolenia-udt.pl\/wp-content\/uploads\/2023\/02\/s2-5-1-1024x683.jpg\" alt=\"\u017buraw p\u0142ywaj\u0105cy na wodzie\" class=\"wp-image-3688\" width=\"512\" height=\"342\" srcset=\"https:\/\/szkolenia-udt.pl\/wp-content\/uploads\/2023\/02\/s2-5-1-1024x683.jpg 1024w, https:\/\/szkolenia-udt.pl\/wp-content\/uploads\/2023\/02\/s2-5-1-300x200.jpg 300w, https:\/\/szkolenia-udt.pl\/wp-content\/uploads\/2023\/02\/s2-5-1-768x512.jpg 768w, https:\/\/szkolenia-udt.pl\/wp-content\/uploads\/2023\/02\/s2-5-1-1536x1024.jpg 1536w, https:\/\/szkolenia-udt.pl\/wp-content\/uploads\/2023\/02\/s2-5-1-18x12.jpg 18w, https:\/\/szkolenia-udt.pl\/wp-content\/uploads\/2023\/02\/s2-5-1.jpg 1600w\" sizes=\"auto, (max-width: 512px) 100vw, 512px\" \/><\/a><\/figure>\n<\/div>\n\n\n<p>\u017burawie p\u0142ywaj\u0105ce, cz\u0119sto nazywane s\u0105 te\u017c \u017curawiami pok\u0142adowymi lub statkowymi. S\u0105 to urz\u0105dzenia wykorzystywane w transporcie morskim i portowym, oraz przy pracach <a href=\"https:\/\/szkolenia-udt.pl\/ua\/kursy\/onshore-i-offshore\/\">offshore<\/a>. S\u0142u\u017c\u0105 one g\u0142\u00f3wnie do przemieszczania \u0142adunk\u00f3w i za\u0142adowywania kontener\u00f3w na statki. Cz\u0119sto wykorzystuje si\u0119 je do pracy na platformach wiertniczych.&nbsp;&nbsp;<\/p>\n\n\n\n<p>\u017burawie p\u0142ywaj\u0105ce podlegaj\u0105 pod doz\u00f3r techniczny, w\u0142a\u015bnie dlatego osoby chc\u0105ce zacz\u0105\u0107 prac\u0119 jako konserwatorzy lub operatorzy tych urz\u0105dze\u0144 musz\u0105 zda\u0107 kurs i zdoby\u0107 uprawnienia pozwalaj\u0105ce na prac\u0119 na tym stanowisku. Kurs oferowany przez nas pozwala na zdobycie potrzebnych kwalifikacji, a nasza wykwalifikowana kadra sprawi, \u017ce zdanie go b\u0119dzie \u0142atwe i przyjemne.&nbsp;&nbsp;<\/p>\n\n\n\n<h2 class=\"wp-block-heading\">Przebieg szkolenia&nbsp;&nbsp;<\/h2>\n\n\n\n<p>Kurs na operatora i konserwatora \u017curawi p\u0142ywaj\u0105cych sk\u0142ada si\u0119 z zaj\u0119\u0107 teoretycznych i zaj\u0119\u0107 praktycznych.&nbsp; Ko\u0144czy si\u0119 on egzaminem pa\u0144stwowym, kt\u00f3rego pozytywny wynik upowa\u017cania do otrzymania stosownych uprawnie\u0144. Teoretyczna cz\u0119\u015b\u0107 kursu prowadzona jest stacjonarnie w naszym centrum szkoleniowym. Istnieje te\u017c mo\u017cliwo\u015b\u0107 odbycia zaj\u0119\u0107 w formie zdalnej na naszej platformie online.&nbsp;&nbsp;<\/p>\n\n\n\n<p>Zaj\u0119cia praktyczne odbywaj\u0105 si\u0119 na \u017curawiach p\u0142ywaj\u0105cych pod okiem wykwalifikowanego operatora. Zaj\u0119cia prowadzone w ten spos\u00f3b wp\u0142ywaj\u0105 korzystnie na komfort osoby bior\u0105cej udzia\u0142 w szkoleniu oraz sprawiaj\u0105, \u017ce wiedz\u0119 przyswaja si\u0119 w spos\u00f3b szybszy i przyjemniejszy. &nbsp;<\/p>\n\n\n\n<p>Dodatkowo pragniemy poinformowa\u0107, \u017ce ka\u017cdy uczestnik kursu otrzymuje pomocnicze materia\u0142y dydaktyczne.&nbsp;&nbsp;<\/p>\n\n\n<div class=\"wp-block-image\">\n<figure class=\"alignleft size-large is-resized\"><a href=\"https:\/\/szkolenia-udt.pl\/wp-content\/uploads\/2023\/02\/s2-4.jpg\"><img loading=\"lazy\" decoding=\"async\" src=\"https:\/\/szkolenia-udt.pl\/wp-content\/uploads\/2023\/02\/s2-4-1024x683.jpg\" alt=\"\u017curaw p\u0142ywaj\u0105cy w porcie\" class=\"wp-image-3698\" width=\"512\" height=\"342\" srcset=\"https:\/\/szkolenia-udt.pl\/wp-content\/uploads\/2023\/02\/s2-4-1024x683.jpg 1024w, https:\/\/szkolenia-udt.pl\/wp-content\/uploads\/2023\/02\/s2-4-300x200.jpg 300w, https:\/\/szkolenia-udt.pl\/wp-content\/uploads\/2023\/02\/s2-4-768x512.jpg 768w, https:\/\/szkolenia-udt.pl\/wp-content\/uploads\/2023\/02\/s2-4-1536x1024.jpg 1536w, https:\/\/szkolenia-udt.pl\/wp-content\/uploads\/2023\/02\/s2-4-18x12.jpg 18w, https:\/\/szkolenia-udt.pl\/wp-content\/uploads\/2023\/02\/s2-4.jpg 1600w\" sizes=\"auto, (max-width: 512px) 100vw, 512px\" \/><\/a><\/figure>\n<\/div>\n\n\n<h2 class=\"wp-block-heading\">Egzamin<\/h2>\n\n\n\n<p>Kurs ko\u0144czy si\u0119 egzaminem pa\u0144stwowym, kt\u00f3ry zdaje si\u0119 przed komisja powo\u0142an\u0105 przez w\u0142a\u015bciw\u0105 jednostk\u0119 dozoru technicznego, tj. TDT.&nbsp;&nbsp;&nbsp;<\/p>\n\n\n\n<h2 class=\"wp-block-heading\">Dokumenty, kt\u00f3re otrzymasz&nbsp;<\/h2>\n\n\n\n<p>Po zdaniu egzaminu kursant otrzymuje imienne za\u015bwiadczenie kwalifikacyjne do obs\u0142ugi lub konserwacji odpowiedniego typu \u017curawia. Za\u015bwiadczenie to jest wydawane przez jednostk\u0119 TDT. Uprawnienia te s\u0105 wa\u017cne w kraju, jak i za granic\u0105. Dodatkowo, istnieje mo\u017cliwo\u015b\u0107 wydania dokument\u00f3w w j\u0119zyku polskim, jak i angielskim.&nbsp;&nbsp;<\/p>\n\n\n\n<p>Za\u015bwiadczenie na operatora \u017curawi p\u0142ywaj\u0105cych wa\u017cne jest przez 5 lat od dnia jego wydania. Oczywi\u015bcie istnieje mo\u017cliwo\u015b\u0107 przed\u0142u\u017cenia kwalifikacji po wype\u0142nieniu odpowiednich dokument\u00f3w.&nbsp;&nbsp;<\/p>\n\n\n\n<h2 class=\"wp-block-heading\">Podstawowe zagadnienia obj\u0119te tematyk\u0105 kursu:&nbsp;<\/h2>\n\n\n\n<ul class=\"wp-block-list\">\n<li>budowa \u017curawi,&nbsp;&nbsp;<\/li>\n\n\n\n<li>zagadnienia BHP,&nbsp;<\/li>\n\n\n\n<li>og\u00f3lne informacje o \u017curawiach,&nbsp;&nbsp;<\/li>\n\n\n\n<li>zabezpieczenia mechaniczne \u017curawi,&nbsp;&nbsp;<\/li>\n\n\n\n<li>obowi\u0105zki operator\u00f3w \u017curawi przed prac\u0105, po pracy i w jej trakcie,&nbsp;&nbsp;<\/li>\n\n\n\n<li>zabezpieczenia elektryczne \u017curawi,&nbsp;&nbsp;<\/li>\n\n\n\n<li>wiadomo\u015bci na temat dozoru technicznego,&nbsp;&nbsp;<\/li>\n\n\n\n<li>urz\u0105dzenia prze\u0142adunkowe, chwytaj\u0105ce i eksploatacja zawieszenia,&nbsp;&nbsp;<\/li>\n\n\n\n<li>zaj\u0119cia praktyczne na \u017curawiach.&nbsp;<\/li>\n<\/ul>\n\n\n\n<p>Program szkolenia na konserwatora \u017curawi p\u0142ywaj\u0105cych obejmuje tak\u017ce m.in. dokumentacj\u0119 techniczn\u0105 urz\u0105dzenia, zasady konserwacji i modernizacji maszyn oraz wymian\u0119 cz\u0119\u015bci i p\u0142yn\u00f3w.&nbsp;&nbsp;<\/p>\n\n\n<div class=\"wp-block-image\">\n<figure class=\"alignright size-large is-resized\"><a href=\"https:\/\/szkolenia-udt.pl\/wp-content\/uploads\/2023\/02\/s2-6.jpg\"><img loading=\"lazy\" decoding=\"async\" src=\"https:\/\/szkolenia-udt.pl\/wp-content\/uploads\/2023\/02\/s2-6-1024x579.jpg\" alt=\"Szkolenie z obs\u0142ugi i konserwacji \u017curawi p\u0142ywaj\u0105cych\" class=\"wp-image-3701\" width=\"512\" height=\"290\" srcset=\"https:\/\/szkolenia-udt.pl\/wp-content\/uploads\/2023\/02\/s2-6-1024x579.jpg 1024w, https:\/\/szkolenia-udt.pl\/wp-content\/uploads\/2023\/02\/s2-6-300x170.jpg 300w, https:\/\/szkolenia-udt.pl\/wp-content\/uploads\/2023\/02\/s2-6-768x434.jpg 768w, https:\/\/szkolenia-udt.pl\/wp-content\/uploads\/2023\/02\/s2-6-1536x868.jpg 1536w, https:\/\/szkolenia-udt.pl\/wp-content\/uploads\/2023\/02\/s2-6-18x10.jpg 18w, https:\/\/szkolenia-udt.pl\/wp-content\/uploads\/2023\/02\/s2-6.jpg 1600w\" sizes=\"auto, (max-width: 512px) 100vw, 512px\" \/><\/a><\/figure>\n<\/div>\n\n\n<h2 class=\"wp-block-heading\">Warunki, kt\u00f3re trzeba spe\u0142ni\u0107 by wzi\u0105\u0107 udzia\u0142 w kursie:&nbsp;<\/h2>\n\n\n\n<ul class=\"wp-block-list\">\n<li>uko\u0144czone 18 lat,&nbsp;<\/li>\n\n\n\n<li>stan zdrowia umo\u017cliwiaj\u0105cy podj\u0119cie pracy zawodzie operatora lub konserwatora \u017curawia (potwierdzone orzeczeniem lekarza medycyny pracy),&nbsp;<\/li>\n\n\n\n<li>wykszta\u0142cenie minimum podstawowe.&nbsp;<\/li>\n<\/ul>\n\n\n\n<h2 class=\"wp-block-heading\">Powody, dla kt\u00f3rych warto wzi\u0105\u0107 udzia\u0142 w naszych kursach szkoleniowych:&nbsp;<\/h2>\n\n\n\n<ul class=\"wp-block-list\">\n<li>profesjonalnie przeprowadzone kursy,&nbsp;&nbsp;<\/li>\n\n\n\n<li>indywidualne podej\u015bcie do ka\u017cdego kursanta,&nbsp;&nbsp;<\/li>\n\n\n\n<li>wykwalifikowana i do\u015bwiadczona kadra,&nbsp;<\/li>\n\n\n\n<li>konkurencyjne ceny,&nbsp;&nbsp;<\/li>\n\n\n\n<li>nowoczesne metody szkoleniowe.&nbsp;<\/li>\n<\/ul>\n\n\n\n<h2 class=\"wp-block-heading\">Koszt odbycia szkolenia na uprawnienia na \u017curawie p\u0142ywaj\u0105ce:&nbsp;<\/h2>\n\n\n\n<p><a href=\"https:\/\/szkolenia-udt.pl\/ua\/oferta\/\">Cena<\/a> kursu uzale\u017cniona jest od kilku czynnik\u00f3w:&nbsp;&nbsp;<\/p>\n\n\n\n<ul class=\"wp-block-list\">\n<li>wybranej kategorii uprawnie\u0144,&nbsp;<\/li>\n\n\n\n<li>liczby os\u00f3b bior\u0105cych udzia\u0142 w kursie,&nbsp;&nbsp;<\/li>\n\n\n\n<li>sposobu organizacji szkolenia.&nbsp;&nbsp;<\/li>\n<\/ul>\n\n\n\n<h2 class=\"wp-block-heading\">Polecamy tak\u017ce inne profesjonalne szkolenia na uprawnienia na \u017curawie, takie jak:&nbsp;<\/h2>\n\n\n<div class=\"wp-block-image\">\n<figure class=\"alignleft size-large is-resized\"><a href=\"https:\/\/szkolenia-udt.pl\/wp-content\/uploads\/2023\/02\/s2-7-1.jpg\"><img loading=\"lazy\" decoding=\"async\" src=\"https:\/\/szkolenia-udt.pl\/wp-content\/uploads\/2023\/02\/s2-7-1-1024x683.jpg\" alt=\"\u017buraw p\u0142ywaj\u0105cy na tle nieba\" class=\"wp-image-3702\" width=\"512\" height=\"342\" srcset=\"https:\/\/szkolenia-udt.pl\/wp-content\/uploads\/2023\/02\/s2-7-1-1024x683.jpg 1024w, https:\/\/szkolenia-udt.pl\/wp-content\/uploads\/2023\/02\/s2-7-1-300x200.jpg 300w, https:\/\/szkolenia-udt.pl\/wp-content\/uploads\/2023\/02\/s2-7-1-768x512.jpg 768w, https:\/\/szkolenia-udt.pl\/wp-content\/uploads\/2023\/02\/s2-7-1-1536x1024.jpg 1536w, https:\/\/szkolenia-udt.pl\/wp-content\/uploads\/2023\/02\/s2-7-1-18x12.jpg 18w, https:\/\/szkolenia-udt.pl\/wp-content\/uploads\/2023\/02\/s2-7-1.jpg 1600w\" sizes=\"auto, (max-width: 512px) 100vw, 512px\" \/><\/a><\/figure>\n<\/div>\n\n\n<ul class=\"wp-block-list\">\n<li>\u017curawie stacjonarne,&nbsp;&nbsp;<\/li>\n\n\n\n<li><a href=\"https:\/\/szkolenia-udt.pl\/ua\/kursy\/uprawnienia-udt-tdt-wdt\/operator-konserwator-zurawia-samojezdnego\/\">\u017curawie samojezdne<\/a> (uprawnia do obs\u0142ugi \u017curawi samojezdnych, przewo\u017anych i przeno\u015bnych oraz stacjonarnych),&nbsp;&nbsp;<\/li>\n\n\n\n<li>\u017curawie szynowe,&nbsp;&nbsp;<\/li>\n\n\n\n<li>\u017curawie przewo\u017ane i przeno\u015bne (uprawnia do obs\u0142ugi \u017curawi przewo\u017anych i przeno\u015bnych oraz stacjonarnych) w tym tzw. HDS oraz specjalistyczne \u017curawie do drewna tzw. forwarder lub do zrywki harvester,&nbsp;&nbsp;<\/li>\n\n\n\n<li>\u017curawie kolejowe i na pojazdach kolejowych,&nbsp;<\/li>\n\n\n\n<li>\u017curawie wie\u017cowe i szybkomontuj\u0105ce (uprawnia do obs\u0142ugi \u017curawi wie\u017cowych i szybkomontuj\u0105cych oraz szynowych).&nbsp;&nbsp;<\/li>\n<\/ul>\n\n\n\n<h2 class=\"wp-block-heading\">Pytania i odpowiedzi:<\/h2>\n\n\n\t\t<details\t\thelp class=\"sc_fs_faq sc_card    \"\n\t\topen\t\t>\n\t\t\t\t\t<summary>\n\t\t\t\t<h3>1. Jak wygl\u0105da egzamin na \u017curawie p\u0142ywaj\u0105ce? <\/h3>\t\t\t\t\t<\/summary>\n\t\t\t\t<div>\n\t\t\t\t\t\t<div class=\"sc_fs_faq__content\">\n\t\t\t\t\n\n<p>Egzamin sk\u0142ada si\u0119 z cz\u0119\u015bci pisemnej (teoretycznej) i praktycznej. Aby zaliczy\u0107 cz\u0119\u015b\u0107 pisemn\u0105 wystarczy odpowiedzie\u0107 prawid\u0142owo na okre\u015blon\u0105 liczb\u0119 pyta\u0144. Po tym zostaje si\u0119 dopuszczonym do egzaminu praktycznego sprawdzaj\u0105cego umiej\u0119tno\u015bci obs\u0142ugi lub konserwacji \u017curawia.<\/p>\n\n\t\t\t<\/div>\n\t\t<\/div>\n\t\t<\/details>\n\t\t\t\t<details\t\thelp class=\"sc_fs_faq sc_card    \"\n\t\t\t\t>\n\t\t\t\t\t<summary>\n\t\t\t\t<h3>2. Jak d\u0142ugo wa\u017cne s\u0105 uprawnienia na operatora \u017curawia p\u0142ywaj\u0105cego? <\/h3>\t\t\t\t\t<\/summary>\n\t\t\t\t<div>\n\t\t\t\t\t\t<div class=\"sc_fs_faq__content\">\n\t\t\t\t\n\n<p>Kwalifikacje operator\u00f3w \u017curawi p\u0142ywaj\u0105cych wa\u017cne s\u0105 przez 5 lat, tyle samo wa\u017cne s\u0105 uprawnienia konserwator\u00f3w \u017curawi. Po up\u0142ywie tego okresu nale\u017cy uprawnienia przed\u0142u\u017cy\u0107.<strong>&nbsp;<\/strong><\/p>\n\n\t\t\t<\/div>\n\t\t<\/div>\n\t\t<\/details>\n\t\t\n<script type=\"application\/ld+json\">\n\t{\n\t\t\"@context\": \"https:\/\/schema.org\",\n\t\t\"@type\": \"FAQPage\",\n\t\t\"mainEntity\": [\n\t\t\t\t\t{\n\t\t\t\t\"@type\": \"Question\",\n\t\t\t\t\"name\": \"1. Jak wygl\u0105da egzamin na \u017curawie p\u0142ywaj\u0105ce? \",\n\t\t\t\t\"acceptedAnswer\": {\n\t\t\t\t\t\"@type\": \"Answer\",\n\t\t\t\t\t\"text\": \"<p>Egzamin sk\u0142ada si\u0119 z cz\u0119\u015bci pisemnej (teoretycznej) i praktycznej. Aby zaliczy\u0107 cz\u0119\u015b\u0107 pisemn\u0105 wystarczy odpowiedzie\u0107 prawid\u0142owo na okre\u015blon\u0105 liczb\u0119 pyta\u0144. Po tym zostaje si\u0119 dopuszczonym do egzaminu praktycznego sprawdzaj\u0105cego umiej\u0119tno\u015bci obs\u0142ugi lub konserwacji \u017curawia.<\/p>\"\n\t\t\t\t\t\t\t\t\t}\n\t\t\t}\n\t\t\t,\t\t\t\t{\n\t\t\t\t\"@type\": \"Question\",\n\t\t\t\t\"name\": \"2. Jak d\u0142ugo wa\u017cne s\u0105 uprawnienia na operatora \u017curawia p\u0142ywaj\u0105cego? \",\n\t\t\t\t\"acceptedAnswer\": {\n\t\t\t\t\t\"@type\": \"Answer\",\n\t\t\t\t\t\"text\": \"<p>Kwalifikacje operator\u00f3w \u017curawi p\u0142ywaj\u0105cych wa\u017cne s\u0105 przez 5 lat, tyle samo wa\u017cne s\u0105 uprawnienia konserwator\u00f3w \u017curawi. Po up\u0142ywie tego okresu nale\u017cy uprawnienia przed\u0142u\u017cy\u0107.<strong>&nbsp;<\/strong><\/p>\"\n\t\t\t\t\t\t\t\t\t}\n\t\t\t}\n\t\t\t\t\t\t]\n\t}\n<\/script>\n","protected":false},"excerpt":{"rendered":"<p>Zapraszamy na kurs na uprawnienia na \u017curawie p\u0142ywaj\u0105ce&nbsp;&nbsp; \u017burawie p\u0142ywaj\u0105ce, cz\u0119sto nazywane s\u0105 te\u017c \u017curawiami pok\u0142adowymi lub statkowymi. S\u0105 to urz\u0105dzenia wykorzystywane w transporcie morskim i portowym, oraz przy pracach offshore. S\u0142u\u017c\u0105 one g\u0142\u00f3wnie do przemieszczania \u0142adunk\u00f3w i za\u0142adowywania kontener\u00f3w na statki. Cz\u0119sto wykorzystuje si\u0119 je do pracy na platformach wiertniczych.&nbsp;&nbsp; \u017burawie p\u0142ywaj\u0105ce podlegaj\u0105 pod [&hellip;]<\/p>\n","protected":false},"author":10,"featured_media":3687,"parent":2266,"menu_order":0,"comment_status":"closed","ping_status":"closed","template":"","meta":{"footnotes":""},"class_list":["post-3685","page","type-page","status-publish","has-post-thumbnail","hentry"],"aioseo_notices":[],"_links":{"self":[{"href":"https:\/\/szkolenia-udt.pl\/ua\/wp-json\/wp\/v2\/pages\/3685","targetHints":{"allow":["GET"]}}],"collection":[{"href":"https:\/\/szkolenia-udt.pl\/ua\/wp-json\/wp\/v2\/pages"}],"about":[{"href":"https:\/\/szkolenia-udt.pl\/ua\/wp-json\/wp\/v2\/types\/page"}],"author":[{"embeddable":true,"href":"https:\/\/szkolenia-udt.pl\/ua\/wp-json\/wp\/v2\/users\/10"}],"replies":[{"embeddable":true,"href":"https:\/\/szkolenia-udt.pl\/ua\/wp-json\/wp\/v2\/comments?post=3685"}],"version-history":[{"count":30,"href":"https:\/\/szkolenia-udt.pl\/ua\/wp-json\/wp\/v2\/pages\/3685\/revisions"}],"predecessor-version":[{"id":4139,"href":"https:\/\/szkolenia-udt.pl\/ua\/wp-json\/wp\/v2\/pages\/3685\/revisions\/4139"}],"up":[{"embeddable":true,"href":"https:\/\/szkolenia-udt.pl\/ua\/wp-json\/wp\/v2\/pages\/2266"}],"wp:featuredmedia":[{"embeddable":true,"href":"https:\/\/szkolenia-udt.pl\/ua\/wp-json\/wp\/v2\/media\/3687"}],"wp:attachment":[{"href":"https:\/\/szkolenia-udt.pl\/ua\/wp-json\/wp\/v2\/media?parent=3685"}],"curies":[{"name":"wp","href":"https:\/\/api.w.org\/{rel}","templated":true}]}}