{"id":37,"date":"2014-10-07T16:20:56","date_gmt":"2014-10-07T16:20:56","guid":{"rendered":"http:\/\/szkolenia-udt.pl\/?page_id=37"},"modified":"2016-07-05T20:02:46","modified_gmt":"2016-07-05T20:02:46","slug":"udt-%d0%bf%d1%80%d0%b0%d0%b2%d0%b0","status":"publish","type":"page","link":"https:\/\/szkolenia-udt.pl\/ua\/uprawnienia-udt\/","title":{"rendered":"\u041a\u0432\u0430\u043b\u0456\u0444\u0456\u043a\u0430\u0446\u0456\u044f UDT"},"content":{"rendered":"<h3>\u0423 \u043d\u0430\u0441 \u0432\u0438 \u043e\u0442\u0440\u0438\u043c\u0430\u0454\u0442\u0435 \u043a\u0432\u0430\u043b\u0456\u0444\u0456\u043a\u0430\u0446\u0456\u044e UDT - \u0412\u0430\u0440\u0448\u0430\u0432\u0430 \u0456 \u0432\u0441\u044f \u041f\u043e\u043b\u044c\u0449\u0430<\/h3>\n<div class=\"wyjustuj\">\u0423\u043f\u0440\u0430\u0432\u043b\u0456\u043d\u043d\u044f \u0442\u0435\u0445\u043d\u0456\u0447\u043d\u043e\u0457 \u0456\u043d\u0441\u043f\u0435\u043a\u0446\u0456\u0457 (UDT) \u2014 \u0446\u0435 \u0434\u0435\u0440\u0436\u0430\u0432\u043d\u0430 \u0443\u0441\u0442\u0430\u043d\u043e\u0432\u0430, \u0440\u043e\u0437\u0442\u0430\u0448\u043e\u0432\u0430\u043d\u0430 \u0443 \u0412\u0430\u0440\u0448\u0430\u0432\u0456, \u043c\u0435\u0442\u043e\u044e \u044f\u043a\u043e\u0457 \u0454 \u043a\u043e\u043d\u0442\u0440\u043e\u043b\u044c \u0437\u0430 \u0431\u0435\u0437\u043f\u0435\u043a\u043e\u044e \u0443\u0441\u0442\u0430\u043d\u043e\u0432\u043e\u043a \u0456 \u0442\u0435\u0445\u043d\u0456\u0447\u043d\u0438\u0445 \u043f\u0440\u0438\u0441\u0442\u0440\u043e\u0457\u0432, \u0449\u043e \u043f\u0456\u0434\u043b\u044f\u0433\u0430\u044e\u0442\u044c \u0442\u0435\u0445\u043d\u0456\u0447\u043d\u043e\u043c\u0443 \u043e\u0433\u043b\u044f\u0434\u0443. \u0426\u0435 \u043f\u0456\u0434\u0440\u043e\u0437\u0434\u0456\u043b, \u044f\u043a\u0438\u0439 \u043f\u0440\u043e\u0432\u043e\u0434\u0438\u0442\u044c \u043d\u0430\u0432\u0447\u0430\u043b\u044c\u043d\u0443 \u0442\u0430 \u0441\u0435\u0440\u0442\u0438\u0444\u0456\u043a\u0430\u0446\u0456\u0439\u043d\u0443 \u0434\u0456\u044f\u043b\u044c\u043d\u0456\u0441\u0442\u044c, \u043c\u0430\u0454 \u0432\u043b\u0430\u0441\u043d\u0443 \u0434\u043e\u0441\u043b\u0456\u0434\u043d\u0438\u0446\u044c\u043a\u0443 \u0442\u0430 \u0435\u043a\u0441\u043f\u0435\u0440\u0442\u043d\u0443 \u0431\u0430\u0437\u0443.<strong>\u0421\u0444\u0435\u0440\u0430 \u0434\u0456\u044f\u043b\u044c\u043d\u043e\u0441\u0442\u0456 \u0423\u043f\u0440\u0430\u0432\u043b\u0456\u043d\u043d\u044f \u0442\u0435\u0445\u043d\u0456\u0447\u043d\u043e\u0433\u043e \u043d\u0430\u0433\u043b\u044f\u0434\u0443:<\/strong><\/p>\n<ul>\n<li>\u043d\u0430\u0433\u043b\u044f\u0434 \u0456 \u043a\u043e\u043d\u0442\u0440\u043e\u043b\u044c \u0443 \u0437\u0432&#039;\u044f\u0437\u043a\u0443 \u0437 \u0434\u043e\u0442\u0440\u0438\u043c\u0430\u043d\u043d\u044f\u043c \u043f\u0440\u0430\u0432\u0438\u043b \u0442\u0435\u0445\u043d\u0456\u0447\u043d\u043e\u0433\u043e \u043e\u0433\u043b\u044f\u0434\u0443 \u0442\u0430 \u0456\u043d\u0448\u0438\u0445 \u0447\u0438\u043d\u043d\u0438\u0445 \u043d\u043e\u0440\u043c\u0430\u0442\u0438\u0432\u043d\u0438\u0445 \u0430\u043a\u0442\u0456\u0432<\/li>\n<li>\u043f\u0440\u043e\u0432\u0435\u0434\u0435\u043d\u043d\u044f \u0442\u0435\u0445\u043d\u0456\u0447\u043d\u043e\u0433\u043e \u043d\u0430\u0433\u043b\u044f\u0434\u0443 \u0437\u0430 \u043f\u0440\u0438\u043b\u0430\u0434\u0430\u043c\u0438, \u043f\u0435\u0440\u0435\u043b\u0456\u0447\u0435\u043d\u0438\u043c\u0438 \u0432 \u043d\u043e\u0440\u043c\u0430\u0442\u0438\u0432\u043d\u0438\u0445 \u0430\u043a\u0442\u0430\u0445<\/li>\n<li>\u0432\u0438\u0434\u0430\u0447\u0430 \u0440\u0456\u0448\u0435\u043d\u044c \u0449\u043e\u0434\u043e \u0442\u0435\u0445\u043d\u0456\u0447\u043d\u043e\u0433\u043e \u043e\u0433\u043b\u044f\u0434\u0443<\/li>\n<li>\u0432\u0435\u0434\u0435\u043d\u043d\u044f \u043e\u0431\u043b\u0456\u043a\u0443 \u0442\u0435\u0445\u043d\u0456\u0447\u043d\u0438\u0445 \u0437\u0430\u0441\u043e\u0431\u0456\u0432<\/li>\n<li>\u0430\u043d\u0430\u043b\u0456\u0437 \u043f\u0440\u0438\u0447\u0438\u043d \u0456 \u043d\u0430\u0441\u043b\u0456\u0434\u043a\u0456\u0432 \u043f\u043e\u0448\u043a\u043e\u0434\u0436\u0435\u043d\u044c \u043f\u0440\u0438\u0441\u0442\u0440\u043e\u0457\u0432 \u0442\u0430 \u043e\u0446\u0456\u043d\u043a\u0430 \u0457\u0445 \u0440\u0438\u0437\u0438\u043a\u0443<\/li>\n<li>\u043c\u043e\u0442\u0438\u0432\u0430\u0446\u0456\u044f \u0434\u043e \u043f\u0456\u0434\u0432\u0438\u0449\u0435\u043d\u043d\u044f \u043a\u0432\u0430\u043b\u0456\u0444\u0456\u043a\u0430\u0446\u0456\u0457 \u043a\u043e\u0440\u0438\u0441\u0442\u0443\u0432\u0430\u0447\u0456\u0432 \u0456 \u0432\u0438\u0440\u043e\u0431\u043d\u0438\u043a\u0456\u0432 \u0443 \u0440\u043e\u0431\u043e\u0442\u0456 \u0437 \u043f\u0440\u0438\u0441\u0442\u0440\u043e\u044f\u043c\u0438<\/li>\n<li>\u043f\u0456\u0434\u0433\u043e\u0442\u043e\u0432\u043a\u0430 \u0442\u0430 \u0443\u0437\u0433\u043e\u0434\u0436\u0435\u043d\u043d\u044f \u043f\u0440\u043e\u0433\u0440\u0430\u043c \u043a\u0443\u0440\u0441\u0456\u0432 \u0423\u0414\u0422<\/li>\n<li>\u043f\u0435\u0440\u0435\u0432\u0456\u0440\u043a\u0430 \u043a\u0432\u0430\u043b\u0456\u0444\u0456\u043a\u0430\u0446\u0456\u0457 \u043f\u0440\u0430\u0446\u0456\u0432\u043d\u0438\u043a\u0456\u0432, \u0432\u0438\u0434\u0430\u0447\u0430 \u043b\u0456\u0446\u0435\u043d\u0437\u0456\u0439 \u0423\u0414\u0422<\/li>\n<\/ul>\n<p>\u0423\u0441\u0456 \u043e\u0441\u043e\u0431\u0438, \u044f\u043a\u0456 \u0431\u0430\u0436\u0430\u044e\u0442\u044c \u043f\u0440\u0430\u0446\u044e\u0432\u0430\u0442\u0438, \u0441\u0435\u0440\u0435\u0434 \u0456\u043d\u0448\u043e\u0433\u043e, \u043d\u0430 \u0442\u0430\u043a\u0438\u0445 \u043f\u0440\u0438\u0441\u0442\u0440\u043e\u044f\u0445, \u044f\u043a \u043c\u043e\u0441\u0442\u043e\u0432\u0456 \u043a\u0440\u0430\u043d\u0438, \u043a\u0440\u0430\u043d\u0438, HDS, \u043d\u0430\u0432\u0430\u043d\u0442\u0430\u0436\u0443\u0432\u0430\u0447\u0456, \u043a\u043e\u043b\u0456\u0439\u043d\u0456 \u0430\u0441\u0444\u0430\u043b\u044c\u0442\u043e\u0443\u043a\u043b\u0430\u0434\u0430\u043b\u044c\u043d\u0438\u043a\u0438, \u043f\u0456\u0434\u0439\u043e\u043c\u043d\u0438\u043a\u0438 \u0442\u0430 \u043a\u0430\u043d\u0430\u0442\u043d\u0456 \u0434\u043e\u0440\u043e\u0433\u0438, \u043f\u0440\u0438\u0441\u0442\u0440\u043e\u0457 \u0434\u043b\u044f \u043f\u0435\u0440\u0435\u0432\u0430\u043d\u0442\u0430\u0436\u0435\u043d\u043d\u044f \u0442\u0430 \u043d\u0430\u043f\u043e\u0432\u043d\u0435\u043d\u043d\u044f \u043a\u043e\u043d\u0442\u0435\u0439\u043d\u0435\u0440\u0456\u0432 \u0430\u0431\u043e \u043c\u043e\u0431\u0456\u043b\u044c\u043d\u0456 \u043f\u043b\u0430\u0442\u0444\u043e\u0440\u043c\u0438, \u043e\u0442\u0440\u0438\u043c\u0443\u044e\u0442\u044c \u0434\u043e\u0437\u0432\u0456\u043b \u0423\u043f\u0440\u0430\u0432\u043b\u0456\u043d\u043d\u044f \u0442\u0435\u0445\u043d\u0456\u0447\u043d\u043e\u0457 \u0456\u043d\u0441\u043f\u0435\u043a\u0446\u0456\u0457. \u041e\u0441\u043e\u0431\u0430, \u044f\u043a\u0430 \u043f\u0440\u0430\u0446\u044e\u0454 \u043e\u043f\u0435\u0440\u0430\u0442\u043e\u0440\u043e\u043c \u0432\u0438\u0449\u0435\u0432\u043a\u0430\u0437\u0430\u043d\u0438\u0445 \u043f\u0440\u0438\u0441\u0442\u0440\u043e\u0457\u0432, \u0430\u043b\u0435 \u043d\u0435 \u043c\u0430\u0454 \u043a\u0432\u0430\u043b\u0456\u0444\u0456\u043a\u0430\u0446\u0456\u0457 \u0423\u0422\u0414, \u043d\u0430\u0440\u0430\u0436\u0430\u0454 \u0440\u043e\u0431\u043e\u0442\u043e\u0434\u0430\u0432\u0446\u044f \u043d\u0430 \u0448\u0442\u0440\u0430\u0444\u043d\u0456 \u0441\u0430\u043d\u043a\u0446\u0456\u0457.<\/p>\n<div style=\"float: left; padding-right: 10px;\"><div id=\"metaslider-id-625\" style=\"max-width: 300px;\" class=\"ml-slider-3-108-0 metaslider metaslider-flex metaslider-625 ml-slider ms-theme-default nav-hidden\" role=\"region\" aria-label=\"\u041f\u0440\u0430\u0432\u0430\" data-height=\"225\" data-width=\"300\">\n    <div id=\"metaslider_container_625\">\n        <div id=\"metaslider_625\">\n            <ul class='slides'>\n                <li style=\"display: block; width: 100%;\" class=\"slide-540 ms-image\" aria-roledescription=\"slide\" data-date=\"2014-10-11 16:42:06\" data-filename=\"170AETJL_BI_NRJ_045.jpg\" data-slide-type=\"image\"><img loading=\"lazy\" decoding=\"async\" src=\"https:\/\/szkolenia-udt.pl\/wp-content\/uploads\/2014\/10\/170AETJL_BI_NRJ_045.jpg\" height=\"225\" width=\"300\" alt=\"\u041a\u0443\u0440\u0441\u0438 \u0442\u0430 \u043d\u0430\u0432\u0447\u0430\u043d\u043d\u044f \" class=\"slider-625 slide-540 msDefaultImage\" \/><\/li>\n                <li style=\"display: none; width: 100%;\" class=\"slide-1109 ms-image\" aria-roledescription=\"slide\" data-date=\"2014-11-12 13:56:05\" data-filename=\"bizness3a.jpg\" data-slide-type=\"image\"><img loading=\"lazy\" decoding=\"async\" src=\"https:\/\/szkolenia-udt.pl\/wp-content\/uploads\/2014\/11\/bizness3a.jpg\" height=\"225\" width=\"300\" alt=\"\u043d\u0430\u0432\u0447\u0430\u043d\u043d\u044f\" class=\"slider-625 slide-1109 msDefaultImage\" \/><\/li>\n                <li style=\"display: none; width: 100%;\" class=\"slide-1105 ms-image\" aria-roledescription=\"slide\" data-date=\"2014-11-12 13:56:03\" data-filename=\"biznes4a.jpg\" data-slide-type=\"image\"><img loading=\"lazy\" decoding=\"async\" src=\"https:\/\/szkolenia-udt.pl\/wp-content\/uploads\/2014\/11\/biznes4a.jpg\" height=\"225\" width=\"300\" alt=\"\" class=\"slider-625 slide-1105 msDefaultImage\" \/><\/li>\n                <li style=\"display: none; width: 100%;\" class=\"slide-1104 ms-image\" aria-roledescription=\"slide\" data-date=\"2014-11-12 13:56:02\" data-filename=\"biznes1a.jpg\" data-slide-type=\"image\"><img loading=\"lazy\" decoding=\"async\" src=\"https:\/\/szkolenia-udt.pl\/wp-content\/uploads\/2014\/11\/biznes1a.jpg\" height=\"225\" width=\"300\" alt=\"\" class=\"slider-625 slide-1104 msDefaultImage\" \/><\/li>\n                <li style=\"display: none; width: 100%;\" class=\"slide-1112 ms-image\" aria-roledescription=\"slide\" data-date=\"2014-11-12 14:10:23\" data-filename=\"engeneer2.jpg\" data-slide-type=\"image\"><img loading=\"lazy\" decoding=\"async\" src=\"https:\/\/szkolenia-udt.pl\/wp-content\/uploads\/2014\/11\/engeneer2.jpg\" height=\"225\" width=\"300\" alt=\"\" class=\"slider-625 slide-1112 msDefaultImage\" \/><\/li>\n            <\/ul>\n        <\/div>\n        \n    <\/div>\n<\/div><\/div>\n<p>\u0414\u043b\u044f \u0442\u043e\u0433\u043e, \u0449\u043e\u0431 \u043e\u0442\u0440\u0438\u043c\u0430\u0442\u0438 \u043b\u0456\u0446\u0435\u043d\u0437\u0456\u044e UDT, \u043d\u0435\u043e\u0431\u0445\u0456\u0434\u043d\u043e \u0432\u0437\u044f\u0442\u0438 \u0443\u0447\u0430\u0441\u0442\u044c \u0443 \u043d\u0430\u0432\u0447\u0430\u043b\u044c\u043d\u0438\u0445 \u043a\u0443\u0440\u0441\u0430\u0445. \u041a\u0443\u0440\u0441\u0438 UDT \u043f\u0440\u043e\u0432\u043e\u0434\u044f\u0442\u044c\u0441\u044f \u043f\u043e \u0432\u0441\u0456\u0439 \u041f\u043e\u043b\u044c\u0449\u0456 \u043f\u0440\u043e\u0444\u0435\u0441\u0456\u0439\u043d\u043e-\u0442\u0435\u0445\u043d\u0456\u0447\u043d\u0438\u043c\u0438 \u043d\u0430\u0432\u0447\u0430\u043b\u044c\u043d\u0438\u043c\u0438 \u0437\u0430\u043a\u043b\u0430\u0434\u0430\u043c\u0438. \u0414\u043e \u043d\u0438\u0445 \u0432\u0456\u0434\u043d\u043e\u0441\u044f\u0442\u044c\u0441\u044f <a href=\"https:\/\/szkolenia-udt.pl\/ua\/kursy\/uprawnienia-udt-tdt-wdt\/szkolenia-z-zakresu-udt\/\">\u041a\u0443\u0440\u0441 UDT<\/a> \u043f\u043e\u0432\u0438\u043d\u043d\u0456 \u0431\u0443\u0442\u0438 \u043e\u0440\u0433\u0430\u043d\u0456\u0437\u043e\u0432\u0430\u043d\u0456 \u0441\u0435\u0440\u0442\u0438\u0444\u0456\u043a\u043e\u0432\u0430\u043d\u0438\u043c \u0437\u0430\u043a\u043b\u0430\u0434\u043e\u043c, \u044f\u043a\u0438\u0439 \u0441\u043f\u0456\u0432\u043f\u0440\u0430\u0446\u044e\u0454 \u0437 \u0423\u043f\u043e\u0432\u043d\u043e\u0432\u0430\u0436\u0435\u043d\u0438\u043c \u043e\u0440\u0433\u0430\u043d\u043e\u043c. \u0423\u0441\u0442\u0430\u043d\u043e\u0432\u0430 \u043f\u043e\u0432\u0438\u043d\u043d\u0430 \u043f\u0440\u043e\u0432\u043e\u0434\u0438\u0442\u0438 \u0437\u0430\u043d\u044f\u0442\u0442\u044f \u0432\u0456\u0434\u043f\u043e\u0432\u0456\u0434\u043d\u043e \u0434\u043e \u0432\u0438\u043c\u043e\u0433 \u0423\u043f\u043e\u0432\u043d\u043e\u0432\u0430\u0436\u0435\u043d\u043e\u0433\u043e \u043e\u0440\u0433\u0430\u043d\u0443 \u0443 \u0444\u043e\u0440\u043c\u0456 \u0442\u0435\u043e\u0440\u0435\u0442\u0438\u0447\u043d\u0438\u0445 \u0442\u0430 \u043f\u0440\u0430\u043a\u0442\u0438\u0447\u043d\u0438\u0445 \u0432\u043f\u0440\u0430\u0432. <a href=\"https:\/\/szkolenia-udt.pl\/ua\/kursy\/szkolenie-audytorskie-udt\/\">\u0423\u0414\u0422 \u043d\u0430\u0432\u0447\u0430\u043d\u043d\u044f<\/a> \u0433\u043e\u0442\u0443\u0454 \u0441\u0442\u0443\u0434\u0435\u043d\u0442\u0456\u0432 \u0434\u043e \u0456\u0441\u043f\u0438\u0442\u0443, \u044f\u043a\u0438\u0439 \u043f\u0440\u043e\u0445\u043e\u0434\u0438\u0442\u044c \u043f\u0435\u0440\u0435\u0434 \u043a\u043e\u043c\u0456\u0441\u0456\u0454\u044e, \u0449\u043e \u0441\u043a\u043b\u0430\u0434\u0430\u0454\u0442\u044c\u0441\u044f \u0437 \u043f\u0440\u0430\u0446\u0456\u0432\u043d\u0438\u043a\u0456\u0432 \u0423\u043f\u0440\u0430\u0432\u043b\u0456\u043d\u043d\u044f. \u0406\u0441\u043f\u0438\u0442\u0438, \u044f\u043a \u043f\u0440\u0430\u0432\u0438\u043b\u043e, \u043f\u0438\u0441\u044c\u043c\u043e\u0432\u0456, \u0437\u0430\u043b\u0456\u043a\u043e\u0432\u0456 \u0430\u0431\u043e \u0443\u0441\u043d\u0456. \u0423\u043c\u043e\u0432\u0438 \u0441\u043a\u043b\u0430\u0434\u0430\u043d\u043d\u044f \u0456\u0441\u043f\u0438\u0442\u0443 \u0437\u0430\u043b\u0435\u0436\u0430\u0442\u044c \u0432\u0456\u0434 \u0442\u0438\u043f\u0443 \u043a\u0432\u0430\u043b\u0456\u0444\u0456\u043a\u0430\u0446\u0456\u0457, \u043d\u0430 \u044f\u043a\u0443 \u043f\u0440\u0435\u0442\u0435\u043d\u0434\u0443\u0454 \u0443\u0447\u0430\u0441\u043d\u0438\u043a. \u0414\u0435\u0442\u0430\u043b\u044c\u043d\u0456\u0448\u0443 \u0456\u043d\u0444\u043e\u0440\u043c\u0430\u0446\u0456\u044e \u043f\u0440\u043e \u0446\u0435 \u043c\u043e\u0436\u043d\u0430 \u043e\u0442\u0440\u0438\u043c\u0430\u0442\u0438 \u0432 \u043d\u0430\u0432\u0447\u0430\u043b\u044c\u043d\u0438\u0445 \u0437\u0430\u043a\u043b\u0430\u0434\u0430\u0445 \u0430\u0431\u043e \u0432 \u043e\u0444\u0456\u0441\u0456.<\/p>\n<p><strong>\u041f\u0440\u0430\u0432\u043e\u0432\u0430 \u043e\u0441\u043d\u043e\u0432\u0430:<\/strong><\/p>\n<ul>\n<li>\u0417\u0430\u043a\u043e\u043d \u0432\u0456\u0434 21.12.2000 \u0440. \u00ab\u041f\u0440\u043e \u0442\u0435\u0445\u043e\u0433\u043b\u044f\u0434\u00bb (\u0417\u0430\u043a\u043e\u043d. \u0436\u0443\u0440\u043d. \u2116 122, \u0441\u0442. 1321 \u0456\u0437 \u0437\u043c\u0456\u043d\u0430\u043c\u0438)<\/li>\n<li>\u0420\u043e\u0437\u043f\u043e\u0440\u044f\u0434\u0436\u0435\u043d\u043d\u044f \u041c\u0456\u043d\u0456\u0441\u0442\u0440\u0430 \u0435\u043a\u043e\u043d\u043e\u043c\u0456\u043a\u0438 \u043f\u0440\u043e \u043f\u043e\u0440\u044f\u0434\u043e\u043a \u043f\u0435\u0440\u0435\u0432\u0456\u0440\u043a\u0438 \u043a\u0432\u0430\u043b\u0456\u0444\u0456\u043a\u0430\u0446\u0456\u0457, \u043d\u0435\u043e\u0431\u0445\u0456\u0434\u043d\u043e\u0457 \u0434\u043b\u044f \u0435\u043a\u0441\u043f\u043b\u0443\u0430\u0442\u0430\u0446\u0456\u0457 \u0442\u0430 \u0442\u0435\u0445\u043d\u0456\u0447\u043d\u043e\u0433\u043e \u043e\u0431\u0441\u043b\u0443\u0433\u043e\u0432\u0443\u0432\u0430\u043d\u043d\u044f \u0442\u0435\u0445\u043d\u0456\u0447\u043d\u0438\u0445 \u043f\u0440\u0438\u0441\u0442\u0440\u043e\u0457\u0432 \u0432\u0456\u0434 18 \u043b\u0438\u043f\u043d\u044f 2001 \u0440. (\u0417\u0430\u043a\u043e\u043d. \u0432\u0456\u0441\u043d\u0438\u043a \u2116 79, \u043f. 849), \u0432\u043d\u0435\u0441\u0435\u043d\u0456 \u0437\u043c\u0456\u043d\u0438 \u0434\u043e \u043f\u043e\u0441\u0442\u0430\u043d\u043e\u0432\u0438 \u0432\u0456\u0434 20 \u043b\u044e\u0442\u043e\u0433\u043e 2003 \u0440. (\u0417\u0430\u043a. 50, \u043f. 426), \u0432\u0438\u0434\u0430\u043d\u043e\u0433\u043e \u043d\u0430 \u043f\u0456\u0434\u0441\u0442\u0430\u0432\u0456 \u0441\u0442. 23 \u0441\u0435\u043a. 5 \u0430\u043a\u0442\u0430 \u043f\u0440\u043e \u0442\u0435\u0445\u043d\u0456\u0447\u043d\u0438\u0439 \u043e\u0433\u043b\u044f\u0434.<\/li>\n<\/ul>\n<p>\u0423\u0441\u0456 \u0431\u0430\u0436\u0430\u044e\u0447\u0456 \u043e\u0442\u0440\u0438\u043c\u0430\u0442\u0438 \u043b\u0456\u0446\u0435\u043d\u0437\u0456\u044e UDT <a href=\"https:\/\/szkolenia-udt.pl\/ua\/kontakt\/\">\u0449\u0438\u0440\u043e \u0437\u0430\u043f\u0440\u043e\u0448\u0443\u0454\u043c\u043e<\/a> \u0434\u043e \u043d\u0430\u0448\u043e\u0433\u043e \u0426\u0435\u043d\u0442\u0440\u0443 \u043f\u0456\u0434\u0433\u043e\u0442\u043e\u0432\u043a\u0438 \u043e\u043f\u0435\u0440\u0430\u0442\u043e\u0440\u0456\u0432. \u041c\u0438 \u0441\u043f\u0456\u0432\u043f\u0440\u0430\u0446\u044e\u0454\u043c\u043e \u0437 \u0423\u043f\u0440\u0430\u0432\u043b\u0456\u043d\u043d\u044f\u043c, \u0437\u0430\u0431\u0435\u0437\u043f\u0435\u0447\u0443\u044e\u0447\u0438 \u043d\u0430\u0432\u0447\u0430\u043d\u043d\u044f \u043e\u043f\u0435\u0440\u0430\u0442\u043e\u0440\u0456\u0432 \u043e\u0431\u043b\u0430\u0434\u043d\u0430\u043d\u043d\u044f. \u0417\u0430\u0432\u0434\u044f\u043a\u0438 \u043d\u0430\u043c \u0432\u0438 \u043c\u043e\u0436\u0435\u0442\u0435 \u043e\u0442\u0440\u0438\u043c\u0430\u0442\u0438 \u043a\u0432\u0430\u043b\u0456\u0444\u0456\u043a\u0430\u0446\u0456\u044e, \u0437\u043e\u043a\u0440\u0435\u043c\u0430, \u0434\u043b\u044f \u043f\u043e\u0432\u0456\u0442\u0440\u044f\u043d\u0438\u0445 \u0440\u043e\u0431\u043e\u0447\u0438\u0445 \u043f\u043b\u0430\u0442\u0444\u043e\u0440\u043c, \u043d\u043e\u0436\u0438\u0447\u043d\u0438\u0445 \u043f\u0456\u0434\u0439\u043e\u043c\u043d\u0438\u043a\u0456\u0432 \u0456 \u043a\u0440\u0430\u043d\u0456\u0432, <a href=\"https:\/\/szkolenia-udt.pl\/ua\/kursy\/wozki-widlowe\/\">\u043b\u0456\u0446\u0435\u043d\u0437\u0456\u044f \u043d\u0430 \u043d\u0430\u0432\u0430\u043d\u0442\u0430\u0436\u0443\u0432\u0430\u0447<\/a>, \u043a\u0440\u0430\u043d\u0438. \u041c\u0438 \u043f\u0440\u043e\u0432\u043e\u0434\u0438\u043c\u043e \u0437\u0430\u043d\u044f\u0442\u0442\u044f \u0432 \u0442\u0430\u043a\u0438\u0445 \u043c\u0456\u0441\u0442\u0430\u0445, \u044f\u043a \u0412\u0430\u0440\u0448\u0430\u0432\u0430, \u041a\u0440\u0430\u043a\u0456\u0432, \u041a\u0430\u0442\u043e\u0432\u0456\u0446\u0435 \u0442\u0430 \u0411\u0435\u043b\u044c\u0441\u044c\u043a\u043e-\u0411\u044f\u043b\u0430, \u0434\u0435 \u0440\u043e\u0437\u0442\u0430\u0448\u043e\u0432\u0430\u043d\u0456 \u043d\u0430\u0448\u0456 \u0446\u0435\u043d\u0442\u0440\u0438, \u0430\u043b\u0435 \u043c\u0438 \u0442\u0430\u043a\u043e\u0436 \u043c\u043e\u0436\u0435\u043c\u043e \u043f\u0440\u043e\u0432\u043e\u0434\u0438\u0442\u0438 \u0457\u0445 \u0431\u0435\u0437\u043f\u043e\u0441\u0435\u0440\u0435\u0434\u043d\u044c\u043e \u043d\u0430 \u0442\u0435\u0440\u0438\u0442\u043e\u0440\u0456\u0457 \u043a\u043b\u0456\u0454\u043d\u0442\u0430. \u041c\u0438 \u043f\u0440\u043e\u0432\u043e\u0434\u0438\u043c\u043e \u0437\u0430\u043a\u0440\u0438\u0442\u0456 \u043a\u0443\u0440\u0441\u0438 (\u0434\u043b\u044f \u043e\u0440\u0433\u0430\u043d\u0456\u0437\u043e\u0432\u0430\u043d\u0438\u0445 \u0433\u0440\u0443\u043f) \u0442\u0430 \u0432\u0456\u0434\u043a\u0440\u0438\u0442\u0456 \u043a\u0443\u0440\u0441\u0438 (\u0434\u043b\u044f \u0432\u0441\u0456\u0445 \u0431\u0430\u0436\u0430\u044e\u0447\u0438\u0445). \u041c\u0438 \u0433\u0430\u0440\u0430\u043d\u0442\u0443\u0454\u043c\u043e \u043d\u0438\u0437\u044c\u043a\u0456 \u0446\u0456\u043d\u0438!<\/p>\n<p>\u0429\u0438\u0440\u043e \u0437\u0430\u043f\u0440\u043e\u0448\u0443\u0454\u043c\u043e \u043d\u0430 \u043d\u0430\u0432\u0447\u0430\u043d\u043d\u044f \u0423\u0414\u0422 \u0434\u043e \u043d\u0430\u0448\u043e\u0433\u043e \u0426\u0435\u043d\u0442\u0440\u0443!<\/p>\n<\/div>","protected":false},"excerpt":{"rendered":"<p>Z nami zdob\u0119dziesz Uprawnienia UDT &#8211; Warszawa i ca\u0142a Polska Urz\u0105d Dozoru Technicznego (UDT) to pa\u0144stwowa instytucja z siedzib\u0105 w Warszawie, kt\u00f3rej celem jest kontrola bezpiecze\u0144stwa instalacji i urz\u0105dze\u0144 technicznych podlegaj\u0105cych dozorowi technicznemu. Jest jednostk\u0105 prowadz\u0105c\u0105 dzia\u0142alno\u015b\u0107 szkoleniow\u0105, certyfikacyjn\u0105, posiadaj\u0105c\u0105 w\u0142asne zaplecze badawczo-ekspertyzowe.Zakres dzia\u0142ania Urz\u0119du Dozoru Technicznego: prowadzenie nadzoru i kontroli w zwi\u0105zku z przestrzeganiem [&hellip;]<\/p>\n","protected":false},"author":3,"featured_media":0,"parent":0,"menu_order":3,"comment_status":"closed","ping_status":"closed","template":"","meta":{"footnotes":""},"class_list":["post-37","page","type-page","status-publish","hentry"],"aioseo_notices":[],"_links":{"self":[{"href":"https:\/\/szkolenia-udt.pl\/ua\/wp-json\/wp\/v2\/pages\/37","targetHints":{"allow":["GET"]}}],"collection":[{"href":"https:\/\/szkolenia-udt.pl\/ua\/wp-json\/wp\/v2\/pages"}],"about":[{"href":"https:\/\/szkolenia-udt.pl\/ua\/wp-json\/wp\/v2\/types\/page"}],"author":[{"embeddable":true,"href":"https:\/\/szkolenia-udt.pl\/ua\/wp-json\/wp\/v2\/users\/3"}],"replies":[{"embeddable":true,"href":"https:\/\/szkolenia-udt.pl\/ua\/wp-json\/wp\/v2\/comments?post=37"}],"version-history":[{"count":9,"href":"https:\/\/szkolenia-udt.pl\/ua\/wp-json\/wp\/v2\/pages\/37\/revisions"}],"predecessor-version":[{"id":1667,"href":"https:\/\/szkolenia-udt.pl\/ua\/wp-json\/wp\/v2\/pages\/37\/revisions\/1667"}],"wp:attachment":[{"href":"https:\/\/szkolenia-udt.pl\/ua\/wp-json\/wp\/v2\/media?parent=37"}],"curies":[{"name":"wp","href":"https:\/\/api.w.org\/{rel}","templated":true}]}}