{"id":3719,"date":"2023-03-08T16:32:07","date_gmt":"2023-03-08T15:32:07","guid":{"rendered":"https:\/\/szkolenia-udt.pl\/?page_id=3719"},"modified":"2023-03-09T10:56:01","modified_gmt":"2023-03-09T09:56:01","slug":"%d0%be%d0%b1%d1%81%d0%bb%d1%83%d0%b3%d0%be%d0%b2%d1%83%d0%b2%d0%b0%d0%bd%d0%bd%d1%8f-%d0%ba%d1%80%d0%b0%d0%bd%d0%be%d0%b2%d0%b8%d1%85-%d0%b2%d0%b5%d0%b6-%d1%88%d0%b2%d0%b8%d0%b4%d0%ba%d0%be%d0%b3","status":"publish","type":"page","link":"https:\/\/szkolenia-udt.pl\/ua\/kursy\/uprawnienia-udt-tdt-wdt\/konserwatorow-zurawi-wiezowych-szybkomontujacych-i-szynowych\/","title":{"rendered":"\u041d\u0430\u0432\u0447\u0430\u043d\u043d\u044f UDT \u0437 \u043e\u0431\u0441\u043b\u0443\u0433\u043e\u0432\u0443\u0432\u0430\u043d\u043d\u044f \u0431\u0430\u0448\u0442\u043e\u0432\u0438\u0445, \u0448\u0432\u0438\u0434\u043a\u0456\u0441\u043d\u0438\u0445 \u0442\u0430 \u0440\u0435\u0439\u043a\u043e\u0432\u0438\u0445 \u043a\u0440\u0430\u043d\u0456\u0432"},"content":{"rendered":"\n<h2 class=\"wp-block-heading\">Szkolenia w OSO<\/h2>\n\n\n<div class=\"wp-block-image\">\n<figure class=\"alignright size-large is-resized\"><a href=\"https:\/\/szkolenia-udt.pl\/wp-content\/uploads\/2023\/02\/screen_2x-14-1.jpg\"><img loading=\"lazy\" decoding=\"async\" src=\"https:\/\/szkolenia-udt.pl\/wp-content\/uploads\/2023\/02\/screen_2x-14-1-1024x684.jpg\" alt=\"\u017curaw wie\u017cowy na budowie\" class=\"wp-image-3721\" width=\"512\" height=\"342\" srcset=\"https:\/\/szkolenia-udt.pl\/wp-content\/uploads\/2023\/02\/screen_2x-14-1-1024x684.jpg 1024w, https:\/\/szkolenia-udt.pl\/wp-content\/uploads\/2023\/02\/screen_2x-14-1-300x200.jpg 300w, https:\/\/szkolenia-udt.pl\/wp-content\/uploads\/2023\/02\/screen_2x-14-1-768x513.jpg 768w, https:\/\/szkolenia-udt.pl\/wp-content\/uploads\/2023\/02\/screen_2x-14-1-1536x1025.jpg 1536w, https:\/\/szkolenia-udt.pl\/wp-content\/uploads\/2023\/02\/screen_2x-14-1-18x12.jpg 18w, https:\/\/szkolenia-udt.pl\/wp-content\/uploads\/2023\/02\/screen_2x-14-1.jpg 1600w\" sizes=\"auto, (max-width: 512px) 100vw, 512px\" \/><\/a><\/figure>\n<\/div>\n\n\n<p>Firma OSO przez d\u0142ugoletni\u0105 obecno\u015b\u0107 na rynku opracowa\u0142a szereg szkole\u0144 dla konserwator\u00f3w i operator\u00f3w maszyn z zakresu transportu bliskiego. Kursanci mog\u0105 liczy\u0107 na pe\u0142ne zaanga\u017cowanie naszych wyspecjalizowanych instruktor\u00f3w. Przeprowadzimy Pa\u0144stwa przez kurs konserwatora a\u017c po asyst\u0119 podczas procesu egzaminowania UDT. O naszej wysokiej skuteczno\u015bci \u015bwiadcz\u0105 tysi\u0105ce zadowolonych kursant\u00f3w.&nbsp;<\/p>\n\n\n\n<h2 class=\"wp-block-heading\">Podstawa programowa<\/h2>\n\n\n\n<p>Zaj\u0119cia w naszym o\u015brodku s\u0105 \u015bci\u015ble zdefiniowane normami Urz\u0119du Dozoru Technicznego. Przyk\u0142adamy du\u017c\u0105 wag\u0119 na bezpiecze\u0144stwo pracy przy danym stanowisku lub urz\u0105dzeniu, przy jednoczesnej, maksymalnie efektywnej, pracy. Dzielimy zaj\u0119cia na te o wymiarze teoretycznym \u2013 wyk\u0142adowym i praktycznym \u2013 na placu manewrowym. <\/p>\n\n\n\n<h3 class=\"wp-block-heading\">Zapoznamy Ci\u0119 szerzej z:&nbsp;<\/h3>\n\n\n\n<ul class=\"wp-block-list\">\n<li>budow\u0105 wybranego urz\u0105dzenia,&nbsp;&nbsp;<\/li>\n\n\n\n<li>przeprowadzaniem wymaganych przegl\u0105d\u00f3w i koniecznych napraw,&nbsp;<\/li>\n\n\n\n<li>planem konserwacji maszyny,&nbsp;<\/li>\n\n\n\n<li>poprowadzeniem dokumentacji technicznej \u2013 ksi\u0105\u017cki konserwacji,&nbsp;<\/li>\n\n\n\n<li>obowi\u0105zuj\u0105cymi przepisami prawnymi,&nbsp;<\/li>\n\n\n\n<li>przygotowaniem do dozoru technicznego UTB,&nbsp;<\/li>\n\n\n\n<li>aktualnymi zasadami BHP podczas konserwacji.&nbsp;&nbsp;<\/li>\n<\/ul>\n\n\n<div class=\"wp-block-image\">\n<figure class=\"alignright size-large is-resized\"><a href=\"https:\/\/szkolenia-udt.pl\/wp-content\/uploads\/2023\/02\/screen_2x-15-2.jpg\"><img loading=\"lazy\" decoding=\"async\" src=\"https:\/\/szkolenia-udt.pl\/wp-content\/uploads\/2023\/02\/screen_2x-15-2-1024x1024.jpg\" alt=\"pracownik budowlany podczas pracy w \u017curawiu\" class=\"wp-image-3722\" width=\"462\" height=\"462\" srcset=\"https:\/\/szkolenia-udt.pl\/wp-content\/uploads\/2023\/02\/screen_2x-15-2-1024x1024.jpg 1024w, https:\/\/szkolenia-udt.pl\/wp-content\/uploads\/2023\/02\/screen_2x-15-2-300x300.jpg 300w, https:\/\/szkolenia-udt.pl\/wp-content\/uploads\/2023\/02\/screen_2x-15-2-150x150.jpg 150w, https:\/\/szkolenia-udt.pl\/wp-content\/uploads\/2023\/02\/screen_2x-15-2-768x768.jpg 768w, https:\/\/szkolenia-udt.pl\/wp-content\/uploads\/2023\/02\/screen_2x-15-2-1536x1536.jpg 1536w, https:\/\/szkolenia-udt.pl\/wp-content\/uploads\/2023\/02\/screen_2x-15-2-12x12.jpg 12w, https:\/\/szkolenia-udt.pl\/wp-content\/uploads\/2023\/02\/screen_2x-15-2.jpg 1600w\" sizes=\"auto, (max-width: 462px) 100vw, 462px\" \/><\/a><\/figure>\n<\/div>\n\n\n<h2 class=\"wp-block-heading\">Przebieg egzaminu na konserwatora UTB<\/h2>\n\n\n\n<p>Uczestnik kursu, kt\u00f3ry uko\u0144czy\u0142 szkolenie z pozytywnym wynikiem mo\u017ce podej\u015b\u0107 do pa\u0144stwowego egzaminu UDT. Jest on nadzorowany przez specjalnie wyznaczon\u0105 komisj\u0119 tej instytucji. Proces egzaminowania dzieli si\u0119 na cz\u0119\u015b\u0107 teoretyczn\u0105 i cz\u0119\u015b\u0107 praktyczn\u0105. Po okazaniu za\u015bwiadczenia o uko\u0144czeniu warsztatu, kursant przyst\u0119puje do testu pisemnego. Nast\u0119pnie, podczas egzaminu praktycznego, nale\u017cy wykona\u0107 zadania zlecone przez komisj\u0119. <\/p>\n\n\n\n<p>Pozytywny wynik z obu cz\u0119\u015bci uprawnia do otrzymania legitymacji konserwatora na \u017curawi wie\u017cowych. Czas oczekiwania na dokument wynosi oko\u0142o miesi\u0105ca. Uprawnienia konserwator\u00f3w d\u017awig\u00f3w wa\u017cne s\u0105 przez 5 lat od daty wydania. Kwalifikacje nale\u017cy odnawia\u0107 na 3 miesi\u0105ce przed dat\u0105 wyga\u015bni\u0119cia dokumentu.&nbsp;<\/p>\n\n\n\n<h2 class=\"wp-block-heading\">Praca konserwatora UDT \u2013&nbsp;\u017curawi wie\u017cowych i szybkomontuj\u0105cych oraz szynowych<\/h2>\n\n\n\n<p>Praca konserwatora \u017curawi r\u00f3\u017cnego rodzaju b\u0105d\u017a innych maszyn transportu bliskiego polega g\u0142\u00f3wnie na zwalczaniu problem\u00f3w i usterek w maszynie. Dodatkowo, konserwatorzy prowadz\u0105 dokumentacj\u0119 maszyny i s\u0105 odpowiednio wykwalifikowani, by przeprowadza\u0107 przegl\u0105dy techniczne. Pozwala to na wyeliminowanie niebezpiecznych dla \u017cycia lub zdrowia sytuacji podczas pracy na stanowisku operatora maszyny. Sprawno\u015b\u0107 manualna b\u0119dzie w tym przypadku przydatn\u0105 umiej\u0119tno\u015bci\u0105 ze wzgl\u0119du na u\u017cywanie narz\u0119dzi i r\u0105k podczas inspekcji. Konserwator powinien by\u0107 skupiony i drobiazgowy.&nbsp;&nbsp;<\/p>\n\n\n\n<h2 class=\"wp-block-heading\">Zarobki konserwator\u00f3w \u017curawi&nbsp;<\/h2>\n\n\n\n<p>Praca ta nie zalicza si\u0119 do naj\u0142atwiejszych, ale za to mo\u017ce by\u0107 rekompensowana atrakcyjnymi zarobkami. Jest do dobry wyb\u00f3r dla os\u00f3b chc\u0105cych si\u0119 przebran\u017cowi\u0107 dla wy\u017cszego wynagrodzenia. Zaw\u00f3d konserwatora gwarantuje bezpieczne zatrudnienie i popyt na specjalist\u00f3w w rozwijaj\u0105cej si\u0119 bran\u017cy mechaniki czy budownictwa zar\u00f3wno w Polsce, jak i za granic\u0105.&nbsp;&nbsp;<\/p>\n\n\n<div class=\"wp-block-image\">\n<figure class=\"alignright size-large is-resized\"><a href=\"https:\/\/szkolenia-udt.pl\/wp-content\/uploads\/2023\/02\/canva-red-crane-near-brown-concrete-building-MAElwlDAyWo.jpg\"><img loading=\"lazy\" decoding=\"async\" src=\"https:\/\/szkolenia-udt.pl\/wp-content\/uploads\/2023\/02\/canva-red-crane-near-brown-concrete-building-MAElwlDAyWo-789x1024.jpg\" alt=\"d\u017awig budowlany przy bloku mieszkalnym\" class=\"wp-image-3723\" width=\"320\" height=\"414\" srcset=\"https:\/\/szkolenia-udt.pl\/wp-content\/uploads\/2023\/02\/canva-red-crane-near-brown-concrete-building-MAElwlDAyWo-789x1024.jpg 789w, https:\/\/szkolenia-udt.pl\/wp-content\/uploads\/2023\/02\/canva-red-crane-near-brown-concrete-building-MAElwlDAyWo-231x300.jpg 231w, https:\/\/szkolenia-udt.pl\/wp-content\/uploads\/2023\/02\/canva-red-crane-near-brown-concrete-building-MAElwlDAyWo-768x997.jpg 768w, https:\/\/szkolenia-udt.pl\/wp-content\/uploads\/2023\/02\/canva-red-crane-near-brown-concrete-building-MAElwlDAyWo-1184x1536.jpg 1184w, https:\/\/szkolenia-udt.pl\/wp-content\/uploads\/2023\/02\/canva-red-crane-near-brown-concrete-building-MAElwlDAyWo-9x12.jpg 9w, https:\/\/szkolenia-udt.pl\/wp-content\/uploads\/2023\/02\/canva-red-crane-near-brown-concrete-building-MAElwlDAyWo.jpg 1233w\" sizes=\"auto, (max-width: 320px) 100vw, 320px\" \/><\/a><\/figure>\n<\/div>\n\n\n<h2 class=\"wp-block-heading\">Miejsce szkolenia&nbsp;<\/h2>\n\n\n\n<p>Dostosowuj\u0105c si\u0119 do potrzeb dzisiejszego klienta, oferujemy szkolenia w Warszawie, jak i na terenie ca\u0142ego kraju. Oferujemy tak\u017ce dojazd do klienta i organizacj\u0119 szkole\u0144 w trybie zamkni\u0119tym. Posiadamy wymagane wyposa\u017cenie, by m\u00f3c realizowa\u0107 kursy na terenie ca\u0142ej Polski. <\/p>\n\n\n\n<h2 class=\"wp-block-heading\">Uwarunkowania dla kursant\u00f3w&nbsp;<\/h2>\n\n\n\n<p>Od kursant\u00f3w wymaga si\u0119:&nbsp;<\/p>\n\n\n\n<ul class=\"wp-block-list\">\n<li>uko\u0144czenia 18. roku \u017cycia,&nbsp;<\/li>\n\n\n\n<li>podstawowego wykszta\u0142cenia,&nbsp;<\/li>\n\n\n\n<li>braku przeciwwskaza\u0144 lekarskich,&nbsp;&nbsp;<\/li>\n\n\n\n<li>aktualne badania wysoko\u015bciowe.&nbsp;<\/li>\n<\/ul>\n\n\n\n<h2 class=\"wp-block-heading\">Dodatkowe kursy w OSO&nbsp;<\/h2>\n\n\n\n<p>Opracowali\u015bmy szereg innych kurs\u00f3w, kt\u00f3re mog\u0105 Ci\u0119 zainteresowa\u0107:&nbsp;<\/p>\n\n\n\n<div class=\"wp-block-columns is-layout-flex wp-container-core-columns-is-layout-9d6595d7 wp-block-columns-is-layout-flex\">\n<div class=\"wp-block-column is-layout-flow wp-block-column-is-layout-flow\" style=\"flex-basis:50%\">\n<ul class=\"wp-block-list\">\n<li>uprawnienia UDT\/TDT\/WDT,<\/li>\n\n\n\n<li>obs\u0142uga urz\u0105dze\u0144 ci\u015bnieniowych,<\/li>\n\n\n\n<li>UNO \u2013 wykorzystanie, zagro\u017cenia i <a href=\"https:\/\/szkolenia-udt.pl\/ua\/kursy\/uprawnienia-udt-tdt-wdt\/tdt-uprawniania\/\">uprawnienia TDT<\/a>,<\/li>\n\n\n\n<li><a href=\"https:\/\/szkolenia-udt.pl\/ua\/kursy\/uprawnienia-udt-tdt-wdt\/konserwator-urzadzen\/\">konserwator Urz\u0105dze\u0144<\/a> Transportu Bliskiego,<\/li>\n\n\n\n<li>konserwator urz\u0105dze\u0144 dla os\u00f3b niepe\u0142nosprawnych,<\/li>\n\n\n\n<li>operator maszyn budowlanych,<\/li>\n\n\n\n<li>operatora w\u00f3zk\u00f3w wid\u0142owych,<\/li>\n\n\n\n<li>operator podest\u00f3w ruchomych,<\/li>\n\n\n\n<li>operator podest\u00f3w ruchomych masztowych,<\/li>\n\n\n\n<li>operator podest\u00f3w ruchomych wisz\u0105cych,<\/li>\n\n\n\n<li>operator \u017curawi HDS,<\/li>\n<\/ul>\n<\/div>\n\n\n\n<div class=\"wp-block-column is-layout-flow wp-block-column-is-layout-flow\" style=\"flex-basis:50%\">\n<ul class=\"wp-block-list\">\n<li>operator podest\u00f3w ruchomych typu \u201cpaj\u0105k\u201d,<\/li>\n\n\n\n<li>monta\u017cysta po\u0142\u0105cze\u0144 ko\u0142nierzowych,<\/li>\n\n\n\n<li>operator podno\u015bnik\u00f3w no\u017cycowych wolnobie\u017cnych,<\/li>\n\n\n\n<li>operator podno\u015bnik\u00f3w koszowych,<\/li>\n\n\n\n<li><a href=\"https:\/\/szkolenia-udt.pl\/ua\/kursy\/uprawnienia-udt-tdt-wdt\/scissor-lift-boom-lift-training\/\">scissor lift<\/a> and boom lift training,<\/li>\n\n\n\n<li><a href=\"https:\/\/szkolenia-udt.pl\/ua\/kursy\/uprawnienia-udt-tdt-wdt\/udt-dla-konserwatorow\/\">konserwator urz\u0105dze\u0144 UDT<\/a>,<\/li>\n\n\n\n<li>konserwator podno\u015bnik\u00f3w koszowych,<\/li>\n\n\n\n<li>operator \u0142adowarek teleskopowych,<\/li>\n\n\n\n<li>operator wyci\u0105g\u00f3w towarowych,<\/li>\n\n\n\n<li>operator suwnic,<\/li>\n\n\n\n<li>obs\u0142uga i konserwacja urz\u0105dze\u0144 wy\u0142adowczych i za\u0142adowczych.<\/li>\n<\/ul>\n<\/div>\n<\/div>\n\n\n\n<h2 class=\"wp-block-heading\">Pytania i odpowiedzi:<\/h2>\n\n\n\t\t<details\t\thelp class=\"sc_fs_faq sc_card    \"\n\t\topen\t\t>\n\t\t\t\t\t<summary>\n\t\t\t\t<h3>1. Jakie warunki musi spe\u0142ni\u0107 kursant by przyst\u0105pi\u0107 do szkolenia?<\/h3>\t\t\t\t\t<\/summary>\n\t\t\t\t<div>\n\t\t\t\t\t\t<div class=\"sc_fs_faq__content\">\n\t\t\t\t\n\n<p>Kursant musi by\u0107 pe\u0142noletni, nie posiada\u0107 przeciwwskaza\u0144 lekarskich i wysoko\u015bciowych do wykonywania zawodu, oraz powinien mie\u0107 wykszta\u0142cenie, co najmniej podstawowe.<\/p>\n\n\t\t\t<\/div>\n\t\t<\/div>\n\t\t<\/details>\n\t\t\t\t<details\t\thelp class=\"sc_fs_faq sc_card    \"\n\t\t\t\t>\n\t\t\t\t\t<summary>\n\t\t\t\t<h3>2. Czy uprawnienia konserwatora \u017curawi maj\u0105 termin wa\u017cno\u015bci?<\/h3>\t\t\t\t\t<\/summary>\n\t\t\t\t<div>\n\t\t\t\t\t\t<div class=\"sc_fs_faq__content\">\n\t\t\t\t\n\n<p>Tak, uprawnienia konserwatorskie na \u017curawie wynosz\u0105 5 lat od daty ich wystawienia.<\/p>\n\n\t\t\t<\/div>\n\t\t<\/div>\n\t\t<\/details>\n\t\t\n<script type=\"application\/ld+json\">\n\t{\n\t\t\"@context\": \"https:\/\/schema.org\",\n\t\t\"@type\": \"FAQPage\",\n\t\t\"mainEntity\": [\n\t\t\t\t\t{\n\t\t\t\t\"@type\": \"Question\",\n\t\t\t\t\"name\": \"1. Jakie warunki musi spe\u0142ni\u0107 kursant by przyst\u0105pi\u0107 do szkolenia?\",\n\t\t\t\t\"acceptedAnswer\": {\n\t\t\t\t\t\"@type\": \"Answer\",\n\t\t\t\t\t\"text\": \"<p>Kursant musi by\u0107 pe\u0142noletni, nie posiada\u0107 przeciwwskaza\u0144 lekarskich i wysoko\u015bciowych do wykonywania zawodu, oraz powinien mie\u0107 wykszta\u0142cenie, co najmniej podstawowe.<\/p>\"\n\t\t\t\t\t\t\t\t\t}\n\t\t\t}\n\t\t\t,\t\t\t\t{\n\t\t\t\t\"@type\": \"Question\",\n\t\t\t\t\"name\": \"2. Czy uprawnienia konserwatora \u017curawi maj\u0105 termin wa\u017cno\u015bci?\",\n\t\t\t\t\"acceptedAnswer\": {\n\t\t\t\t\t\"@type\": \"Answer\",\n\t\t\t\t\t\"text\": \"<p>Tak, uprawnienia konserwatorskie na \u017curawie wynosz\u0105 5 lat od daty ich wystawienia.<\/p>\"\n\t\t\t\t\t\t\t\t\t}\n\t\t\t}\n\t\t\t\t\t\t]\n\t}\n<\/script>\n","protected":false},"excerpt":{"rendered":"<p>Szkolenia w OSO Firma OSO przez d\u0142ugoletni\u0105 obecno\u015b\u0107 na rynku opracowa\u0142a szereg szkole\u0144 dla konserwator\u00f3w i operator\u00f3w maszyn z zakresu transportu bliskiego. Kursanci mog\u0105 liczy\u0107 na pe\u0142ne zaanga\u017cowanie naszych wyspecjalizowanych instruktor\u00f3w. Przeprowadzimy Pa\u0144stwa przez kurs konserwatora a\u017c po asyst\u0119 podczas procesu egzaminowania UDT. O naszej wysokiej skuteczno\u015bci \u015bwiadcz\u0105 tysi\u0105ce zadowolonych kursant\u00f3w.&nbsp; Podstawa programowa Zaj\u0119cia w [&hellip;]<\/p>\n","protected":false},"author":10,"featured_media":3720,"parent":2266,"menu_order":0,"comment_status":"closed","ping_status":"closed","template":"","meta":{"footnotes":""},"class_list":["post-3719","page","type-page","status-publish","has-post-thumbnail","hentry"],"aioseo_notices":[],"_links":{"self":[{"href":"https:\/\/szkolenia-udt.pl\/ua\/wp-json\/wp\/v2\/pages\/3719","targetHints":{"allow":["GET"]}}],"collection":[{"href":"https:\/\/szkolenia-udt.pl\/ua\/wp-json\/wp\/v2\/pages"}],"about":[{"href":"https:\/\/szkolenia-udt.pl\/ua\/wp-json\/wp\/v2\/types\/page"}],"author":[{"embeddable":true,"href":"https:\/\/szkolenia-udt.pl\/ua\/wp-json\/wp\/v2\/users\/10"}],"replies":[{"embeddable":true,"href":"https:\/\/szkolenia-udt.pl\/ua\/wp-json\/wp\/v2\/comments?post=3719"}],"version-history":[{"count":18,"href":"https:\/\/szkolenia-udt.pl\/ua\/wp-json\/wp\/v2\/pages\/3719\/revisions"}],"predecessor-version":[{"id":4285,"href":"https:\/\/szkolenia-udt.pl\/ua\/wp-json\/wp\/v2\/pages\/3719\/revisions\/4285"}],"up":[{"embeddable":true,"href":"https:\/\/szkolenia-udt.pl\/ua\/wp-json\/wp\/v2\/pages\/2266"}],"wp:featuredmedia":[{"embeddable":true,"href":"https:\/\/szkolenia-udt.pl\/ua\/wp-json\/wp\/v2\/media\/3720"}],"wp:attachment":[{"href":"https:\/\/szkolenia-udt.pl\/ua\/wp-json\/wp\/v2\/media?parent=3719"}],"curies":[{"name":"wp","href":"https:\/\/api.w.org\/{rel}","templated":true}]}}