{"id":3734,"date":"2023-03-06T19:16:29","date_gmt":"2023-03-06T18:16:29","guid":{"rendered":"https:\/\/szkolenia-udt.pl\/?page_id=3734"},"modified":"2023-03-08T01:47:15","modified_gmt":"2023-03-08T00:47:15","slug":"%d0%be%d0%bf%d0%b5%d1%80%d0%b0%d1%82%d0%be%d1%80-%d1%82%d0%b0-%d1%83%d1%82%d1%80%d0%b8%d0%bc%d1%83%d0%b2%d0%b0%d1%87-%d1%81%d1%82%d0%b0%d1%86%d1%96%d0%be%d0%bd%d0%b0%d1%80%d0%bd%d0%b8%d1%85-%d0%b2","status":"publish","type":"page","link":"https:\/\/szkolenia-udt.pl\/ua\/kursy\/uprawnienia-udt-tdt-wdt\/operatora-i-konserwatora-zurawi-stacjonarnych\/","title":{"rendered":"\u041a\u0443\u0440\u0441\u0438 \u043f\u0456\u0434\u0433\u043e\u0442\u043e\u0432\u043a\u0438 \u043e\u043f\u0435\u0440\u0430\u0442\u043e\u0440\u0456\u0432 \u0441\u0442\u0430\u0446\u0456\u043e\u043d\u0430\u0440\u043d\u0438\u0445 \u043a\u0440\u0430\u043d\u0456\u0432 \u0442\u0430 \u0457\u0445 \u0442\u0435\u0445\u043d\u0456\u0447\u043d\u043e\u0433\u043e \u043e\u0431\u0441\u043b\u0443\u0433\u043e\u0432\u0443\u0432\u0430\u043d\u043d\u044f\u00a0"},"content":{"rendered":"\n<h2 class=\"wp-block-heading\">Zosta\u0144 naszym kursantem!<\/h2>\n\n\n\n<p>Na rynku szkoleniowym dzia\u0142amy ju\u017c ponad 15 lat. Odznaczamy si\u0119 do\u015bwiadczeniem, profesjonalizmem i indywidualnym podej\u015bciem do ka\u017cdego klienta. Dbaj\u0105c o w\u0142asny rozw\u00f3j poszerzamy swoj\u0105 ofert\u0119 o coraz to nowsze us\u0142ugi. W\u015br\u00f3d nich s\u0105:&nbsp;<\/p>\n\n\n<div class=\"wp-block-image\">\n<figure class=\"alignright size-full is-resized\"><a href=\"https:\/\/szkolenia-udt.pl\/wp-content\/uploads\/2023\/02\/266-freestanding-tie-rod-jib.jpg\"><img loading=\"lazy\" decoding=\"async\" src=\"https:\/\/szkolenia-udt.pl\/wp-content\/uploads\/2023\/02\/266-freestanding-tie-rod-jib.jpg\" alt=\"\u017buraw stacjonarny na stanowisku pracy\" class=\"wp-image-3735\" width=\"450\" height=\"245\" srcset=\"https:\/\/szkolenia-udt.pl\/wp-content\/uploads\/2023\/02\/266-freestanding-tie-rod-jib.jpg 900w, https:\/\/szkolenia-udt.pl\/wp-content\/uploads\/2023\/02\/266-freestanding-tie-rod-jib-300x163.jpg 300w, https:\/\/szkolenia-udt.pl\/wp-content\/uploads\/2023\/02\/266-freestanding-tie-rod-jib-768x418.jpg 768w, https:\/\/szkolenia-udt.pl\/wp-content\/uploads\/2023\/02\/266-freestanding-tie-rod-jib-18x10.jpg 18w\" sizes=\"auto, (max-width: 450px) 100vw, 450px\" \/><\/a><\/figure>\n<\/div>\n\n\n<ul class=\"wp-block-list\">\n<li>Szkolenia na operator\u00f3w urz\u0105dze\u0144 (m.in. \u017curawi stacjonarnych, HDS, wie\u017cowych, samojezdnych, kolejowych czy pok\u0142adowych; podest\u00f3w ruchomych, w\u00f3zk\u00f3w wid\u0142owych, kolei linowych i innych),&nbsp;<\/li>\n\n\n\n<li>szkolenia na konserwator\u00f3w urz\u0105dze\u0144,&nbsp;<\/li>\n\n\n\n<li>serwis, naprawa i modernizacja maszyn,&nbsp;<\/li>\n\n\n\n<li>audyt,&nbsp;<\/li>\n\n\n\n<li>doradztwo.&nbsp; &nbsp;<\/li>\n<\/ul>\n\n\n\n<h2 class=\"wp-block-heading\">Oferujemy dojazd do klienta!&nbsp;<\/h2>\n\n\n\n<p>Firmy oraz grupy zapraszamy do kontaktu indywidualnego. Ustalimy termin i miejsce dostosowane do preferencji klienta.&nbsp;&nbsp;<\/p>\n\n\n\n<p>Zapraszamy na szkolenia otwarte organizowane g\u0142\u00f3wnie w naszej siedzibie w Warszawie lub w ka\u017cdym dowolnym miejscu wybranym przez klienta.<\/p>\n\n\n\n<h2 class=\"wp-block-heading\">Kursy w naszym o\u015brodku szkoleniowym \u2013 operator lub konserwator \u017curawi stacjonarnych<\/h2>\n\n\n\n<p>Zapraszamy na szkolenia na operatora lub konserwatora na uprawnienia UDT. Zgodny z regulacjami prawnymi program szkoleniowy obejmuje zagadnienia dostosowane do niniejszych stanowisk.&nbsp;<\/p>\n\n\n\n<p><a href=\"https:\/\/szkolenia-udt.pl\/ua\/kursy\/\">Nasze szkolenia<\/a> podzielili\u015bmy na dwie cz\u0119\u015bci \u2013 teoretyczn\u0105 oraz praktyczn\u0105. <\/p>\n\n\n\n<h3 class=\"wp-block-heading\">Program kursu na operatora \u017curawia stacjonarnego zawiera:&nbsp;<\/h3>\n\n\n<div class=\"wp-block-image\">\n<figure class=\"alignright size-large is-resized\"><a href=\"https:\/\/szkolenia-udt.pl\/wp-content\/uploads\/2023\/02\/Base-Mounted-Pillar-Jib-Cranes-2-Ton-Capacity-Abell-Howe.jpg\"><img loading=\"lazy\" decoding=\"async\" src=\"https:\/\/szkolenia-udt.pl\/wp-content\/uploads\/2023\/02\/Base-Mounted-Pillar-Jib-Cranes-2-Ton-Capacity-Abell-Howe-1024x576.jpg\" alt=\"\u017buraw wspornikowy przymocowany do \u015bciany\" class=\"wp-image-3736\" width=\"512\" height=\"288\" srcset=\"https:\/\/szkolenia-udt.pl\/wp-content\/uploads\/2023\/02\/Base-Mounted-Pillar-Jib-Cranes-2-Ton-Capacity-Abell-Howe-1024x576.jpg 1024w, https:\/\/szkolenia-udt.pl\/wp-content\/uploads\/2023\/02\/Base-Mounted-Pillar-Jib-Cranes-2-Ton-Capacity-Abell-Howe-300x169.jpg 300w, https:\/\/szkolenia-udt.pl\/wp-content\/uploads\/2023\/02\/Base-Mounted-Pillar-Jib-Cranes-2-Ton-Capacity-Abell-Howe-768x432.jpg 768w, https:\/\/szkolenia-udt.pl\/wp-content\/uploads\/2023\/02\/Base-Mounted-Pillar-Jib-Cranes-2-Ton-Capacity-Abell-Howe-18x10.jpg 18w, https:\/\/szkolenia-udt.pl\/wp-content\/uploads\/2023\/02\/Base-Mounted-Pillar-Jib-Cranes-2-Ton-Capacity-Abell-Howe.jpg 1440w\" sizes=\"auto, (max-width: 512px) 100vw, 512px\" \/><\/a><\/figure>\n<\/div>\n\n\n<ul class=\"wp-block-list\">\n<li>BHP i regulacje prawne,&nbsp;<\/li>\n\n\n\n<li>budow\u0119 maszyn,&nbsp;<\/li>\n\n\n\n<li>rodzaje maszyn,&nbsp;<\/li>\n\n\n\n<li>zastosowanie \u017curawi stacjonarnych,&nbsp;<\/li>\n\n\n\n<li>specyfik\u0119 pracy operatora \u2013&nbsp; obowi\u0105zki przed, w trakcie oraz po pracy,&nbsp;<\/li>\n\n\n\n<li>prawid\u0142owe eksploatowanie \u017curawiami,&nbsp;<\/li>\n\n\n\n<li>wymogi UDT,&nbsp;<\/li>\n\n\n\n<li>przygotowanie praktyczne.&nbsp;<\/li>\n<\/ul>\n\n\n\n<h3 class=\"wp-block-heading\">Program szkoleniowy na konserwatora UDT rozbudowany jest o zagadnienia takie jak:&nbsp;<\/h3>\n\n\n\n<ul class=\"wp-block-list\">\n<li>przebieg przegl\u0105du technicznego \u2013 zezwalaj\u0105cy na wprowadzenie urz\u0105dzenia na rynek oraz badania okresowe,&nbsp;<\/li>\n\n\n\n<li>zasady post\u0119powania w przypadku awarii,&nbsp;<\/li>\n\n\n\n<li>wymiana cz\u0119\u015bci, p\u0142yn\u00f3w i olej\u00f3w,&nbsp;<\/li>\n\n\n\n<li>konserwacja i modernizacja urz\u0105dze\u0144,&nbsp;<\/li>\n\n\n\n<li>uzupe\u0142nienie dokumentacji technicznej urz\u0105dzenia,&nbsp;<\/li>\n\n\n\n<li>przygotowanie praktyczne.&nbsp;<\/li>\n<\/ul>\n\n\n\n<h2 class=\"wp-block-heading\">Uczestnik kursu otrzymuje od nas:&nbsp;<\/h2>\n\n\n\n<ul class=\"wp-block-list\">\n<li>materia\u0142y do nauki \u2013 filmy instrukta\u017cowe i testy pr\u00f3bne,&nbsp;<\/li>\n\n\n\n<li>wsparcie w zapisie na egzamin pa\u0144stwowy,&nbsp;<\/li>\n\n\n\n<li>opiek\u0119 profesjonalnych szkoleniowc\u00f3w oraz wieloletnich operator\u00f3w i konserwator\u00f3w \u017curawi stacjonarnych,&nbsp;<\/li>\n\n\n\n<li>przygotowanie do pracy na urz\u0105dzeniach najpopularniejszych marek, np.: Carl Stahl, CONSTECH, Demag, FUD, Lift \u2013 Technika BIS, Mipromet, Przedsi\u0119biorstwo HAK Sp. z o.o., PS Lift, ZBUD, VETTER KRANTECHNIK, Schmalz.&nbsp;<\/li>\n<\/ul>\n\n\n<div class=\"wp-block-image\">\n<figure class=\"alignright size-large is-resized\"><a href=\"https:\/\/szkolenia-udt.pl\/wp-content\/uploads\/2023\/02\/37_2_id_406_1600_1200_13567_id_918_1600_1200_13567.jpg\"><img loading=\"lazy\" decoding=\"async\" src=\"https:\/\/szkolenia-udt.pl\/wp-content\/uploads\/2023\/02\/37_2_id_406_1600_1200_13567_id_918_1600_1200_13567-1024x669.jpg\" alt=\"Operowanie \u017curawiem s\u0142upowym\" class=\"wp-image-3737\" width=\"512\" height=\"335\" srcset=\"https:\/\/szkolenia-udt.pl\/wp-content\/uploads\/2023\/02\/37_2_id_406_1600_1200_13567_id_918_1600_1200_13567-1024x669.jpg 1024w, https:\/\/szkolenia-udt.pl\/wp-content\/uploads\/2023\/02\/37_2_id_406_1600_1200_13567_id_918_1600_1200_13567-300x196.jpg 300w, https:\/\/szkolenia-udt.pl\/wp-content\/uploads\/2023\/02\/37_2_id_406_1600_1200_13567_id_918_1600_1200_13567-768x502.jpg 768w, https:\/\/szkolenia-udt.pl\/wp-content\/uploads\/2023\/02\/37_2_id_406_1600_1200_13567_id_918_1600_1200_13567-18x12.jpg 18w, https:\/\/szkolenia-udt.pl\/wp-content\/uploads\/2023\/02\/37_2_id_406_1600_1200_13567_id_918_1600_1200_13567.jpg 1280w\" sizes=\"auto, (max-width: 512px) 100vw, 512px\" \/><\/a><\/figure>\n<\/div>\n\n\n<h2 class=\"wp-block-heading\">Od kandydat\u00f3w na kursy oczekujemy:&nbsp;<\/h2>\n\n\n\n<ul class=\"wp-block-list\">\n<li>pe\u0142noletno\u015bci,&nbsp;<\/li>\n\n\n\n<li>minimum podstawowego wykszta\u0142cenia,&nbsp;<\/li>\n\n\n\n<li>braku przeciwwskaza\u0144 zdrowotnych do zawodu operatora lub konserwatora urz\u0105dze\u0144.&nbsp;<\/li>\n<\/ul>\n\n\n\n<h2 class=\"wp-block-heading\">\u017burawie stacjonarne:<\/h2>\n\n\n\n<p>\u017burawie stacjonarne zwane s\u0105 tak\u017ce \u017curawiami sta\u0142ymi lub wspornikowymi. To d\u017awignice lekkie, zbudowane z obracaj\u0105cego si\u0119 wysi\u0119gnika, b\u0119d\u0105cym torem dla wci\u0105gnika podnosz\u0105cego \u0142adunek. Wysi\u0119gnik zamontowany jest cz\u0119sto na s\u0142upie przymocowanym do pod\u0142o\u017ca (w przypadku \u017curawi s\u0142upowych) b\u0105d\u017a do \u015bciany lub maszyny (\u017curaw przy\u015bcienny).&nbsp;\u017burawie stacjonarne mog\u0105 by\u0107 sterowane zdalnie lub przy pomocy kasety sterowniczej.&nbsp;<\/p>\n\n\n\n<h3 class=\"wp-block-heading\">\u017burawie stacjonarne dzielimy m.in. ze wzgl\u0119du na rodzaj podno\u015bnika, s\u0105 to:&nbsp;<\/h3>\n\n\n\n<ul class=\"wp-block-list\">\n<li>\u017curawie z wci\u0105gnikiem \u0142a\u0144cuchowym elektrycznym,&nbsp;<\/li>\n\n\n\n<li>\u017curawie z wci\u0105gnikiem pneumatycznym,&nbsp;<\/li>\n\n\n\n<li>\u017curawie z wci\u0105gnikiem linowym elektrycznym.&nbsp;&nbsp;<\/li>\n<\/ul>\n\n\n\n<h3 class=\"wp-block-heading\">Ze wzgl\u0119du na rodzaj mechanizmu obrotu ramienia \u017curawie stacjonarne dzielimy na te z nap\u0119dem:&nbsp;<\/h3>\n\n\n\n<ul class=\"wp-block-list\">\n<li>elektrycznym dwubiegunowym,&nbsp;<\/li>\n\n\n\n<li>elektrycznym bezstopniowym,&nbsp;<\/li>\n\n\n\n<li>r\u0119cznym.&nbsp;<\/li>\n<\/ul>\n\n\n\n<h3 class=\"wp-block-heading\">Ze wzgl\u0119du na rodzaj wysi\u0119gnika \u017curawie dzielimy na:&nbsp;<\/h3>\n\n\n\n<ul class=\"wp-block-list\">\n<li>\u017curawie z jednym wysi\u0119gnikiem,&nbsp;<\/li>\n\n\n\n<li>\u017curawie z dwoma wysi\u0119gnikami:&nbsp;&nbsp;\n<ul class=\"wp-block-list\">\n<li>na przeciw siebie,&nbsp;<\/li>\n\n\n\n<li>jeden nad drugim,&nbsp;<\/li>\n\n\n\n<li>naprzeciw i jeden nad drugim.&nbsp;<\/li>\n<\/ul>\n<\/li>\n<\/ul>\n\n\n\n<h3 class=\"wp-block-heading\">Ze wzgl\u0119du na rodzaj monta\u017cu do pod\u0142o\u017ca \u017curawie stacjonarne dzielimy na:&nbsp;<\/h3>\n\n\n\n<ul class=\"wp-block-list\">\n<li>s\u0142upowe przymocowane do pod\u0142o\u017ca:&nbsp;\n<ul class=\"wp-block-list\">\n<li>przy pomocy stopy fundamentowej,&nbsp;<\/li>\n\n\n\n<li>przy pomocy p\u0142yty po\u015bredniej,&nbsp;<\/li>\n<\/ul>\n<\/li>\n<\/ul>\n\n\n\n<ul class=\"wp-block-list\">\n<li>przy\u015bcienne przymocowane do:&nbsp;\n<ul class=\"wp-block-list\">\n<li>\u015bciany,<\/li>\n\n\n\n<li>maszyny,&nbsp;<\/li>\n\n\n\n<li>element\u00f3w konstrukcyjnych,&nbsp;<\/li>\n\n\n\n<li>sufitu.&nbsp;&nbsp;<\/li>\n<\/ul>\n<\/li>\n<\/ul>\n\n\n<div class=\"wp-block-image\">\n<figure class=\"alignright size-large is-resized\"><a href=\"https:\/\/szkolenia-udt.pl\/wp-content\/uploads\/2023\/02\/DEMAG-500-Kg_1.jpg\"><img loading=\"lazy\" decoding=\"async\" src=\"https:\/\/szkolenia-udt.pl\/wp-content\/uploads\/2023\/02\/DEMAG-500-Kg_1-1024x768.jpg\" alt=\"Konserwacja \u017curawia sta\u0142ego mocowanego do maszyny \" class=\"wp-image-3738\" width=\"512\" height=\"384\" srcset=\"https:\/\/szkolenia-udt.pl\/wp-content\/uploads\/2023\/02\/DEMAG-500-Kg_1-1024x768.jpg 1024w, https:\/\/szkolenia-udt.pl\/wp-content\/uploads\/2023\/02\/DEMAG-500-Kg_1-300x225.jpg 300w, https:\/\/szkolenia-udt.pl\/wp-content\/uploads\/2023\/02\/DEMAG-500-Kg_1-768x576.jpg 768w, https:\/\/szkolenia-udt.pl\/wp-content\/uploads\/2023\/02\/DEMAG-500-Kg_1-16x12.jpg 16w, https:\/\/szkolenia-udt.pl\/wp-content\/uploads\/2023\/02\/DEMAG-500-Kg_1-135x100.jpg 135w, https:\/\/szkolenia-udt.pl\/wp-content\/uploads\/2023\/02\/DEMAG-500-Kg_1.jpg 1200w\" sizes=\"auto, (max-width: 512px) 100vw, 512px\" \/><\/a><\/figure>\n<\/div>\n\n\n<h2 class=\"wp-block-heading\">Uprawnienia UDT<\/h2>\n\n\n\n<p>Nasze szkolenia przygotowuj\u0105 kursant\u00f3w pod wzgl\u0119dem technicznym i praktycznym do egzaminu pa\u0144stwowego przed komisj\u0105 UDT. Egzamin sk\u0142ada si\u0119 z testu z pytaniami zamkni\u0119tymi oraz egzaminu praktycznego z zakresu obs\u0142ugi lub konserwacji urz\u0105dze\u0144, zdawanego pod okiem komisji egzaminacyjnej UDT.&nbsp;<\/p>\n\n\n\n<p>Wynik pozytywny wi\u0105\u017ce si\u0119 uzyskaniem odpowiednich kwalifikacji do wykonywania zawodu. Kursant otrzymuje dwuj\u0119zyczny certyfikat uprawniaj\u0105cy do pracy w Polsce i w innych krajach UE.&nbsp;<\/p>\n\n\n\n<p>Zdobyte uprawnienia na obs\u0142ug\u0119 \u017curawi stacjonarnych wa\u017cne s\u0105 przez 10 lat.<\/p>\n\n\n\n<p>Zainteresowanych zapraszamy do kontaktu.<\/p>\n\n\n\n<h2 class=\"wp-block-heading\">Pytania i odpowiedzi:<\/h2>\n\n\n\t\t<details\t\thelp class=\"sc_fs_faq sc_card    \"\n\t\topen\t\t>\n\t\t\t\t\t<summary>\n\t\t\t\t<h3>1. Czy \u017curaw stacjonarny i \u017curaw sta\u0142y to ta sama maszyna? <\/h3>\t\t\t\t\t<\/summary>\n\t\t\t\t<div>\n\t\t\t\t\t\t<div class=\"sc_fs_faq__content\">\n\t\t\t\t\n\n<p>Tak, \u017curawie stacjonarne nazywane s\u0105 tak\u017ce \u017curawiami sta\u0142ymi lub wspornikowymi. Niekiedy zw\u0105 si\u0119 tak\u017ce \u017curawiami s\u0142upowymi czy przy\u015bciennymi. B\u0142\u0119dnym okre\u015bleniem tych maszyn jest okre\u015blenie ich \u017curawikami warsztatowymi.<\/p>\n\n\t\t\t<\/div>\n\t\t<\/div>\n\t\t<\/details>\n\t\t\t\t<details\t\thelp class=\"sc_fs_faq sc_card    \"\n\t\t\t\t>\n\t\t\t\t\t<summary>\n\t\t\t\t<h3>2. Jak d\u0142ugo wa\u017cne s\u0105 uprawnienia na \u017curawie stacjonarne? <\/h3>\t\t\t\t\t<\/summary>\n\t\t\t\t<div>\n\t\t\t\t\t\t<div class=\"sc_fs_faq__content\">\n\t\t\t\t\n\n<p>Uprawienia UDT na \u017curawie stacjonarne oraz <a href=\"https:\/\/szkolenia-udt.pl\/ua\/kursy\/uprawnienia-udt-tdt-wdt\/zurawie-przenosne\/\">\u017curawie przeno\u015bne<\/a> i przewo\u017ane wa\u017cne s\u0105 przez 10 lat. W przypadku pozosta\u0142ych rodzaj\u00f3w \u017curawi, tj. samojezdnych, szynowych, kolejowych i na pojazdach kolejowych, p\u0142ywaj\u0105cych i pok\u0142adowych, operator zdobywa uprawnienia na 5 lat.&nbsp;&nbsp;<\/p>\n\n\t\t\t<\/div>\n\t\t<\/div>\n\t\t<\/details>\n\t\t\t\t<details\t\thelp class=\"sc_fs_faq sc_card    \"\n\t\t\t\t>\n\t\t\t\t\t<summary>\n\t\t\t\t<h3>3. Co zawiera program kursu na \u017curawie stacjonarne? <\/h3>\t\t\t\t\t<\/summary>\n\t\t\t\t<div>\n\t\t\t\t\t\t<div class=\"sc_fs_faq__content\">\n\t\t\t\t\n\n<p>Nasz program szkoleniowy jest na bie\u017c\u0105co aktualizowany i dostosowany do wymog\u00f3w UDT. W programie na operatora \u017curawia stacjonarnego znajduj\u0105 si\u0119 zagadnienia z zakresu bezpiecze\u0144stwa w pracy, przepis\u00f3w prawnych, rodzaj\u00f3w urz\u0105dze\u0144 i budowy \u017curawi, obowi\u0105zk\u00f3w operatora oraz dzia\u0142a\u0144 w razie awarii. Nasz plan kursu obejmuje najpierw zaj\u0119cia teoretyczne, a nast\u0119pnie praktyczne.<\/p>\n\n\t\t\t<\/div>\n\t\t<\/div>\n\t\t<\/details>\n\t\t\t\t<details\t\thelp class=\"sc_fs_faq sc_card    \"\n\t\t\t\t>\n\t\t\t\t\t<summary>\n\t\t\t\t<h3>4. Na jakich \u017curawiach stacjonarnych mog\u0119 pracowa\u0107 po uko\u0144czeniu kursu?  <\/h3>\t\t\t\t\t<\/summary>\n\t\t\t\t<div>\n\t\t\t\t\t\t<div class=\"sc_fs_faq__content\">\n\t\t\t\t\n\n<p>Nasze szkolenia przygotowuj\u0105 do pracy na urz\u0105dzeniach wielu producent\u00f3w, np. ZBUD, CONSTECH, Demag, FUD, Schmalz, Lift- Technika BIS, Mipromet, Carl Stahl, Przedsiebiorstwo HAK Sp. z o.o., PS Lift, VETTER KRANTECHNIK.<\/p>\n\n\t\t\t<\/div>\n\t\t<\/div>\n\t\t<\/details>\n\t\t\n<script type=\"application\/ld+json\">\n\t{\n\t\t\"@context\": \"https:\/\/schema.org\",\n\t\t\"@type\": \"FAQPage\",\n\t\t\"mainEntity\": [\n\t\t\t\t\t{\n\t\t\t\t\"@type\": \"Question\",\n\t\t\t\t\"name\": \"1. Czy \u017curaw stacjonarny i \u017curaw sta\u0142y to ta sama maszyna? \",\n\t\t\t\t\"acceptedAnswer\": {\n\t\t\t\t\t\"@type\": \"Answer\",\n\t\t\t\t\t\"text\": \"<p>Tak, \u017curawie stacjonarne nazywane s\u0105 tak\u017ce \u017curawiami sta\u0142ymi lub wspornikowymi. Niekiedy zw\u0105 si\u0119 tak\u017ce \u017curawiami s\u0142upowymi czy przy\u015bciennymi. B\u0142\u0119dnym okre\u015bleniem tych maszyn jest okre\u015blenie ich \u017curawikami warsztatowymi.<\/p>\"\n\t\t\t\t\t\t\t\t\t}\n\t\t\t}\n\t\t\t,\t\t\t\t{\n\t\t\t\t\"@type\": \"Question\",\n\t\t\t\t\"name\": \"2. Jak d\u0142ugo wa\u017cne s\u0105 uprawnienia na \u017curawie stacjonarne? \",\n\t\t\t\t\"acceptedAnswer\": {\n\t\t\t\t\t\"@type\": \"Answer\",\n\t\t\t\t\t\"text\": \"<p>Uprawienia UDT na \u017curawie stacjonarne oraz \u017curawie przeno\u015bne i przewo\u017ane wa\u017cne s\u0105 przez 10 lat. W przypadku pozosta\u0142ych rodzaj\u00f3w \u017curawi, tj. samojezdnych, szynowych, kolejowych i na pojazdach kolejowych, p\u0142ywaj\u0105cych i pok\u0142adowych, operator zdobywa uprawnienia na 5 lat.&nbsp;&nbsp;<\/p>\"\n\t\t\t\t\t\t\t\t\t}\n\t\t\t}\n\t\t\t,\t\t\t\t{\n\t\t\t\t\"@type\": \"Question\",\n\t\t\t\t\"name\": \"3. Co zawiera program kursu na \u017curawie stacjonarne? \",\n\t\t\t\t\"acceptedAnswer\": {\n\t\t\t\t\t\"@type\": \"Answer\",\n\t\t\t\t\t\"text\": \"<p>Nasz program szkoleniowy jest na bie\u017c\u0105co aktualizowany i dostosowany do wymog\u00f3w UDT. W programie na operatora \u017curawia stacjonarnego znajduj\u0105 si\u0119 zagadnienia z zakresu bezpiecze\u0144stwa w pracy, przepis\u00f3w prawnych, rodzaj\u00f3w urz\u0105dze\u0144 i budowy \u017curawi, obowi\u0105zk\u00f3w operatora oraz dzia\u0142a\u0144 w razie awarii. Nasz plan kursu obejmuje najpierw zaj\u0119cia teoretyczne, a nast\u0119pnie praktyczne.<\/p>\"\n\t\t\t\t\t\t\t\t\t}\n\t\t\t}\n\t\t\t,\t\t\t\t{\n\t\t\t\t\"@type\": \"Question\",\n\t\t\t\t\"name\": \"4. Na jakich \u017curawiach stacjonarnych mog\u0119 pracowa\u0107 po uko\u0144czeniu kursu?  \",\n\t\t\t\t\"acceptedAnswer\": {\n\t\t\t\t\t\"@type\": \"Answer\",\n\t\t\t\t\t\"text\": \"<p>Nasze szkolenia przygotowuj\u0105 do pracy na urz\u0105dzeniach wielu producent\u00f3w, np. ZBUD, CONSTECH, Demag, FUD, Schmalz, Lift- Technika BIS, Mipromet, Carl Stahl, Przedsiebiorstwo HAK Sp. z o.o., PS Lift, VETTER KRANTECHNIK.<\/p>\"\n\t\t\t\t\t\t\t\t\t}\n\t\t\t}\n\t\t\t\t\t\t]\n\t}\n<\/script>\n","protected":false},"excerpt":{"rendered":"<p>Zosta\u0144 naszym kursantem! Na rynku szkoleniowym dzia\u0142amy ju\u017c ponad 15 lat. Odznaczamy si\u0119 do\u015bwiadczeniem, profesjonalizmem i indywidualnym podej\u015bciem do ka\u017cdego klienta. Dbaj\u0105c o w\u0142asny rozw\u00f3j poszerzamy swoj\u0105 ofert\u0119 o coraz to nowsze us\u0142ugi. W\u015br\u00f3d nich s\u0105:&nbsp; Oferujemy dojazd do klienta!&nbsp; Firmy oraz grupy zapraszamy do kontaktu indywidualnego. Ustalimy termin i miejsce dostosowane do preferencji klienta.&nbsp;&nbsp; [&hellip;]<\/p>\n","protected":false},"author":10,"featured_media":3737,"parent":2266,"menu_order":0,"comment_status":"closed","ping_status":"closed","template":"","meta":{"footnotes":""},"class_list":["post-3734","page","type-page","status-publish","has-post-thumbnail","hentry"],"aioseo_notices":[],"_links":{"self":[{"href":"https:\/\/szkolenia-udt.pl\/ua\/wp-json\/wp\/v2\/pages\/3734","targetHints":{"allow":["GET"]}}],"collection":[{"href":"https:\/\/szkolenia-udt.pl\/ua\/wp-json\/wp\/v2\/pages"}],"about":[{"href":"https:\/\/szkolenia-udt.pl\/ua\/wp-json\/wp\/v2\/types\/page"}],"author":[{"embeddable":true,"href":"https:\/\/szkolenia-udt.pl\/ua\/wp-json\/wp\/v2\/users\/10"}],"replies":[{"embeddable":true,"href":"https:\/\/szkolenia-udt.pl\/ua\/wp-json\/wp\/v2\/comments?post=3734"}],"version-history":[{"count":13,"href":"https:\/\/szkolenia-udt.pl\/ua\/wp-json\/wp\/v2\/pages\/3734\/revisions"}],"predecessor-version":[{"id":4247,"href":"https:\/\/szkolenia-udt.pl\/ua\/wp-json\/wp\/v2\/pages\/3734\/revisions\/4247"}],"up":[{"embeddable":true,"href":"https:\/\/szkolenia-udt.pl\/ua\/wp-json\/wp\/v2\/pages\/2266"}],"wp:featuredmedia":[{"embeddable":true,"href":"https:\/\/szkolenia-udt.pl\/ua\/wp-json\/wp\/v2\/media\/3737"}],"wp:attachment":[{"href":"https:\/\/szkolenia-udt.pl\/ua\/wp-json\/wp\/v2\/media?parent=3734"}],"curies":[{"name":"wp","href":"https:\/\/api.w.org\/{rel}","templated":true}]}}