{"id":3846,"date":"2023-03-06T19:29:37","date_gmt":"2023-03-06T18:29:37","guid":{"rendered":"https:\/\/szkolenia-udt.pl\/?page_id=3846"},"modified":"2023-03-08T01:12:57","modified_gmt":"2023-03-08T00:12:57","slug":"%d0%ba%d1%80%d0%b0%d0%bd%d0%b8-%d0%bb%d1%8e%d0%b4%d0%b8-%d1%82%d0%b0-%d0%b2%d0%b0%d0%bd%d1%82%d0%b0%d0%b6%d1%96-%d0%b7-%d1%88%d0%b8%d0%bf%d0%b0%d0%bc%d0%b8","status":"publish","type":"page","link":"https:\/\/szkolenia-udt.pl\/ua\/kursy\/uprawnienia-udt-tdt-wdt\/dzwigow-osobowych-i-towarowych-z-napedem\/","title":{"rendered":"\u041a\u0443\u0440\u0441 \u0437 \u0442\u0435\u0445\u043d\u0456\u0447\u043d\u043e\u0433\u043e \u043e\u0431\u0441\u043b\u0443\u0433\u043e\u0432\u0443\u0432\u0430\u043d\u043d\u044f \u043f\u0430\u0441\u0430\u0436\u0438\u0440\u0441\u044c\u043a\u0438\u0445 \u0442\u0430 \u0432\u0430\u043d\u0442\u0430\u0436\u043d\u0438\u0445 \u043b\u0456\u0444\u0442\u0456\u0432 \u0437 \u0433\u0456\u0434\u0440\u0430\u0432\u043b\u0456\u0447\u043d\u0438\u043c \u0442\u0430 \u043f\u043d\u0435\u0432\u043c\u0430\u0442\u0438\u0447\u043d\u0438\u043c \u043f\u0440\u0438\u0432\u043e\u0434\u043e\u043c UDT"},"content":{"rendered":"<div class=\"wp-block-image\">\n<figure class=\"alignright size-large is-resized\"><a href=\"https:\/\/szkolenia-udt.pl\/wp-content\/uploads\/2023\/03\/canva-close-up-shot-of-a-hand-pressing-an-elevator-button-MAEiPGq1Pis.jpg\"><img loading=\"lazy\" decoding=\"async\" src=\"https:\/\/szkolenia-udt.pl\/wp-content\/uploads\/2023\/03\/canva-close-up-shot-of-a-hand-pressing-an-elevator-button-MAEiPGq1Pis-1024x683.jpg\" alt=\"d\u017awig osobowy z nap\u0119dem pneumatycznym\" class=\"wp-image-3851\" width=\"440\" height=\"294\" srcset=\"https:\/\/szkolenia-udt.pl\/wp-content\/uploads\/2023\/03\/canva-close-up-shot-of-a-hand-pressing-an-elevator-button-MAEiPGq1Pis-1024x683.jpg 1024w, https:\/\/szkolenia-udt.pl\/wp-content\/uploads\/2023\/03\/canva-close-up-shot-of-a-hand-pressing-an-elevator-button-MAEiPGq1Pis-300x200.jpg 300w, https:\/\/szkolenia-udt.pl\/wp-content\/uploads\/2023\/03\/canva-close-up-shot-of-a-hand-pressing-an-elevator-button-MAEiPGq1Pis-768x512.jpg 768w, https:\/\/szkolenia-udt.pl\/wp-content\/uploads\/2023\/03\/canva-close-up-shot-of-a-hand-pressing-an-elevator-button-MAEiPGq1Pis-1536x1024.jpg 1536w, https:\/\/szkolenia-udt.pl\/wp-content\/uploads\/2023\/03\/canva-close-up-shot-of-a-hand-pressing-an-elevator-button-MAEiPGq1Pis-18x12.jpg 18w, https:\/\/szkolenia-udt.pl\/wp-content\/uploads\/2023\/03\/canva-close-up-shot-of-a-hand-pressing-an-elevator-button-MAEiPGq1Pis.jpg 1600w\" sizes=\"auto, (max-width: 440px) 100vw, 440px\" \/><\/a><\/figure>\n<\/div>\n\n\n<h2 class=\"wp-block-heading\">Szkolenie w OSO<\/h2>\n\n\n\n<p>Nasz <a href=\"https:\/\/szkolenia-udt.pl\/ua\/o-firmie\/\">o\u015brodek<\/a> szkoleniowy \u201cOSO\u2019\u2019 prowadzi kursy z zakresu obs\u0142ugi i konserwacji urz\u0105dze\u0144 podlegaj\u0105cych pod Urz\u0105d Dozoru Technicznego. W swojej ofercie szkoleniowej posiadamy kurs konserwatora UDT na <a href=\"https:\/\/szkolenia-udt.pl\/ua\/kursy\/uprawnienia-udt-tdt-wdt\/konserwatory-dzwigow\/\">d\u017awigi towarowe<\/a>, osobowe, towarowo \u2013&nbsp;osobowe z nap\u0119dem hydraulicznym i pneumatycznym. <\/p>\n\n\n\n<p>Podczas szkolenia odbywaj\u0105 si\u0119 zaj\u0119cia teoretyczne, kt\u00f3re zosta\u0142y odpowiednio przygotowane w celu przekazania niezb\u0119dnych informacji dotycz\u0105cych konserwacji d\u017awig\u00f3w (wind). Zaj\u0119cia praktyczne odbywaj\u0105 si\u0119 pod okiem instruktora, a zadania skonstruowane s\u0105 tak, aby kursant nauczy\u0142 si\u0119 wykonywa\u0107 samodzielnie prac\u0119, kt\u00f3ra wi\u0105\u017ce si\u0119 z du\u017c\u0105 odpowiedzialno\u015bci\u0105.<\/p>\n\n\n\n<h2 class=\"wp-block-heading\">Rodzaje d\u017awig\u00f3w<\/h2>\n\n\n\n<h3 class=\"wp-block-heading\">Organizujemy szkolenia na konserwatora d\u017awig\u00f3w:&nbsp;<\/h3>\n\n\n\n<ul class=\"wp-block-list\">\n<li>towarowych,&nbsp;<\/li>\n\n\n\n<li>towarowo-osobowych,&nbsp;<\/li>\n\n\n\n<li>osobowych.&nbsp;<\/li>\n<\/ul>\n\n\n\n<p>Z tych rodzaj\u00f3w d\u017awig\u00f3w uczestnik szkole\u0144 zostanie przez nas odpowiednio przeszkolony do uzyskania uprawnie\u0144 i podj\u0119cia pracy. Kurs odbywa\u0107 si\u0119 b\u0119dzie na wy\u017cej wymienionych d\u017awigach, lecz z dwoma rodzajami nap\u0119d\u00f3w takimi jak:&nbsp;<\/p>\n\n\n\n<ul class=\"wp-block-list\">\n<li>hydrauliczny,&nbsp;<\/li>\n\n\n\n<li>pneumatyczny.&nbsp;<\/li>\n<\/ul>\n\n\n\n<h2 class=\"wp-block-heading\">D\u017awigi towarowe, osobowe i towarowo \u2013&nbsp;osobowe&nbsp;&nbsp;<\/h2>\n\n\n\n<p>Konstrukcja <strong>d\u017awig\u00f3w towarowych<\/strong> zosta\u0142a stworzona z my\u015bl\u0105 do przenoszenia \u0142adunk\u00f3w. Ca\u0142a ich praca opiera si\u0119 na za\u0142adowaniu materia\u0142u transportowanego do kabiny oraz wyznaczenia kondygnacji, na jak\u0105 ma zosta\u0107 przeniesiony.&nbsp;&nbsp;<\/p>\n\n\n\n<p>Inaczej sprawa wygl\u0105da w przypadku <strong>d\u017awig\u00f3w towarowo \u2013&nbsp;osobowych<\/strong>, tutaj transport na inn\u0105 kondygnacje przeprowadzony jest wraz z osob\u0105 oraz \u0142adunkiem w kabinie. Kabina takiego rodzaju windy zazwyczaj jest o wiele wi\u0119ksza od tej, kt\u00f3ra znajduje si\u0119 w windzie osobowej. Rozmiar ten spowodowany jest tym, \u017ce trzeba przenie\u015b\u0107 \u0142adunek oraz osob\u0119 dbaj\u0105c\u0105 o transport towaru. &nbsp;<\/p>\n\n\n\n<p>Wyr\u00f3\u017cniamy r\u00f3wnie\u017c <strong>windy osobowe<\/strong>, kt\u00f3rych dzia\u0142anie polega one na przenoszeniu ludzi na inne pi\u0119tra. Ich konstrukcja pozwala na przew\u00f3z kilku os\u00f3b znajduj\u0105cych si\u0119 w kabinie. Wykorzystywane s\u0105 cz\u0119sto w blokach mieszkalnych czy biurowcach.&nbsp;<\/p>\n\n\n\n<p>Ka\u017cdy rodzaj windy przeznaczony jest do pracy w r\u00f3\u017cnych sektorach. Podczas szkolenia kursant zostanie przeszkolony w wybranym przez niego rodzaju d\u017awigu z zakresu konserwacji.&nbsp;<\/p>\n\n\n<div class=\"wp-block-image\">\n<figure class=\"alignright size-large is-resized\"><a href=\"https:\/\/szkolenia-udt.pl\/wp-content\/uploads\/2023\/03\/s2-18.jpg\"><img loading=\"lazy\" decoding=\"async\" src=\"https:\/\/szkolenia-udt.pl\/wp-content\/uploads\/2023\/03\/s2-18-1024x678.jpg\" alt=\"d\u017awig - winda z nap\u0119dem hydraulicznym\" class=\"wp-image-3852\" width=\"512\" height=\"339\" srcset=\"https:\/\/szkolenia-udt.pl\/wp-content\/uploads\/2023\/03\/s2-18-1024x678.jpg 1024w, https:\/\/szkolenia-udt.pl\/wp-content\/uploads\/2023\/03\/s2-18-300x199.jpg 300w, https:\/\/szkolenia-udt.pl\/wp-content\/uploads\/2023\/03\/s2-18-768x508.jpg 768w, https:\/\/szkolenia-udt.pl\/wp-content\/uploads\/2023\/03\/s2-18-1536x1017.jpg 1536w, https:\/\/szkolenia-udt.pl\/wp-content\/uploads\/2023\/03\/s2-18-18x12.jpg 18w, https:\/\/szkolenia-udt.pl\/wp-content\/uploads\/2023\/03\/s2-18.jpg 1600w\" sizes=\"auto, (max-width: 512px) 100vw, 512px\" \/><\/a><\/figure>\n<\/div>\n\n\n<h2 class=\"wp-block-heading\">D\u017awig z nap\u0119dem hydraulicznym&nbsp;&nbsp;<\/h2>\n\n\n\n<p>D\u017awig z nap\u0119dem hydraulicznym zaliczany jest do Urz\u0105dze\u0144 Transportu Bliskiego i wykorzystywany g\u0142\u00f3wnie w transporcie \u0142adunk\u00f3w oraz ludzi. Osoba odpowiadaj\u0105ca za konserwacje tego rodzaju d\u017awigu, musi posiada\u0107 uprawnienia pozwalaj\u0105ce na ich obs\u0142ug\u0119. <\/p>\n\n\n\n<h3 class=\"wp-block-heading\">Podczas trwania szkolenia w zakresie wind z nap\u0119dem hydraulicznym, kursant zostanie przeszkolony m.in. z:&nbsp;<\/h3>\n\n\n\n<ul class=\"wp-block-list\">\n<li>podstawowych przepis\u00f3w dotycz\u0105cych pracy z tym rodzajem nap\u0119du,&nbsp;<\/li>\n\n\n\n<li>danych technicznych i rodzaj\u00f3w d\u017awig\u00f3w hydraulicznych,&nbsp;<\/li>\n\n\n\n<li>konstrukcji tego rodzaju d\u017awigu m.in. zespo\u0142u komponent\u00f3w urz\u0105dze\u0144, instalacji elektrycznej i sterowniczej oraz innego rodzaju aparatur,&nbsp;<\/li>\n\n\n\n<li>przepis\u00f3w BHP,&nbsp;<\/li>\n\n\n\n<li>zada\u0144 realizowanych przez upowa\u017cnionego konserwatora.&nbsp;&nbsp;&nbsp;<\/li>\n<\/ul>\n\n\n\n<h2 class=\"wp-block-heading\"><strong>D\u017awig z n<\/strong>a<strong>p\u0119dem pneumatycznym&nbsp;<\/strong>&nbsp;<\/h2>\n\n\n\n<p>Ich praca odbywa si\u0119 poprzez wypompowywanie powietrza, kt\u00f3re znajduje si\u0119 pod kabin\u0105. Zastosowanie tego urz\u0105dzenia jest o tyle wygodne, \u017ce umie\u015bci\u0107 mo\u017cemy je w miejscach maj\u0105cych ma\u0142\u0105 powierzchni\u0119. Przenoszenie na inne kondygnacje przez zastosowany nap\u0119d pneumatyczny odbywa si\u0119 bez u\u017cycia lin i ca\u0142kowicie opiera si\u0119 na zasadzie podci\u015bnienia. Wykorzystywane s\u0105 do transportu ludzi. <\/p>\n\n\n\n<h3 class=\"wp-block-heading\">Oczywi\u015bcie, jak w przypadku nap\u0119du hydraulicznego uka\u017cemy Ci, w jaki spos\u00f3b:&nbsp;<\/h3>\n\n\n\n<ul class=\"wp-block-list\">\n<li>poprawnie przeprowadzi\u0107 konserwacje,&nbsp;<\/li>\n\n\n\n<li>zgodnie z zasadami BHP wykonywa\u0107 prace,&nbsp;<\/li>\n\n\n\n<li>upora\u0107 si\u0119 z najcz\u0119stszymi przypadkami usterek,&nbsp;<\/li>\n\n\n\n<li>realizowa\u0107 zadania konserwatorskie,&nbsp;<\/li>\n\n\n\n<li>czyta si\u0119 dane techniczne d\u017awigu pneumatycznego,&nbsp;<\/li>\n\n\n\n<li>wygl\u0105daj\u0105 przepisy wykonywania zada\u0144 w zwi\u0105zku z owym nap\u0119dem.&nbsp;<\/li>\n<\/ul>\n\n\n\n<h2 class=\"wp-block-heading\">Nasi wyk\u0142adowcy&nbsp;<\/h2>\n\n\n\n<p>Kurs w ca\u0142o\u015bci przeprowadzany jest przez naszych fachowc\u00f3w. Nasi instruktorzy, posiadaj\u0105cy potrzebne uprawnienia do prowadzenia zaj\u0119\u0107, naucz\u0105 Ci\u0119 od podstaw pracy konserwatora d\u017awig\u00f3w. Nasz program szkoleniowy jest odpowiednio przygotowany, aby trafi\u0107 do ka\u017cdego uczestnika. .&nbsp;<\/p>\n\n\n<div class=\"wp-block-image\">\n<figure class=\"alignright size-large is-resized\"><a href=\"https:\/\/szkolenia-udt.pl\/wp-content\/uploads\/2023\/03\/screen_2x-29.jpg\"><img loading=\"lazy\" decoding=\"async\" src=\"https:\/\/szkolenia-udt.pl\/wp-content\/uploads\/2023\/03\/screen_2x-29-1024x684.jpg\" alt=\"przegl\u0105d okresowy d\u017awigu towarowego\" class=\"wp-image-3850\" width=\"512\" height=\"342\" srcset=\"https:\/\/szkolenia-udt.pl\/wp-content\/uploads\/2023\/03\/screen_2x-29-1024x684.jpg 1024w, https:\/\/szkolenia-udt.pl\/wp-content\/uploads\/2023\/03\/screen_2x-29-300x200.jpg 300w, https:\/\/szkolenia-udt.pl\/wp-content\/uploads\/2023\/03\/screen_2x-29-768x513.jpg 768w, https:\/\/szkolenia-udt.pl\/wp-content\/uploads\/2023\/03\/screen_2x-29-1536x1025.jpg 1536w, https:\/\/szkolenia-udt.pl\/wp-content\/uploads\/2023\/03\/screen_2x-29-18x12.jpg 18w, https:\/\/szkolenia-udt.pl\/wp-content\/uploads\/2023\/03\/screen_2x-29.jpg 1600w\" sizes=\"auto, (max-width: 512px) 100vw, 512px\" \/><\/a><\/figure>\n<\/div>\n\n\n<h2 class=\"wp-block-heading\">Jak przyst\u0105pi\u0107 do kursu?&nbsp;<\/h2>\n\n\n\n<h3 class=\"wp-block-heading\">Je\u015bli chcesz przyst\u0105pi\u0107 do naszego kursu, trzeba spe\u0142ni\u0107 3 poni\u017csze wymagania:&nbsp;<\/h3>\n\n\n\n<ul class=\"wp-block-list\">\n<li>uko\u0144czone 18 lat,&nbsp;<\/li>\n\n\n\n<li>za\u015bwiadczenie lekarskie o mo\u017cliwo\u015bci wykonywania tego rodzaju pracy,&nbsp;<\/li>\n\n\n\n<li>posiadanie wykszta\u0142cenia na poziomie przynajmniej podstawowym.&nbsp;<\/li>\n<\/ul>\n\n\n\n<p>Po spe\u0142nieniu wy\u017cej wymienionych wymaga\u0144, nale\u017cy skontaktowa\u0107 si\u0119 z nami w celu um\u00f3wienia terminu rozpocz\u0119cia szkolenia.&nbsp;&nbsp;<\/p>\n\n\n\n<h2 class=\"wp-block-heading\">Inne nasze kursy&nbsp;<\/h2>\n\n\n\n<p>Prowadzimy r\u00f3wnie\u017c kursy dla operator\u00f3w takich urz\u0105dze\u0144 jak:&nbsp;<\/p>\n\n\n\n<ul class=\"wp-block-list\">\n<li>w\u00f3zki wid\u0142owe,&nbsp;<\/li>\n\n\n\n<li>podesty ruchome,&nbsp;<\/li>\n\n\n\n<li>wci\u0105gniki i wyci\u0105garki,&nbsp;<\/li>\n\n\n\n<li>\u0142adowarki teleskopowe,&nbsp;<\/li>\n\n\n\n<li>d\u017awigi HDS,&nbsp;<\/li>\n\n\n\n<li>suwnice.&nbsp;<\/li>\n<\/ul>\n\n\n\n<p>Je\u015bli zainteresowa\u0142a Ci\u0119 oferta <a href=\"https:\/\/szkolenia-udt.pl\/ua\/kursy\/\">naszych szkole\u0144<\/a>, zapraszamy do kontaktu. Wyja\u015bnimy, jak odbywaj\u0105 si\u0119 kursy oraz czego mo\u017cna si\u0119 po nich spodziewa\u0107. W dalszej cz\u0119\u015bci przyst\u0105pimy do wybrania odpowiedniego terminu na rozpocz\u0119cie kursu oraz trybu \u2013&nbsp;otwartego lub zamkni\u0119tego, dostosowanego do potrzeb klienta indywidualnego lub grupy zorganizowanej. <\/p>\n\n\n\n<p>Kursy prowadzimy w Warszawie oraz na terenie ca\u0142ej Polski. <\/p>\n\n\n\n<h2 class=\"wp-block-heading\">Pytania i odpowiedzi:<\/h2>\n\n\n\t\t<details\t\thelp class=\"sc_fs_faq sc_card    \"\n\t\topen\t\t>\n\t\t\t\t\t<summary>\n\t\t\t\t<h3>1. Na jakie rodzaje d\u017awig\u00f3w (wind) prowadzicie szkolenia? <\/h3>\t\t\t\t\t<\/summary>\n\t\t\t\t<div>\n\t\t\t\t\t\t<div class=\"sc_fs_faq__content\">\n\t\t\t\t\n\n<p>Szkolenia prowadzone s\u0105 w celu uzyskania uprawnie\u0144 na d\u017awigi osobowe, towarowo-osobowe i towarowe z nap\u0119dem hydraulicznym oraz pneumatycznym.&nbsp;<\/p>\n\n\t\t\t<\/div>\n\t\t<\/div>\n\t\t<\/details>\n\t\t\t\t<details\t\thelp class=\"sc_fs_faq sc_card    \"\n\t\t\t\t>\n\t\t\t\t\t<summary>\n\t\t\t\t<h3>2. Czego dowie si\u0119 kursant na szkoleniu o d\u017awigu z nap\u0119dem hydraulicznym? <\/h3>\t\t\t\t\t<\/summary>\n\t\t\t\t<div>\n\t\t\t\t\t\t<div class=\"sc_fs_faq__content\">\n\t\t\t\t\n\n<p>Przede wszystkim na kursie uczestnik zapozna si\u0119 z podstawowymi przepisami odno\u015bnie zasad pracy z owym nap\u0119dem, pozna tak\u017ce dane techniczne i rodzaje d\u017awig\u00f3w hydraulicznych oraz wiele innych wa\u017cnych kwestii dotycz\u0105cych tego rodzaju d\u017awigu.<\/p>\n\n\t\t\t<\/div>\n\t\t<\/div>\n\t\t<\/details>\n\t\t\n<script type=\"application\/ld+json\">\n\t{\n\t\t\"@context\": \"https:\/\/schema.org\",\n\t\t\"@type\": \"FAQPage\",\n\t\t\"mainEntity\": [\n\t\t\t\t\t{\n\t\t\t\t\"@type\": \"Question\",\n\t\t\t\t\"name\": \"1. Na jakie rodzaje d\u017awig\u00f3w (wind) prowadzicie szkolenia? \",\n\t\t\t\t\"acceptedAnswer\": {\n\t\t\t\t\t\"@type\": \"Answer\",\n\t\t\t\t\t\"text\": \"<p>Szkolenia prowadzone s\u0105 w celu uzyskania uprawnie\u0144 na d\u017awigi osobowe, towarowo-osobowe i towarowe z nap\u0119dem hydraulicznym oraz pneumatycznym.&nbsp;<\/p>\"\n\t\t\t\t\t\t\t\t\t}\n\t\t\t}\n\t\t\t,\t\t\t\t{\n\t\t\t\t\"@type\": \"Question\",\n\t\t\t\t\"name\": \"2. Czego dowie si\u0119 kursant na szkoleniu o d\u017awigu z nap\u0119dem hydraulicznym? \",\n\t\t\t\t\"acceptedAnswer\": {\n\t\t\t\t\t\"@type\": \"Answer\",\n\t\t\t\t\t\"text\": \"<p>Przede wszystkim na kursie uczestnik zapozna si\u0119 z podstawowymi przepisami odno\u015bnie zasad pracy z owym nap\u0119dem, pozna tak\u017ce dane techniczne i rodzaje d\u017awig\u00f3w hydraulicznych oraz wiele innych wa\u017cnych kwestii dotycz\u0105cych tego rodzaju d\u017awigu.<\/p>\"\n\t\t\t\t\t\t\t\t\t}\n\t\t\t}\n\t\t\t\t\t\t]\n\t}\n<\/script>\n","protected":false},"excerpt":{"rendered":"<p>Szkolenie w OSO Nasz o\u015brodek szkoleniowy \u201cOSO\u2019\u2019 prowadzi kursy z zakresu obs\u0142ugi i konserwacji urz\u0105dze\u0144 podlegaj\u0105cych pod Urz\u0105d Dozoru Technicznego. W swojej ofercie szkoleniowej posiadamy kurs konserwatora UDT na d\u017awigi towarowe, osobowe, towarowo \u2013&nbsp;osobowe z nap\u0119dem hydraulicznym i pneumatycznym. Podczas szkolenia odbywaj\u0105 si\u0119 zaj\u0119cia teoretyczne, kt\u00f3re zosta\u0142y odpowiednio przygotowane w celu przekazania niezb\u0119dnych informacji dotycz\u0105cych [&hellip;]<\/p>\n","protected":false},"author":10,"featured_media":3850,"parent":2266,"menu_order":0,"comment_status":"closed","ping_status":"closed","template":"","meta":{"footnotes":""},"class_list":["post-3846","page","type-page","status-publish","has-post-thumbnail","hentry"],"aioseo_notices":[],"_links":{"self":[{"href":"https:\/\/szkolenia-udt.pl\/ua\/wp-json\/wp\/v2\/pages\/3846","targetHints":{"allow":["GET"]}}],"collection":[{"href":"https:\/\/szkolenia-udt.pl\/ua\/wp-json\/wp\/v2\/pages"}],"about":[{"href":"https:\/\/szkolenia-udt.pl\/ua\/wp-json\/wp\/v2\/types\/page"}],"author":[{"embeddable":true,"href":"https:\/\/szkolenia-udt.pl\/ua\/wp-json\/wp\/v2\/users\/10"}],"replies":[{"embeddable":true,"href":"https:\/\/szkolenia-udt.pl\/ua\/wp-json\/wp\/v2\/comments?post=3846"}],"version-history":[{"count":12,"href":"https:\/\/szkolenia-udt.pl\/ua\/wp-json\/wp\/v2\/pages\/3846\/revisions"}],"predecessor-version":[{"id":4234,"href":"https:\/\/szkolenia-udt.pl\/ua\/wp-json\/wp\/v2\/pages\/3846\/revisions\/4234"}],"up":[{"embeddable":true,"href":"https:\/\/szkolenia-udt.pl\/ua\/wp-json\/wp\/v2\/pages\/2266"}],"wp:featuredmedia":[{"embeddable":true,"href":"https:\/\/szkolenia-udt.pl\/ua\/wp-json\/wp\/v2\/media\/3850"}],"wp:attachment":[{"href":"https:\/\/szkolenia-udt.pl\/ua\/wp-json\/wp\/v2\/media?parent=3846"}],"curies":[{"name":"wp","href":"https:\/\/api.w.org\/{rel}","templated":true}]}}