{"id":3931,"date":"2023-03-08T16:41:19","date_gmt":"2023-03-08T15:41:19","guid":{"rendered":"https:\/\/szkolenia-udt.pl\/?page_id=3931"},"modified":"2023-03-17T13:00:33","modified_gmt":"2023-03-17T12:00:33","slug":"%d1%81%d0%b5%d1%80%d0%b2%d1%96%d1%81-%d0%ba%d1%80%d0%b0%d0%bd%d1%96%d0%b2-hds","status":"publish","type":"page","link":"https:\/\/szkolenia-udt.pl\/ua\/zakres-uslug\/serwis-naprawa\/serwis-zurawi-hds\/","title":{"rendered":"\u0421\u0435\u0440\u0432\u0456\u0441\u043d\u0435 \u043e\u0431\u0441\u043b\u0443\u0433\u043e\u0432\u0443\u0432\u0430\u043d\u043d\u044f \u043a\u0440\u0430\u043d\u0456\u0432 HDS"},"content":{"rendered":"<div class=\"wp-block-image\">\n<figure class=\"alignright size-full is-resized\"><a href=\"https:\/\/szkolenia-udt.pl\/wp-content\/uploads\/2023\/03\/i.jpeg\"><img loading=\"lazy\" decoding=\"async\" src=\"https:\/\/szkolenia-udt.pl\/wp-content\/uploads\/2023\/03\/i.jpeg\" alt=\"\u017buraw HDS stoj\u0105cy w spoczynku\" class=\"wp-image-4575\" width=\"500\" height=\"500\" srcset=\"https:\/\/szkolenia-udt.pl\/wp-content\/uploads\/2023\/03\/i.jpeg 1000w, https:\/\/szkolenia-udt.pl\/wp-content\/uploads\/2023\/03\/i-300x300.jpeg 300w, https:\/\/szkolenia-udt.pl\/wp-content\/uploads\/2023\/03\/i-150x150.jpeg 150w, https:\/\/szkolenia-udt.pl\/wp-content\/uploads\/2023\/03\/i-768x768.jpeg 768w, https:\/\/szkolenia-udt.pl\/wp-content\/uploads\/2023\/03\/i-12x12.jpeg 12w\" sizes=\"auto, (max-width: 500px) 100vw, 500px\" \/><\/a><\/figure>\n<\/div>\n\n\n<h2 class=\"wp-block-heading\">O\u015brodek Szkolenia Operator\u00f3w<\/h2>\n\n\n\n<p>Nasza firma dzia\u0142a na rynku w zakresie serwisowania ju\u017c ponad 15 lat. Nasi pracownicy posiadaj\u0105 wieloletnie do\u015bwiadczenie w serwisie \u017curawi HDS. <\/p>\n\n\n\n<p>Cechuje nas wysoka jako\u015b\u0107 us\u0142ug oraz sumienno\u015b\u0107 w wykonywaniu powierzonych zada\u0144. W sk\u0142ad naszych us\u0142ug wchodz\u0105 kompletne naprawy, konserwacje, modernizacje oraz regeneracje maszyn. <\/p>\n\n\n\n<p>Umo\u017cliwiamy tak\u017ce prace serwisowe poprzez wykorzystanie naszego serwisu mobilnego, mianowicie nasi serwisanci udaj\u0105 si\u0119 do klienta wraz z niezb\u0119dnym osprz\u0119towaniem w celu naprawy usterki b\u0105d\u017a niewielkiej awarii. Mog\u0105 by\u0107 Pa\u0144stwo pewni, \u017ce <a href=\"https:\/\/szkolenia-udt.pl\/ua\/oferta\/\">nasze us\u0142ugi<\/a> s\u0105 na najwy\u017cszym poziomie. &nbsp;<\/p>\n\n\n\n<h2 class=\"wp-block-heading\">Rodzaje \u017curawi jakie serwisujemy:&nbsp;<\/h2>\n\n\n\n<ul class=\"wp-block-list\">\n<li>\u017curawie le\u015bne,&nbsp;<\/li>\n\n\n\n<li>\u017curawie recyklingowe,&nbsp;<\/li>\n\n\n\n<li>\u017curawie budowlane typu HDS,&nbsp;<\/li>\n\n\n\n<li>\u017curawie na forwarderach,&nbsp;<\/li>\n\n\n\n<li>\u017curawie na skiderach,&nbsp;<\/li>\n\n\n\n<li>\u017curawie na harwestach. &nbsp;<\/li>\n<\/ul>\n\n\n\n<h2 class=\"wp-block-heading\">Producenci cz\u0119\u015bci, z kt\u00f3rych korzystamy:&nbsp;<\/h2>\n\n\n\n<div class=\"wp-block-columns is-layout-flex wp-container-core-columns-is-layout-9d6595d7 wp-block-columns-is-layout-flex\">\n<div class=\"wp-block-column is-layout-flow wp-block-column-is-layout-flow\">\n<ul class=\"wp-block-list\">\n<li>Palfinger epsilon,&nbsp;<\/li>\n\n\n\n<li>Hiab (Loglift, Jonsered),&nbsp;<\/li>\n\n\n\n<li>Kesla,&nbsp;<\/li>\n\n\n\n<li>Fassi&nbsp;<\/li>\n<\/ul>\n<\/div>\n\n\n\n<div class=\"wp-block-column is-layout-flow wp-block-column-is-layout-flow\">\n<ul class=\"wp-block-list\">\n<li>Tajfun-liv,&nbsp;<\/li>\n\n\n\n<li>V-Kran,&nbsp;<\/li>\n\n\n\n<li>HMF,&nbsp;<\/li>\n\n\n\n<li>John Deere.&nbsp;<\/li>\n<\/ul>\n<\/div>\n<\/div>\n\n\n\n<p>Fachowcy pracuj\u0105cy naszym serwisie s\u0105 odpowiednio wykwalifikowani do wykonywania zada\u0144 z cz\u0119\u015bciami od wy\u017cej wymienionych producent\u00f3w. Posiadaj\u0105 r\u00f3wnie\u017c wszystkie uprawnienia do wykonywania prac serwisowych.&nbsp;<\/p>\n\n\n<div class=\"wp-block-image\">\n<figure class=\"alignright size-large is-resized\"><a href=\"https:\/\/szkolenia-udt.pl\/wp-content\/uploads\/2023\/03\/s2-5.jpg\"><img loading=\"lazy\" decoding=\"async\" src=\"https:\/\/szkolenia-udt.pl\/wp-content\/uploads\/2023\/03\/s2-5-1024x683.jpg\" alt=\"Hydrauliczny \u017curaw samochodowy na terenie budowy\" class=\"wp-image-4589\" width=\"512\" height=\"342\" srcset=\"https:\/\/szkolenia-udt.pl\/wp-content\/uploads\/2023\/03\/s2-5-1024x683.jpg 1024w, https:\/\/szkolenia-udt.pl\/wp-content\/uploads\/2023\/03\/s2-5-300x200.jpg 300w, https:\/\/szkolenia-udt.pl\/wp-content\/uploads\/2023\/03\/s2-5-768x512.jpg 768w, https:\/\/szkolenia-udt.pl\/wp-content\/uploads\/2023\/03\/s2-5-1536x1024.jpg 1536w, https:\/\/szkolenia-udt.pl\/wp-content\/uploads\/2023\/03\/s2-5-18x12.jpg 18w, https:\/\/szkolenia-udt.pl\/wp-content\/uploads\/2023\/03\/s2-5.jpg 1600w\" sizes=\"auto, (max-width: 512px) 100vw, 512px\" \/><\/a><\/figure>\n<\/div>\n\n\n<h2 class=\"wp-block-heading\">Urz\u0105d Dozoru Technicznego&nbsp;&nbsp;<\/h2>\n\n\n\n<p>Nasz serwis dzia\u0142a w zgodzie z przepisami ustanowionymi przez UDT. W warsztacie przeprowadzamy przegl\u0105dy okresowe wyznaczane przez Urz\u0105d Dozoru Technicznego oraz wykonujemy audyt maszyn. <\/p>\n\n\n\n<p>Umo\u017cliwiamy tak\u017ce naszym klientom pomoc przy rejestracji urz\u0105dzenia, mianowicie s\u0142u\u017cymy pomoc\u0105 przy wype\u0142nianiu dokument\u00f3w. Posiadamy niezb\u0119dne uprawienia Urz\u0119du Dozoru Technicznego w celu wykonywania konserwacji, obs\u0142ugi maszyn transportu bliskiego oraz napraw.&nbsp;<\/p>\n\n\n\n<h2 class=\"wp-block-heading\">Wysoka jako\u015b\u0107 wykonywanych us\u0142ug&nbsp;<\/h2>\n\n\n\n<p>Przeprowadzamy us\u0142ugi takie jak: badania techniczne, wymiana olej\u00f3w, regeneracja uszkodzonych mechanizm\u00f3w, ca\u0142kowita naprawa zepsutych element\u00f3w w maszynie oraz wszelkie konserwacje. <\/p>\n\n\n<div class=\"wp-block-image\">\n<figure class=\"alignright size-large is-resized\"><a href=\"https:\/\/szkolenia-udt.pl\/wp-content\/uploads\/2023\/03\/screen_2x-46.jpg\"><img loading=\"lazy\" decoding=\"async\" src=\"https:\/\/szkolenia-udt.pl\/wp-content\/uploads\/2023\/03\/screen_2x-46-1024x683.jpg\" alt=\"Serwisant \u017curawi HDS\" class=\"wp-image-3936\" width=\"472\" height=\"315\" srcset=\"https:\/\/szkolenia-udt.pl\/wp-content\/uploads\/2023\/03\/screen_2x-46-1024x683.jpg 1024w, https:\/\/szkolenia-udt.pl\/wp-content\/uploads\/2023\/03\/screen_2x-46-300x200.jpg 300w, https:\/\/szkolenia-udt.pl\/wp-content\/uploads\/2023\/03\/screen_2x-46-768x512.jpg 768w, https:\/\/szkolenia-udt.pl\/wp-content\/uploads\/2023\/03\/screen_2x-46-1536x1024.jpg 1536w, https:\/\/szkolenia-udt.pl\/wp-content\/uploads\/2023\/03\/screen_2x-46-18x12.jpg 18w, https:\/\/szkolenia-udt.pl\/wp-content\/uploads\/2023\/03\/screen_2x-46.jpg 1600w\" sizes=\"auto, (max-width: 472px) 100vw, 472px\" \/><\/a><\/figure>\n<\/div>\n\n\n<p>W trakcie prowadzania napraw serwisowych urz\u0105dzenia kontaktujemy si\u0119 z klientem, by u\u015bwiadomi\u0107 go o dalszych pracach.&nbsp;<\/p>\n\n\n\n<p>Zakres us\u0142ug, jakie zosta\u0142y wykonywane i ca\u0142kowity opis dzia\u0142a\u0144 zostanie wpisany w naszym dzienniku zdarze\u0144 \u2013 ksi\u0105\u017cce serwisowej urz\u0105dzenia.<\/p>\n\n\n\n<p>Umo\u017cliwiamy tak\u017ce Pa\u0144stwu skorzystanie z us\u0142ug naszego serwisu mobilnego (ten rodzaj naprawy obejmuje jedynie niewielkie usterki).&nbsp;<\/p>\n\n\n\n<p><strong>Zapraszamy do nas, a na pewno si\u0119 nie zawiedziesz!<\/strong>&nbsp;<\/p>\n\n\n\n<p>W naszej ofercie poza us\u0142ugami z zakresu serwisu, naprawy czy konserwacji urz\u0105dze\u0144 podlegaj\u0105cych pod doz\u00f3r techniczny, znajd\u0105 Pa\u0144stwo tak\u017ce kursy i szkolenia zawodowe na uprawnienia UDT, TDT, WDT czy IMBiGS. <\/p>\n\n\n\n<h2 class=\"wp-block-heading\">Pytania i odpowiedzi:<\/h2>\n\n\n\t\t<details\t\thelp class=\"sc_fs_faq sc_card    \"\n\t\topen\t\t>\n\t\t\t\t\t<summary>\n\t\t\t\t<h3>1. Jakie rodzaje \u017curawi HDS naprawiacie?<\/h3>\t\t\t\t\t<\/summary>\n\t\t\t\t<div>\n\t\t\t\t\t\t<div class=\"sc_fs_faq__content\">\n\t\t\t\t\n\n<p>Naprawiamy \u017curawie HDS takie jak: le\u015bne, recyklingowe, budowlane typu HDS, na forwarderach, skiderach oraz harwesterach.&nbsp;&nbsp;<\/p>\n\n\t\t\t<\/div>\n\t\t<\/div>\n\t\t<\/details>\n\t\t\t\t<details\t\thelp class=\"sc_fs_faq sc_card    \"\n\t\t\t\t>\n\t\t\t\t\t<summary>\n\t\t\t\t<h3>2. Ile lat dzia\u0142acie na rynku? <\/h3>\t\t\t\t\t<\/summary>\n\t\t\t\t<div>\n\t\t\t\t\t\t<div class=\"sc_fs_faq__content\">\n\t\t\t\t\n\n<p>Na rynku jeste\u015bmy ju\u017c ponad 10 lat. Uda\u0142o nam si\u0119 uzyska\u0107 pozytywn\u0105 opini\u0119 klient\u00f3w, kt\u00f3rzy wychodz\u0105 od nas zadowoleni przebiegiem serwisu.<\/p>\n\n\t\t\t<\/div>\n\t\t<\/div>\n\t\t<\/details>\n\t\t\n<script type=\"application\/ld+json\">\n\t{\n\t\t\"@context\": \"https:\/\/schema.org\",\n\t\t\"@type\": \"FAQPage\",\n\t\t\"mainEntity\": [\n\t\t\t\t\t{\n\t\t\t\t\"@type\": \"Question\",\n\t\t\t\t\"name\": \"1. Jakie rodzaje \u017curawi HDS naprawiacie?\",\n\t\t\t\t\"acceptedAnswer\": {\n\t\t\t\t\t\"@type\": \"Answer\",\n\t\t\t\t\t\"text\": \"<p>Naprawiamy \u017curawie HDS takie jak: le\u015bne, recyklingowe, budowlane typu HDS, na forwarderach, skiderach oraz harwesterach.&nbsp;&nbsp;<\/p>\"\n\t\t\t\t\t\t\t\t\t}\n\t\t\t}\n\t\t\t,\t\t\t\t{\n\t\t\t\t\"@type\": \"Question\",\n\t\t\t\t\"name\": \"2. Ile lat dzia\u0142acie na rynku? \",\n\t\t\t\t\"acceptedAnswer\": {\n\t\t\t\t\t\"@type\": \"Answer\",\n\t\t\t\t\t\"text\": \"<p>Na rynku jeste\u015bmy ju\u017c ponad 10 lat. Uda\u0142o nam si\u0119 uzyska\u0107 pozytywn\u0105 opini\u0119 klient\u00f3w, kt\u00f3rzy wychodz\u0105 od nas zadowoleni przebiegiem serwisu.<\/p>\"\n\t\t\t\t\t\t\t\t\t}\n\t\t\t}\n\t\t\t\t\t\t]\n\t}\n<\/script>\n","protected":false},"excerpt":{"rendered":"<p>O\u015brodek Szkolenia Operator\u00f3w Nasza firma dzia\u0142a na rynku w zakresie serwisowania ju\u017c ponad 15 lat. Nasi pracownicy posiadaj\u0105 wieloletnie do\u015bwiadczenie w serwisie \u017curawi HDS. Cechuje nas wysoka jako\u015b\u0107 us\u0142ug oraz sumienno\u015b\u0107 w wykonywaniu powierzonych zada\u0144. W sk\u0142ad naszych us\u0142ug wchodz\u0105 kompletne naprawy, konserwacje, modernizacje oraz regeneracje maszyn. Umo\u017cliwiamy tak\u017ce prace serwisowe poprzez wykorzystanie naszego serwisu [&hellip;]<\/p>\n","protected":false},"author":10,"featured_media":4575,"parent":4354,"menu_order":0,"comment_status":"closed","ping_status":"closed","template":"","meta":{"footnotes":""},"class_list":["post-3931","page","type-page","status-publish","has-post-thumbnail","hentry"],"aioseo_notices":[],"_links":{"self":[{"href":"https:\/\/szkolenia-udt.pl\/ua\/wp-json\/wp\/v2\/pages\/3931","targetHints":{"allow":["GET"]}}],"collection":[{"href":"https:\/\/szkolenia-udt.pl\/ua\/wp-json\/wp\/v2\/pages"}],"about":[{"href":"https:\/\/szkolenia-udt.pl\/ua\/wp-json\/wp\/v2\/types\/page"}],"author":[{"embeddable":true,"href":"https:\/\/szkolenia-udt.pl\/ua\/wp-json\/wp\/v2\/users\/10"}],"replies":[{"embeddable":true,"href":"https:\/\/szkolenia-udt.pl\/ua\/wp-json\/wp\/v2\/comments?post=3931"}],"version-history":[{"count":17,"href":"https:\/\/szkolenia-udt.pl\/ua\/wp-json\/wp\/v2\/pages\/3931\/revisions"}],"predecessor-version":[{"id":4593,"href":"https:\/\/szkolenia-udt.pl\/ua\/wp-json\/wp\/v2\/pages\/3931\/revisions\/4593"}],"up":[{"embeddable":true,"href":"https:\/\/szkolenia-udt.pl\/ua\/wp-json\/wp\/v2\/pages\/4354"}],"wp:featuredmedia":[{"embeddable":true,"href":"https:\/\/szkolenia-udt.pl\/ua\/wp-json\/wp\/v2\/media\/4575"}],"wp:attachment":[{"href":"https:\/\/szkolenia-udt.pl\/ua\/wp-json\/wp\/v2\/media?parent=3931"}],"curies":[{"name":"wp","href":"https:\/\/api.w.org\/{rel}","templated":true}]}}