{"id":3959,"date":"2023-03-08T16:46:58","date_gmt":"2023-03-08T15:46:58","guid":{"rendered":"https:\/\/szkolenia-udt.pl\/?page_id=3959"},"modified":"2023-03-10T13:44:42","modified_gmt":"2023-03-10T12:44:42","slug":"%d0%be%d0%bf%d0%b5%d1%80%d0%b0%d1%82%d0%be%d1%80-%d0%be%d0%b1%d1%81%d0%bb%d1%83%d0%b3%d0%be%d0%b2%d1%83%d0%b2%d0%b0%d0%bd%d0%bd%d1%8f-%d0%ba%d1%80%d0%b0%d0%bd%d0%b0-%d0%ba%d1%80%d0%b0%d0%bd%d1%96","status":"publish","type":"page","link":"https:\/\/szkolenia-udt.pl\/ua\/kursy\/uprawnienia-udt-tdt-wdt\/operator-konserwator-zurawia-samojezdnego\/","title":{"rendered":"\u041a\u0443\u0440\u0441\u0438 \u0430\u0432\u0442\u043e\u043a\u0440\u0430\u043d\u0456\u0432 - \u0441\u0442\u0430\u043d\u044c \u043e\u043f\u0435\u0440\u0430\u0442\u043e\u0440\u043e\u043c \u0430\u0431\u043e \u043e\u0431\u0441\u043b\u0443\u0433\u043e\u0432\u0443\u044e\u0447\u0438\u043c \u043f\u0435\u0440\u0441\u043e\u043d\u0430\u043b\u043e\u043c UDT"},"content":{"rendered":"<div class=\"wp-block-image\">\n<figure class=\"alignright size-large is-resized\"><a href=\"https:\/\/szkolenia-udt.pl\/wp-content\/uploads\/2023\/03\/s2-40.jpg\"><img loading=\"lazy\" decoding=\"async\" src=\"https:\/\/szkolenia-udt.pl\/wp-content\/uploads\/2023\/03\/s2-40-1024x683.jpg\" alt=\"obs\u0142uga \u017curawi budowlanych samochodowych\" class=\"wp-image-3989\" width=\"512\" height=\"342\" srcset=\"https:\/\/szkolenia-udt.pl\/wp-content\/uploads\/2023\/03\/s2-40-1024x683.jpg 1024w, https:\/\/szkolenia-udt.pl\/wp-content\/uploads\/2023\/03\/s2-40-300x200.jpg 300w, https:\/\/szkolenia-udt.pl\/wp-content\/uploads\/2023\/03\/s2-40-768x512.jpg 768w, https:\/\/szkolenia-udt.pl\/wp-content\/uploads\/2023\/03\/s2-40-1536x1024.jpg 1536w, https:\/\/szkolenia-udt.pl\/wp-content\/uploads\/2023\/03\/s2-40-18x12.jpg 18w, https:\/\/szkolenia-udt.pl\/wp-content\/uploads\/2023\/03\/s2-40.jpg 1600w\" sizes=\"auto, (max-width: 512px) 100vw, 512px\" \/><\/a><\/figure>\n<\/div>\n\n\n<h2 class=\"wp-block-heading\">O naszych kursach<\/h2>\n\n\n\n<p>Zapraszamy na specjalistyczne szkolenia przygotowuj\u0105ce do uzyskania uprawnie\u0144 UDT oraz TDT, kt\u00f3re z sukcesem realizujemy od lat. Prowadzimy kursy z obs\u0142ugi i konserwacji wszystkich typ\u00f3w \u017curawi. <\/p>\n\n\n\n<p>Nasz program dostosowany jest do wymaga\u0144 egzaminacyjnych oraz wzbogacony o wiedz\u0119 i do\u015bwiadczenie ekspert\u00f3w.&nbsp;<\/p>\n\n\n\n<p>Realizacja zagadnie\u0144 odbywa si\u0119 z podzia\u0142em na cz\u0119\u015b\u0107 teoretyczn\u0105, kt\u00f3r\u0105 mo\u017cna odby\u0107 tak\u017ce ca\u0142kowicie zdalnie, i praktyczn\u0105 przy urz\u0105dzeniach pod okiem szkoleniowca. <\/p>\n\n\n\n<p>Realizujemy tak\u017ce kursy w siedzibie Klienta i na&nbsp;maszynach przygotowanych przez niego lub nas, w zale\u017cno\u015bci od umowy. Pozwala to zaoszcz\u0119dzi\u0107 czas kursant\u00f3w i jeszcze lepiej przygotowa\u0107 ich do pracy.&nbsp;<\/p>\n\n\n\n<h2 class=\"wp-block-heading\">Szkolenia w OSO to gwarancja:&nbsp;<\/h2>\n\n\n\n<ul class=\"wp-block-list\">\n<li>realizacji wszystkich zagadnie\u0144, kt\u00f3re obejmuje egzamin przed komisj\u0105 UDT;&nbsp;<\/li>\n\n\n\n<li>mo\u017cliwo\u015bci uczestnictwa w zaj\u0119ciach obejmuj\u0105cych zagadnienia teoretyczne ca\u0142kowicie zdalnie;&nbsp;&nbsp;<\/li>\n\n\n\n<li>opieki profesjonalnej, do\u015bwiadczonej kadry;&nbsp;<\/li>\n\n\n\n<li>szkolenia mo\u017cliwego do odbycia w siedzibie klienta;&nbsp;<\/li>\n\n\n\n<li>zaj\u0119\u0107 praktycznych na \u017curawiach samojezdnych.&nbsp;<\/li>\n<\/ul>\n\n\n\n<p>Uprawnienia UDT dla operator\u00f3w i konserwator\u00f3w \u017curawi samojezdnych wa\u017cne s\u0105 5 lat.&nbsp;&nbsp;<\/p>\n\n\n\n<p>Szkolimy specjalist\u00f3w z uprawnieniami UDT do obs\u0142ugi lub konserwacji maszyn marek takich jak: Bonfiglioli, MKG, Palfinger, HMF, Hiab, Fassi, Befard.&nbsp;<\/p>\n\n\n<div class=\"wp-block-image\">\n<figure class=\"alignright size-large is-resized\"><a href=\"https:\/\/szkolenia-udt.pl\/wp-content\/uploads\/2023\/03\/s2-41.jpg\"><img loading=\"lazy\" decoding=\"async\" src=\"https:\/\/szkolenia-udt.pl\/wp-content\/uploads\/2023\/03\/s2-41-684x1024.jpg\" alt=\"kurs na d\u017awigi samojezdne \" class=\"wp-image-3990\" width=\"342\" height=\"512\" srcset=\"https:\/\/szkolenia-udt.pl\/wp-content\/uploads\/2023\/03\/s2-41-684x1024.jpg 684w, https:\/\/szkolenia-udt.pl\/wp-content\/uploads\/2023\/03\/s2-41-200x300.jpg 200w, https:\/\/szkolenia-udt.pl\/wp-content\/uploads\/2023\/03\/s2-41-768x1151.jpg 768w, https:\/\/szkolenia-udt.pl\/wp-content\/uploads\/2023\/03\/s2-41-1025x1536.jpg 1025w, https:\/\/szkolenia-udt.pl\/wp-content\/uploads\/2023\/03\/s2-41-8x12.jpg 8w, https:\/\/szkolenia-udt.pl\/wp-content\/uploads\/2023\/03\/s2-41.jpg 1068w\" sizes=\"auto, (max-width: 342px) 100vw, 342px\" \/><\/a><\/figure>\n<\/div>\n\n\n<h2 class=\"wp-block-heading\">Operator \u017curawi samojezdnych \u2013 program szkolenia:&nbsp;<\/h2>\n\n\n\n<p>Plan kursu obejmuje wytyczne UDT m.in.:&nbsp;<\/p>\n\n\n\n<ul class=\"wp-block-list\">\n<li>wiedz\u0119 podstawow\u0105 o \u017curawiach;&nbsp;<\/li>\n\n\n\n<li>typy \u017curawi;&nbsp;<\/li>\n\n\n\n<li>techniczne parametry \u017curawi samojezdnych;&nbsp;<\/li>\n\n\n\n<li>podstawowe rodzaje zabezpiecze\u0144;&nbsp;<\/li>\n\n\n\n<li>typy nap\u0119d\u00f3w i ich dzia\u0142anie;&nbsp;<\/li>\n\n\n\n<li>dokumentacj\u0119 \u2013 wymagania i prowadzenie;&nbsp;<\/li>\n\n\n\n<li>BHP;&nbsp;<\/li>\n\n\n\n<li>zaj\u0119cia praktyczne na placu manewrowym.&nbsp;<\/li>\n<\/ul>\n\n\n\n<h2 class=\"wp-block-heading\">Konserwator \u017curawi samojezdnych \u2013 program:&nbsp;<\/h2>\n\n\n\n<ul class=\"wp-block-list\">\n<li>dokumentacja techniczna \u2013 wytyczne UDT;&nbsp;<\/li>\n\n\n\n<li>budowa i rodzaje \u017curawi;&nbsp;<\/li>\n\n\n\n<li>zasady bezpiecze\u0144stwa w trakcie pracy;&nbsp;<\/li>\n\n\n\n<li>obowi\u0105zki i uprawnienia konserwatora;&nbsp;<\/li>\n\n\n\n<li>najcz\u0119stsze usterki i sposoby ich naprawy;&nbsp;<\/li>\n\n\n\n<li>zasady prawid\u0142owej eksploatacji;&nbsp;<\/li>\n\n\n\n<li>pisanie planu konserwacji;&nbsp;<\/li>\n\n\n\n<li>praktyka przy \u017curawiach.&nbsp;<\/li>\n<\/ul>\n\n\n\n<p>Konserwacja dotyczy wszystkich maszyn przemieszczaj\u0105cych si\u0119 na ko\u0142ach, \u017curawi i podest\u00f3w ruchomych.&nbsp;<\/p>\n\n\n\n<p>Szkolenie na konserwatora \u017curawi samojezdnych oraz przeno\u015bnych obejmuje uprawnienia na \u017curawie stacjonarne i wci\u0105gniki, a tak\u017ce wci\u0105garki og\u00f3lnego przeznaczenia.&nbsp;<\/p>\n\n\n\n<h2 class=\"wp-block-heading\">Wymagania, by przyst\u0105pi\u0107 do kursu:&nbsp;&nbsp;<\/h2>\n\n\n\n<ul class=\"wp-block-list\">\n<li>sko\u0144czony 18. rok \u017cycia,&nbsp;&nbsp;<\/li>\n\n\n\n<li>przychylna opinia lekarza medycyny pracy,&nbsp;<\/li>\n\n\n\n<li>minimum wykszta\u0142cenie podstawowe,&nbsp;<\/li>\n\n\n\n<li>prawo jazdy min. kat. B (operator \u017curawi) lub kat. C (poruszanie si\u0119 \u017curawiem po drogach).&nbsp;<\/li>\n<\/ul>\n\n\n\n<h2 class=\"wp-block-heading\">Specyfikacja \u017curawi samojezdnych&nbsp;<\/h2>\n\n\n<div class=\"wp-block-image\">\n<figure class=\"alignright size-large is-resized\"><a href=\"https:\/\/szkolenia-udt.pl\/wp-content\/uploads\/2023\/03\/s2-42.jpg\"><img loading=\"lazy\" decoding=\"async\" src=\"https:\/\/szkolenia-udt.pl\/wp-content\/uploads\/2023\/03\/s2-42-1024x678.jpg\" alt=\"\u017curaw samojezdny podczas pracy\" class=\"wp-image-3991\" width=\"512\" height=\"339\" srcset=\"https:\/\/szkolenia-udt.pl\/wp-content\/uploads\/2023\/03\/s2-42-1024x678.jpg 1024w, https:\/\/szkolenia-udt.pl\/wp-content\/uploads\/2023\/03\/s2-42-300x199.jpg 300w, https:\/\/szkolenia-udt.pl\/wp-content\/uploads\/2023\/03\/s2-42-768x509.jpg 768w, https:\/\/szkolenia-udt.pl\/wp-content\/uploads\/2023\/03\/s2-42-1536x1018.jpg 1536w, https:\/\/szkolenia-udt.pl\/wp-content\/uploads\/2023\/03\/s2-42-18x12.jpg 18w, https:\/\/szkolenia-udt.pl\/wp-content\/uploads\/2023\/03\/s2-42.jpg 1600w\" sizes=\"auto, (max-width: 512px) 100vw, 512px\" \/><\/a><\/figure>\n<\/div>\n\n\n<p>S\u0105 to d\u017awignice zamieszczone na odpowiednio wzmocnionym podwoziu samochodu ci\u0119\u017carowego lub te\u017c na specjalnie skonstruowanym podwoziu samojezdnym. Nap\u0119dzane s\u0105 przez jeden lub dwa silniki, z czego jeden s\u0142u\u017cy wy\u0142\u0105cznie do nap\u0119du jazdy. \u017burawie samojezdne z\u0142o\u017cone s\u0105 z wci\u0105garek i wysi\u0119gnika wychylnego, kt\u00f3ry pozwala podnosi\u0107, opuszcza\u0107 czy te\u017c przemieszcza\u0107 elementy.&nbsp;&nbsp;<\/p>\n\n\n\n<h3 class=\"wp-block-heading\">\u017buraw samojezdny posiada 2 tryby pracy:&nbsp;<\/h3>\n\n\n\n<ul class=\"wp-block-list\">\n<li><strong>d\u017awigowy<\/strong>, w kt\u00f3rym, aby zapewni\u0107 stabilno\u015b\u0107, podwozie jest zazwyczaj podnoszone na wysuwanych podporach, tzw. \u0142apach;&nbsp;&nbsp;<\/li>\n\n\n\n<li><strong>transportowy.<\/strong>&nbsp;<\/li>\n<\/ul>\n\n\n\n<div class=\"wp-block-columns is-layout-flex wp-container-core-columns-is-layout-9d6595d7 wp-block-columns-is-layout-flex\">\n<div class=\"wp-block-column is-layout-flow wp-block-column-is-layout-flow\">\n<h2 class=\"wp-block-heading\">G\u0142\u00f3wne zastosowanie \u017curawi samojezdnych:&nbsp;<\/h2>\n\n\n\n<ul class=\"wp-block-list\">\n<li>prace transportowe,&nbsp;<\/li>\n\n\n\n<li>prace prze\u0142adunkowe,&nbsp;&nbsp;<\/li>\n\n\n\n<li>monta\u017c obiekt\u00f3w przemys\u0142owych;&nbsp;<\/li>\n<\/ul>\n<\/div>\n\n\n\n<div class=\"wp-block-column is-layout-flow wp-block-column-is-layout-flow\">\n<h3 class=\"wp-block-heading\">Miejsca stosowania \u017curawi:&nbsp;<\/h3>\n\n\n\n<ul class=\"wp-block-list\">\n<li>zak\u0142ady pracy,&nbsp;<\/li>\n\n\n\n<li>porty,&nbsp;<\/li>\n\n\n\n<li>sk\u0142adowiska,&nbsp;<\/li>\n\n\n\n<li>bazy transportowe;&nbsp;<\/li>\n<\/ul>\n<\/div>\n<\/div>\n\n\n\n<div class=\"wp-block-columns is-layout-flex wp-container-core-columns-is-layout-9d6595d7 wp-block-columns-is-layout-flex\">\n<div class=\"wp-block-column is-layout-flow wp-block-column-is-layout-flow\">\n<h3 class=\"wp-block-heading\">Typy \u017curawi samojezdnych z uwzgl\u0119dnieniem podwozia:&nbsp;<\/h3>\n\n\n\n<ul class=\"wp-block-list\">\n<li>\u017curawie samochodowe,&nbsp;<\/li>\n\n\n\n<li>\u017curawie jezdniowo \u2013 terenowe,&nbsp;<\/li>\n\n\n\n<li>\u017curawie g\u0105sienicowe,&nbsp;<\/li>\n\n\n\n<li>\u017curawie terenowe ko\u0142owe;&nbsp;<\/li>\n<\/ul>\n<\/div>\n\n\n\n<div class=\"wp-block-column is-layout-flow wp-block-column-is-layout-flow\">\n<h3 class=\"wp-block-heading\">Podzia\u0142 ze wzgl\u0119du na typ nap\u0119du:&nbsp;<\/h3>\n\n\n\n<ul class=\"wp-block-list\">\n<li>spalinowo \u2013 elektryczne,&nbsp;<\/li>\n\n\n\n<li>spalinowo \u2013 mechaniczne,&nbsp;<\/li>\n\n\n\n<li>spalinowo \u2013 hydrauliczne.&nbsp;<\/li>\n<\/ul>\n<\/div>\n<\/div>\n\n\n<div class=\"wp-block-image\">\n<figure class=\"alignright size-full is-resized\"><a href=\"https:\/\/szkolenia-udt.pl\/wp-content\/uploads\/2023\/03\/Autojerab-AD30.jpg\"><img loading=\"lazy\" decoding=\"async\" src=\"https:\/\/szkolenia-udt.pl\/wp-content\/uploads\/2023\/03\/Autojerab-AD30.jpg\" alt=\"Panel sterujacy \u017curawia samojezdnego\" class=\"wp-image-3992\" width=\"500\" height=\"333\" srcset=\"https:\/\/szkolenia-udt.pl\/wp-content\/uploads\/2023\/03\/Autojerab-AD30.jpg 1000w, https:\/\/szkolenia-udt.pl\/wp-content\/uploads\/2023\/03\/Autojerab-AD30-300x200.jpg 300w, https:\/\/szkolenia-udt.pl\/wp-content\/uploads\/2023\/03\/Autojerab-AD30-768x511.jpg 768w, https:\/\/szkolenia-udt.pl\/wp-content\/uploads\/2023\/03\/Autojerab-AD30-18x12.jpg 18w\" sizes=\"auto, (max-width: 500px) 100vw, 500px\" \/><\/a><\/figure>\n<\/div>\n\n\n<h2 class=\"wp-block-heading\">Kategorie \u017curawi wed\u0142ug wytycznych UDT:&nbsp;<\/h2>\n\n\n\n<ul class=\"wp-block-list\">\n<li>samojezdne,&nbsp;<\/li>\n\n\n\n<li>stacjonarne,&nbsp;<\/li>\n\n\n\n<li>p\u0142ywaj\u0105ce,&nbsp;<\/li>\n\n\n\n<li>przewo\u017ane, <\/li>\n\n\n\n<li>przeno\u015bne,&nbsp;<\/li>\n\n\n\n<li>pok\u0142adowe,&nbsp;<\/li>\n\n\n\n<li>wie\u017cowe,&nbsp;<\/li>\n\n\n\n<li>kolejowe,&nbsp;<\/li>\n\n\n\n<li>szynowe.&nbsp;<\/li>\n<\/ul>\n\n\n\n<h2 class=\"wp-block-heading\">Poznaj pe\u0142n\u0105 ofert\u0119 naszych szkole\u0144&nbsp;<\/h2>\n\n\n\n<p>W OSO prowadzimy kursy z obs\u0142ugi i konserwacji wielu urz\u0105dze\u0144 UDT i TDT. Zapraszamy na szkolenia daj\u0105ce uprawnienia do pracy przy:&nbsp;<\/p>\n\n\n\n<ul class=\"wp-block-list\">\n<li>wci\u0105garkach,&nbsp;<\/li>\n\n\n\n<li>wci\u0105gnikach,&nbsp;<\/li>\n\n\n\n<li>wypornicach,&nbsp;<\/li>\n\n\n\n<li>suwnicach,&nbsp;<\/li>\n\n\n\n<li>uk\u0142adnicach torowych,&nbsp;<\/li>\n\n\n\n<li>podno\u015bnikach,&nbsp;<\/li>\n\n\n\n<li>korektorach po\u0142o\u017cenia,&nbsp;<\/li>\n\n\n\n<li>kolejach linowych,&nbsp;<\/li>\n\n\n\n<li>wyci\u0105gach towarowych,&nbsp;<\/li>\n\n\n\n<li>wyci\u0105gach statk\u00f3w,&nbsp;<\/li>\n\n\n\n<li>urz\u0105dzeniach dla os\u00f3b niepe\u0142nosprawnych,&nbsp;<\/li>\n\n\n\n<li>zbiornikach przeno\u015bnych,&nbsp;<\/li>\n\n\n\n<li>urz\u0105dzeniach WDT,&nbsp;<\/li>\n\n\n\n<li>wyci\u0105gach turystyczno \u2013 sportowych,&nbsp;<\/li>\n\n\n\n<li>podestach ruchomych stacjonarnych, przewo\u017anych, masztowych i wisz\u0105cych.&nbsp;<\/li>\n<\/ul>\n\n\n\n<p><strong>Zapraszamy do zapis\u00f3w!<\/strong>&nbsp;<\/p>\n\n\n\n<h2 class=\"wp-block-heading\">Pytania i odpowiedzi:<\/h2>\n\n\n\t\t<details\t\thelp class=\"sc_fs_faq sc_card    \"\n\t\topen\t\t>\n\t\t\t\t\t<summary>\n\t\t\t\t<h3>1. Jakie uprawnienia mo\u017cna uzyska\u0107 po szkoleniu? <\/h3>\t\t\t\t\t<\/summary>\n\t\t\t\t<div>\n\t\t\t\t\t\t<div class=\"sc_fs_faq__content\">\n\t\t\t\t\n\n<p>W zale\u017cno\u015bci od typu urz\u0105dzenia, Kursant podchodzi do egzaminu pa\u0144stwowego przed komisj\u0105 UDT lub TDT. Uprawnienia pozwalaj\u0105 na prac\u0119 w zawodzie operatora lub konserwatora maszyn przez 5-10 lat, w zale\u017cno\u015bci od klasyfikacji urz\u0105dzenia.&nbsp;&nbsp;<\/p>\n\n\t\t\t<\/div>\n\t\t<\/div>\n\t\t<\/details>\n\t\t\t\t<details\t\thelp class=\"sc_fs_faq sc_card    \"\n\t\t\t\t>\n\t\t\t\t\t<summary>\n\t\t\t\t<h3>2. Jakich maszyn dotycz\u0105 szkolenia? <\/h3>\t\t\t\t\t<\/summary>\n\t\t\t\t<div>\n\t\t\t\t\t\t<div class=\"sc_fs_faq__content\">\n\t\t\t\t\n\n<p>Prowadzimy szkolenia daj\u0105ce uprawnianie operator\u00f3w lub konserwator\u00f3w maszyn.&nbsp;Najcz\u0119\u015bciej wybierane kursy dotycz\u0105 \u017curawi, w\u00f3zk\u00f3w wid\u0142owych, suwnic, zwy\u017cek i podest\u00f3w ruchomych.&nbsp;<\/p>\n\n\t\t\t<\/div>\n\t\t<\/div>\n\t\t<\/details>\n\t\t\t\t<details\t\thelp class=\"sc_fs_faq sc_card    \"\n\t\t\t\t>\n\t\t\t\t\t<summary>\n\t\t\t\t<h3>3. Co obejmuje szkolenie na \u017curawie samojezdne?<\/h3>\t\t\t\t\t<\/summary>\n\t\t\t\t<div>\n\t\t\t\t\t\t<div class=\"sc_fs_faq__content\">\n\t\t\t\t\n\n<p>Program kursu obejmuje teoretyczne i praktyczne przygotowanie do egzaminu UDT. Wyk\u0142ady zawieraj\u0105 zakres poj\u0119\u0107 tj.: BHP, obowi\u0105zki operatora\/ konserwatora, zasady prawid\u0142owej eksploatacji czy post\u0119powanie w przypadku awarii.&nbsp;&nbsp;<\/p>\n\n\t\t\t<\/div>\n\t\t<\/div>\n\t\t<\/details>\n\t\t\t\t<details\t\thelp class=\"sc_fs_faq sc_card    \"\n\t\t\t\t>\n\t\t\t\t\t<summary>\n\t\t\t\t<h3>4. Jakiego typu dotycz\u0105 kursy na \u017curawie samojezdne? <\/h3>\t\t\t\t\t<\/summary>\n\t\t\t\t<div>\n\t\t\t\t\t\t<div class=\"sc_fs_faq__content\">\n\t\t\t\t\n\n<p>Szkolimy na r\u00f3\u017cne typy d\u017awig\u00f3w samojezdnych. Nale\u017c\u0105 do nich te z nap\u0119dem: spalinowo \u2013 elektrycznym, hydraulicznym oraz mechanicznym, a tak\u017ce: samochodowe, g\u0105sienicowe, jezdniowo \u2013 terenowe oraz terenowo &#8211; ko\u0142owe.&nbsp;<\/p>\n\n\t\t\t<\/div>\n\t\t<\/div>\n\t\t<\/details>\n\t\t\n<script type=\"application\/ld+json\">\n\t{\n\t\t\"@context\": \"https:\/\/schema.org\",\n\t\t\"@type\": \"FAQPage\",\n\t\t\"mainEntity\": [\n\t\t\t\t\t{\n\t\t\t\t\"@type\": \"Question\",\n\t\t\t\t\"name\": \"1. Jakie uprawnienia mo\u017cna uzyska\u0107 po szkoleniu? \",\n\t\t\t\t\"acceptedAnswer\": {\n\t\t\t\t\t\"@type\": \"Answer\",\n\t\t\t\t\t\"text\": \"<p>W zale\u017cno\u015bci od typu urz\u0105dzenia, Kursant podchodzi do egzaminu pa\u0144stwowego przed komisj\u0105 UDT lub TDT. Uprawnienia pozwalaj\u0105 na prac\u0119 w zawodzie operatora lub konserwatora maszyn przez 5-10 lat, w zale\u017cno\u015bci od klasyfikacji urz\u0105dzenia.&nbsp;&nbsp;<\/p>\"\n\t\t\t\t\t\t\t\t\t}\n\t\t\t}\n\t\t\t,\t\t\t\t{\n\t\t\t\t\"@type\": \"Question\",\n\t\t\t\t\"name\": \"2. Jakich maszyn dotycz\u0105 szkolenia? \",\n\t\t\t\t\"acceptedAnswer\": {\n\t\t\t\t\t\"@type\": \"Answer\",\n\t\t\t\t\t\"text\": \"<p>Prowadzimy szkolenia daj\u0105ce uprawnianie operator\u00f3w lub konserwator\u00f3w maszyn.&nbsp;Najcz\u0119\u015bciej wybierane kursy dotycz\u0105 \u017curawi, w\u00f3zk\u00f3w wid\u0142owych, suwnic, zwy\u017cek i podest\u00f3w ruchomych.&nbsp;<\/p>\"\n\t\t\t\t\t\t\t\t\t}\n\t\t\t}\n\t\t\t,\t\t\t\t{\n\t\t\t\t\"@type\": \"Question\",\n\t\t\t\t\"name\": \"3. Co obejmuje szkolenie na \u017curawie samojezdne?\",\n\t\t\t\t\"acceptedAnswer\": {\n\t\t\t\t\t\"@type\": \"Answer\",\n\t\t\t\t\t\"text\": \"<p>Program kursu obejmuje teoretyczne i praktyczne przygotowanie do egzaminu UDT. Wyk\u0142ady zawieraj\u0105 zakres poj\u0119\u0107 tj.: BHP, obowi\u0105zki operatora\/ konserwatora, zasady prawid\u0142owej eksploatacji czy post\u0119powanie w przypadku awarii.&nbsp;&nbsp;<\/p>\"\n\t\t\t\t\t\t\t\t\t}\n\t\t\t}\n\t\t\t,\t\t\t\t{\n\t\t\t\t\"@type\": \"Question\",\n\t\t\t\t\"name\": \"4. Jakiego typu dotycz\u0105 kursy na \u017curawie samojezdne? \",\n\t\t\t\t\"acceptedAnswer\": {\n\t\t\t\t\t\"@type\": \"Answer\",\n\t\t\t\t\t\"text\": \"<p>Szkolimy na r\u00f3\u017cne typy d\u017awig\u00f3w samojezdnych. Nale\u017c\u0105 do nich te z nap\u0119dem: spalinowo \u2013 elektrycznym, hydraulicznym oraz mechanicznym, a tak\u017ce: samochodowe, g\u0105sienicowe, jezdniowo \u2013 terenowe oraz terenowo - ko\u0142owe.&nbsp;<\/p>\"\n\t\t\t\t\t\t\t\t\t}\n\t\t\t}\n\t\t\t\t\t\t]\n\t}\n<\/script>\n","protected":false},"excerpt":{"rendered":"<p>O naszych kursach Zapraszamy na specjalistyczne szkolenia przygotowuj\u0105ce do uzyskania uprawnie\u0144 UDT oraz TDT, kt\u00f3re z sukcesem realizujemy od lat. Prowadzimy kursy z obs\u0142ugi i konserwacji wszystkich typ\u00f3w \u017curawi. Nasz program dostosowany jest do wymaga\u0144 egzaminacyjnych oraz wzbogacony o wiedz\u0119 i do\u015bwiadczenie ekspert\u00f3w.&nbsp; Realizacja zagadnie\u0144 odbywa si\u0119 z podzia\u0142em na cz\u0119\u015b\u0107 teoretyczn\u0105, kt\u00f3r\u0105 mo\u017cna odby\u0107 [&hellip;]<\/p>\n","protected":false},"author":10,"featured_media":3989,"parent":2266,"menu_order":0,"comment_status":"closed","ping_status":"closed","template":"","meta":{"footnotes":""},"class_list":["post-3959","page","type-page","status-publish","has-post-thumbnail","hentry"],"aioseo_notices":[],"_links":{"self":[{"href":"https:\/\/szkolenia-udt.pl\/ua\/wp-json\/wp\/v2\/pages\/3959","targetHints":{"allow":["GET"]}}],"collection":[{"href":"https:\/\/szkolenia-udt.pl\/ua\/wp-json\/wp\/v2\/pages"}],"about":[{"href":"https:\/\/szkolenia-udt.pl\/ua\/wp-json\/wp\/v2\/types\/page"}],"author":[{"embeddable":true,"href":"https:\/\/szkolenia-udt.pl\/ua\/wp-json\/wp\/v2\/users\/10"}],"replies":[{"embeddable":true,"href":"https:\/\/szkolenia-udt.pl\/ua\/wp-json\/wp\/v2\/comments?post=3959"}],"version-history":[{"count":12,"href":"https:\/\/szkolenia-udt.pl\/ua\/wp-json\/wp\/v2\/pages\/3959\/revisions"}],"predecessor-version":[{"id":4451,"href":"https:\/\/szkolenia-udt.pl\/ua\/wp-json\/wp\/v2\/pages\/3959\/revisions\/4451"}],"up":[{"embeddable":true,"href":"https:\/\/szkolenia-udt.pl\/ua\/wp-json\/wp\/v2\/pages\/2266"}],"wp:featuredmedia":[{"embeddable":true,"href":"https:\/\/szkolenia-udt.pl\/ua\/wp-json\/wp\/v2\/media\/3989"}],"wp:attachment":[{"href":"https:\/\/szkolenia-udt.pl\/ua\/wp-json\/wp\/v2\/media?parent=3959"}],"curies":[{"name":"wp","href":"https:\/\/api.w.org\/{rel}","templated":true}]}}