{"id":4073,"date":"2023-03-08T17:07:16","date_gmt":"2023-03-08T16:07:16","guid":{"rendered":"https:\/\/szkolenia-udt.pl\/?page_id=4073"},"modified":"2023-03-09T15:07:53","modified_gmt":"2023-03-09T14:07:53","slug":"%d0%b0%d1%83%d0%b4%d0%b8%d1%82-%d0%be%d0%b1%d0%bb%d0%b0%d0%b4%d0%bd%d0%b0%d0%bd%d0%bd%d1%8f-udt","status":"publish","type":"page","link":"https:\/\/szkolenia-udt.pl\/ua\/zakres-uslug\/audyt-maszyn-udt\/","title":{"rendered":"\u0410\u0443\u0434\u0438\u0442 \u043e\u0431\u043b\u0430\u0434\u043d\u0430\u043d\u043d\u044f \u0423\u0417\u0414"},"content":{"rendered":"\n<h2 class=\"wp-block-heading\">O OSO<\/h2>\n\n\n<div class=\"wp-block-image\">\n<figure class=\"alignright size-large is-resized\"><a href=\"https:\/\/szkolenia-udt.pl\/wp-content\/uploads\/2023\/03\/pobrane.webp\"><img loading=\"lazy\" decoding=\"async\" src=\"https:\/\/szkolenia-udt.pl\/wp-content\/uploads\/2023\/03\/pobrane-1024x682.webp\" alt=\"biuro budowlane\" class=\"wp-image-4080\" width=\"494\" height=\"329\" srcset=\"https:\/\/szkolenia-udt.pl\/wp-content\/uploads\/2023\/03\/pobrane-1024x682.webp 1024w, https:\/\/szkolenia-udt.pl\/wp-content\/uploads\/2023\/03\/pobrane-300x200.webp 300w, https:\/\/szkolenia-udt.pl\/wp-content\/uploads\/2023\/03\/pobrane-768x512.webp 768w, https:\/\/szkolenia-udt.pl\/wp-content\/uploads\/2023\/03\/pobrane-1536x1024.webp 1536w, https:\/\/szkolenia-udt.pl\/wp-content\/uploads\/2023\/03\/pobrane-18x12.webp 18w, https:\/\/szkolenia-udt.pl\/wp-content\/uploads\/2023\/03\/pobrane.webp 2000w\" sizes=\"auto, (max-width: 494px) 100vw, 494px\" \/><\/a><\/figure>\n<\/div>\n\n\n<p>Nasza firma OSO prowadzi us\u0142ug\u0119 opieraj\u0105c\u0105 si\u0119 na serwisie maszyn UDT. Mianowicie prowadzimy badania diagnostyczne, kontrolujemy sprz\u0119t w zakresie wykonywania przez niego dalszych prac oraz sprawdzamy, czy spe\u0142nia wymogi dotycz\u0105ce bezpiecze\u0144stwa.&nbsp;&nbsp;<\/p>\n\n\n\n<h2 class=\"wp-block-heading\">Urz\u0105dzenia UDT&nbsp;<\/h2>\n\n\n\n<p>Urz\u0105dzenia UDT to specjalistyczne maszyny, kt\u00f3re wykorzystuje si\u0119 m.in. w pracach budowlanych i magazynowych. Wszystkie maszyny UDT podlegaj\u0105 pod Urz\u0105d Dozoru Technicznego. Ka\u017cda osoba, kt\u00f3ra chce podj\u0105\u0107 si\u0119 obs\u0142ugi maszyn UDT, musi mie\u0107 specjalne uprawnienia, kt\u00f3re otrzymuje si\u0119 poprzez zdanie egzaminu pa\u0144stwowego przed komisj\u0105 UDT. <\/p>\n\n\n\n<p>Maszyny podlegaj\u0105ce pod t\u0105 instytucj\u0119, przeznaczone s\u0105 do wykonywania za\u0142adunk\u00f3w, roz\u0142adunk\u00f3w oraz prac transportowych. UDT dzieli urz\u0105dzenia na poszczeg\u00f3lne kategorie, a mianowicie:&nbsp;<\/p>\n\n\n\n<ul class=\"wp-block-list\">\n<li>urz\u0105dzenia do transportu bliskiego,&nbsp;<\/li>\n\n\n\n<li>urz\u0105dzenia do odzyskiwania par z paliw,&nbsp;<\/li>\n\n\n\n<li>urz\u0105dzenia bezci\u015bnieniowe,&nbsp;<\/li>\n\n\n\n<li>urz\u0105dzenia ci\u015bnieniowe.&nbsp;<\/li>\n<\/ul>\n\n\n\n<h2 class=\"wp-block-heading\">Przegl\u0105dy okresowe&nbsp;&nbsp;<\/h2>\n\n\n\n<p>Urz\u0105d Dozoru Technicznego odpowiedzialny jest za przeprowadzanie rejestracji urz\u0105dze\u0144 oraz za kontrol\u0119 urz\u0105dze\u0144 poprzez wykonywanie rutynowych przegl\u0105d\u00f3w. Przegl\u0105d jest wykonywany zawsze w ustalonym wcze\u015bniej terminie, a podczas owego przegl\u0105du maszyna sprawdzana jest pod wzgl\u0119dem wype\u0142niania wymog\u00f3w ustalonych przez urz\u0105d. Po pe\u0142nym wykonaniu czynno\u015bci kontrolnych otrzymuje si\u0119 od UDT za\u015bwiadczenie potwierdzaj\u0105ce wykonanie owego przegl\u0105du. <\/p>\n\n\n\n<p>Firma OSO r\u00f3wnie\u017c oferuje Pa\u0144stwu doradztwo techniczne.&nbsp;&nbsp;<\/p>\n\n\n<div class=\"wp-block-image\">\n<figure class=\"alignleft size-large is-resized\"><a href=\"https:\/\/szkolenia-udt.pl\/wp-content\/uploads\/2023\/03\/screen_2x-67.jpg\"><img loading=\"lazy\" decoding=\"async\" src=\"https:\/\/szkolenia-udt.pl\/wp-content\/uploads\/2023\/03\/screen_2x-67-1024x684.jpg\" alt=\"Naprawa w\u00f3zka wid\u0142owego\" class=\"wp-image-4077\" width=\"444\" height=\"296\" srcset=\"https:\/\/szkolenia-udt.pl\/wp-content\/uploads\/2023\/03\/screen_2x-67-1024x684.jpg 1024w, https:\/\/szkolenia-udt.pl\/wp-content\/uploads\/2023\/03\/screen_2x-67-300x200.jpg 300w, https:\/\/szkolenia-udt.pl\/wp-content\/uploads\/2023\/03\/screen_2x-67-768x513.jpg 768w, https:\/\/szkolenia-udt.pl\/wp-content\/uploads\/2023\/03\/screen_2x-67-1536x1025.jpg 1536w, https:\/\/szkolenia-udt.pl\/wp-content\/uploads\/2023\/03\/screen_2x-67-18x12.jpg 18w, https:\/\/szkolenia-udt.pl\/wp-content\/uploads\/2023\/03\/screen_2x-67.jpg 1600w\" sizes=\"auto, (max-width: 444px) 100vw, 444px\" \/><\/a><\/figure>\n<\/div>\n\n\n<h2 class=\"wp-block-heading\">Co uwzgl\u0119dnia audyt?&nbsp;<\/h2>\n\n\n\n<p>Opieramy si\u0119 g\u0142\u00f3wnie na kontroli maszyn oraz wykonywaniu bada\u0144 diagnostycznych dla urz\u0105dze\u0144 transportu bliskiego, takich jak:&nbsp;&nbsp;<\/p>\n\n\n\n<ul class=\"wp-block-list\">\n<li>\u0142adowarki teleskopowe,&nbsp;<\/li>\n\n\n\n<li>podesty ruchome (koszowe i no\u017cycowe),&nbsp;<\/li>\n\n\n\n<li>\u017curawie HDS,&nbsp;<\/li>\n\n\n\n<li>suwnice,&nbsp;<\/li>\n\n\n\n<li>w\u00f3zki wid\u0142owe,&nbsp;<\/li>\n\n\n\n<li>windy przemys\u0142owe.&nbsp;<\/li>\n<\/ul>\n\n\n\n<p>Maszyny te nara\u017cone s\u0105 na du\u017ce zu\u017cycia, wi\u0119c wykonywanie audytu jest dzia\u0142aniem obowi\u0105zkowym, by oceni\u0107 ich stan bezpiecze\u0144stwa oraz stan techniczny.&nbsp;<\/p>\n\n\n\n<h2 class=\"wp-block-heading\">W jaki spos\u00f3b przebiega audyt?&nbsp;<\/h2>\n\n\n<div class=\"wp-block-image\">\n<figure class=\"alignright size-large is-resized\"><a href=\"https:\/\/szkolenia-udt.pl\/wp-content\/uploads\/2023\/03\/screen_2x-65.jpg\"><img loading=\"lazy\" decoding=\"async\" src=\"https:\/\/szkolenia-udt.pl\/wp-content\/uploads\/2023\/03\/screen_2x-65-1024x683.jpg\" alt=\"przegl\u0105d okresowy suwnicy\" class=\"wp-image-4074\" width=\"512\" height=\"342\" srcset=\"https:\/\/szkolenia-udt.pl\/wp-content\/uploads\/2023\/03\/screen_2x-65-1024x683.jpg 1024w, https:\/\/szkolenia-udt.pl\/wp-content\/uploads\/2023\/03\/screen_2x-65-300x200.jpg 300w, https:\/\/szkolenia-udt.pl\/wp-content\/uploads\/2023\/03\/screen_2x-65-768x512.jpg 768w, https:\/\/szkolenia-udt.pl\/wp-content\/uploads\/2023\/03\/screen_2x-65-1536x1024.jpg 1536w, https:\/\/szkolenia-udt.pl\/wp-content\/uploads\/2023\/03\/screen_2x-65-18x12.jpg 18w, https:\/\/szkolenia-udt.pl\/wp-content\/uploads\/2023\/03\/screen_2x-65.jpg 1600w\" sizes=\"auto, (max-width: 512px) 100vw, 512px\" \/><\/a><\/figure>\n<\/div>\n\n\n<p>Audyt sprz\u0119tu UDT, polega na wykonaniu kontrolnych bada\u0144 w celu zweryfikowania czy maszyna nadaje si\u0119 do wykonywania dalszych prac. Dzi\u0119ki temu mo\u017cemy w pe\u0142ni dowiedzie\u0107 si\u0119 czy wykonywanie pracy na tej maszynie jest bezpieczne. Podczas audytu s\u0105 przeprowadzane takie czynno\u015bci jak:&nbsp;&nbsp;<\/p>\n\n\n\n<ul class=\"wp-block-list\">\n<li>wykonanie dokumentacji technicznej,&nbsp;<\/li>\n\n\n\n<li>wykonaniem bada\u0144 diagnostycznych,&nbsp;<\/li>\n\n\n\n<li>sprawdzanie maszyny pod wzgl\u0119dem bezpiecze\u0144stwa,&nbsp;<\/li>\n\n\n\n<li>ustalenie, czy trzeba wykona\u0107 prace serwisowe,&nbsp;<\/li>\n\n\n\n<li>wykonanie formalno\u015bci UDT,&nbsp;<\/li>\n\n\n\n<li>wydanie pozwolenia do dalszego u\u017cytkowania maszyny.&nbsp;<\/li>\n<\/ul>\n\n\n\n<h2 class=\"wp-block-heading\">Inne nasze us\u0142ugi&nbsp;<\/h2>\n\n\n\n<p>Organizujemy szkolenia dla operator\u00f3w maszyn UDT. Szkolenia przeprowadzane s\u0105 przez wysoko wykwalifikowanych wyk\u0142adowc\u00f3w, kt\u00f3rzy z pewno\u015bci\u0105 znakomicie przygotuj\u0105 Ci\u0119 z zakresu wiedzy teoretycznej oraz praktycznej. Po odbyciu naszego kursu uczestnicy b\u0119d\u0105 gotowi, aby przyst\u0105pi\u0107 do egzaminu pa\u0144stwowego przeprowadzanego przez UDT.&nbsp;<\/p>\n\n\n\n<h2 class=\"wp-block-heading\">Pytania i odpowiedzi:<\/h2>\n\n\n\t\t<details\t\thelp class=\"sc_fs_faq sc_card    \"\n\t\topen\t\t>\n\t\t\t\t\t<summary>\n\t\t\t\t<h3>1. Jak przeprowadzamy audyt? <\/h3>\t\t\t\t\t<\/summary>\n\t\t\t\t<div>\n\t\t\t\t\t\t<div class=\"sc_fs_faq__content\">\n\t\t\t\t\n\n<p>W czasie prowadzenia audytu sprawdzamy stan oraz kondycj\u0119 urz\u0105dzenia, a je\u015bli wykryjemy co\u015b negatywnego kierujemy maszyn\u0119 do naszego serwisu, gdzie odbywa\u0107 b\u0119dzie si\u0119 jej naprawa i konserwacja.&nbsp;<\/p>\n\n\t\t\t<\/div>\n\t\t<\/div>\n\t\t<\/details>\n\t\t\t\t<details\t\thelp class=\"sc_fs_faq sc_card    \"\n\t\t\t\t>\n\t\t\t\t\t<summary>\n\t\t\t\t<h3>2. Jakie urz\u0105dzenia uwzgl\u0119dnia audyt? <\/h3>\t\t\t\t\t<\/summary>\n\t\t\t\t<div>\n\t\t\t\t\t\t<div class=\"sc_fs_faq__content\">\n\t\t\t\t\n\n<p>W naszej firmie audyt prowadzimy na urz\u0105dzeniach takich jak: w\u00f3zki wid\u0142owe, windy przemys\u0142owe, suwnice, \u017curawie HDS, \u0142adowarki teleskopowe i podesty ruchome (koszowe i no\u017cycowe).<\/p>\n\n\t\t\t<\/div>\n\t\t<\/div>\n\t\t<\/details>\n\t\t\n<script type=\"application\/ld+json\">\n\t{\n\t\t\"@context\": \"https:\/\/schema.org\",\n\t\t\"@type\": \"FAQPage\",\n\t\t\"mainEntity\": [\n\t\t\t\t\t{\n\t\t\t\t\"@type\": \"Question\",\n\t\t\t\t\"name\": \"1. Jak przeprowadzamy audyt? \",\n\t\t\t\t\"acceptedAnswer\": {\n\t\t\t\t\t\"@type\": \"Answer\",\n\t\t\t\t\t\"text\": \"<p>W czasie prowadzenia audytu sprawdzamy stan oraz kondycj\u0119 urz\u0105dzenia, a je\u015bli wykryjemy co\u015b negatywnego kierujemy maszyn\u0119 do naszego serwisu, gdzie odbywa\u0107 b\u0119dzie si\u0119 jej naprawa i konserwacja.&nbsp;<\/p>\"\n\t\t\t\t\t\t\t\t\t}\n\t\t\t}\n\t\t\t,\t\t\t\t{\n\t\t\t\t\"@type\": \"Question\",\n\t\t\t\t\"name\": \"2. Jakie urz\u0105dzenia uwzgl\u0119dnia audyt? \",\n\t\t\t\t\"acceptedAnswer\": {\n\t\t\t\t\t\"@type\": \"Answer\",\n\t\t\t\t\t\"text\": \"<p>W naszej firmie audyt prowadzimy na urz\u0105dzeniach takich jak: w\u00f3zki wid\u0142owe, windy przemys\u0142owe, suwnice, \u017curawie HDS, \u0142adowarki teleskopowe i podesty ruchome (koszowe i no\u017cycowe).<\/p>\"\n\t\t\t\t\t\t\t\t\t}\n\t\t\t}\n\t\t\t\t\t\t]\n\t}\n<\/script>\n","protected":false},"excerpt":{"rendered":"<p>O OSO Nasza firma OSO prowadzi us\u0142ug\u0119 opieraj\u0105c\u0105 si\u0119 na serwisie maszyn UDT. Mianowicie prowadzimy badania diagnostyczne, kontrolujemy sprz\u0119t w zakresie wykonywania przez niego dalszych prac oraz sprawdzamy, czy spe\u0142nia wymogi dotycz\u0105ce bezpiecze\u0144stwa.&nbsp;&nbsp; Urz\u0105dzenia UDT&nbsp; Urz\u0105dzenia UDT to specjalistyczne maszyny, kt\u00f3re wykorzystuje si\u0119 m.in. w pracach budowlanych i magazynowych. Wszystkie maszyny UDT podlegaj\u0105 pod Urz\u0105d [&hellip;]<\/p>\n","protected":false},"author":10,"featured_media":4080,"parent":4351,"menu_order":0,"comment_status":"closed","ping_status":"closed","template":"","meta":{"footnotes":""},"class_list":["post-4073","page","type-page","status-publish","has-post-thumbnail","hentry"],"aioseo_notices":[],"_links":{"self":[{"href":"https:\/\/szkolenia-udt.pl\/ua\/wp-json\/wp\/v2\/pages\/4073","targetHints":{"allow":["GET"]}}],"collection":[{"href":"https:\/\/szkolenia-udt.pl\/ua\/wp-json\/wp\/v2\/pages"}],"about":[{"href":"https:\/\/szkolenia-udt.pl\/ua\/wp-json\/wp\/v2\/types\/page"}],"author":[{"embeddable":true,"href":"https:\/\/szkolenia-udt.pl\/ua\/wp-json\/wp\/v2\/users\/10"}],"replies":[{"embeddable":true,"href":"https:\/\/szkolenia-udt.pl\/ua\/wp-json\/wp\/v2\/comments?post=4073"}],"version-history":[{"count":17,"href":"https:\/\/szkolenia-udt.pl\/ua\/wp-json\/wp\/v2\/pages\/4073\/revisions"}],"predecessor-version":[{"id":4305,"href":"https:\/\/szkolenia-udt.pl\/ua\/wp-json\/wp\/v2\/pages\/4073\/revisions\/4305"}],"up":[{"embeddable":true,"href":"https:\/\/szkolenia-udt.pl\/ua\/wp-json\/wp\/v2\/pages\/4351"}],"wp:featuredmedia":[{"embeddable":true,"href":"https:\/\/szkolenia-udt.pl\/ua\/wp-json\/wp\/v2\/media\/4080"}],"wp:attachment":[{"href":"https:\/\/szkolenia-udt.pl\/ua\/wp-json\/wp\/v2\/media?parent=4073"}],"curies":[{"name":"wp","href":"https:\/\/api.w.org\/{rel}","templated":true}]}}