{"id":4196,"date":"2023-03-16T19:03:48","date_gmt":"2023-03-16T18:03:48","guid":{"rendered":"https:\/\/szkolenia-udt.pl\/?page_id=4196"},"modified":"2023-03-17T00:56:55","modified_gmt":"2023-03-16T23:56:55","slug":"%d0%bb%d1%96%d1%86%d0%b5%d0%bd%d0%b7%d1%96%d1%8f-udt-%d0%b4%d0%bb%d1%8f-%d0%bf%d1%96%d0%b4%d0%b2%d1%96%d1%81%d0%bd%d0%b8%d1%85-%d0%bf%d0%bb%d0%b0%d1%82%d1%84%d0%be%d1%80%d0%bc","status":"publish","type":"page","link":"https:\/\/szkolenia-udt.pl\/ua\/kursy\/uprawnienia-udt-tdt-wdt\/uprawnienia-udt-na-podesty-wiszace\/","title":{"rendered":"\u041a\u0443\u0440\u0441 OHDT \u0434\u043b\u044f \u043f\u0456\u0434\u0432\u0456\u0441\u043d\u0438\u0445 \u043f\u043b\u0430\u0442\u0444\u043e\u0440\u043c"},"content":{"rendered":"\n<h2 class=\"wp-block-heading\">Nasze szkolenia<\/h2>\n\n\n\n<p>Nasza firma szkoleniowa dzia\u0142a na rynku ju\u017c wiele lat. Przez ten czas wyszkolili\u015bmy wielu operator\u00f3w jak i konserwator\u00f3w. <a href=\"https:\/\/szkolenia-udt.pl\/ua\/kontakt\/\">Zapraszamy serdecznie<\/a> do wzi\u0119cia udzia\u0142u w naszym kursie na uprawnienia na podesty wisz\u0105ce. Wszystkie <a href=\"https:\/\/szkolenia-udt.pl\/ua\/kursy\/\">nasze szkolenia<\/a> prowadzone s\u0105 przez wykwalifikowany personel z d\u0142ugoletnim do\u015bwiadczeniem. Program naszego szkolenia zatwierdzony jest przez Urz\u0105d Dozoru Technicznego.&nbsp;<\/p>\n\n\n<div class=\"wp-block-image\">\n<figure class=\"alignright size-large is-resized\"><a href=\"https:\/\/szkolenia-udt.pl\/wp-content\/uploads\/2023\/03\/s2-57.jpg\"><img loading=\"lazy\" decoding=\"async\" src=\"https:\/\/szkolenia-udt.pl\/wp-content\/uploads\/2023\/03\/s2-57-1024x768.jpg\" alt=\"kursanci podczas zaj\u0119\u0107 teoretycznych \u00a0\" class=\"wp-image-4288\" width=\"512\" height=\"384\" srcset=\"https:\/\/szkolenia-udt.pl\/wp-content\/uploads\/2023\/03\/s2-57-1024x768.jpg 1024w, https:\/\/szkolenia-udt.pl\/wp-content\/uploads\/2023\/03\/s2-57-300x225.jpg 300w, https:\/\/szkolenia-udt.pl\/wp-content\/uploads\/2023\/03\/s2-57-768x576.jpg 768w, https:\/\/szkolenia-udt.pl\/wp-content\/uploads\/2023\/03\/s2-57-1536x1152.jpg 1536w, https:\/\/szkolenia-udt.pl\/wp-content\/uploads\/2023\/03\/s2-57-16x12.jpg 16w, https:\/\/szkolenia-udt.pl\/wp-content\/uploads\/2023\/03\/s2-57-135x100.jpg 135w, https:\/\/szkolenia-udt.pl\/wp-content\/uploads\/2023\/03\/s2-57.jpg 1600w\" sizes=\"auto, (max-width: 512px) 100vw, 512px\" \/><\/a><\/figure>\n<\/div>\n\n\n<h2 class=\"wp-block-heading\">Cel naszego szkolenia&nbsp;&nbsp;<\/h2>\n\n\n\n<p>Celem kursu jest przekazanie wiedzy teoretycznej i praktycznej <strong>z zakresu obs\u0142ugi oraz konserwacji<\/strong> podest\u00f3w ruchomych wisz\u0105cych. Mamy te\u017c na celu przygotowa\u0107 Pa\u0144stwa do zdania egzaminu i uzyskania za\u015bwiadczenia kwalifikacyjnego zgodnie z rozporz\u0105dzeniem Ministra Gospodarki z dnia 18 lipca 2001 roku w sprawie trybu sprawdzania kwalifikacji wymaganych przy obs\u0142udze i konserwacji urz\u0105dze\u0144 technicznych (Dz. U. Nr 79, poz. 849 ze zm. Dz. U. Nr 50 poz. 426).&nbsp;<\/p>\n\n\n\n<h2 class=\"wp-block-heading\">Opis kursu&nbsp;&nbsp;<\/h2>\n\n\n\n<p><a href=\"https:\/\/szkolenia-udt.pl\/ua\/kursy\/szkolenie-audytorskie-udt\/\">Szkolenie UDT<\/a> na podesty ruchome wisz\u0105ce na uprawniania do obs\u0142ugi i konserwacji sk\u0142ada si\u0119 z cz\u0119\u015bci teoretycznej i praktycznej. Podczas zaj\u0119\u0107 teoretycznych kursanci ucz\u0105 si\u0119 przydatnych zagadnie\u0144 i przyswajaj\u0105 wiedz\u0119 o budowie podest\u00f3w wisz\u0105cych i zasadach BHP na wyk\u0142adach. W cz\u0119\u015bci praktycznej kursanci ucz\u0105 si\u0119 u\u017cywa\u0107 zdobytej wiedzy w praktyce z wykorzystaniem urz\u0105dze\u0144 na placu manewrowym. Uczestnicy kursu maj\u0105 te\u017c dost\u0119p do platformy edukacyjnej online, na niej mog\u0105 znale\u017a\u0107 dodatkowe przydatne informacje do nauki. Szkolenie ko\u0144czy si\u0119 egzaminem. &nbsp;<\/p>\n\n\n\n<h2 class=\"wp-block-heading\">Egzamin&nbsp;<\/h2>\n\n\n\n<p>Szkolenie ko\u0144czy si\u0119 egzaminem zdawanym przed odpowiedni\u0105 komisj\u0105 UDT. Organizacj\u0105 egzaminu zajmuje si\u0119 nasz o\u015brodek szkoleniowy. <\/p>\n\n\n\n<h3 class=\"wp-block-heading\">Egzamin sk\u0142ada si\u0119 z dw\u00f3ch cz\u0119\u015bci:&nbsp;<\/h3>\n\n\n\n<ul class=\"wp-block-list\">\n<li><strong>egzamin pisemny<\/strong>, test z wiedzy teoretycznej w zakresie okre\u015blonym w art. 22 ust. 2 ustawy z dnia 21 grudnia 2000 r. o dozorze technicznym (Dz. U. z 2017, poz. 1040).&nbsp;<\/li>\n<\/ul>\n\n\n\n<ul class=\"wp-block-list\">\n<li><strong>egzamin praktyczny<\/strong>, podczas zdawania tej cz\u0119\u015bci egzaminu ocenie podlegaj\u0105:&nbsp;\n<ul class=\"wp-block-list\">\n<li>praktyczne umiej\u0119tno\u015bci codziennej obs\u0142ugi technicznej&nbsp;&nbsp;<\/li>\n\n\n\n<li>umiej\u0119tno\u015bci prawid\u0142owego wykonywania manewr\u00f3w urz\u0105dzeniem na placu manewrowym&nbsp;<\/li>\n<\/ul>\n<\/li>\n<\/ul>\n\n\n\n<h2 class=\"wp-block-heading\">Ramowy program kursu&nbsp;&nbsp;<\/h2>\n\n\n\n<p>Poni\u017cej przedstawiamy Pa\u0144stwu program kursu:&nbsp;<\/p>\n\n\n\n<div class=\"wp-block-columns is-layout-flex wp-container-core-columns-is-layout-9d6595d7 wp-block-columns-is-layout-flex\">\n<div class=\"wp-block-column is-layout-flow wp-block-column-is-layout-flow\" style=\"flex-basis:50%\">\n<ul class=\"wp-block-list\">\n<li>podzia\u0142 i rodzaje podest\u00f3w,&nbsp;&nbsp;<\/li>\n\n\n\n<li>rodzaje podest\u00f3w wisz\u0105cych,&nbsp;<\/li>\n\n\n\n<li>budowa urz\u0105dzenia i jego cz\u0119\u015bci,&nbsp;&nbsp;<\/li>\n\n\n\n<li>stateczno\u015b\u0107 urz\u0105dze\u0144,&nbsp;&nbsp;<\/li>\n\n\n\n<li>zasady Bezpiecze\u0144stwa i Higieny Pracy,&nbsp;&nbsp;<\/li>\n\n\n\n<li>czynno\u015bci przed, w czasie i po pracy,&nbsp;&nbsp;<\/li>\n<\/ul>\n<\/div>\n\n\n\n<div class=\"wp-block-column is-layout-flow wp-block-column-is-layout-flow\" style=\"flex-basis:50%\">\n<ul class=\"wp-block-list\">\n<li>przepisy dozoru technicznego,&nbsp;&nbsp;<\/li>\n\n\n\n<li>zabezpieczenia linki mechanicznej, elektrycznej i hydraulicznej,<\/li>\n\n\n\n<li>przeprowadzenia bada\u0144 wytrzyma\u0142o\u015bci i stabilno\u015bci,<\/li>\n\n\n\n<li>przygotowanie urz\u0105dzenia do pracy,&nbsp;<\/li>\n\n\n\n<li>\u0107wiczenia praktyczne na placu manewrowym.&nbsp;<\/li>\n<\/ul>\n<\/div>\n<\/div>\n\n\n\n<h2 class=\"wp-block-heading\">Kryteria, kt\u00f3re nale\u017cy spe\u0142ni\u0107, aby wzi\u0105\u0107 udzia\u0142 w kursie&nbsp;&nbsp;<\/h2>\n\n\n\n<p>Aby przyst\u0105pi\u0107 do szkolenia wystarczy spe\u0142ni\u0107 nast\u0119puj\u0105ce warunki:&nbsp;<\/p>\n\n\n\n<ul class=\"wp-block-list\">\n<li>zapisa\u0107 si\u0119 na kurs&nbsp;<\/li>\n\n\n\n<li>mie\u0107 uko\u0144czone minimum 18 lat&nbsp;&nbsp;<\/li>\n\n\n\n<li>posiada\u0107 minimum podstawowe wykszta\u0142cenie&nbsp;&nbsp;<\/li>\n\n\n\n<li>posiada\u0107 za\u015bwiadczanie od lekarza o dobrym stanie zdrowa bez przeciwwskaza\u0144 do wykonywania pracy na podestach wisz\u0105cych.&nbsp;&nbsp;<\/li>\n<\/ul>\n\n\n\n<h2 class=\"wp-block-heading\">Co to s\u0105 podesty ruchome wisz\u0105ce?&nbsp;<\/h2>\n\n\n<div class=\"wp-block-image\">\n<figure class=\"alignright size-large is-resized\"><a href=\"https:\/\/szkolenia-udt.pl\/wp-content\/uploads\/2023\/03\/istanbul-asma-iskele-fiyatlarY.jpg\"><img loading=\"lazy\" decoding=\"async\" src=\"https:\/\/szkolenia-udt.pl\/wp-content\/uploads\/2023\/03\/istanbul-asma-iskele-fiyatlarY-1024x711.jpg\" alt=\"podesty ruchome wisz\u0105ce podczas pracy\" class=\"wp-image-4284\" width=\"512\" height=\"356\" srcset=\"https:\/\/szkolenia-udt.pl\/wp-content\/uploads\/2023\/03\/istanbul-asma-iskele-fiyatlarY-1024x711.jpg 1024w, https:\/\/szkolenia-udt.pl\/wp-content\/uploads\/2023\/03\/istanbul-asma-iskele-fiyatlarY-300x208.jpg 300w, https:\/\/szkolenia-udt.pl\/wp-content\/uploads\/2023\/03\/istanbul-asma-iskele-fiyatlarY-768x533.jpg 768w, https:\/\/szkolenia-udt.pl\/wp-content\/uploads\/2023\/03\/istanbul-asma-iskele-fiyatlarY-18x12.jpg 18w, https:\/\/szkolenia-udt.pl\/wp-content\/uploads\/2023\/03\/istanbul-asma-iskele-fiyatlarY.jpg 1078w\" sizes=\"auto, (max-width: 512px) 100vw, 512px\" \/><\/a><\/figure>\n<\/div>\n\n\n<p>Jest to rodzaj podest\u00f3w ruchomych. Platforma robocza, czyli &#8222;kosz&#8221; jest zawieszony na specjalnych d\u017awigarach przymocowanych do dachu budynku&nbsp;<\/p>\n\n\n\n<h2 class=\"wp-block-heading\">Cena szkolenia&nbsp;&nbsp;<\/h2>\n\n\n\n<p><a href=\"https:\/\/szkolenia-udt.pl\/ua\/oferta\/\">Cena szkolenia<\/a> ustalana jest indywidualnie z klientem i zale\u017cy od ilo\u015bci os\u00f3b b\u0119d\u0105cych w grupie szkoleniowej oraz od tego czy szkolenie b\u0119dzie si\u0119 odbywa\u0142o w naszej siedzibie czy w miejscu pracy zleceniodawcy.&nbsp;&nbsp;<\/p>\n\n\n\n<h2 class=\"wp-block-heading\">Miejsce kursu&nbsp;<\/h2>\n\n\n\n<p>Nasze szkolenia odbywaj\u0105 si\u0119 w jednej z siedzib naszego o\u015brodka szkoleniowego b\u0105d\u017a w miejscu pracy zleceniodawcy szkolenia. Przeprowadzamy szkolenia na terenie ca\u0142ej Polski. &nbsp;<\/p>\n\n\n\n<p><strong>Zapraszamy serdecznie do kontaktu. Je\u015bli macie Pa\u0144stwo jakie\u015b pytania z przyjemno\u015bci\u0105 na nie odpowiemy<\/strong>.<\/p>\n\n\n\n<h2 class=\"wp-block-heading\">Pytania i odpowiedzi:<\/h2>\n\n\n\t\t<details\t\thelp class=\"sc_fs_faq sc_card    \"\n\t\topen\t\t>\n\t\t\t\t\t<summary>\n\t\t\t\t<h3>1. Jakie dokumenty otrzymam po sko\u0144czonym kursie? <\/h3>\t\t\t\t\t<\/summary>\n\t\t\t\t<div>\n\t\t\t\t\t\t<div class=\"sc_fs_faq__content\">\n\t\t\t\t\n\n<p>Po zako\u0144czeniu naszego kursu i otrzymaniu pozytywnego wyniku z egzaminu UDT, kursant otrzymuje legitymacje na podesty ruchome wisz\u0105ce oraz za\u015bwiadczanie o przebytym kursie. &nbsp;<\/p>\n\n\t\t\t<\/div>\n\t\t<\/div>\n\t\t<\/details>\n\t\t\t\t<details\t\thelp class=\"sc_fs_faq sc_card    \"\n\t\t\t\t>\n\t\t\t\t\t<summary>\n\t\t\t\t<h3>2. Jakie wymagania musi spe\u0142nia\u0107 kandydat na uczestnika szkolenia?<\/h3>\t\t\t\t\t<\/summary>\n\t\t\t\t<div>\n\t\t\t\t\t\t<div class=\"sc_fs_faq__content\">\n\t\t\t\t\n\n<p>Ka\u017cdy, kto chce podj\u0105\u0107 kurs na operatora podest\u00f3w ruchomych wisz\u0105cych musi by\u0107 osob\u0105 pe\u0142noletni\u0105, z minimum podstawowym wykszta\u0142ceniem. Niezb\u0119dnym elementem jest tak\u017ce posiadanie za\u015bwiadczenie o braku przeciwwskaza\u0144 do wykonywania zawodu. <\/p>\n\n\t\t\t<\/div>\n\t\t<\/div>\n\t\t<\/details>\n\t\t\n<script type=\"application\/ld+json\">\n\t{\n\t\t\"@context\": \"https:\/\/schema.org\",\n\t\t\"@type\": \"FAQPage\",\n\t\t\"mainEntity\": [\n\t\t\t\t\t{\n\t\t\t\t\"@type\": \"Question\",\n\t\t\t\t\"name\": \"1. Jakie dokumenty otrzymam po sko\u0144czonym kursie? \",\n\t\t\t\t\"acceptedAnswer\": {\n\t\t\t\t\t\"@type\": \"Answer\",\n\t\t\t\t\t\"text\": \"<p>Po zako\u0144czeniu naszego kursu i otrzymaniu pozytywnego wyniku z egzaminu UDT, kursant otrzymuje legitymacje na podesty ruchome wisz\u0105ce oraz za\u015bwiadczanie o przebytym kursie. &nbsp;<\/p>\"\n\t\t\t\t\t\t\t\t\t}\n\t\t\t}\n\t\t\t,\t\t\t\t{\n\t\t\t\t\"@type\": \"Question\",\n\t\t\t\t\"name\": \"2. Jakie wymagania musi spe\u0142nia\u0107 kandydat na uczestnika szkolenia?\",\n\t\t\t\t\"acceptedAnswer\": {\n\t\t\t\t\t\"@type\": \"Answer\",\n\t\t\t\t\t\"text\": \"<p>Ka\u017cdy, kto chce podj\u0105\u0107 kurs na operatora podest\u00f3w ruchomych wisz\u0105cych musi by\u0107 osob\u0105 pe\u0142noletni\u0105, z minimum podstawowym wykszta\u0142ceniem. Niezb\u0119dnym elementem jest tak\u017ce posiadanie za\u015bwiadczenie o braku przeciwwskaza\u0144 do wykonywania zawodu. <\/p>\"\n\t\t\t\t\t\t\t\t\t}\n\t\t\t}\n\t\t\t\t\t\t]\n\t}\n<\/script>\n","protected":false},"excerpt":{"rendered":"<p>Nasze szkolenia Nasza firma szkoleniowa dzia\u0142a na rynku ju\u017c wiele lat. Przez ten czas wyszkolili\u015bmy wielu operator\u00f3w jak i konserwator\u00f3w. Zapraszamy serdecznie do wzi\u0119cia udzia\u0142u w naszym kursie na uprawnienia na podesty wisz\u0105ce. Wszystkie nasze szkolenia prowadzone s\u0105 przez wykwalifikowany personel z d\u0142ugoletnim do\u015bwiadczeniem. Program naszego szkolenia zatwierdzony jest przez Urz\u0105d Dozoru Technicznego.&nbsp; Cel naszego [&hellip;]<\/p>\n","protected":false},"author":10,"featured_media":4284,"parent":2266,"menu_order":0,"comment_status":"closed","ping_status":"closed","template":"","meta":{"footnotes":""},"class_list":["post-4196","page","type-page","status-publish","has-post-thumbnail","hentry"],"aioseo_notices":[],"_links":{"self":[{"href":"https:\/\/szkolenia-udt.pl\/ua\/wp-json\/wp\/v2\/pages\/4196","targetHints":{"allow":["GET"]}}],"collection":[{"href":"https:\/\/szkolenia-udt.pl\/ua\/wp-json\/wp\/v2\/pages"}],"about":[{"href":"https:\/\/szkolenia-udt.pl\/ua\/wp-json\/wp\/v2\/types\/page"}],"author":[{"embeddable":true,"href":"https:\/\/szkolenia-udt.pl\/ua\/wp-json\/wp\/v2\/users\/10"}],"replies":[{"embeddable":true,"href":"https:\/\/szkolenia-udt.pl\/ua\/wp-json\/wp\/v2\/comments?post=4196"}],"version-history":[{"count":7,"href":"https:\/\/szkolenia-udt.pl\/ua\/wp-json\/wp\/v2\/pages\/4196\/revisions"}],"predecessor-version":[{"id":4556,"href":"https:\/\/szkolenia-udt.pl\/ua\/wp-json\/wp\/v2\/pages\/4196\/revisions\/4556"}],"up":[{"embeddable":true,"href":"https:\/\/szkolenia-udt.pl\/ua\/wp-json\/wp\/v2\/pages\/2266"}],"wp:featuredmedia":[{"embeddable":true,"href":"https:\/\/szkolenia-udt.pl\/ua\/wp-json\/wp\/v2\/media\/4284"}],"wp:attachment":[{"href":"https:\/\/szkolenia-udt.pl\/ua\/wp-json\/wp\/v2\/media?parent=4196"}],"curies":[{"name":"wp","href":"https:\/\/api.w.org\/{rel}","templated":true}]}}