{"id":4206,"date":"2023-03-08T17:19:48","date_gmt":"2023-03-08T16:19:48","guid":{"rendered":"https:\/\/szkolenia-udt.pl\/?page_id=4206"},"modified":"2023-03-16T11:57:49","modified_gmt":"2023-03-16T10:57:49","slug":"%d0%ba%d1%83%d1%80%d1%81%d0%b8-%d0%ba%d1%80%d0%b0%d0%bd%d1%96%d0%b2%d0%bd%d0%b8%d0%ba%d1%96%d0%b2","status":"publish","type":"page","link":"https:\/\/szkolenia-udt.pl\/ua\/kursy\/uprawnienia-udt-tdt-wdt\/obsluga-dzwigow-osobowych-kursy\/","title":{"rendered":"\u0415\u043a\u0441\u043f\u043b\u0443\u0430\u0442\u0430\u0446\u0456\u044f \u043f\u0430\u0441\u0430\u0436\u0438\u0440\u0441\u044c\u043a\u0438\u0445 \u043b\u0456\u0444\u0442\u0456\u0432 - \u043a\u0443\u0440\u0441\u0438"},"content":{"rendered":"\n<h2 class=\"wp-block-heading\">D\u017awigi osobowe \u2013 windy<\/h2>\n\n\n<div class=\"wp-block-image\">\n<figure class=\"alignright size-large is-resized\"><a href=\"https:\/\/szkolenia-udt.pl\/wp-content\/uploads\/2023\/03\/screen_2x-73.jpg\"><img loading=\"lazy\" decoding=\"async\" src=\"https:\/\/szkolenia-udt.pl\/wp-content\/uploads\/2023\/03\/screen_2x-73-1024x683.jpg\" alt=\"Konserwacja d\u017awigu osobowego\" class=\"wp-image-4211\" width=\"512\" height=\"342\" srcset=\"https:\/\/szkolenia-udt.pl\/wp-content\/uploads\/2023\/03\/screen_2x-73-1024x683.jpg 1024w, https:\/\/szkolenia-udt.pl\/wp-content\/uploads\/2023\/03\/screen_2x-73-300x200.jpg 300w, https:\/\/szkolenia-udt.pl\/wp-content\/uploads\/2023\/03\/screen_2x-73-768x512.jpg 768w, https:\/\/szkolenia-udt.pl\/wp-content\/uploads\/2023\/03\/screen_2x-73-1536x1024.jpg 1536w, https:\/\/szkolenia-udt.pl\/wp-content\/uploads\/2023\/03\/screen_2x-73-18x12.jpg 18w, https:\/\/szkolenia-udt.pl\/wp-content\/uploads\/2023\/03\/screen_2x-73.jpg 1600w\" sizes=\"auto, (max-width: 512px) 100vw, 512px\" \/><\/a><\/figure>\n<\/div>\n\n\n<p><a href=\"https:\/\/szkolenia-udt.pl\/ua\/kursy\/uprawnienia-udt-tdt-wdt\/konserwatory-dzwigow\/\">D\u017awig osobowy<\/a> to urz\u0105dzenie s\u0142u\u017c\u0105ce do pionowego transportu os\u00f3b. Posiada nap\u0119d elektryczny lub hydrauliczny. Zbudowany jest z:&nbsp;<\/p>\n\n\n\n<ul class=\"wp-block-list\">\n<li>Kabiny \u2013 s\u0142u\u017c\u0105cej do transportu os\u00f3b,&nbsp;&nbsp;<\/li>\n\n\n\n<li>pionowych prowadnic \u2013 wzd\u0142u\u017c nich porusza si\u0119 kabina. Prowadnice mog\u0105 tak\u017ce by\u0107 lekko nachylone w stosunku do pionu),&nbsp;<\/li>\n\n\n\n<li>szybu d\u017awigowego \u2013 korytarza, kt\u00f3rym d\u017awig si\u0119 porusza,&nbsp;<\/li>\n\n\n\n<li>przystank\u00f3w \u2013 pi\u0119ter, na kt\u00f3rych si\u0119 zatrzymuje.&nbsp;&nbsp;<\/li>\n<\/ul>\n\n\n\n<p>Ka\u017cdy d\u017awig osobowy podlega dozorowi UDT.&nbsp;<\/p>\n\n\n\n<h2 class=\"wp-block-heading\">Rejestracja nowego d\u017awigu osobowego&nbsp;<\/h2>\n\n\n\n<ol class=\"wp-block-list\" start=\"1\">\n<li>Nowe urz\u0105dzenie nale\u017cy zg\u0142osi\u0107 do UDT w celu obj\u0119cia dozorem technicznym. Nale\u017cy wype\u0142ni\u0107 specjalny wniosek i dostarczy\u0107 go do oddzia\u0142u Urz\u0119du Dozoru Technicznego.&nbsp;<\/li>\n<\/ol>\n\n\n\n<ol class=\"wp-block-list\" start=\"2\">\n<li>Aby wniosek by\u0142 kompletny, nale\u017cy do\u0142\u0105czy\u0107 do niego dwa komplety dokumentacji rejestracyjnej dotycz\u0105cej danego urz\u0105dzenia. Zakres takiej dokumentacji musi by\u0107 zgodny z rozporz\u0105dzeniami.&nbsp;<\/li>\n<\/ol>\n\n\n\n<ol class=\"wp-block-list\" start=\"3\">\n<li>Po udanej weryfikacji dokumentacji przez inspektora UDT nast\u0119puje ustalenie terminu i miejsca, gdzie zostan\u0105 przeprowadzone badania. Podane zostaj\u0105 tak\u017ce wymagania, co do sposob\u00f3w w\u0142a\u015bciwego przygotowania urz\u0105dzenia do inspekcji (urz\u0105dzenie musi by\u0107 zmontowane, sprawne i przygotowane do u\u017cytku). Musz\u0105 by\u0107 one zgodne z warunkami technicznymi dozoru.&nbsp;<\/li>\n<\/ol>\n\n\n\n<ol class=\"wp-block-list\" start=\"4\">\n<li>Organ dozoru technicznego wykonuje nast\u0119puj\u0105ce czynno\u015bci: sprawdza kompletno\u015b\u0107 i prawid\u0142owo\u015b\u0107 dokument\u00f3w, identyfikuje d\u017awig, sprawdza stan techniczny i oznakowanie, sprawdza zgodno\u015b\u0107 wyposa\u017cenia z dokumentacj\u0105.&nbsp;<\/li>\n<\/ol>\n\n\n\n<ol class=\"wp-block-list\" start=\"5\">\n<li>Pozytywny wynik inspekcji gwarantuje wystawienie protoko\u0142u z badania i decyzji zezwalaj\u0105cej na eksploatacj\u0119. Po tym, poczt\u0105 w\u0142a\u015bciciel urz\u0105dzenia otrzyma ksi\u0119g\u0119 rewizji oraz rachunek za badanie oraz koszty dojazdu inspektora.&nbsp;&nbsp;<\/li>\n<\/ol>\n\n\n\n<ol class=\"wp-block-list\" start=\"6\">\n<li>Urz\u0105dzenie zostanie zarejestrowane w ewidencji w\u0142a\u015bciwego oddzia\u0142u UDT.&nbsp;<\/li>\n<\/ol>\n\n\n\n<h2 class=\"wp-block-heading\">Post\u0119powanie w przypadku zmiany w\u0142a\u015bciciela&nbsp;<\/h2>\n\n\n\n<ol class=\"wp-block-list\" start=\"1\">\n<li>Nale\u017cy ponownie zg\u0142osi\u0107 urz\u0105dzenie do obj\u0119cia dozorem UDT, kieruj\u0105c nowy wniosek pisemny do w\u0142a\u015bciwego oddzia\u0142u Urz\u0119du Dozoru Technicznego.&nbsp;<\/li>\n<\/ol>\n\n\n\n<ol class=\"wp-block-list\" start=\"2\">\n<li>Do wniosku nale\u017cy do\u0142\u0105czy\u0107 kserokopi\u0119 ostatniego protoko\u0142u i decyzji. W tym przypadku, wystarczy jeden komplet dokument\u00f3w.&nbsp;<\/li>\n<\/ol>\n\n\n\n<ol class=\"wp-block-list\" start=\"3\">\n<li>Po zweryfikowaniu dokumentu dochodzi do takich samych czynno\u015bci, jak w przypadku postepowania z nowym d\u017awigiem osobowym.&nbsp;<\/li>\n<\/ol>\n\n\n\n<h2 class=\"wp-block-heading\">Wymagany komplet dokument\u00f3w&nbsp;<\/h2>\n\n\n<div class=\"wp-block-image\">\n<figure class=\"alignright size-large is-resized\"><a href=\"https:\/\/szkolenia-udt.pl\/wp-content\/uploads\/2023\/03\/canva-bez-tytulu-MAELDM7kO2Q.jpg\"><img loading=\"lazy\" decoding=\"async\" src=\"https:\/\/szkolenia-udt.pl\/wp-content\/uploads\/2023\/03\/canva-bez-tytulu-MAELDM7kO2Q-1024x683.jpg\" alt=\"Przyciski w windzie\" class=\"wp-image-4212\" width=\"512\" height=\"342\" srcset=\"https:\/\/szkolenia-udt.pl\/wp-content\/uploads\/2023\/03\/canva-bez-tytulu-MAELDM7kO2Q-1024x683.jpg 1024w, https:\/\/szkolenia-udt.pl\/wp-content\/uploads\/2023\/03\/canva-bez-tytulu-MAELDM7kO2Q-300x200.jpg 300w, https:\/\/szkolenia-udt.pl\/wp-content\/uploads\/2023\/03\/canva-bez-tytulu-MAELDM7kO2Q-768x512.jpg 768w, https:\/\/szkolenia-udt.pl\/wp-content\/uploads\/2023\/03\/canva-bez-tytulu-MAELDM7kO2Q-1536x1024.jpg 1536w, https:\/\/szkolenia-udt.pl\/wp-content\/uploads\/2023\/03\/canva-bez-tytulu-MAELDM7kO2Q-18x12.jpg 18w, https:\/\/szkolenia-udt.pl\/wp-content\/uploads\/2023\/03\/canva-bez-tytulu-MAELDM7kO2Q.jpg 1600w\" sizes=\"auto, (max-width: 512px) 100vw, 512px\" \/><\/a><\/figure>\n<\/div>\n\n\n<p>Wed\u0142ug Rozporz\u0105dzenia Ministra Rozwoju z dnia 3 czerwca 2016 roku w sprawie zasadniczych wymaga\u0144 dla d\u017awig\u00f3w i element\u00f3w bezpiecze\u0144stwa, komplet dokument\u00f3w powinien zawiera\u0107:&nbsp;<\/p>\n\n\n\n<ul class=\"wp-block-list\">\n<li>Instrukcj\u0119 obs\u0142ugi z rysunkami i schematami niezb\u0119dnymi do prawid\u0142owego eksploatowania d\u017awigu. Musi ona zawiera\u0107 informacje na temat: konserwacji, kontroli, naprawy, przegl\u0105d\u00f3w okresowych, dzia\u0142a\u0144 ewakuacyjnych.&nbsp;&nbsp;<\/li>\n\n\n\n<li>Deklaracj\u0119 zgodno\u015bci WE.&nbsp;<\/li>\n<\/ul>\n\n\n\n<h2 class=\"wp-block-heading\">Odmowa wykonania czynno\u015bci dozoru technicznego przez inspektora&nbsp;<\/h2>\n\n\n\n<p>W niew\u0142a\u015bciwych warunkach do przeprowadzenia czynno\u015bci kontrolnych, inspektor UDT ma prawo do odmowy wykonania czynno\u015bci dozoru technicznego d\u017awigu osobowego. <\/p>\n\n\n\n<p>Do tych sytuacji zalicza si\u0119 m.in.:&nbsp;<\/p>\n\n\n\n<ul class=\"wp-block-list\">\n<li>niew\u0142a\u015bciwe o\u015bwietlenie,&nbsp;<\/li>\n\n\n\n<li>wyst\u0119powanie opar\u00f3w utrudniaj\u0105cych widoczno\u015b\u0107,&nbsp;<\/li>\n\n\n\n<li>niedostateczny stan przygotowawczy urz\u0105dzenia,&nbsp;<\/li>\n\n\n\n<li>przekroczenie st\u0119\u017ce\u0144 i nat\u0119\u017ce\u0144 szkodliwych dla zdrowia czynnik\u00f3w wyst\u0119puj\u0105cych w \u015brodowisku pracy,&nbsp;<\/li>\n\n\n\n<li>przekroczenia dopuszczalnej granicy temperatury.&nbsp;<\/li>\n<\/ul>\n\n\n<div class=\"wp-block-image\">\n<figure class=\"alignright size-full is-resized\"><a href=\"https:\/\/szkolenia-udt.pl\/wp-content\/uploads\/2023\/03\/canva-MACN2UWFMag.jpg\"><img loading=\"lazy\" decoding=\"async\" src=\"https:\/\/szkolenia-udt.pl\/wp-content\/uploads\/2023\/03\/canva-MACN2UWFMag.jpg\" alt=\"konserwator wind\" class=\"wp-image-4210\" width=\"413\" height=\"413\" srcset=\"https:\/\/szkolenia-udt.pl\/wp-content\/uploads\/2023\/03\/canva-MACN2UWFMag.jpg 550w, https:\/\/szkolenia-udt.pl\/wp-content\/uploads\/2023\/03\/canva-MACN2UWFMag-300x300.jpg 300w, https:\/\/szkolenia-udt.pl\/wp-content\/uploads\/2023\/03\/canva-MACN2UWFMag-150x150.jpg 150w, https:\/\/szkolenia-udt.pl\/wp-content\/uploads\/2023\/03\/canva-MACN2UWFMag-12x12.jpg 12w\" sizes=\"auto, (max-width: 413px) 100vw, 413px\" \/><\/a><\/figure>\n<\/div>\n\n\n<h2 class=\"wp-block-heading\">Warunki eksploatacji&nbsp;<\/h2>\n\n\n\n<p>Ka\u017cde urz\u0105dzenie techniczne podlegaj\u0105ce UDT powinno by\u0107 eksploatowane zgodnie z instrukcj\u0105 i przeznaczeniem.&nbsp;<\/p>\n\n\n\n<ul class=\"wp-block-list\">\n<li>Nale\u017cy wyposa\u017cy\u0107 urz\u0105dzenie w stanowiskow\u0105 instrukcj\u0119 obs\u0142ugi opart\u0105 na podstawie oryginalnej instrukcji. Musi by\u0107 ona dost\u0119pna dla osoby obs\u0142uguj\u0105cej.&nbsp;<\/li>\n\n\n\n<li>Wymagana jest w\u0142a\u015bciwa konserwacja d\u017awigu zgodnie z wymaganiami (zawartymi w za\u0142\u0105czniku nr 2 do Rozporz\u0105dzenia Ministra Przedsi\u0119biorczo\u015bci i Technologii z dn. 21 maja 2019 r. w sprawie sposobu i trybu sprawdzania kwalifikacji wymaganych przy obs\u0142udze i konserwacji urz\u0105dze\u0144 technicznych oraz sposobu i trybu przed\u0142u\u017cania okresu wa\u017cno\u015bci za\u015bwiadcze\u0144 kwalifikacyjnych).&nbsp;<\/li>\n\n\n\n<li>Eksploatuj\u0105cy ma obowi\u0105zek za\u0142o\u017cenia i przechowywania dziennika konserwacji uzupe\u0142nianego przez wykwalifikowanego konserwatora.&nbsp;<\/li>\n<\/ul>\n\n\n\n<h2 class=\"wp-block-heading\">Rodzaje bada\u0144 d\u017awig\u00f3w osobowych&nbsp;<\/h2>\n\n\n\n<p>Badania stanu technicznego urz\u0105dzenia odbywaj\u0105 si\u0119 w przygotowanych odpowiednio wcze\u015bniej&nbsp;warunkach, w obecno\u015bci eksploatuj\u0105cego lub wyznaczonego przedstawiciela i konserwatora. Konserwator powinien wylegitymowa\u0107 si\u0119 za\u015bwiadczeniem kwalifikacyjnym. <\/p>\n\n\n\n<h3 class=\"wp-block-heading\">D\u017awigi osobowe podlegaj\u0105 nast\u0119puj\u0105cym badaniom:&nbsp;<\/h3>\n\n\n\n<ul class=\"wp-block-list\">\n<li><strong>Badania okresowe<\/strong> \u2013 dotyczy urz\u0105dze\u0144 obj\u0119tych pe\u0142n\u0105 form\u0105 dozoru technicznego wed\u0142ug termin\u00f3w zale\u017cnych od rodzaju urz\u0105dzenia. Sprawdzana jest m.in. ksi\u0119ga rewizyjna i dziennik konserwacji UDT, protoko\u0142y pomiarowe, za\u015bwiadczenia kwalifikacyjne konserwatora i obs\u0142uguj\u0105cego urz\u0105dzenie.&nbsp;<\/li>\n\n\n\n<li><strong>Badania dora\u017ane eksploatacyjne<\/strong> \u2013 dotyczy bie\u017c\u0105cych potrzeb urz\u0105dzenia. Dotyczy modernizacji, naprawy lub wymiany cz\u0119\u015bci. Badanie ma na celu potwierdzenie pomy\u015blno\u015bci naprawy czy modernizacji urz\u0105dzenia, pozwalaj\u0105cej na dalsz\u0105, bezpieczn\u0105 eksploatacj\u0119.&nbsp;<\/li>\n\n\n\n<li><strong>Badania dora\u017ane powypadkowe lub poawaryjne<\/strong> \u2013 dotyczy sprz\u0119tu, kt\u00f3ry uleg\u0142 niebezpiecznemu uszkodzeniu lub wypadkowi zwi\u0105zanemu z u\u017cytkowaniem. Maj\u0105 na celu ustalenie przyczyn zdarzenia i sformu\u0142owaniu wniosk\u00f3w maj\u0105cych na celu zapobieganie kolejnym awariom i wypadkom. Badanie ocenia tak\u017ce stan techniczny powypadkowego urz\u0105dzenia.&nbsp;<\/li>\n<\/ul>\n\n\n<div class=\"wp-block-image\">\n<figure class=\"alignright size-large is-resized\"><a href=\"https:\/\/szkolenia-udt.pl\/wp-content\/uploads\/2023\/03\/s2-47.jpg\"><img loading=\"lazy\" decoding=\"async\" src=\"https:\/\/szkolenia-udt.pl\/wp-content\/uploads\/2023\/03\/s2-47-1024x683.jpg\" alt=\"Kurs na obs\u0142ug\u0119 d\u017awig\u00f3w osobowych\" class=\"wp-image-4209\" width=\"512\" height=\"342\" srcset=\"https:\/\/szkolenia-udt.pl\/wp-content\/uploads\/2023\/03\/s2-47-1024x683.jpg 1024w, https:\/\/szkolenia-udt.pl\/wp-content\/uploads\/2023\/03\/s2-47-300x200.jpg 300w, https:\/\/szkolenia-udt.pl\/wp-content\/uploads\/2023\/03\/s2-47-768x512.jpg 768w, https:\/\/szkolenia-udt.pl\/wp-content\/uploads\/2023\/03\/s2-47-1536x1024.jpg 1536w, https:\/\/szkolenia-udt.pl\/wp-content\/uploads\/2023\/03\/s2-47-18x12.jpg 18w, https:\/\/szkolenia-udt.pl\/wp-content\/uploads\/2023\/03\/s2-47.jpg 1600w\" sizes=\"auto, (max-width: 512px) 100vw, 512px\" \/><\/a><\/figure>\n<\/div>\n\n\n<h2 class=\"wp-block-heading\">Zapoznaj si\u0119 z nasz\u0105 ofert\u0105!&nbsp;<\/h2>\n\n\n\n<p>Posiadamy ju\u017c prawie 20 lat do\u015bwiadczenia szkoleniowego i przeprowadzili\u015bmy tysi\u0105ce kurs\u00f3w z r\u00f3\u017cnych dziedzin.&nbsp;&nbsp;<\/p>\n\n\n\n<p>W zwi\u0105zku z tym, zapraszamy Pa\u0144stwa do udzia\u0142u w kursie UDT z zakresu obs\u0142ugi d\u017awig\u00f3w osobowych, ale r\u00f3wnie\u017c towarowych ze sterowaniem wewn\u0119trznym i d\u017awig\u00f3w szpitalnych nieposiadaj\u0105cych kontroli obci\u0105\u017cenia kabiny. Zdobyte uprawnienia pozwol\u0105 Pa\u0144stwu szybko znale\u017a\u0107 prac\u0119 w Polsce lub za granic\u0105.&nbsp;&nbsp;<\/p>\n\n\n\n<h3 class=\"wp-block-heading\">Program szkolenia i uprawnienia UDT <\/h3>\n\n\n\n<p>Przygotowany jest pod egzamin UDT i obejmuje wyk\u0142ady teoretyczne oraz zaj\u0119cia praktyczne w pracy bezpo\u015brednio z urz\u0105dzeniem. Zaj\u0119cia prowadzone s\u0105 przez do\u015bwiadczonych technik\u00f3w. Ka\u017cdy kursant otrzymuje od nas materia\u0142y szkoleniowe do nauki oraz wsparcie w kolejnych krokach ku otrzymaniu uprawnie\u0144 UDT.&nbsp;&nbsp;&nbsp;<\/p>\n\n\n\n<p>Po zako\u0144czonym szkoleniu i zdanym egzaminie w Urz\u0119dzie Dozoru Technicznego otrzymuj\u0105 Pa\u0144stwo za\u015bwiadczenie kwalifikacyjne do wykonywania zada\u0144 z zakresu obs\u0142ugi d\u017awig\u00f3w osobowych i towarowych oraz certyfikat uko\u0144czenia kursu w j\u0119zyku polskim i angielskim.&nbsp;&nbsp;<\/p>\n\n\n\n<p>Uzyskane uprawnienia maj\u0105 wa\u017cno\u015b\u0107 przez 10 lat.&nbsp;&nbsp;<\/p>\n\n\n\n<h3 class=\"wp-block-heading\">Pracujemy na sprz\u0119cie niniejszych producent\u00f3w: <\/h3>\n\n\n\n<p>Lift Zone, Igus, Irel, PfEIFER Technika Linowa i D\u017awigowa, Zeppelin, Inter Rope, Nowimex, PDPS, ASTAT, AWANS B.H.P, El-D\u017awig, Helukabel Polska, Microlift, Roka Lift, Rol-Art., StalLIFT i innych!<\/p>\n\n\n\n<h2 class=\"wp-block-heading\">Pytania i odpowiedzi:<\/h2>\n\n\n\t\t<details\t\thelp class=\"sc_fs_faq sc_card    \"\n\t\topen\t\t>\n\t\t\t\t\t<summary>\n\t\t\t\t<h3>1. Czy mam obowi\u0105zek prowadzenia dziennika konserwacji d\u017awiga osobowego? <\/h3>\t\t\t\t\t<\/summary>\n\t\t\t\t<div>\n\t\t\t\t\t\t<div class=\"sc_fs_faq__content\">\n\t\t\t\t\n\n<p>Eksploatuj\u0105cy powinien za\u0142o\u017cy\u0107 i przechowywa\u0107 dziennik konserwacji uzupe\u0142niany przez konserwatora. Ksi\u0119ga ta jest sprawdzana podczas badania okresowego przez pracownika Urz\u0119du Dozoru Technicznego.&nbsp;&nbsp;<\/p>\n\n\t\t\t<\/div>\n\t\t<\/div>\n\t\t<\/details>\n\t\t\t\t<details\t\thelp class=\"sc_fs_faq sc_card    \"\n\t\t\t\t>\n\t\t\t\t\t<summary>\n\t\t\t\t<h3>2. Czy jako nowy w\u0142a\u015bciciel musz\u0119 ponownie zg\u0142asza\u0107 d\u017awig osobowy do UDT?  <\/h3>\t\t\t\t\t<\/summary>\n\t\t\t\t<div>\n\t\t\t\t\t\t<div class=\"sc_fs_faq__content\">\n\t\t\t\t\n\n<p>Tak, jako nowy w\u0142a\u015bciciel urz\u0105dzenia musisz z\u0142o\u017cy\u0107 nowy wniosek do odpowiedniego oddzia\u0142u UDT. Do wniosku nale\u017cy do\u0142\u0105czy\u0107 jedn\u0105 kserokopi\u0119 ostatniego protoko\u0142u i decyzji. Kolejne kroki przeprowadzane s\u0105 identycznie, jak w przypadku zg\u0142oszenia nowego urz\u0105dzenia.&nbsp;&nbsp;<\/p>\n\n\t\t\t<\/div>\n\t\t<\/div>\n\t\t<\/details>\n\t\t\n<script type=\"application\/ld+json\">\n\t{\n\t\t\"@context\": \"https:\/\/schema.org\",\n\t\t\"@type\": \"FAQPage\",\n\t\t\"mainEntity\": [\n\t\t\t\t\t{\n\t\t\t\t\"@type\": \"Question\",\n\t\t\t\t\"name\": \"1. Czy mam obowi\u0105zek prowadzenia dziennika konserwacji d\u017awiga osobowego? \",\n\t\t\t\t\"acceptedAnswer\": {\n\t\t\t\t\t\"@type\": \"Answer\",\n\t\t\t\t\t\"text\": \"<p>Eksploatuj\u0105cy powinien za\u0142o\u017cy\u0107 i przechowywa\u0107 dziennik konserwacji uzupe\u0142niany przez konserwatora. Ksi\u0119ga ta jest sprawdzana podczas badania okresowego przez pracownika Urz\u0119du Dozoru Technicznego.&nbsp;&nbsp;<\/p>\"\n\t\t\t\t\t\t\t\t\t}\n\t\t\t}\n\t\t\t,\t\t\t\t{\n\t\t\t\t\"@type\": \"Question\",\n\t\t\t\t\"name\": \"2. Czy jako nowy w\u0142a\u015bciciel musz\u0119 ponownie zg\u0142asza\u0107 d\u017awig osobowy do UDT?  \",\n\t\t\t\t\"acceptedAnswer\": {\n\t\t\t\t\t\"@type\": \"Answer\",\n\t\t\t\t\t\"text\": \"<p>Tak, jako nowy w\u0142a\u015bciciel urz\u0105dzenia musisz z\u0142o\u017cy\u0107 nowy wniosek do odpowiedniego oddzia\u0142u UDT. Do wniosku nale\u017cy do\u0142\u0105czy\u0107 jedn\u0105 kserokopi\u0119 ostatniego protoko\u0142u i decyzji. Kolejne kroki przeprowadzane s\u0105 identycznie, jak w przypadku zg\u0142oszenia nowego urz\u0105dzenia.&nbsp;&nbsp;<\/p>\"\n\t\t\t\t\t\t\t\t\t}\n\t\t\t}\n\t\t\t\t\t\t]\n\t}\n<\/script>\n","protected":false},"excerpt":{"rendered":"<p>D\u017awigi osobowe \u2013 windy D\u017awig osobowy to urz\u0105dzenie s\u0142u\u017c\u0105ce do pionowego transportu os\u00f3b. Posiada nap\u0119d elektryczny lub hydrauliczny. Zbudowany jest z:&nbsp; Ka\u017cdy d\u017awig osobowy podlega dozorowi UDT.&nbsp; Rejestracja nowego d\u017awigu osobowego&nbsp; Post\u0119powanie w przypadku zmiany w\u0142a\u015bciciela&nbsp; Wymagany komplet dokument\u00f3w&nbsp; Wed\u0142ug Rozporz\u0105dzenia Ministra Rozwoju z dnia 3 czerwca 2016 roku w sprawie zasadniczych wymaga\u0144 dla d\u017awig\u00f3w [&hellip;]<\/p>\n","protected":false},"author":10,"featured_media":4209,"parent":2266,"menu_order":0,"comment_status":"closed","ping_status":"closed","template":"","meta":{"footnotes":""},"class_list":["post-4206","page","type-page","status-publish","has-post-thumbnail","hentry"],"aioseo_notices":[],"_links":{"self":[{"href":"https:\/\/szkolenia-udt.pl\/ua\/wp-json\/wp\/v2\/pages\/4206","targetHints":{"allow":["GET"]}}],"collection":[{"href":"https:\/\/szkolenia-udt.pl\/ua\/wp-json\/wp\/v2\/pages"}],"about":[{"href":"https:\/\/szkolenia-udt.pl\/ua\/wp-json\/wp\/v2\/types\/page"}],"author":[{"embeddable":true,"href":"https:\/\/szkolenia-udt.pl\/ua\/wp-json\/wp\/v2\/users\/10"}],"replies":[{"embeddable":true,"href":"https:\/\/szkolenia-udt.pl\/ua\/wp-json\/wp\/v2\/comments?post=4206"}],"version-history":[{"count":6,"href":"https:\/\/szkolenia-udt.pl\/ua\/wp-json\/wp\/v2\/pages\/4206\/revisions"}],"predecessor-version":[{"id":4531,"href":"https:\/\/szkolenia-udt.pl\/ua\/wp-json\/wp\/v2\/pages\/4206\/revisions\/4531"}],"up":[{"embeddable":true,"href":"https:\/\/szkolenia-udt.pl\/ua\/wp-json\/wp\/v2\/pages\/2266"}],"wp:featuredmedia":[{"embeddable":true,"href":"https:\/\/szkolenia-udt.pl\/ua\/wp-json\/wp\/v2\/media\/4209"}],"wp:attachment":[{"href":"https:\/\/szkolenia-udt.pl\/ua\/wp-json\/wp\/v2\/media?parent=4206"}],"curies":[{"name":"wp","href":"https:\/\/api.w.org\/{rel}","templated":true}]}}