{"id":4401,"date":"2023-03-16T19:23:15","date_gmt":"2023-03-16T18:23:15","guid":{"rendered":"https:\/\/szkolenia-udt.pl\/?page_id=4401"},"modified":"2023-03-17T00:40:31","modified_gmt":"2023-03-16T23:40:31","slug":"%d1%82%d0%b5%d1%85%d0%bd%d1%96%d1%87%d0%bd%d0%be%d0%b3%d0%be-%d0%be%d0%b1%d1%81%d0%bb%d1%83%d0%b3%d0%be%d0%b2%d1%83%d0%b2%d0%b0%d0%bd%d0%bd%d1%8f-%d1%82%d0%b0-%d0%b5%d0%ba%d1%81%d0%bf%d0%bb%d1%83","status":"publish","type":"page","link":"https:\/\/szkolenia-udt.pl\/ua\/kursy\/uprawnienia-udt-tdt-wdt\/konserwatora-i-operatora-przenosnikow-o-ruchu-ciaglym\/","title":{"rendered":"\u041a\u0443\u0440\u0441 \u0434\u043b\u044f \u043e\u0442\u0440\u0438\u043c\u0430\u043d\u043d\u044f \u043a\u0432\u0430\u043b\u0456\u0444\u0456\u043a\u0430\u0446\u0456\u0457 \u043e\u0431\u0441\u043b\u0443\u0433\u043e\u0432\u0443\u044e\u0447\u043e\u0433\u043e \u043f\u0435\u0440\u0441\u043e\u043d\u0430\u043b\u0443 \u0442\u0430 \u043e\u043f\u0435\u0440\u0430\u0442\u043e\u0440\u0430 \u043a\u043e\u043d\u0432\u0435\u0454\u0440\u0456\u0432 \u0431\u0435\u0437\u043f\u0435\u0440\u0435\u0440\u0432\u043d\u043e\u0433\u043e \u0440\u0443\u0445\u0443, \u0449\u043e \u0432\u0438\u043a\u043e\u0440\u0438\u0441\u0442\u043e\u0432\u0443\u044e\u0442\u044c\u0441\u044f \u0434\u043b\u044f \u0442\u0440\u0430\u043d\u0441\u043f\u043e\u0440\u0442\u0443\u0432\u0430\u043d\u043d\u044f \u043b\u044e\u0434\u0435\u0439 \u0437 \u043b\u0438\u0436\u043d\u0438\u043c \u0430\u0431\u043e \u0442\u0443\u0440\u0438\u0441\u0442\u0438\u0447\u043d\u0438\u043c \u0441\u043f\u043e\u0440\u044f\u0434\u0436\u0435\u043d\u043d\u044f\u043c"},"content":{"rendered":"<div class=\"wp-block-image\">\n<figure class=\"alignright size-large is-resized\"><a href=\"https:\/\/szkolenia-udt.pl\/wp-content\/uploads\/2023\/03\/screen_2x-89.jpg\"><img loading=\"lazy\" decoding=\"async\" src=\"https:\/\/szkolenia-udt.pl\/wp-content\/uploads\/2023\/03\/screen_2x-89-1024x680.jpg\" alt=\"przeno\u015bnik w trakcie konserwacji\u00a0\" class=\"wp-image-4408\" width=\"512\" height=\"340\" srcset=\"https:\/\/szkolenia-udt.pl\/wp-content\/uploads\/2023\/03\/screen_2x-89-1024x680.jpg 1024w, https:\/\/szkolenia-udt.pl\/wp-content\/uploads\/2023\/03\/screen_2x-89-300x199.jpg 300w, https:\/\/szkolenia-udt.pl\/wp-content\/uploads\/2023\/03\/screen_2x-89-768x510.jpg 768w, https:\/\/szkolenia-udt.pl\/wp-content\/uploads\/2023\/03\/screen_2x-89-1536x1020.jpg 1536w, https:\/\/szkolenia-udt.pl\/wp-content\/uploads\/2023\/03\/screen_2x-89-18x12.jpg 18w, https:\/\/szkolenia-udt.pl\/wp-content\/uploads\/2023\/03\/screen_2x-89.jpg 1600w\" sizes=\"auto, (max-width: 512px) 100vw, 512px\" \/><\/a><\/figure>\n<\/div>\n\n\n<h2 class=\"wp-block-heading\">Przeno\u015bniki o ruchu ci\u0105g\u0142ym, s\u0142u\u017c\u0105ce do transportu narciarzy i turyst\u00f3w<\/h2>\n\n\n\n<p>Nasza firma organizuje kursy na uprawnienia dla konserwatora przeno\u015bnik\u00f3w o ruchu ci\u0105g\u0142ym, u\u017cywanym do transportu ludzi ze sprz\u0119tem narciarskim lub turystycznym.&nbsp;&nbsp;<\/p>\n\n\n\n<p>Przeno\u015bniki o ruchu ci\u0105g\u0142ym to \u015brodki transportu popularne zw\u0142aszcza na stokach narciarskich oraz wsz\u0119dzie, gdzie mamy do czynienia z przemieszczaniem ludzi lub sprz\u0119t\u00f3w sportowych\/turystycznych. Przeno\u015bniki to niezwykle pomocne urz\u0105dzenia, dzi\u0119ki kt\u00f3rym mo\u017cemy bez problemu przenosi\u0107 ludzi, jak i rzeczy w wybrane, cz\u0119sto trudnodost\u0119pne miejsce.&nbsp;<\/p>\n\n\n\n<p>Ka\u017cde urz\u0105dzenie tego typu podlega oczywi\u015bcie obowi\u0105zkowej kontroli technicznej, a tak\u017ce regularnej konserwacji. Wszystko po to, aby urz\u0105dzenie by\u0142o sprawne i wykonywa\u0142o swoj\u0105 prace bez zarzutu.&nbsp;&nbsp;&nbsp;&nbsp;<\/p>\n\n\n\n<p>Przeno\u015bniki o ruchu ci\u0105g\u0142ym, jak ka\u017cda maszyna wymagaj\u0105 wykwalifikowanego personelu do ich obs\u0142ugi.&nbsp;<\/p>\n\n\n<div class=\"wp-block-image\">\n<figure class=\"alignright size-large is-resized\"><a href=\"https:\/\/szkolenia-udt.pl\/wp-content\/uploads\/2023\/03\/screen_2x-90.jpg\"><img loading=\"lazy\" decoding=\"async\" src=\"https:\/\/szkolenia-udt.pl\/wp-content\/uploads\/2023\/03\/screen_2x-90-1024x866.jpg\" alt=\"Operator przeno\u015bnika o ruchu ci\u0105g\u0142ym u\u017cywanym do transportu ludzi\" class=\"wp-image-4405\" width=\"427\" height=\"361\" srcset=\"https:\/\/szkolenia-udt.pl\/wp-content\/uploads\/2023\/03\/screen_2x-90-1024x866.jpg 1024w, https:\/\/szkolenia-udt.pl\/wp-content\/uploads\/2023\/03\/screen_2x-90-300x254.jpg 300w, https:\/\/szkolenia-udt.pl\/wp-content\/uploads\/2023\/03\/screen_2x-90-768x649.jpg 768w, https:\/\/szkolenia-udt.pl\/wp-content\/uploads\/2023\/03\/screen_2x-90-1536x1299.jpg 1536w, https:\/\/szkolenia-udt.pl\/wp-content\/uploads\/2023\/03\/screen_2x-90-14x12.jpg 14w, https:\/\/szkolenia-udt.pl\/wp-content\/uploads\/2023\/03\/screen_2x-90.jpg 1600w\" sizes=\"auto, (max-width: 427px) 100vw, 427px\" \/><\/a><\/figure>\n<\/div>\n\n\n<h3 class=\"wp-block-heading\">Zalicza si\u0119 do nich:&nbsp;&nbsp;<\/h3>\n\n\n\n<ul class=\"wp-block-list\">\n<li>konserwator urz\u0105dzenia transportu linowego,\u202f&nbsp;<\/li>\n\n\n\n<li>kierownik ruchu urz\u0105dzenia transportu linowego,\u202f&nbsp;<\/li>\n\n\n\n<li>operator peronowy,\u202f&nbsp;<\/li>\n\n\n\n<li>przeno\u015bniki o ruchu ci\u0105g\u0142ym, &nbsp;<\/li>\n\n\n\n<li>maszynista urz\u0105dzenia transportu linowego.\u202f&nbsp;<\/li>\n<\/ul>\n\n\n\n<p>Na ka\u017cde z powy\u017cszych stanowisk wymagane jest specjalistyczne szkolenie. Pozwala ono zdoby\u0107 niezb\u0119dne uprawnienia do pracy w tym zawodzie.&nbsp;<\/p>\n\n\n\n<h2 class=\"wp-block-heading\">Program szkolenia&nbsp;&nbsp;<\/h2>\n\n\n\n<p>Szkolenie dzieli si\u0119 na dwa etapy, cz\u0119\u015b\u0107 teoretyczn\u0105 i cz\u0119\u015b\u0107 praktyczn\u0105, a ko\u0144czy si\u0119 egzaminem pa\u0144stwowym.&nbsp;&nbsp;<\/p>\n\n\n\n<h3 class=\"wp-block-heading\">Program szkoleniowy cz\u0119\u015bci teoretycznej obejmuje:&nbsp;<\/h3>\n\n\n\n<ul class=\"wp-block-list\">\n<li>eksploatacj\u0119 urz\u0105dze\u0144,&nbsp;&nbsp;<\/li>\n\n\n\n<li>zasady i sposoby konserwacji urz\u0105dzenia,&nbsp;&nbsp;<\/li>\n\n\n\n<li>poznanie przepis\u00f3w BHP,&nbsp;<\/li>\n\n\n\n<li>zapoznanie si\u0119 z dokumentacj\u0105 techniczn\u0105,&nbsp;<\/li>\n\n\n\n<li>wiedz\u0119 og\u00f3ln\u0105 dotycz\u0105c\u0105 przeno\u015bnik\u00f3w, ich budowy i zasad funkcjonowania,&nbsp;&nbsp;<\/li>\n\n\n\n<li>zapobieganie usterkom w przysz\u0142o\u015bci.&nbsp;&nbsp;<\/li>\n<\/ul>\n\n\n\n<p>Po cz\u0119\u015bci teoretycznej odbywaj\u0105 si\u0119 zaj\u0119cia praktyczne. Na nich \u0107wiczy si\u0119 g\u0142\u00f3wnie obs\u0142ug\u0119 maszyn. <\/p>\n\n\n\n<h3 class=\"wp-block-heading\">Praktyka ta obejmuje:&nbsp;<\/h3>\n\n\n\n<ul class=\"wp-block-list\">\n<li>om\u00f3wienie pracy z maszynami,&nbsp;<\/li>\n\n\n\n<li>mo\u017cliwe badania i kontrol\u0119 ruchu,&nbsp;&nbsp;<\/li>\n\n\n\n<li>om\u00f3wienie i wykonywanie procedury kontroli pojazdu,&nbsp;<\/li>\n\n\n\n<li>om\u00f3wienie bezpiecznego u\u017cytkowania pojazdu,&nbsp;<\/li>\n\n\n\n<li>wykonywanie i om\u00f3wienie obs\u0142ugi technicznej urz\u0105dzenia.&nbsp;<\/li>\n<\/ul>\n\n\n\n<p>Na koniec odbywa si\u0119 egzamin, podczas kt\u00f3rego kursant musi wykaza\u0107 si\u0119 zdobyt\u0105 wiedz\u0105 oraz umiej\u0119tno\u015bciami praktycznymi zdobyty mi na kursie, wykonuj\u0105c zlecone przez egzaminatora zadania. Po uko\u0144czeniu egzaminu z wynikiem pozytywnym, zdaj\u0105cy otrzymuje uprawnienia niezb\u0119dne do obj\u0119cia stanowiska konserwatora.&nbsp;&nbsp;<\/p>\n\n\n\n<p>Opr\u00f3cz kurs\u00f3w na konserwator\u00f3w oferujemy tak\u017ce Pa\u0144stwu kursy na operator\u00f3w. Zach\u0119camy do zdobycia uprawnie\u0144 na oba stanowiska.&nbsp;<\/p>\n\n\n<div class=\"wp-block-image\">\n<figure class=\"alignright size-large is-resized\"><a href=\"https:\/\/szkolenia-udt.pl\/wp-content\/uploads\/2023\/03\/screen_2x-91.jpg\"><img loading=\"lazy\" decoding=\"async\" src=\"https:\/\/szkolenia-udt.pl\/wp-content\/uploads\/2023\/03\/screen_2x-91-1024x738.jpg\" alt=\"przeno\u015bnik u\u017cywany do transportu ludzi\" class=\"wp-image-4407\" width=\"512\" height=\"369\" srcset=\"https:\/\/szkolenia-udt.pl\/wp-content\/uploads\/2023\/03\/screen_2x-91-1024x738.jpg 1024w, https:\/\/szkolenia-udt.pl\/wp-content\/uploads\/2023\/03\/screen_2x-91-300x216.jpg 300w, https:\/\/szkolenia-udt.pl\/wp-content\/uploads\/2023\/03\/screen_2x-91-768x553.jpg 768w, https:\/\/szkolenia-udt.pl\/wp-content\/uploads\/2023\/03\/screen_2x-91-1536x1107.jpg 1536w, https:\/\/szkolenia-udt.pl\/wp-content\/uploads\/2023\/03\/screen_2x-91-18x12.jpg 18w, https:\/\/szkolenia-udt.pl\/wp-content\/uploads\/2023\/03\/screen_2x-91.jpg 1600w\" sizes=\"auto, (max-width: 512px) 100vw, 512px\" \/><\/a><\/figure>\n<\/div>\n\n\n<h3 class=\"wp-block-heading\">Zg\u0142aszaj\u0105c si\u0119 na kurs kandydaci, niezale\u017cnie od tego czy s\u0105 zatrudnieni, prowadz\u0105 w\u0142asn\u0105 dzia\u0142alno\u015b\u0107 lub s\u0105 bezrobotni, musz\u0105:&nbsp;<\/h3>\n\n\n\n<ul class=\"wp-block-list\">\n<li>przedstawi\u0107 za\u015bwiadczenie lekarskie o braku przeciwwskaza\u0144 zdrowotnych do pracy,&nbsp;<\/li>\n\n\n\n<li>przestrzega\u0107 kodeksu etycznego opublikowanego przez jednostk\u0119 szkoleniow\u0105,&nbsp;&nbsp;<\/li>\n\n\n\n<li>na podstawie innych przepis\u00f3w posiada\u0107 odpowiednie do pracy uprawnienia,&nbsp;&nbsp;<\/li>\n\n\n\n<li>mie\u0107 uko\u0144czone 18 lat,&nbsp;&nbsp;<\/li>\n\n\n\n<li>posiada\u0107 min. wykszta\u0142cenie podstawowe.&nbsp;<\/li>\n<\/ul>\n\n\n\n<p>Oferujemy pomoc w rejestracji na egzamin, wykonamy za Ciebie wszystkie niezb\u0119dne formalno\u015bci.&nbsp;&nbsp;<\/p>\n\n\n\n<p>Dodatkowo, ka\u017cdy kursant otrzymuje pomocnicze materia\u0142y dydaktyczne, kt\u00f3re jeszcze lepiej pozwol\u0105 przygotowa\u0107 si\u0119 do egzaminu.&nbsp;&nbsp;&nbsp;<\/p>\n\n\n\n<p>W razie jakichkolwiek pyta\u0144 zapraszamy do kontaktu.<\/p>\n\n\n<div class=\"wp-block-image\">\n<figure class=\"alignright size-large is-resized\"><a href=\"https:\/\/szkolenia-udt.pl\/wp-content\/uploads\/2023\/03\/s2-64.jpg\"><img loading=\"lazy\" decoding=\"async\" src=\"https:\/\/szkolenia-udt.pl\/wp-content\/uploads\/2023\/03\/s2-64-684x1024.jpg\" alt=\"Przegl\u0105d techniczny wyci\u0105gu narciarskiego\" class=\"wp-image-4406\" width=\"342\" height=\"512\" srcset=\"https:\/\/szkolenia-udt.pl\/wp-content\/uploads\/2023\/03\/s2-64-684x1024.jpg 684w, https:\/\/szkolenia-udt.pl\/wp-content\/uploads\/2023\/03\/s2-64-200x300.jpg 200w, https:\/\/szkolenia-udt.pl\/wp-content\/uploads\/2023\/03\/s2-64-768x1151.jpg 768w, https:\/\/szkolenia-udt.pl\/wp-content\/uploads\/2023\/03\/s2-64-1025x1536.jpg 1025w, https:\/\/szkolenia-udt.pl\/wp-content\/uploads\/2023\/03\/s2-64-8x12.jpg 8w, https:\/\/szkolenia-udt.pl\/wp-content\/uploads\/2023\/03\/s2-64.jpg 1068w\" sizes=\"auto, (max-width: 342px) 100vw, 342px\" \/><\/a><\/figure>\n<\/div>\n\n\n<h2 class=\"wp-block-heading\">Obowi\u0105zki operatora przeno\u015bnik\u00f3w o ruchu ci\u0105g\u0142ym, u\u017cywanym do transportu ludzi ze sprz\u0119tem narciarskim lub turystycznym:<\/h2>\n\n\n\n<ul class=\"wp-block-list\">\n<li>Obs\u0142uga urz\u0105dzenia, kontrola dzia\u0142ania, przestrzeganie instrukcji producenta;<\/li>\n\n\n\n<li>Dbanie o regularne przegl\u0105dy techniczne i konserwacje;<\/li>\n\n\n\n<li>Dbanie o bezpiecze\u0144stwo pasa\u017cer\u00f3w \u2013 upewnianie si\u0119, \u017ce osoby transportowane s\u0105 odpowiednio przygotowane i zabezpieczone przed wypadni\u0119ciem;<\/li>\n\n\n\n<li>Doz\u00f3r nad przewo\u017conymi dzie\u0107mi \u2013 zapi\u0119cie fotelika\/ specjalnego pasa;<\/li>\n\n\n\n<li>Udzielanie pomocy osobom wsiadaj\u0105cym i wysiadaj\u0105cym;<\/li>\n\n\n\n<li>Ci\u0105g\u0142y nadz\u00f3r nad przeno\u015bnikiem \u2013 czy wszystko dzia\u0142a sprawnie i bezpiecznie, monitorowanie pr\u0119dko\u015bci i przepustowo\u015bci przeno\u015bnika, reakcja na problemy;<\/li>\n\n\n\n<li>Ci\u0105g\u0142y kontakt z zespo\u0142em pracownik\u00f3w \u2013 kontrolerami, operatorami, ratownikami medycznymi i obs\u0142ug\u0105 techniczn\u0105;<\/li>\n\n\n\n<li>Znajomo\u015b\u0107 przepis\u00f3w prawnych, zasad bezpiecze\u0144stwa i procedur awaryjnych \u2013 w razie potrzeby, decydowanie o zatrzymaniu pracy urz\u0105dzenia;<\/li>\n\n\n\n<li>Prowadzenie dokumentacji technicznej i raportowanie o awariach, problemach i wypadkach zwi\u0105zanych z przeno\u015bnikiem;<\/li>\n\n\n\n<li>Uczestniczenie w regularnych szkoleniach w celu aktualizacji wiedzy i umiej\u0119tno\u015bci.<\/li>\n<\/ul>\n\n\n\n<h2 class=\"wp-block-heading\">Zadania konserwatora przeno\u015bnik\u00f3w o ruchu ci\u0105g\u0142ym, u\u017cywanym do transportu ludzi ze sprz\u0119tem narciarskim lub turystycznym<\/h2>\n\n\n\n<ul class=\"wp-block-list\">\n<li>Konserwacje i naprawy \u2013 regularne przegl\u0105dy techniczne, naprawy urz\u0105dze\u0144 w celu zapewnienia bezpiecze\u0144stwa os\u00f3b i poprawy wydajno\u015bci urz\u0105dzenia.<\/li>\n\n\n\n<li>Przestrzeganie przepis\u00f3w dot. transportu ludzi i sprz\u0119tu narciarskiego\/ turystycznego, w tym: BHP i standard\u00f3w bran\u017cowych.<\/li>\n\n\n\n<li>Wsp\u00f3\u0142praca z zespo\u0142em pracownik\u00f3w \u2013 operatorami, kontrolerami, ratownikami czy technikami.<\/li>\n\n\n\n<li>Diagnozowanie problem\u00f3w, naprawianie ich szybko i skutecznie.<\/li>\n\n\n\n<li>Planowanie konserwacji tak, aby zminimalizowa\u0107 ryzyko zak\u0142\u00f3cenia pracy urz\u0105dzenia.<\/li>\n\n\n\n<li>Monitorowanie zu\u017cycia cz\u0119\u015bci i planowanie ich wymiany.<\/li>\n\n\n\n<li>Prowadzenie dokumentacji dot. konserwacji i napraw przeno\u015bnika \u2013 odnotowanie dat, podj\u0119tych czynno\u015bci i innych niezb\u0119dnych informacji, przydatnych w przysz\u0142o\u015bci.<\/li>\n<\/ul>\n\n\n\n<h2 class=\"wp-block-heading\">Pytania i odpowiedzi:<\/h2>\n\n\n\t\t<details\t\thelp class=\"sc_fs_faq sc_card    \"\n\t\topen\t\t>\n\t\t\t\t\t<summary>\n\t\t\t\t<h3>1. Jakie obowi\u0105zki ma operator przeno\u015bnik\u00f3w o ruchu ci\u0105g\u0142ym, u\u017cywanym do transportu ludzi ze sprz\u0119tem narciarskim lub turystycznym?<\/h3>\t\t\t\t\t<\/summary>\n\t\t\t\t<div>\n\t\t\t\t\t\t<div class=\"sc_fs_faq__content\">\n\t\t\t\t\n\n<p>Operator urz\u0105dzenia musi dba\u0107 o prawid\u0142owe dzia\u0142anie maszyny oraz o bezpiecze\u0144stwo przewo\u017conych os\u00f3b. Do jego zada\u0144 nale\u017cy tak\u017ce m.in. znajomo\u015b\u0107 przepis\u00f3w, ci\u0105g\u0142y nadz\u00f3r nad przeno\u015bnikiem czy raportowanie wszelkich dzia\u0142a\u0144 podejmowanych w pracach technicznych zwi\u0105zanych z urz\u0105dzeniem.<\/p>\n\n\t\t\t<\/div>\n\t\t<\/div>\n\t\t<\/details>\n\t\t\t\t<details\t\thelp class=\"sc_fs_faq sc_card    \"\n\t\t\t\t>\n\t\t\t\t\t<summary>\n\t\t\t\t<h3>2. Jakie s\u0105 zadania konserwatora przeno\u015bnik\u00f3w o ruchu ci\u0105g\u0142ym, u\u017cywanym do transportu ludzi ze sprz\u0119tem narciarskim lub turystycznym?<\/h3>\t\t\t\t\t<\/summary>\n\t\t\t\t<div>\n\t\t\t\t\t\t<div class=\"sc_fs_faq__content\">\n\t\t\t\t\n\n<p>Konserwator musi mie\u0107 na uwadze przede wszystkim bezpiecze\u0144stwo os\u00f3b transportowanych oraz szybkie i skuteczne naprawy w celu zminimalizowania ryzyka zak\u0142\u00f3ce\u0144 pracy urz\u0105dzenia. Do jego zada\u0144 nale\u017cy tak\u017ce kontakt ze wsp\u00f3\u0142pracownikami, przegl\u0105dy techniczne, prowadzenie dokumentacji technicznej i odpowiednie planowanie konserwacji. <\/p>\n\n\t\t\t<\/div>\n\t\t<\/div>\n\t\t<\/details>\n\t\t\t\t<details\t\thelp class=\"sc_fs_faq sc_card    \"\n\t\t\t\t>\n\t\t\t\t\t<summary>\n\t\t\t\t<h3>3. Jakie wymagania musi spe\u0142nia\u0107 kandydat na kursanta?<\/h3>\t\t\t\t\t<\/summary>\n\t\t\t\t<div>\n\t\t\t\t\t\t<div class=\"sc_fs_faq__content\">\n\t\t\t\t\n\n<p>Osoby zainteresowane naszym kursem musz\u0105 m.in.: by\u0107 pe\u0142noletnie, posiada\u0107 podstawowe wykszta\u0142cenie (minimum) i brak przeciwwskaza\u0144 zdrowotnych do zawodu. <\/p>\n\n\t\t\t<\/div>\n\t\t<\/div>\n\t\t<\/details>\n\t\t\n<script type=\"application\/ld+json\">\n\t{\n\t\t\"@context\": \"https:\/\/schema.org\",\n\t\t\"@type\": \"FAQPage\",\n\t\t\"mainEntity\": [\n\t\t\t\t\t{\n\t\t\t\t\"@type\": \"Question\",\n\t\t\t\t\"name\": \"1. Jakie obowi\u0105zki ma operator przeno\u015bnik\u00f3w o ruchu ci\u0105g\u0142ym, u\u017cywanym do transportu ludzi ze sprz\u0119tem narciarskim lub turystycznym?\",\n\t\t\t\t\"acceptedAnswer\": {\n\t\t\t\t\t\"@type\": \"Answer\",\n\t\t\t\t\t\"text\": \"<p>Operator urz\u0105dzenia musi dba\u0107 o prawid\u0142owe dzia\u0142anie maszyny oraz o bezpiecze\u0144stwo przewo\u017conych os\u00f3b. Do jego zada\u0144 nale\u017cy tak\u017ce m.in. znajomo\u015b\u0107 przepis\u00f3w, ci\u0105g\u0142y nadz\u00f3r nad przeno\u015bnikiem czy raportowanie wszelkich dzia\u0142a\u0144 podejmowanych w pracach technicznych zwi\u0105zanych z urz\u0105dzeniem.<\/p>\"\n\t\t\t\t\t\t\t\t\t}\n\t\t\t}\n\t\t\t,\t\t\t\t{\n\t\t\t\t\"@type\": \"Question\",\n\t\t\t\t\"name\": \"2. Jakie s\u0105 zadania konserwatora przeno\u015bnik\u00f3w o ruchu ci\u0105g\u0142ym, u\u017cywanym do transportu ludzi ze sprz\u0119tem narciarskim lub turystycznym?\",\n\t\t\t\t\"acceptedAnswer\": {\n\t\t\t\t\t\"@type\": \"Answer\",\n\t\t\t\t\t\"text\": \"<p>Konserwator musi mie\u0107 na uwadze przede wszystkim bezpiecze\u0144stwo os\u00f3b transportowanych oraz szybkie i skuteczne naprawy w celu zminimalizowania ryzyka zak\u0142\u00f3ce\u0144 pracy urz\u0105dzenia. Do jego zada\u0144 nale\u017cy tak\u017ce kontakt ze wsp\u00f3\u0142pracownikami, przegl\u0105dy techniczne, prowadzenie dokumentacji technicznej i odpowiednie planowanie konserwacji. <\/p>\"\n\t\t\t\t\t\t\t\t\t}\n\t\t\t}\n\t\t\t,\t\t\t\t{\n\t\t\t\t\"@type\": \"Question\",\n\t\t\t\t\"name\": \"3. Jakie wymagania musi spe\u0142nia\u0107 kandydat na kursanta?\",\n\t\t\t\t\"acceptedAnswer\": {\n\t\t\t\t\t\"@type\": \"Answer\",\n\t\t\t\t\t\"text\": \"<p>Osoby zainteresowane naszym kursem musz\u0105 m.in.: by\u0107 pe\u0142noletnie, posiada\u0107 podstawowe wykszta\u0142cenie (minimum) i brak przeciwwskaza\u0144 zdrowotnych do zawodu. <\/p>\"\n\t\t\t\t\t\t\t\t\t}\n\t\t\t}\n\t\t\t\t\t\t]\n\t}\n<\/script>\n","protected":false},"excerpt":{"rendered":"<p>Przeno\u015bniki o ruchu ci\u0105g\u0142ym, s\u0142u\u017c\u0105ce do transportu narciarzy i turyst\u00f3w Nasza firma organizuje kursy na uprawnienia dla konserwatora przeno\u015bnik\u00f3w o ruchu ci\u0105g\u0142ym, u\u017cywanym do transportu ludzi ze sprz\u0119tem narciarskim lub turystycznym.&nbsp;&nbsp; Przeno\u015bniki o ruchu ci\u0105g\u0142ym to \u015brodki transportu popularne zw\u0142aszcza na stokach narciarskich oraz wsz\u0119dzie, gdzie mamy do czynienia z przemieszczaniem ludzi lub sprz\u0119t\u00f3w sportowych\/turystycznych. [&hellip;]<\/p>\n","protected":false},"author":10,"featured_media":4408,"parent":2266,"menu_order":0,"comment_status":"closed","ping_status":"closed","template":"","meta":{"footnotes":""},"class_list":["post-4401","page","type-page","status-publish","has-post-thumbnail","hentry"],"aioseo_notices":[],"_links":{"self":[{"href":"https:\/\/szkolenia-udt.pl\/ua\/wp-json\/wp\/v2\/pages\/4401","targetHints":{"allow":["GET"]}}],"collection":[{"href":"https:\/\/szkolenia-udt.pl\/ua\/wp-json\/wp\/v2\/pages"}],"about":[{"href":"https:\/\/szkolenia-udt.pl\/ua\/wp-json\/wp\/v2\/types\/page"}],"author":[{"embeddable":true,"href":"https:\/\/szkolenia-udt.pl\/ua\/wp-json\/wp\/v2\/users\/10"}],"replies":[{"embeddable":true,"href":"https:\/\/szkolenia-udt.pl\/ua\/wp-json\/wp\/v2\/comments?post=4401"}],"version-history":[{"count":9,"href":"https:\/\/szkolenia-udt.pl\/ua\/wp-json\/wp\/v2\/pages\/4401\/revisions"}],"predecessor-version":[{"id":4552,"href":"https:\/\/szkolenia-udt.pl\/ua\/wp-json\/wp\/v2\/pages\/4401\/revisions\/4552"}],"up":[{"embeddable":true,"href":"https:\/\/szkolenia-udt.pl\/ua\/wp-json\/wp\/v2\/pages\/2266"}],"wp:featuredmedia":[{"embeddable":true,"href":"https:\/\/szkolenia-udt.pl\/ua\/wp-json\/wp\/v2\/media\/4408"}],"wp:attachment":[{"href":"https:\/\/szkolenia-udt.pl\/ua\/wp-json\/wp\/v2\/media?parent=4401"}],"curies":[{"name":"wp","href":"https:\/\/api.w.org\/{rel}","templated":true}]}}