{"id":5031,"date":"2023-06-30T12:45:33","date_gmt":"2023-06-30T10:45:33","guid":{"rendered":"https:\/\/szkolenia-udt.pl\/?page_id=5031"},"modified":"2023-06-30T12:45:34","modified_gmt":"2023-06-30T10:45:34","slug":"%d0%bf%d1%80%d0%be%d0%b4%d0%b0%d0%b6-udt-%d0%bc%d0%b0%d1%88%d0%b8%d0%bd-%d0%b2%d0%b8%d0%bb%d0%be%d1%87%d0%bd%d1%96-%d0%bd%d0%b0%d0%b2%d0%b0%d0%bd%d1%82%d0%b0%d0%b6%d1%83%d0%b2%d0%b0%d1%87%d1%96","status":"publish","type":"page","link":"https:\/\/szkolenia-udt.pl\/ua\/sprzedaz-maszyn-udt-wozki-widlowe\/","title":{"rendered":"\u041f\u0440\u043e\u0434\u0430\u0436 \u043c\u0430\u0448\u0438\u043d UDT - \u0432\u0438\u043b\u043e\u0447\u043d\u0456 \u043d\u0430\u0432\u0430\u043d\u0442\u0430\u0436\u0443\u0432\u0430\u0447\u0456"},"content":{"rendered":"\n<h2 class=\"wp-block-heading\">Jeste\u015bmy do\u015bwiadczeni na rynku<\/h2>\n\n\n\n<p>Nasza firma dzia\u0142a na rynku od ponad 15 lat, zajmujemy si\u0119 kompleksow\u0105 sprzeda\u017c\u0105 nowych oraz u\u017cywanych maszyn UDT, kt\u00f3re kategoryzowane s\u0105 jako urz\u0105dzenia transportu bliskiego. W naszej ofercie sprzeda\u017cowej znajduj\u0105 si\u0119 uznane na rynku marki urz\u0105dze\u0144 podlegaj\u0105cych pod UDT. Oferujemy tak\u017ce us\u0142ugi powi\u0105zane, w tym m.in. doradztwo, audyt.&nbsp;&nbsp;<\/p>\n\n\n<div class=\"wp-block-image\">\n<figure class=\"alignright size-large is-resized\"><a href=\"https:\/\/szkolenia-udt.pl\/wp-content\/uploads\/2023\/05\/screen_2x-2023-05-12T012635.630.jpg\"><img loading=\"lazy\" decoding=\"async\" src=\"https:\/\/szkolenia-udt.pl\/wp-content\/uploads\/2023\/05\/screen_2x-2023-05-12T012635.630-1024x683.jpg\" alt=\"w\u00f3zki wid\u0142owe - serwis, sprzeda\u017c, szkolenia\" class=\"wp-image-5033\" width=\"512\" height=\"342\" srcset=\"https:\/\/szkolenia-udt.pl\/wp-content\/uploads\/2023\/05\/screen_2x-2023-05-12T012635.630-1024x683.jpg 1024w, https:\/\/szkolenia-udt.pl\/wp-content\/uploads\/2023\/05\/screen_2x-2023-05-12T012635.630-300x200.jpg 300w, https:\/\/szkolenia-udt.pl\/wp-content\/uploads\/2023\/05\/screen_2x-2023-05-12T012635.630-768x512.jpg 768w, https:\/\/szkolenia-udt.pl\/wp-content\/uploads\/2023\/05\/screen_2x-2023-05-12T012635.630-1536x1024.jpg 1536w, https:\/\/szkolenia-udt.pl\/wp-content\/uploads\/2023\/05\/screen_2x-2023-05-12T012635.630-18x12.jpg 18w, https:\/\/szkolenia-udt.pl\/wp-content\/uploads\/2023\/05\/screen_2x-2023-05-12T012635.630.jpg 1600w\" sizes=\"auto, (max-width: 512px) 100vw, 512px\" \/><\/a><\/figure>\n<\/div>\n\n\n<h2 class=\"wp-block-heading\">Jakie maszyny mo\u017cna u nas zakupi\u0107?&nbsp;<\/h2>\n\n\n\n<p>Prowadzimy sprzeda\u017c urz\u0105dze\u0144 nale\u017c\u0105cych do kategorii transportu bliskiego, mianowicie:&nbsp;<\/p>\n\n\n\n<ul class=\"wp-block-list\">\n<li>w\u00f3zk\u00f3w wid\u0142owych,&nbsp;<\/li>\n\n\n\n<li>podno\u015bnik\u00f3w koszowych,&nbsp;<\/li>\n\n\n\n<li>podno\u015bnik\u00f3w no\u017cycowych,&nbsp;<\/li>\n\n\n\n<li>\u0142adowarek teleskopowych,&nbsp;<\/li>\n\n\n\n<li>\u017curawi HDS.&nbsp;<\/li>\n<\/ul>\n\n\n\n<h2 class=\"wp-block-heading\">Oferta sprzeda\u017cowa&nbsp;<\/h2>\n\n\n\n<p>Oferujemy Pa\u0144stwu zakup nowych maszyn UDT od znanych producent\u00f3w na rynku. Nowe zakupione urz\u0105dzenia dostarczamy pod adres wskazany przez klienta w nienaruszonym stanie. W naszym asortymencie znajduj\u0105 si\u0119 r\u00f3wnie\u017c maszyny u\u017cywane, kt\u00f3re przed wystawieniem na sprzeda\u017c przechodz\u0105 audyt jak i r\u00f3wnie\u017c inne niezb\u0119dne badania. Ka\u017cdy u\u017cywany sprz\u0119t przechodzi liczne przegl\u0105dy w celu weryfikacji jego dalszej eksploatacji. W razie potrzeb wykonujemy niezb\u0119dne modernizacje, by sprz\u0119t m\u00f3g\u0142 wykonywa\u0107 dalsze prace. Przed dokonaniem zakupu zach\u0119camy do skonsultowania si\u0119 z naszym doradc\u0105, kt\u00f3ry z pewno\u015bci\u0105 pomo\u017ce dobra\u0107 odpowiedni sprz\u0119t do Pa\u0144stwa potrzeb.&nbsp;&nbsp;<\/p>\n\n\n\n<h2 class=\"wp-block-heading\">Serwis urz\u0105dze\u0144 UDT&nbsp;<\/h2>\n\n\n\n<p>Opr\u00f3cz sprzeda\u017cy maszyn prowadzimy tak\u017ce ich serwis. W naszym warsztacie odbywa si\u0119 kompleksowa naprawa uszkodzonych urz\u0105dze\u0144, a w tym ich modernizacja czy regeneracja. W serwisie prace wykonuje grupa prawdziwych specjalist\u00f3w, kt\u00f3rzy z pewno\u015bci\u0105 poradz\u0105 sobie z wi\u0119kszo\u015bci\u0105 usterek b\u0105d\u017a awarii. W naszym warsztacie mo\u017cna wykona\u0107 audyt maszyn. <\/p>\n\n\n<div class=\"wp-block-image\">\n<figure class=\"alignright size-large is-resized\"><a href=\"https:\/\/szkolenia-udt.pl\/wp-content\/uploads\/2023\/05\/s2-2023-05-12T012626.820.jpg\"><img loading=\"lazy\" decoding=\"async\" src=\"https:\/\/szkolenia-udt.pl\/wp-content\/uploads\/2023\/05\/s2-2023-05-12T012626.820-1024x683.jpg\" alt=\"serwis w\u00f3zk\u00f3w wid\u0142owych\" class=\"wp-image-5034\" width=\"512\" height=\"342\" srcset=\"https:\/\/szkolenia-udt.pl\/wp-content\/uploads\/2023\/05\/s2-2023-05-12T012626.820-1024x683.jpg 1024w, https:\/\/szkolenia-udt.pl\/wp-content\/uploads\/2023\/05\/s2-2023-05-12T012626.820-300x200.jpg 300w, https:\/\/szkolenia-udt.pl\/wp-content\/uploads\/2023\/05\/s2-2023-05-12T012626.820-768x512.jpg 768w, https:\/\/szkolenia-udt.pl\/wp-content\/uploads\/2023\/05\/s2-2023-05-12T012626.820-1536x1024.jpg 1536w, https:\/\/szkolenia-udt.pl\/wp-content\/uploads\/2023\/05\/s2-2023-05-12T012626.820-18x12.jpg 18w, https:\/\/szkolenia-udt.pl\/wp-content\/uploads\/2023\/05\/s2-2023-05-12T012626.820.jpg 1600w\" sizes=\"auto, (max-width: 512px) 100vw, 512px\" \/><\/a><\/figure>\n<\/div>\n\n\n<p>Serwisujemy m.in.:&nbsp;<\/p>\n\n\n\n<ul class=\"wp-block-list\">\n<li>w\u00f3zki wid\u0142owe,&nbsp;<\/li>\n\n\n\n<li>suwnice,&nbsp;<\/li>\n\n\n\n<li>wszystkie rodzaje podest\u00f3w ruchomych,&nbsp;<\/li>\n\n\n\n<li>\u017curawie HDS,&nbsp;<\/li>\n\n\n\n<li>\u0142adowarki teleskopowe,&nbsp;<\/li>\n\n\n\n<li>d\u017awigi.&nbsp;<\/li>\n<\/ul>\n\n\n\n<h2 class=\"wp-block-heading\">Czym s\u0105 urz\u0105dzenia UDT?&nbsp;<\/h2>\n\n\n\n<p>Urz\u0105dzenia UDT nazywane s\u0105 potocznie \u201csprz\u0119tem ci\u0119\u017ckim\u201d i wykorzystywane s\u0105 przy specjalistycznych czynno\u015bciach w ramach transportu, za\u0142adunku lub pracach magazynowych. Skr\u00f3t UDT oznacza Urz\u0105d Dozoru Technicznego i zadaniem tej instytucji jest czuwanie nad urz\u0105dzeniami technicznymi. &nbsp;<\/p>\n\n\n\n<h2 class=\"wp-block-heading\">Sprzeda\u017c w\u00f3zk\u00f3w wid\u0142owych<\/h2>\n\n\n\n<p>Nasza firma specjalizuje si\u0119 w sprzeda\u017cy w\u00f3zk\u00f3w wid\u0142owych, kt\u00f3re s\u0105 nie tylko proste w u\u017cyciu, ale tak\u017ce trwa\u0142e i solidne. Oferujemy szeroki wyb\u00f3r modeli, kt\u00f3re spe\u0142niaj\u0105 potrzeby r\u00f3\u017cnych bran\u017c i s\u0105 w stanie podo\u0142a\u0107 r\u00f3\u017cnym warunkom pracy.<\/p>\n\n\n<div class=\"wp-block-image\">\n<figure class=\"alignright size-large is-resized\"><a href=\"https:\/\/szkolenia-udt.pl\/wp-content\/uploads\/2023\/05\/s2-2023-05-12T012650.627.jpg\"><img loading=\"lazy\" decoding=\"async\" src=\"https:\/\/szkolenia-udt.pl\/wp-content\/uploads\/2023\/05\/s2-2023-05-12T012650.627-1024x593.jpg\" alt=\"sprzeda\u017c w\u00f3zk\u00f3w wid\u0142owych\" class=\"wp-image-5032\" width=\"512\" height=\"297\" srcset=\"https:\/\/szkolenia-udt.pl\/wp-content\/uploads\/2023\/05\/s2-2023-05-12T012650.627-1024x593.jpg 1024w, https:\/\/szkolenia-udt.pl\/wp-content\/uploads\/2023\/05\/s2-2023-05-12T012650.627-300x174.jpg 300w, https:\/\/szkolenia-udt.pl\/wp-content\/uploads\/2023\/05\/s2-2023-05-12T012650.627-768x444.jpg 768w, https:\/\/szkolenia-udt.pl\/wp-content\/uploads\/2023\/05\/s2-2023-05-12T012650.627-1536x889.jpg 1536w, https:\/\/szkolenia-udt.pl\/wp-content\/uploads\/2023\/05\/s2-2023-05-12T012650.627-18x10.jpg 18w, https:\/\/szkolenia-udt.pl\/wp-content\/uploads\/2023\/05\/s2-2023-05-12T012650.627.jpg 1600w\" sizes=\"auto, (max-width: 512px) 100vw, 512px\" \/><\/a><\/figure>\n<\/div>\n\n\n<p>Nasze w\u00f3zki wid\u0142owe s\u0105 wyposa\u017cone w technologie, co przek\u0142ada si\u0119 na ich wydajno\u015b\u0107 i bezpiecze\u0144stwo. Wszystkie modele posiadaj\u0105 ergonomiczne uchwyty, co u\u0142atwia ich obs\u0142ug\u0119 i zapewnia komfort pracy.<\/p>\n\n\n\n<p>Dodatkowo, oferuj\u0105c obs\u0142ug\u0119 serwisow\u0105 oraz szybk\u0105 dostaw\u0119 sprz\u0119tu, masz pewno\u015b\u0107, \u017ce Twoja firma b\u0119dzie mog\u0142a jak najszybciej rozpocz\u0105\u0107 prac\u0119.<\/p>\n\n\n\n<h3 class=\"wp-block-heading\">Przyk\u0142adowi producenci w\u00f3zk\u00f3w wid\u0142owych:&nbsp;<\/h3>\n\n\n\n<div class=\"wp-block-columns is-layout-flex wp-container-core-columns-is-layout-9d6595d7 wp-block-columns-is-layout-flex\">\n<div class=\"wp-block-column is-layout-flow wp-block-column-is-layout-flow\" style=\"flex-basis:33.34%\">\n<ul class=\"wp-block-list\">\n<li>Toyota,&nbsp;<\/li>\n\n\n\n<li>Jungheinrich,&nbsp;<\/li>\n\n\n\n<li>BT,&nbsp;<\/li>\n\n\n\n<li>Still,&nbsp;<\/li>\n\n\n\n<li>Linde,&nbsp;<\/li>\n\n\n\n<li>Taski,&nbsp;<\/li>\n\n\n\n<li>Clark,&nbsp;<\/li>\n<\/ul>\n<\/div>\n\n\n\n<div class=\"wp-block-column is-layout-flow wp-block-column-is-layout-flow\" style=\"flex-basis:33.34%\">\n<ul class=\"wp-block-list\">\n<li>Nissan,&nbsp;<\/li>\n\n\n\n<li>Manitou,&nbsp;<\/li>\n\n\n\n<li>Komatsu,&nbsp;<\/li>\n\n\n\n<li>Yale,&nbsp;<\/li>\n\n\n\n<li>Hyster,&nbsp;<\/li>\n\n\n\n<li>Hako,&nbsp;<\/li>\n\n\n\n<li>Hyundai,&nbsp;<\/li>\n<\/ul>\n<\/div>\n\n\n\n<div class=\"wp-block-column is-layout-flow wp-block-column-is-layout-flow\" style=\"flex-basis:33.33%\">\n<ul class=\"wp-block-list\">\n<li>HC,&nbsp;<\/li>\n\n\n\n<li>OMG,&nbsp;<\/li>\n\n\n\n<li>Mitsubishi,&nbsp;<\/li>\n\n\n\n<li>Doosan,&nbsp;<\/li>\n\n\n\n<li>Crown,&nbsp;<\/li>\n\n\n\n<li>Bauman.&nbsp;<\/li>\n<\/ul>\n<\/div>\n<\/div>\n\n\n\n<h3 class=\"wp-block-heading\">Przyk\u0142adowi producenci podest\u00f3w ruchomych:&nbsp;<\/h3>\n\n\n\n<div class=\"wp-block-columns is-layout-flex wp-container-core-columns-is-layout-9d6595d7 wp-block-columns-is-layout-flex\">\n<div class=\"wp-block-column is-layout-flow wp-block-column-is-layout-flow\" style=\"flex-basis:25%\">\n<ul class=\"wp-block-list\">\n<li>Bocker,&nbsp;<\/li>\n\n\n\n<li>Lionlift,&nbsp;<\/li>\n\n\n\n<li>Cella,&nbsp;<\/li>\n\n\n\n<li>CTE,&nbsp;<\/li>\n\n\n\n<li>Custers,&nbsp;<\/li>\n\n\n\n<li>Euro Access,&nbsp;<\/li>\n<\/ul>\n<\/div>\n\n\n\n<div class=\"wp-block-column is-layout-flow wp-block-column-is-layout-flow\" style=\"flex-basis:25%\">\n<ul class=\"wp-block-list\">\n<li>BST,&nbsp;<\/li>\n\n\n\n<li>RAM,&nbsp;<\/li>\n\n\n\n<li>Holland lift,&nbsp;<\/li>\n\n\n\n<li>Skyjack,&nbsp;<\/li>\n\n\n\n<li>Versalift,&nbsp;<\/li>\n\n\n\n<li>Weber,&nbsp;<\/li>\n<\/ul>\n<\/div>\n\n\n\n<div class=\"wp-block-column is-layout-flow wp-block-column-is-layout-flow\" style=\"flex-basis:25%\">\n<ul class=\"wp-block-list\">\n<li>Aerial,&nbsp;<\/li>\n\n\n\n<li>Paus,&nbsp;<\/li>\n\n\n\n<li>Marklift,&nbsp;<\/li>\n\n\n\n<li>Alp\u2013lift,&nbsp;<\/li>\n\n\n\n<li>Bison,&nbsp;<\/li>\n\n\n\n<li>GSL,<\/li>\n<\/ul>\n<\/div>\n\n\n\n<div class=\"wp-block-column is-layout-flow wp-block-column-is-layout-flow\" style=\"flex-basis:25%\">\n<ul class=\"wp-block-list\">\n<li>Genie,&nbsp;<\/li>\n\n\n\n<li>JLG,&nbsp;<\/li>\n\n\n\n<li>Manitou,&nbsp;<\/li>\n\n\n\n<li>MEC,&nbsp;<\/li>\n\n\n\n<li>Dino Lift.<\/li>\n<\/ul>\n<\/div>\n<\/div>\n\n\n\n<h2 class=\"wp-block-heading\">Szkolenia&nbsp;<\/h2>\n\n\n\n<p>Prowadzimy tak\u017ce w pe\u0142ni profesjonalne szkolenia dla operator\u00f3w i konserwator\u00f3w urz\u0105dze\u0144 UDT. Zaj\u0119cia odbywaj\u0105 si\u0119 pod okiem naszej wykwalifikowanej ekipy wyk\u0142adowczej i do\u015bwiadczonych instruktor\u00f3w. Podczas trwania kursu uczestnicy zostan\u0105 starannie przygotowani z zakresu teorii oraz praktyki. Szkolenia odbywaj\u0105 si\u0119 zgodnie z przepisami UDT.&nbsp;<\/p>\n\n\n\n<h2 class=\"wp-block-heading\">Pytania i odpowiedzi:<\/h2>\n\n\n\t\t<details\t\thelp class=\"sc_fs_faq sc_card    \"\n\t\topen\t\t>\n\t\t\t\t\t<summary>\n\t\t\t\t<h3>Jakie urz\u0105dzenia mo\u017cna u nas zakupi\u0107? <\/h3>\t\t\t\t\t<\/summary>\n\t\t\t\t<div>\n\t\t\t\t\t\t<div class=\"sc_fs_faq__content\">\n\t\t\t\t\n\n<p>W naszej ofercie sprzeda\u017cowej posiadamy maszyny takie jak: w\u00f3zki wid\u0142owe, podno\u015bniki koszowe, podno\u015bniki no\u017cycowe, \u017curawie HDS i \u0142adowarki teleskopowe.&nbsp;<\/p>\n\n\t\t\t<\/div>\n\t\t<\/div>\n\t\t<\/details>\n\t\t\t\t<details\t\thelp class=\"sc_fs_faq sc_card    \"\n\t\t\t\t>\n\t\t\t\t\t<summary>\n\t\t\t\t<h3>Czy prowadz\u0105 Pa\u0144stwo serwis maszyn UDT? <\/h3>\t\t\t\t\t<\/summary>\n\t\t\t\t<div>\n\t\t\t\t\t\t<div class=\"sc_fs_faq__content\">\n\t\t\t\t\n\n<p>Tak. Posiadamy serwis urz\u0105dze\u0144 UDT, w kt\u00f3rym kompleksowo naprawiamy, modernizujemy czy przeprowadzamy audyty maszyn.&nbsp;<\/p>\n\n\t\t\t<\/div>\n\t\t<\/div>\n\t\t<\/details>\n\t\t\n<script type=\"application\/ld+json\">\n\t{\n\t\t\"@context\": \"https:\/\/schema.org\",\n\t\t\"@type\": \"FAQPage\",\n\t\t\"mainEntity\": [\n\t\t\t\t\t{\n\t\t\t\t\"@type\": \"Question\",\n\t\t\t\t\"name\": \"Jakie urz\u0105dzenia mo\u017cna u nas zakupi\u0107? \",\n\t\t\t\t\"acceptedAnswer\": {\n\t\t\t\t\t\"@type\": \"Answer\",\n\t\t\t\t\t\"text\": \"<p>W naszej ofercie sprzeda\u017cowej posiadamy maszyny takie jak: w\u00f3zki wid\u0142owe, podno\u015bniki koszowe, podno\u015bniki no\u017cycowe, \u017curawie HDS i \u0142adowarki teleskopowe.&nbsp;<\/p>\"\n\t\t\t\t\t\t\t\t\t}\n\t\t\t}\n\t\t\t,\t\t\t\t{\n\t\t\t\t\"@type\": \"Question\",\n\t\t\t\t\"name\": \"Czy prowadz\u0105 Pa\u0144stwo serwis maszyn UDT? \",\n\t\t\t\t\"acceptedAnswer\": {\n\t\t\t\t\t\"@type\": \"Answer\",\n\t\t\t\t\t\"text\": \"<p>Tak. Posiadamy serwis urz\u0105dze\u0144 UDT, w kt\u00f3rym kompleksowo naprawiamy, modernizujemy czy przeprowadzamy audyty maszyn.&nbsp;<\/p>\"\n\t\t\t\t\t\t\t\t\t}\n\t\t\t}\n\t\t\t\t\t\t]\n\t}\n<\/script>\n","protected":false},"excerpt":{"rendered":"<p>Jeste\u015bmy do\u015bwiadczeni na rynku Nasza firma dzia\u0142a na rynku od ponad 15 lat, zajmujemy si\u0119 kompleksow\u0105 sprzeda\u017c\u0105 nowych oraz u\u017cywanych maszyn UDT, kt\u00f3re kategoryzowane s\u0105 jako urz\u0105dzenia transportu bliskiego. W naszej ofercie sprzeda\u017cowej znajduj\u0105 si\u0119 uznane na rynku marki urz\u0105dze\u0144 podlegaj\u0105cych pod UDT. Oferujemy tak\u017ce us\u0142ugi powi\u0105zane, w tym m.in. doradztwo, audyt.&nbsp;&nbsp; Jakie maszyny mo\u017cna [&hellip;]<\/p>\n","protected":false},"author":10,"featured_media":5032,"parent":0,"menu_order":0,"comment_status":"closed","ping_status":"closed","template":"","meta":{"footnotes":""},"class_list":["post-5031","page","type-page","status-publish","has-post-thumbnail","hentry"],"aioseo_notices":[],"_links":{"self":[{"href":"https:\/\/szkolenia-udt.pl\/ua\/wp-json\/wp\/v2\/pages\/5031","targetHints":{"allow":["GET"]}}],"collection":[{"href":"https:\/\/szkolenia-udt.pl\/ua\/wp-json\/wp\/v2\/pages"}],"about":[{"href":"https:\/\/szkolenia-udt.pl\/ua\/wp-json\/wp\/v2\/types\/page"}],"author":[{"embeddable":true,"href":"https:\/\/szkolenia-udt.pl\/ua\/wp-json\/wp\/v2\/users\/10"}],"replies":[{"embeddable":true,"href":"https:\/\/szkolenia-udt.pl\/ua\/wp-json\/wp\/v2\/comments?post=5031"}],"version-history":[{"count":3,"href":"https:\/\/szkolenia-udt.pl\/ua\/wp-json\/wp\/v2\/pages\/5031\/revisions"}],"predecessor-version":[{"id":5278,"href":"https:\/\/szkolenia-udt.pl\/ua\/wp-json\/wp\/v2\/pages\/5031\/revisions\/5278"}],"wp:featuredmedia":[{"embeddable":true,"href":"https:\/\/szkolenia-udt.pl\/ua\/wp-json\/wp\/v2\/media\/5032"}],"wp:attachment":[{"href":"https:\/\/szkolenia-udt.pl\/ua\/wp-json\/wp\/v2\/media?parent=5031"}],"curies":[{"name":"wp","href":"https:\/\/api.w.org\/{rel}","templated":true}]}}