{"id":53,"date":"2014-10-07T16:25:40","date_gmt":"2014-10-07T16:25:40","guid":{"rendered":"http:\/\/szkolenia-udt.pl\/?page_id=53"},"modified":"2021-06-27T22:16:24","modified_gmt":"2021-06-27T22:16:24","slug":"%d0%bf%d1%96%d0%b4%d0%b9%d0%be%d0%bc%d0%bd%d0%b8%d0%ba%d0%b8-%d0%bc%d0%be%d0%b1%d1%96%d0%bb%d1%8c%d0%bd%d1%96-%d0%bf%d0%bb%d0%b0%d1%82%d1%84%d0%be%d1%80%d0%bc%d0%b8","status":"publish","type":"page","link":"https:\/\/szkolenia-udt.pl\/ua\/dzwignice\/podnosniki-podesty-ruchome\/","title":{"rendered":"\u041f\u0456\u0434\u0439\u043e\u043c\u043d\u0438\u043a\u0438 - \u043c\u043e\u0431\u0456\u043b\u044c\u043d\u0456 \u043f\u043b\u0430\u0442\u0444\u043e\u0440\u043c\u0438"},"content":{"rendered":"<div style=\"float: left; padding-right: 10px;\"><div id=\"metaslider-id-1219\" style=\"max-width: 300px;\" class=\"ml-slider-3-107-0 metaslider metaslider-flex metaslider-1219 ml-slider ms-theme-default nav-hidden\" role=\"region\" aria-label=\"\u041c\u043e\u0431\u0456\u043b\u044c\u043d\u0456 \u043f\u043b\u0430\u0442\u0444\u043e\u0440\u043c\u0438 3\" data-height=\"225\" data-width=\"300\">\n    <div id=\"metaslider_container_1219\">\n        <div id=\"metaslider_1219\">\n            <ul class='slides'>\n                <li style=\"display: block; width: 100%;\" class=\"slide-1218 ms-image\" aria-roledescription=\"slide\" data-date=\"2014-11-18 10:21:09\" data-filename=\"78XE_001a.jpg\" data-slide-type=\"image\"><img loading=\"lazy\" decoding=\"async\" src=\"https:\/\/szkolenia-udt.pl\/wp-content\/uploads\/2014\/11\/78XE_001a.jpg\" height=\"225\" width=\"300\" alt=\"\u043f\u0456\u0434\u0439\u043e\u043c\u043d\u0438\u043a\u0438\" class=\"slider-1219 slide-1218 msDefaultImage\" \/><\/li>\n                <li style=\"display: none; width: 100%;\" class=\"slide-1217 ms-image\" aria-roledescription=\"slide\" data-date=\"2014-11-18 10:21:08\" data-filename=\"78SEC_006a.jpg\" data-slide-type=\"image\"><img loading=\"lazy\" decoding=\"async\" src=\"https:\/\/szkolenia-udt.pl\/wp-content\/uploads\/2014\/11\/78SEC_006a.jpg\" height=\"225\" width=\"300\" alt=\"\u0423\u0434\u0442 \u043d\u0430\u0432\u0447\u0430\u043d\u043d\u044f\" class=\"slider-1219 slide-1217 msDefaultImage\" \/><\/li>\n                <li style=\"display: none; width: 100%;\" class=\"slide-1216 ms-image\" aria-roledescription=\"slide\" data-date=\"2014-11-18 10:21:07\" data-filename=\"78SEC_004a.jpg\" data-slide-type=\"image\"><img loading=\"lazy\" decoding=\"async\" src=\"https:\/\/szkolenia-udt.pl\/wp-content\/uploads\/2014\/11\/78SEC_004a.jpg\" height=\"225\" width=\"300\" alt=\"\u0432\u0430\u0440\u0448\u0430\u0432\u0441\u044c\u043a\u0456 \u043a\u0443\u0440\u0441\u0438 \u0443\u0434\u0442\" class=\"slider-1219 slide-1216 msDefaultImage\" \/><\/li>\n                <li style=\"display: none; width: 100%;\" class=\"slide-1215 ms-image\" aria-roledescription=\"slide\" data-date=\"2014-11-18 10:21:06\" data-filename=\"60V_026a.jpg\" data-slide-type=\"image\"><img loading=\"lazy\" decoding=\"async\" src=\"https:\/\/szkolenia-udt.pl\/wp-content\/uploads\/2014\/11\/60V_026a.jpg\" height=\"225\" width=\"300\" alt=\"\u041d\u0430\u0432\u0447\u0430\u043b\u044c\u043d\u0438\u0439 \u0446\u0435\u043d\u0442\u0440 \u0423\u0434\u0442\" class=\"slider-1219 slide-1215 msDefaultImage\" \/><\/li>\n                <li style=\"display: none; width: 100%;\" class=\"slide-1214 ms-image\" aria-roledescription=\"slide\" data-date=\"2014-11-18 10:21:04\" data-filename=\"60V_007a.jpg\" data-slide-type=\"image\"><img loading=\"lazy\" decoding=\"async\" src=\"https:\/\/szkolenia-udt.pl\/wp-content\/uploads\/2014\/11\/60V_007a.jpg\" height=\"225\" width=\"300\" alt=\"\" class=\"slider-1219 slide-1214 msDefaultImage\" \/><\/li>\n            <\/ul>\n        <\/div>\n        \n    <\/div>\n<\/div><\/div>\n<div class=\"wyjustuj\">\n<p>\u041c\u043e\u0431\u0456\u043b\u044c\u043d\u0456 \u043f\u043b\u0430\u0442\u0444\u043e\u0440\u043c\u0438 - \u0446\u0435 \u043f\u0440\u0438\u0441\u0442\u0440\u043e\u0457, \u0449\u043e \u0432\u0445\u043e\u0434\u044f\u0442\u044c \u0432 \u043a\u0430\u0442\u0435\u0433\u043e\u0440\u0456\u044e \u043f\u0456\u0434\u0439\u043e\u043c\u043d\u0438\u0445 \u043f\u0440\u0438\u0441\u0442\u0440\u043e\u0457\u0432, \u044f\u043a\u0456 \u043f\u0440\u0438\u0437\u043d\u0430\u0447\u0435\u043d\u0456 \u0434\u043b\u044f \u0442\u0440\u0430\u043d\u0441\u043f\u043e\u0440\u0442\u0443\u0432\u0430\u043d\u043d\u044f \u0432\u0430\u043d\u0442\u0430\u0436\u0456\u0432 - \u043c\u0430\u0442\u0435\u0440\u0456\u0430\u043b\u0456\u0432, \u0442\u043e\u0432\u0430\u0440\u0456\u0432 \u0430\u0431\u043e \u043b\u044e\u0434\u0435\u0439 \u043d\u0430 \u0432\u0438\u0441\u043e\u0442\u0443. \u0417\u0430\u0441\u0442\u043e\u0441\u043e\u0432\u0443\u044e\u0442\u044c\u0441\u044f \u043f\u0435\u0440\u0435\u0432\u0430\u0436\u043d\u043e \u043f\u0440\u0438 \u043c\u043e\u043d\u0442\u0430\u0436\u043d\u043e-\u0431\u0443\u0434\u0456\u0432\u0435\u043b\u044c\u043d\u0438\u0445 \u0440\u043e\u0431\u043e\u0442\u0430\u0445 \u0443 \u043f\u0440\u0438\u043c\u0456\u0449\u0435\u043d\u043d\u044f\u0445 \u0440\u043e\u0431\u043e\u0447\u0438\u0445 \u043c\u0456\u0441\u0446\u044c \u0456 \u043f\u0440\u0438 \u0437\u043e\u0432\u043d\u0456\u0448\u043d\u0456\u0445 \u0440\u043e\u0431\u043e\u0442\u0430\u0445. \u041f\u043b\u0430\u0442\u0444\u043e\u0440\u043c\u0438 \u0441\u043a\u043b\u0430\u0434\u0430\u044e\u0442\u044c\u0441\u044f \u0437 \u043f\u043b\u0430\u0442\u0444\u043e\u0440\u043c\u0438 \u0430\u0431\u043e \u0433\u043e\u043d\u0434\u043e\u043b\u0438, \u043e\u0433\u043e\u0440\u043e\u0434\u0436\u0435\u043d\u043e\u0457 \u043e\u0433\u043e\u0440\u043e\u0434\u0436\u0435\u043d\u043d\u044f\u043c\u0438, \u044f\u043a\u0456 \u043a\u0440\u0456\u043f\u043b\u044f\u0442\u044c\u0441\u044f \u043d\u0430 \u043d\u0430\u0432\u0456\u0441\u0456 \u0430\u0431\u043e \u043f\u0456\u0434\u043d\u0456\u043c\u0430\u044e\u0442\u044c\u0441\u044f \u043d\u0430 \u0434\u043e\u043c\u043a\u0440\u0430\u0442\u0430\u0445. \u0412\u043e\u043d\u0438 \u0431\u0443\u0432\u0430\u044e\u0442\u044c \u0434\u0438\u0437\u0435\u043b\u044c\u043d\u0456, \u0435\u043b\u0435\u043a\u0442\u0440\u0438\u0447\u043d\u0456 \u0430\u0431\u043e \u043d\u0430 \u0430\u043a\u0443\u043c\u0443\u043b\u044f\u0442\u043e\u0440\u0456. \u0420\u043e\u0437\u0440\u0456\u0437\u043d\u044f\u044e\u0442\u044c \u0441\u0430\u043c\u043e\u0445\u0456\u0434\u043d\u0456 \u0442\u0430 \u0441\u0442\u0430\u0446\u0456\u043e\u043d\u0430\u0440\u043d\u0456 \u043f\u043b\u0430\u0442\u0444\u043e\u0440\u043c\u0438.<\/p>\n<p><strong>\u0412\u0456\u0434\u043f\u043e\u0432\u0456\u0434\u043d\u043e \u0434\u043e \u043a\u043b\u0430\u0441\u0438\u0444\u0456\u043a\u0430\u0446\u0456\u0457 \u0423\u043f\u0440\u0430\u0432\u043b\u0456\u043d\u043d\u044f \u0442\u0435\u0445\u043d\u0456\u0447\u043d\u043e\u0433\u043e \u043d\u0430\u0433\u043b\u044f\u0434\u0443 \u043c\u043e\u0431\u0456\u043b\u044c\u043d\u0456 \u043f\u043b\u0430\u0442\u0444\u043e\u0440\u043c\u0438 \u043f\u043e\u0434\u0456\u043b\u044f\u044e\u0442\u044c\u0441\u044f \u043d\u0430 \u0442\u0430\u043a\u0456 \u043a\u0430\u0442\u0435\u0433\u043e\u0440\u0456\u0457:<\/strong><\/p>\n<ul>\n<li>II \u041f - \u043f\u0456\u0434\u0432\u0456\u0441\u043d\u0456, \u0441\u0442\u0430\u0446\u0456\u043e\u043d\u0430\u0440\u043d\u0456 \u0442\u0430 \u0449\u043e\u0433\u043b\u043e\u0432\u0456<\/li>\n<li>\u0406\u041f - \u043f\u0456\u0434\u0439\u043e\u043c\u043d\u0438\u043a\u0438 \u043d\u043e\u0436\u0438\u0447\u043d\u0456 \u0442\u0438\u0445\u043e\u0445\u0456\u0434\u043d\u0456, \u043f\u0456\u0434\u0439\u043e\u043c\u043d\u0438\u043a\u0438 (\u043f\u043b\u0430\u0442\u0444\u043e\u0440\u043c\u0438) \u0441\u0430\u043c\u043e\u0445\u0456\u0434\u043d\u0456, \u043f\u043b\u0430\u0442\u0444\u043e\u0440\u043c\u0438 \u043c\u043e\u0431\u0456\u043b\u044c\u043d\u0456 \u043c\u043e\u0431\u0456\u043b\u044c\u043d\u0456<\/li>\n<\/ul>\n<p>\u0414\u043e \u043d\u0430\u0439\u043f\u043e\u043f\u0443\u043b\u044f\u0440\u043d\u0456\u0448\u0438\u0445 \u0432\u0438\u0434\u0456\u0432 \u043f\u043b\u0430\u0442\u0444\u043e\u0440\u043c \u0432\u0456\u0434\u043d\u043e\u0441\u044f\u0442\u044c\u0441\u044f \u043a\u043e\u0448\u0438\u043a\u043e\u0432\u0456 \u043f\u0456\u0434\u0439\u043e\u043c\u043d\u0438\u043a\u0438 \u0456 \u043d\u043e\u0436\u0438\u0447\u043d\u0456 \u043f\u0456\u0434\u0439\u043e\u043c\u043d\u0438\u043a\u0438.<\/p>\n<p>\u041d\u043e\u0436\u0438\u0447\u043d\u0438\u0439 \u043f\u0456\u0434\u0439\u043e\u043c\u043d\u0438\u043a \u0441\u043a\u043b\u0430\u0434\u0430\u0454\u0442\u044c\u0441\u044f \u0437 \u043f\u0435\u0440\u0435\u0445\u0440\u0435\u0441\u043d\u0438\u0445 \u0432\u0430\u0436\u0456\u043b\u044c, \u0437\u0432\u0456\u0434\u0441\u0438 \u0456 \u0439\u043e\u0433\u043e \u043d\u0430\u0437\u0432\u0430, \u0430 \u0442\u0430\u043a\u043e\u0436 \u043f\u043b\u0430\u0442\u0444\u043e\u0440\u043c\u0430, \u043d\u0430 \u044f\u043a\u0456\u0439 \u0440\u043e\u0437\u043c\u0456\u0449\u0443\u044e\u0442\u044c\u0441\u044f \u0432\u0430\u043d\u0442\u0430\u0436\u0456, \u0456 \u043f\u0456\u0434\u0441\u0442\u0430\u0432\u0430. \u041d\u0430\u0439\u0447\u0430\u0441\u0442\u0456\u0448\u0435 \u043d\u043e\u0436\u0438\u0447\u043d\u0456 \u043f\u043b\u0430\u0442\u0444\u043e\u0440\u043c\u0438 \u0432\u0438\u043a\u043e\u0440\u0438\u0441\u0442\u043e\u0432\u0443\u044e\u0442\u044c\u0441\u044f \u0432 \u0442\u0440\u0430\u043d\u0441\u043f\u043e\u0440\u0442\u0456 \u043d\u0430 \u043a\u043e\u0440\u043e\u0442\u043a\u0456 \u0432\u0456\u0434\u0441\u0442\u0430\u043d\u0456, \u043d\u0430\u043f\u0440\u0438\u043a\u043b\u0430\u0434, \u043f\u0440\u0438 \u043f\u0456\u0434\u0439\u043e\u043c\u0456 \u0442\u0440\u0430\u043d\u0441\u043f\u043e\u0440\u0442\u0443, \u0431\u0443\u0434\u0456\u0432\u0435\u043b\u044c\u043d\u0438\u0445 \u043c\u0430\u0442\u0435\u0440\u0456\u0430\u043b\u0456\u0432, \u043b\u044e\u0434\u0435\u0439 \u043d\u0430 \u043f\u0435\u0432\u043d\u0438\u0439 \u0437\u0440\u0456\u0441\u0442 \u0434\u043b\u044f \u043c\u043e\u043d\u0442\u0430\u0436\u043d\u0438\u0445, \u0431\u0443\u0434\u0456\u0432\u0435\u043b\u044c\u043d\u0438\u0445 \u0456 \u043e\u0437\u0434\u043e\u0431\u043b\u044e\u0432\u0430\u043b\u044c\u043d\u0438\u0445 \u0440\u043e\u0431\u0456\u0442. \u0426\u0435 \u043f\u0440\u0438\u0441\u0442\u0440\u043e\u0457 \u0437 \u0440\u0456\u0437\u043d\u0438\u043c\u0438 \u043f\u0430\u0440\u0430\u043c\u0435\u0442\u0440\u0430\u043c\u0438 - \u0440\u043e\u0437\u043c\u0456\u0440\u0430\u043c\u0438, \u043c\u0430\u043a\u0441\u0438\u043c\u0430\u043b\u044c\u043d\u043e\u044e \u0432\u0430\u043d\u0442\u0430\u0436\u043e\u043f\u0456\u0434\u0439\u043e\u043c\u043d\u0456\u0441\u0442\u044e, \u0432\u0438\u0441\u043e\u0442\u043e\u044e \u043f\u0456\u0434\u0439\u043e\u043c\u0443, \u0442\u043e\u043c\u0443 \u0457\u0445 \u043c\u043e\u0436\u043d\u0430 \u0456\u043d\u0434\u0438\u0432\u0456\u0434\u0443\u0430\u043b\u044c\u043d\u043e \u043d\u0430\u043b\u0430\u0448\u0442\u0443\u0432\u0430\u0442\u0438 \u043f\u0456\u0434 \u0432\u0438\u0434 \u0432\u0438\u043a\u043e\u043d\u0443\u0432\u0430\u043d\u043e\u0457 \u0440\u043e\u0431\u043e\u0442\u0438.<\/p>\n<p>\u041a\u043e\u0440\u0437\u0438\u043d\u043e\u0432\u0438\u0439 \u043f\u0456\u0434\u0439\u043e\u043c\u043d\u0438\u043a - \u0446\u0435 \u043f\u0440\u0438\u0441\u0442\u0440\u0456\u0439, \u0449\u043e \u0432\u0441\u0442\u0430\u043d\u043e\u0432\u043b\u044e\u0454\u0442\u044c\u0441\u044f \u043f\u0435\u0440\u0435\u0432\u0430\u0436\u043d\u043e \u043d\u0430 \u043d\u0430\u043f\u0456\u0432\u043f\u0440\u0438\u0447\u0435\u043f\u0438 \u0430\u0431\u043e \u0441\u0430\u043c\u043e\u0445\u0456\u0434\u043d\u0438\u0439, \u044f\u043a\u0438\u0439 \u043e\u0441\u043d\u0430\u0449\u0435\u043d\u0438\u0439 \u043a\u043e\u043b\u0435\u0441\u0430\u043c\u0438 (\u0446\u0435 \u043c\u043e\u0436\u0443\u0442\u044c \u0431\u0443\u0442\u0438 \u043f\u043e\u0437\u0430\u0448\u043b\u044f\u0445\u043e\u0432\u0438\u043a\u0438 \u0434\u043b\u044f \u0440\u043e\u0431\u043e\u0442\u0438 \u043d\u0430 \u0441\u043a\u043b\u0430\u0434\u043d\u0438\u0445 \u043f\u043e\u0432\u0435\u0440\u0445\u043d\u044f\u0445). \u0426\u0456 \u043f\u0440\u0438\u0441\u0442\u0440\u043e\u0457 \u0432 \u043e\u0441\u043d\u043e\u0432\u043d\u043e\u043c\u0443 \u0432\u0438\u043a\u043e\u0440\u0438\u0441\u0442\u043e\u0432\u0443\u044e\u0442\u044c\u0441\u044f \u043f\u0440\u0438 \u0437\u043e\u0432\u043d\u0456\u0448\u043d\u0456\u0445 \u0440\u043e\u0431\u043e\u0442\u0430\u0445 \u043f\u0456\u0434 \u0447\u0430\u0441 \u043c\u043e\u043d\u0442\u0430\u0436\u043d\u0438\u0445, \u0431\u0443\u0434\u0456\u0432\u0435\u043b\u044c\u043d\u0438\u0445, \u043e\u0437\u0434\u043e\u0431\u043b\u044e\u0432\u0430\u043b\u044c\u043d\u0438\u0445 \u0430\u0431\u043e \u0434\u0435\u043a\u043e\u0440\u0430\u0442\u0438\u0432\u043d\u0438\u0445 \u0440\u043e\u0431\u0456\u0442. \u0413\u043e\u043d\u0434\u043e\u043b\u0430 \u0434\u043e\u043c\u043a\u0440\u0430\u0442\u0430 \u0440\u043e\u0437\u043c\u0456\u0449\u0435\u043d\u0430 \u043d\u0430 \u0440\u0443\u0446\u0456, \u044f\u043a\u043e\u044e \u043c\u043e\u0436\u043d\u0430 \u043c\u0430\u043d\u0456\u043f\u0443\u043b\u044e\u0432\u0430\u0442\u0438 \u0432 \u0440\u0456\u0437\u043d\u0456 \u0431\u043e\u043a\u0438, \u0456 \u0432\u0438\u0441\u0443\u0432\u0430\u0454\u0442\u044c\u0441\u044f \u0434\u043e \u0437\u0430\u0434\u0430\u043d\u043e\u0457 \u043c\u0456\u0440\u0438.<\/p>\n<div style=\"float: left; padding-right: 10px;\"><div id=\"metaslider-id-615\" style=\"max-width: 300px;\" class=\"ml-slider-3-107-0 metaslider metaslider-flex metaslider-615 ml-slider ms-theme-default nav-hidden nav-hidden\" role=\"region\" aria-label=\"\u041c\u043e\u0431\u0456\u043b\u044c\u043d\u0456 \u043f\u043b\u0430\u0442\u0444\u043e\u0440\u043c\u04383\" data-height=\"225\" data-width=\"300\">\n    <div id=\"metaslider_container_615\">\n        <div id=\"metaslider_615\">\n            <ul class='slides'>\n                <li style=\"display: block; width: 100%;\" class=\"slide-617 ms-image\" aria-roledescription=\"slide\" data-date=\"2014-10-12 07:16:02\" data-filename=\"kursy-podest-ruchome.jpg\" data-slide-type=\"image\"><img loading=\"lazy\" decoding=\"async\" src=\"https:\/\/szkolenia-udt.pl\/wp-content\/uploads\/2014\/10\/kursy-podest-ruchome.jpg\" height=\"225\" width=\"300\" alt=\"\u0426\u0435\u043d\u0442\u0440 \u043f\u0456\u0434\u0433\u043e\u0442\u043e\u0432\u043a\u0438 \u043e\u043f\u0435\u0440\u0430\u0442\u043e\u0440\u0456\u0432\" class=\"slider-615 slide-617 msDefaultImage\" \/><\/li>\n                <li style=\"display: none; width: 100%;\" class=\"slide-619 ms-image\" aria-roledescription=\"slide\" data-date=\"2014-10-12 07:16:04\" data-filename=\"Podest-ruchomy-masztowy.jpg\" data-slide-type=\"image\"><img loading=\"lazy\" decoding=\"async\" src=\"https:\/\/szkolenia-udt.pl\/wp-content\/uploads\/2014\/10\/Podest-ruchomy-masztowy.jpg\" height=\"225\" width=\"300\" alt=\"\u041a\u0443\u0440\u0441 \u043c\u043e\u0431\u0456\u043b\u044c\u043d\u0438\u0445 \u043f\u043b\u0430\u0442\u0444\u043e\u0440\u043c\" class=\"slider-615 slide-619 msDefaultImage\" \/><\/li>\n                <li style=\"display: none; width: 100%;\" class=\"slide-618 ms-image\" aria-roledescription=\"slide\" data-date=\"2014-10-12 07:16:03\" data-filename=\"podest-stacjonarny-IIP1.jpg\" data-slide-type=\"image\"><img loading=\"lazy\" decoding=\"async\" src=\"https:\/\/szkolenia-udt.pl\/wp-content\/uploads\/2014\/10\/podest-stacjonarny-IIP1.jpg\" height=\"225\" width=\"300\" alt=\"\u041d\u043e\u0436\u0438\u0447\u043d\u0456 \u043f\u043b\u0430\u0442\u0444\u043e\u0440\u043c\u0438\" class=\"slider-615 slide-618 msDefaultImage\" \/><\/li>\n                <li style=\"display: none; width: 100%;\" class=\"slide-620 ms-image\" aria-roledescription=\"slide\" data-date=\"2014-10-12 07:16:04\" data-filename=\"Podesty-masztowe.jpg\" data-slide-type=\"image\"><img loading=\"lazy\" decoding=\"async\" src=\"https:\/\/szkolenia-udt.pl\/wp-content\/uploads\/2014\/10\/Podesty-masztowe.jpg\" height=\"225\" width=\"300\" alt=\"\" class=\"slider-615 slide-620 msDefaultImage\" \/><\/li>\n                <li style=\"display: none; width: 100%;\" class=\"slide-621 ms-image\" aria-roledescription=\"slide\" data-date=\"2014-10-12 07:16:05\" data-filename=\"Szkolenia-OSO.jpg\" data-slide-type=\"image\"><img loading=\"lazy\" decoding=\"async\" src=\"https:\/\/szkolenia-udt.pl\/wp-content\/uploads\/2014\/10\/Szkolenia-OSO.jpg\" height=\"225\" width=\"300\" alt=\"\u041c\u043e\u0431\u0456\u043b\u044c\u043d\u0456 \u043f\u043b\u0430\u0442\u0444\u043e\u0440\u043c\u0438. \u041a\u0432\u0430\u043b\u0456\u0444\u0456\u043a\u0430\u0446\u0456\u044f UDT\" class=\"slider-615 slide-621 msDefaultImage\" \/><\/li>\n            <\/ul>\n        <\/div>\n        \n    <\/div>\n<\/div><\/div>\n<p>\u0414\u043b\u044f \u0435\u043a\u0441\u043f\u043b\u0443\u0430\u0442\u0430\u0446\u0456\u0457 \u043c\u043e\u0431\u0456\u043b\u044c\u043d\u0438\u0445 \u043f\u043b\u0430\u0442\u0444\u043e\u0440\u043c \u043f\u043e\u0442\u0440\u0456\u0431\u0435\u043d \u0434\u043e\u0437\u0432\u0456\u043b \u0423\u043f\u0440\u0430\u0432\u043b\u0456\u043d\u043d\u044f \u0442\u0435\u0445\u043d\u0456\u0447\u043d\u043e\u0457 \u0456\u043d\u0441\u043f\u0435\u043a\u0446\u0456\u0457, \u0446\u0456 \u043f\u0440\u0438\u0441\u0442\u0440\u043e\u0457 \u043f\u0456\u0434\u043b\u044f\u0433\u0430\u044e\u0442\u044c \u0442\u0435\u0445\u043d\u0456\u0447\u043d\u043e\u043c\u0443 \u043e\u0433\u043b\u044f\u0434\u0443. \u0414\u043b\u044f \u043e\u0442\u0440\u0438\u043c\u0430\u043d\u043d\u044f \u0441\u0435\u0440\u0442\u0438\u0444\u0456\u043a\u0430\u0442\u0456\u0432 \u043d\u0435\u043e\u0431\u0445\u0456\u0434\u043d\u043e \u0432\u0456\u0434\u0431\u0443\u0442\u0438\u0441\u044f <a href=\"https:\/\/szkolenia-udt.pl\/ua\/kursy\/podesty-ruchome\/\">\u043a\u0443\u0440\u0441 \u0434\u043b\u044f \u043c\u043e\u0431\u0456\u043b\u044c\u043d\u0438\u0445 \u043f\u043b\u0430\u0442\u0444\u043e\u0440\u043c<\/a>\u0430 \u043f\u043e\u0442\u0456\u043c \u0441\u043a\u043b\u0430\u0441\u0442\u0438 \u0456\u0441\u043f\u0438\u0442 \u043f\u0435\u0440\u0435\u0434 \u041a\u043e\u043c\u0456\u0441\u0456\u0454\u044e \u0437 \u0442\u0435\u0445\u043d\u0456\u0447\u043d\u043e\u0433\u043e \u043e\u0433\u043b\u044f\u0434\u0443.<\/p>\n<p><a href=\"https:\/\/szkolenia-udt.pl\/ua\/kontakt\/\">\u0429\u0438\u0440\u043e \u0437\u0430\u043f\u0440\u043e\u0448\u0443\u0454\u043c\u043e<\/a> \u043d\u0430 \u043a\u0443\u0440\u0441\u0438 \u0434\u043e \u043d\u0430\u0448\u0438\u0445 <a href=\"https:\/\/szkolenia-udt.pl\/ua\/o-firmie\/\">\u0426\u0435\u043d\u0442\u0440 \u043f\u0456\u0434\u0433\u043e\u0442\u043e\u0432\u043a\u0438 \u043e\u043f\u0435\u0440\u0430\u0442\u043e\u0440\u0456\u0432<\/a> , \u0437\u0430\u0432\u0434\u044f\u043a\u0438 \u044f\u043a\u043e\u043c\u0443 \u0412\u0438 \u0437\u043c\u043e\u0436\u0435\u0442\u0435 \u043d\u0430\u0432\u0447\u0438\u0442\u0438\u0441\u044f \u043f\u0440\u0430\u0432\u0438\u043b\u044c\u043d\u043e \u0442\u0430 \u0431\u0435\u0437\u043f\u0435\u0447\u043d\u043e \u0435\u043a\u0441\u043f\u043b\u0443\u0430\u0442\u0443\u0432\u0430\u0442\u0438 \u043d\u043e\u0436\u0438\u0447\u043d\u0456 \u0442\u0430 \u043a\u043e\u0448\u0438\u043a\u043e\u0432\u0456 \u043f\u0456\u0434\u0439\u043e\u043c\u043d\u0438\u043a\u0438, \u0430 \u0442\u0430\u043a\u043e\u0436 \u0456\u043d\u0448\u0456 \u0457\u0445 \u0432\u0438\u0434\u0438. \u041c\u0438 \u043f\u0440\u043e\u0432\u043e\u0434\u0438\u043c\u043e \u0437\u0430\u043d\u044f\u0442\u0442\u044f \u0443 \u043c\u0456\u0441\u0442\u0430\u0445 \u0412\u0430\u0440\u0448\u0430\u0432\u0430, \u041a\u0440\u0430\u043a\u0456\u0432, \u0411\u0435\u043b\u044c\u0441\u044c\u043a\u043e-\u0411\u044f\u043b\u0430 \u0442\u0430 \u041a\u0430\u0442\u043e\u0432\u0456\u0446\u0435 \u0443 \u0432\u0456\u0434\u043a\u0440\u0438\u0442\u0456\u0439 (\u0434\u043e\u0441\u0442\u0443\u043f\u043d\u0456\u0439 \u0434\u043b\u044f \u0432\u0441\u0456\u0445) \u0444\u043e\u0440\u043c\u0456 \u0442\u0430 \u0443 \u0437\u0430\u043a\u0440\u0438\u0442\u0438\u0445 \u0433\u0440\u0443\u043f\u0430\u0445. <a href=\"https:\/\/szkolenia-udt.pl\/ua\/oferta\/\">\u0426\u0456\u043d\u0430<\/a> \u0446\u0435 \u0437\u0430\u043b\u0435\u0436\u0438\u0442\u044c \u0432\u0456\u0434 \u043a\u0456\u043b\u044c\u043a\u043e\u0441\u0442\u0456 \u0443\u0447\u0430\u0441\u043d\u0438\u043a\u0456\u0432.<\/p>\n<\/div>","protected":false},"excerpt":{"rendered":"<p>Podesty ruchome to urz\u0105dzenia zaliczane do kategorii urz\u0105dze\u0144 d\u017awigowych, kt\u00f3re s\u0105 przeznaczone do transportowanie \u0142adunk\u00f3w \u2013 materia\u0142\u00f3w, towar\u00f3w lub os\u00f3b na wysoko\u015b\u0107. S\u0105 one wykorzystywane przede wszystkim w pracach monta\u017cowych oraz pracach budowlanych na terenie zak\u0142ad\u00f3w pracy oraz w pracach na zewn\u0105trz. Podesty zbudowane s\u0105 z platformy lub z gondoli ogrodzonych barierkami, kt\u00f3re zamontowane s\u0105 [&hellip;]<\/p>\n","protected":false},"author":3,"featured_media":0,"parent":69,"menu_order":0,"comment_status":"closed","ping_status":"closed","template":"","meta":{"footnotes":""},"class_list":["post-53","page","type-page","status-publish","hentry"],"aioseo_notices":[],"_links":{"self":[{"href":"https:\/\/szkolenia-udt.pl\/ua\/wp-json\/wp\/v2\/pages\/53","targetHints":{"allow":["GET"]}}],"collection":[{"href":"https:\/\/szkolenia-udt.pl\/ua\/wp-json\/wp\/v2\/pages"}],"about":[{"href":"https:\/\/szkolenia-udt.pl\/ua\/wp-json\/wp\/v2\/types\/page"}],"author":[{"embeddable":true,"href":"https:\/\/szkolenia-udt.pl\/ua\/wp-json\/wp\/v2\/users\/3"}],"replies":[{"embeddable":true,"href":"https:\/\/szkolenia-udt.pl\/ua\/wp-json\/wp\/v2\/comments?post=53"}],"version-history":[{"count":9,"href":"https:\/\/szkolenia-udt.pl\/ua\/wp-json\/wp\/v2\/pages\/53\/revisions"}],"predecessor-version":[{"id":2233,"href":"https:\/\/szkolenia-udt.pl\/ua\/wp-json\/wp\/v2\/pages\/53\/revisions\/2233"}],"up":[{"embeddable":true,"href":"https:\/\/szkolenia-udt.pl\/ua\/wp-json\/wp\/v2\/pages\/69"}],"wp:attachment":[{"href":"https:\/\/szkolenia-udt.pl\/ua\/wp-json\/wp\/v2\/media?parent=53"}],"curies":[{"name":"wp","href":"https:\/\/api.w.org\/{rel}","templated":true}]}}