{"id":5324,"date":"2023-12-11T11:09:42","date_gmt":"2023-12-11T10:09:42","guid":{"rendered":"https:\/\/szkolenia-udt.pl\/?page_id=5324"},"modified":"2023-12-11T11:09:43","modified_gmt":"2023-12-11T10:09:43","slug":"%d0%bf%d0%b8%d1%82%d0%b0%d0%bd%d0%bd%d1%8f-%d1%82%d0%b0-%d0%b2%d1%96%d0%b4%d0%bf%d0%be%d0%b2%d1%96%d0%b4%d1%96-%d0%b3%d0%bb%d0%be%d0%b1%d0%b0%d0%bb%d1%8c%d0%bd%d0%be%d1%97-%d0%b2%d1%96%d1%82%d1%80","status":"publish","type":"page","link":"https:\/\/szkolenia-udt.pl\/ua\/kursy\/global-wind-organisation\/global-wind-organization-pytania-i-odpowiedzi\/","title":{"rendered":"\u0413\u043b\u043e\u0431\u0430\u043b\u044c\u043d\u0430 \u0432\u0456\u0442\u0440\u043e\u0435\u043d\u0435\u0440\u0433\u0435\u0442\u0438\u0447\u043d\u0430 \u043e\u0440\u0433\u0430\u043d\u0456\u0437\u0430\u0446\u0456\u044f - \u043f\u0438\u0442\u0430\u043d\u043d\u044f \u0442\u0430 \u0432\u0456\u0434\u043f\u043e\u0432\u0456\u0434\u0456\u00a0"},"content":{"rendered":"\t\t<details\t\thelp class=\"sc_fs_faq sc_card    \"\n\t\topen\t\t>\n\t\t\t\t\t<summary>\n\t\t\t\t<h2>Kim jest dostawca us\u0142ug szkoleniowych? \u00a0<\/h2>\t\t\t\t\t<\/summary>\n\t\t\t\t<div>\n\t\t\t\t\t\t<div class=\"sc_fs_faq__content\">\n\t\t\t\t\n\n<p>Dostawc\u0105 us\u0142ug szkoleniowych jest szko\u0142a lub <a href=\"https:\/\/szkolenia-udt.pl\/ua\/o-firmie\/\">o\u015brodek<\/a> oferuj\u0105cy szkolenia Global Wind Organisation (GWO).\u00a0\u00a0<\/p>\n\n\t\t\t<\/div>\n\t\t<\/div>\n\t\t<\/details>\n\t\t\t\t<details\t\thelp class=\"sc_fs_faq sc_card    \"\n\t\t\t\t>\n\t\t\t\t\t<summary>\n\t\t\t\t<h2>Czym jest GWO?<\/h2>\t\t\t\t\t<\/summary>\n\t\t\t\t<div>\n\t\t\t\t\t\t<div class=\"sc_fs_faq__content\">\n\t\t\t\t\n\n<p>GWO \u2013 Global Wind Organisation jest organizacj\u0105 non-profit, kt\u00f3ra zosta\u0142a za\u0142o\u017cona przez czo\u0142owych producent\u00f3w i w\u0142a\u015bcicieli turbin wiatrowych (Siemens, Vestas, \u00d8rsted, Vattenfall, GE, Enercon itp.). G\u0142\u00f3wn\u0105 ide\u0105 stworzenia tej organizacji by\u0142o zapewnienie bezpiecze\u0144stwa w sektorze energetyki wiatrowej. W 2012 r. zosta\u0142a wydana pierwsza wersja standardu GWO Basic Safety Training (BST). Kolejnym wydanym standardem by\u0142 Basic Technical Training (BTT), opublikowany w 2017 r. Nast\u0119pnie wydano nowe standardy GWO, takie jak GWO Advanced Rescue (ART) oraz GWO Enhanced First Aid (EFA).\u00a0<\/p>\n\n\t\t\t<\/div>\n\t\t<\/div>\n\t\t<\/details>\n\t\t\t\t<details\t\thelp class=\"sc_fs_faq sc_card    \"\n\t\t\t\t>\n\t\t\t\t\t<summary>\n\t\t\t\t<h2>Co daje certyfikat GWO? \u00a0<\/h2>\t\t\t\t\t<\/summary>\n\t\t\t\t<div>\n\t\t\t\t\t\t<div class=\"sc_fs_faq__content\">\n\t\t\t\t\n\n<p>Istnieje mo\u017cliwo\u015b\u0107 zdobycia kilku rodzaj\u00f3w certyfikatu GWO. Certyfikatem obowi\u0105zkowym do pracy w bran\u017cy energetyki wiatrowej jest GWO Basic Safety Training (BST). Posiadanie tego certyfikatu jest niezb\u0119dne dla os\u00f3b pracuj\u0105cych w sektorze turbin wiatrowych jako technik, kierownik budowy, personel BHP czy podwykonawca.\u00a0<\/p>\n\n\t\t\t<\/div>\n\t\t<\/div>\n\t\t<\/details>\n\t\t\t\t<details\t\thelp class=\"sc_fs_faq sc_card    \"\n\t\t\t\t>\n\t\t\t\t\t<summary>\n\t\t\t\t<h2>Czym jest szkolenie GWO Basic Safety Training (BST)? \u00a0<\/h2>\t\t\t\t\t<\/summary>\n\t\t\t\t<div>\n\t\t\t\t\t\t<div class=\"sc_fs_faq__content\">\n\t\t\t\t\n\n<p>Szkolenie GWO Basic Safety Training jest to fundamentalny i kompleksowy program szkoleniowy, kt\u00f3ry zapewni niezb\u0119dne umiej\u0119tno\u015bci i wiedz\u0119 dotycz\u0105ce bezpiecze\u0144stwa w pracy w sektorze turbin wiatrowych.&nbsp;&nbsp;&nbsp;<\/p>\n\n\n\n<p>Szkolenie GWO BST sk\u0142ada si\u0119 z pi\u0119ciu modu\u0142\u00f3w:&nbsp;<\/p>\n\n\n\n<ul class=\"wp-block-list\">\n<li><a href=\"https:\/\/szkolenia-udt.pl\/ua\/kursy\/prace-wysokosciowe\/kurs-na-szelki-budowlane\/\">Praca na wysoko\u015bci<\/a> (WAH),&nbsp;<\/li>\n\n\n\n<li><a href=\"https:\/\/szkolenia-udt.pl\/ua\/kursy\/bhp-ppoz\/przychodzimy-z-pomoca\/\">Pierwsza pomoc<\/a> (FA),&nbsp;<\/li>\n\n\n\n<li>Ochrona przeciwpo\u017carowa (FAW),&nbsp;<\/li>\n\n\n\n<li>Przenoszenie r\u0119czne (MH),&nbsp;<\/li>\n\n\n\n<li>Przetrwanie na morzu (SS).&nbsp;<\/li>\n<\/ul>\n\n\n\n<p>Ostatni modu\u0142 skierowany jest dla os\u00f3b, kt\u00f3re pracuj\u0105 na morzu.&nbsp;&nbsp;<\/p>\n\n\n\n<p>Istnieje mo\u017cliwo\u015b\u0107 po\u0142\u0105czenia cz\u0119\u015bci Praca na wysoko\u015bci i Przenoszenie r\u0119czne w jeden modu\u0142.&nbsp;<\/p>\n\n\t\t\t<\/div>\n\t\t<\/div>\n\t\t<\/details>\n\t\t\t\t<details\t\thelp class=\"sc_fs_faq sc_card    \"\n\t\t\t\t>\n\t\t\t\t\t<summary>\n\t\t\t\t<h2>Czym jest szkolenie GWO Basic Technical Training (BTT)? \u00a0<\/h2>\t\t\t\t\t<\/summary>\n\t\t\t\t<div>\n\t\t\t\t\t\t<div class=\"sc_fs_faq__content\">\n\t\t\t\t\n\n<p>Szkolenie GWO Basic Technical Training jest to szkolenie techniczne zgodne z wytycznymi GWO.&nbsp;&nbsp;<\/p>\n\n\n\n<p>Szkolenie GWO BTT sk\u0142ada si\u0119 z trzech modu\u0142\u00f3w:&nbsp;<\/p>\n\n\n\n<ul class=\"wp-block-list\">\n<li>Mechaniczny (Mechanical),&nbsp;<\/li>\n\n\n\n<li>Elektryczny (Electrical),&nbsp;<\/li>\n\n\n\n<li>Hydrauliczny (Hydraulic).&nbsp;<\/li>\n<\/ul>\n\n\n\n<p>Ile czasu s\u0105 wa\u017cne certyfikaty GWO? &nbsp;<br>Szkolenia GWO Basic Safety Training s\u0105 wa\u017cne przez 24 miesi\u0105ce.&nbsp;<\/p>\n\n\n\n<p>Szkolenia GWO Basic Technical Training s\u0105 wa\u017cne bezterminowo.&nbsp;<\/p>\n\n\t\t\t<\/div>\n\t\t<\/div>\n\t\t<\/details>\n\t\t\t\t<details\t\thelp class=\"sc_fs_faq sc_card    \"\n\t\t\t\t>\n\t\t\t\t\t<summary>\n\t\t\t\t<h2>Co to jest WINDA? \u00a0<\/h2>\t\t\t\t\t<\/summary>\n\t\t\t\t<div>\n\t\t\t\t\t\t<div class=\"sc_fs_faq__content\">\n\t\t\t\t\n\n<p>WINDA to bran\u017cowa baza danych stworzona przez GWO, kt\u00f3ra s\u0142u\u017cy do weryfikacji kursant\u00f3w odbywaj\u0105cych szkolenia certyfikowane GWO. Po uko\u0144czeniu kursu wynik egzaminu zostanie przes\u0142any do bazy danych WINDA. Dzi\u0119ki temu pracownik, prze\u0142o\u017cony lub firma chc\u0105ca zatrudni\u0107 dan\u0105 osob\u0119 mo\u017ce wyszuka\u0107 j\u0105 poprzez indywidualny identyfikator WINDA ID i sprawdzi\u0107 jakie wa\u017cne certyfikaty GWO ta osoba posiada.\u00a0<\/p>\n\n\t\t\t<\/div>\n\t\t<\/div>\n\t\t<\/details>\n\t\t\t\t<details\t\thelp class=\"sc_fs_faq sc_card    \"\n\t\t\t\t>\n\t\t\t\t\t<summary>\n\t\t\t\t<h2>Czym jest WINDA ID? \u00a0<\/h2>\t\t\t\t\t<\/summary>\n\t\t\t\t<div>\n\t\t\t\t\t\t<div class=\"sc_fs_faq__content\">\n\t\t\t\t\n\n<p>WINDA ID jest to indywidualny identyfikator dla uczestnik\u00f3w szkole\u0144 GWO, kt\u00f3ry znajduje si\u0119 w bazie danych WInd Industry Database. Dzi\u0119ki temu pracownik, prze\u0142o\u017cony oraz ka\u017cdy, kto tego potrzebuje, mo\u017ce potwierdzi\u0107, \u017ce dana osoba posiada wa\u017cny certyfikat danego szkolenia GWO.<\/p>\n\n\t\t\t<\/div>\n\t\t<\/div>\n\t\t<\/details>\n\t\t\t\t<details\t\thelp class=\"sc_fs_faq sc_card    \"\n\t\t\t\t>\n\t\t\t\t\t<summary>\n\t\t\t\t<h2>W jaki spos\u00f3b zarejestrowa\u0107 si\u0119 w WINDA? \u00a0<\/h2>\t\t\t\t\t<\/summary>\n\t\t\t\t<div>\n\t\t\t\t\t\t<div class=\"sc_fs_faq__content\">\n\t\t\t\t\n\n<p>Rejestracji mo\u017cna dokona\u0107 samodzielnie na stronie <a href=\"https:\/\/winda.globalwindsafety.org\/\" target=\"_blank\" rel=\"noreferrer noopener\">https:\/\/winda.globalwindsafety.org\/<\/a>.\u00a0<\/p>\n\n\n\n<p>Spos\u00f3b post\u0119powania:\u00a0<\/p>\n\n\n\n<ul class=\"wp-block-list\">\n<li>Zarejestruj si\u0119.&nbsp;<\/li>\n\n\n\n<li>Post\u0119puj zgodnie z wytycznymi (zaleca si\u0119 u\u017cycie osobistego adresu e-mail).&nbsp;<\/li>\n\n\n\n<li>Otw\u00f3rz swoj\u0105 skrzynk\u0119 pocztow\u0105 i aktywuj WINDA ID.&nbsp;<\/li>\n<\/ul>\n\n\t\t\t<\/div>\n\t\t<\/div>\n\t\t<\/details>\n\t\t\t\t<details\t\thelp class=\"sc_fs_faq sc_card    \"\n\t\t\t\t>\n\t\t\t\t\t<summary>\n\t\t\t\t<h2>W jakich miejscach pracuj\u0105 technicy turbin wiatrowych? \u00a0<\/h2>\t\t\t\t\t<\/summary>\n\t\t\t\t<div>\n\t\t\t\t\t\t<div class=\"sc_fs_faq__content\">\n\t\t\t\t\n\n<p>Technicy pracuj\u0105cy w sektorze turbin wiatrowych mog\u0105 wykonywa\u0107 swoje obowi\u0105zki na l\u0105dzie lub na morzu. Praca mo\u017ce polega\u0107 na wykonywaniu r\u00f3\u017cnorodnych zada\u0144:\u00a0<\/p>\n\n\n\n<ul class=\"wp-block-list\">\n<li>wst\u0119pny monta\u017c,&nbsp;<\/li>\n\n\n\n<li>instalacja,&nbsp;<\/li>\n\n\n\n<li>kontrola i naprawa \u0142opat turbin wiatrowych,&nbsp;<\/li>\n\n\n\n<li>zadania zwi\u0105zane z elektryk\u0105,&nbsp;<\/li>\n\n\n\n<li>zadania zwi\u0105zane z mechanik\u0105,&nbsp;<\/li>\n\n\n\n<li>serwis i konserwacja,&nbsp;<\/li>\n\n\n\n<li>inspekcje,&nbsp;<\/li>\n\n\n\n<li>oprogramowanie,&nbsp;<\/li>\n\n\n\n<li>nadz\u00f3r.&nbsp;<\/li>\n<\/ul>\n\n\t\t\t<\/div>\n\t\t<\/div>\n\t\t<\/details>\n\t\t\t\t<details\t\thelp class=\"sc_fs_faq sc_card    \"\n\t\t\t\t>\n\t\t\t\t\t<summary>\n\t\t\t\t<h2>Czy pracownik musi potrafi\u0107 ewakuowa\u0107 si\u0119 z turbiny wiatrowej? \u00a0<\/h2>\t\t\t\t\t<\/summary>\n\t\t\t\t<div>\n\t\t\t\t\t\t<div class=\"sc_fs_faq__content\">\n\t\t\t\t\n\n<p>Pracownik pracuj\u0105cy w obszarze turbiny wiatrowej powinien mie\u0107 umiej\u0119tno\u015b\u0107 ewakuacji siebie oraz swojego kolegi w przypadku sytuacji zagro\u017cenia zdrowia i \u017cycia.\u00a0<\/p>\n\n\t\t\t<\/div>\n\t\t<\/div>\n\t\t<\/details>\n\t\t\n<script type=\"application\/ld+json\">\n\t{\n\t\t\"@context\": \"https:\/\/schema.org\",\n\t\t\"@type\": \"FAQPage\",\n\t\t\"mainEntity\": [\n\t\t\t\t\t{\n\t\t\t\t\"@type\": \"Question\",\n\t\t\t\t\"name\": \"Kim jest dostawca us\u0142ug szkoleniowych? \u00a0\",\n\t\t\t\t\"acceptedAnswer\": {\n\t\t\t\t\t\"@type\": \"Answer\",\n\t\t\t\t\t\"text\": \"<p>Dostawc\u0105 us\u0142ug szkoleniowych jest szko\u0142a lub o\u015brodek oferuj\u0105cy szkolenia Global Wind Organisation (GWO).\u00a0\u00a0<\/p>\"\n\t\t\t\t\t\t\t\t\t}\n\t\t\t}\n\t\t\t,\t\t\t\t{\n\t\t\t\t\"@type\": \"Question\",\n\t\t\t\t\"name\": \"Czym jest GWO?\",\n\t\t\t\t\"acceptedAnswer\": {\n\t\t\t\t\t\"@type\": \"Answer\",\n\t\t\t\t\t\"text\": \"<p>GWO \u2013 Global Wind Organisation jest organizacj\u0105 non-profit, kt\u00f3ra zosta\u0142a za\u0142o\u017cona przez czo\u0142owych producent\u00f3w i w\u0142a\u015bcicieli turbin wiatrowych (Siemens, Vestas, \u00d8rsted, Vattenfall, GE, Enercon itp.). G\u0142\u00f3wn\u0105 ide\u0105 stworzenia tej organizacji by\u0142o zapewnienie bezpiecze\u0144stwa w sektorze energetyki wiatrowej. W 2012 r. zosta\u0142a wydana pierwsza wersja standardu GWO Basic Safety Training (BST). Kolejnym wydanym standardem by\u0142 Basic Technical Training (BTT), opublikowany w 2017 r. Nast\u0119pnie wydano nowe standardy GWO, takie jak GWO Advanced Rescue (ART) oraz GWO Enhanced First Aid (EFA).\u00a0<\/p>\"\n\t\t\t\t\t\t\t\t\t}\n\t\t\t}\n\t\t\t,\t\t\t\t{\n\t\t\t\t\"@type\": \"Question\",\n\t\t\t\t\"name\": \"Co daje certyfikat GWO? \u00a0\",\n\t\t\t\t\"acceptedAnswer\": {\n\t\t\t\t\t\"@type\": \"Answer\",\n\t\t\t\t\t\"text\": \"<p>Istnieje mo\u017cliwo\u015b\u0107 zdobycia kilku rodzaj\u00f3w certyfikatu GWO. Certyfikatem obowi\u0105zkowym do pracy w bran\u017cy energetyki wiatrowej jest GWO Basic Safety Training (BST). Posiadanie tego certyfikatu jest niezb\u0119dne dla os\u00f3b pracuj\u0105cych w sektorze turbin wiatrowych jako technik, kierownik budowy, personel BHP czy podwykonawca.\u00a0<\/p>\"\n\t\t\t\t\t\t\t\t\t}\n\t\t\t}\n\t\t\t,\t\t\t\t{\n\t\t\t\t\"@type\": \"Question\",\n\t\t\t\t\"name\": \"Czym jest szkolenie GWO Basic Safety Training (BST)? \u00a0\",\n\t\t\t\t\"acceptedAnswer\": {\n\t\t\t\t\t\"@type\": \"Answer\",\n\t\t\t\t\t\"text\": \"<p>Szkolenie GWO Basic Safety Training jest to fundamentalny i kompleksowy program szkoleniowy, kt\u00f3ry zapewni niezb\u0119dne umiej\u0119tno\u015bci i wiedz\u0119 dotycz\u0105ce bezpiecze\u0144stwa w pracy w sektorze turbin wiatrowych.&nbsp;&nbsp;&nbsp;<\/p><p>Szkolenie GWO BST sk\u0142ada si\u0119 z pi\u0119ciu modu\u0142\u00f3w:&nbsp;<\/p><ul><li>Praca na wysoko\u015bci (WAH),&nbsp;<\/li><li>Pierwsza pomoc (FA),&nbsp;<\/li><li>Ochrona przeciwpo\u017carowa (FAW),&nbsp;<\/li><li>Przenoszenie r\u0119czne (MH),&nbsp;<\/li><li>Przetrwanie na morzu (SS).&nbsp;<\/li><\/ul><p>Ostatni modu\u0142 skierowany jest dla os\u00f3b, kt\u00f3re pracuj\u0105 na morzu.&nbsp;&nbsp;<\/p><p>Istnieje mo\u017cliwo\u015b\u0107 po\u0142\u0105czenia cz\u0119\u015bci Praca na wysoko\u015bci i Przenoszenie r\u0119czne w jeden modu\u0142.&nbsp;<\/p>\"\n\t\t\t\t\t\t\t\t\t}\n\t\t\t}\n\t\t\t,\t\t\t\t{\n\t\t\t\t\"@type\": \"Question\",\n\t\t\t\t\"name\": \"Czym jest szkolenie GWO Basic Technical Training (BTT)? \u00a0\",\n\t\t\t\t\"acceptedAnswer\": {\n\t\t\t\t\t\"@type\": \"Answer\",\n\t\t\t\t\t\"text\": \"<p>Szkolenie GWO Basic Technical Training jest to szkolenie techniczne zgodne z wytycznymi GWO.&nbsp;&nbsp;<\/p><p>Szkolenie GWO BTT sk\u0142ada si\u0119 z trzech modu\u0142\u00f3w:&nbsp;<\/p><ul><li>Mechaniczny (Mechanical),&nbsp;<\/li><li>Elektryczny (Electrical),&nbsp;<\/li><li>Hydrauliczny (Hydraulic).&nbsp;<\/li><\/ul><p>Ile czasu s\u0105 wa\u017cne certyfikaty GWO? &nbsp;<br>Szkolenia GWO Basic Safety Training s\u0105 wa\u017cne przez 24 miesi\u0105ce.&nbsp;<\/p><p>Szkolenia GWO Basic Technical Training s\u0105 wa\u017cne bezterminowo.&nbsp;<\/p>\"\n\t\t\t\t\t\t\t\t\t}\n\t\t\t}\n\t\t\t,\t\t\t\t{\n\t\t\t\t\"@type\": \"Question\",\n\t\t\t\t\"name\": \"Co to jest WINDA? \u00a0\",\n\t\t\t\t\"acceptedAnswer\": {\n\t\t\t\t\t\"@type\": \"Answer\",\n\t\t\t\t\t\"text\": \"<p>WINDA to bran\u017cowa baza danych stworzona przez GWO, kt\u00f3ra s\u0142u\u017cy do weryfikacji kursant\u00f3w odbywaj\u0105cych szkolenia certyfikowane GWO. Po uko\u0144czeniu kursu wynik egzaminu zostanie przes\u0142any do bazy danych WINDA. Dzi\u0119ki temu pracownik, prze\u0142o\u017cony lub firma chc\u0105ca zatrudni\u0107 dan\u0105 osob\u0119 mo\u017ce wyszuka\u0107 j\u0105 poprzez indywidualny identyfikator WINDA ID i sprawdzi\u0107 jakie wa\u017cne certyfikaty GWO ta osoba posiada.\u00a0<\/p>\"\n\t\t\t\t\t\t\t\t\t}\n\t\t\t}\n\t\t\t,\t\t\t\t{\n\t\t\t\t\"@type\": \"Question\",\n\t\t\t\t\"name\": \"Czym jest WINDA ID? \u00a0\",\n\t\t\t\t\"acceptedAnswer\": {\n\t\t\t\t\t\"@type\": \"Answer\",\n\t\t\t\t\t\"text\": \"<p>WINDA ID jest to indywidualny identyfikator dla uczestnik\u00f3w szkole\u0144 GWO, kt\u00f3ry znajduje si\u0119 w bazie danych WInd Industry Database. Dzi\u0119ki temu pracownik, prze\u0142o\u017cony oraz ka\u017cdy, kto tego potrzebuje, mo\u017ce potwierdzi\u0107, \u017ce dana osoba posiada wa\u017cny certyfikat danego szkolenia GWO.<\/p>\"\n\t\t\t\t\t\t\t\t\t}\n\t\t\t}\n\t\t\t,\t\t\t\t{\n\t\t\t\t\"@type\": \"Question\",\n\t\t\t\t\"name\": \"W jaki spos\u00f3b zarejestrowa\u0107 si\u0119 w WINDA? \u00a0\",\n\t\t\t\t\"acceptedAnswer\": {\n\t\t\t\t\t\"@type\": \"Answer\",\n\t\t\t\t\t\"text\": \"<p>Rejestracji mo\u017cna dokona\u0107 samodzielnie na stronie <a>https:\/\/winda.globalwindsafety.org\/<\/a>.\u00a0<\/p><p>Spos\u00f3b post\u0119powania:\u00a0<\/p><ul><li>Zarejestruj si\u0119.&nbsp;<\/li><li>Post\u0119puj zgodnie z wytycznymi (zaleca si\u0119 u\u017cycie osobistego adresu e-mail).&nbsp;<\/li><li>Otw\u00f3rz swoj\u0105 skrzynk\u0119 pocztow\u0105 i aktywuj WINDA ID.&nbsp;<\/li><\/ul>\"\n\t\t\t\t\t\t\t\t\t}\n\t\t\t}\n\t\t\t,\t\t\t\t{\n\t\t\t\t\"@type\": \"Question\",\n\t\t\t\t\"name\": \"W jakich miejscach pracuj\u0105 technicy turbin wiatrowych? \u00a0\",\n\t\t\t\t\"acceptedAnswer\": {\n\t\t\t\t\t\"@type\": \"Answer\",\n\t\t\t\t\t\"text\": \"<p>Technicy pracuj\u0105cy w sektorze turbin wiatrowych mog\u0105 wykonywa\u0107 swoje obowi\u0105zki na l\u0105dzie lub na morzu. Praca mo\u017ce polega\u0107 na wykonywaniu r\u00f3\u017cnorodnych zada\u0144:\u00a0<\/p><ul><li>wst\u0119pny monta\u017c,&nbsp;<\/li><li>instalacja,&nbsp;<\/li><li>kontrola i naprawa \u0142opat turbin wiatrowych,&nbsp;<\/li><li>zadania zwi\u0105zane z elektryk\u0105,&nbsp;<\/li><li>zadania zwi\u0105zane z mechanik\u0105,&nbsp;<\/li><li>serwis i konserwacja,&nbsp;<\/li><li>inspekcje,&nbsp;<\/li><li>oprogramowanie,&nbsp;<\/li><li>nadz\u00f3r.&nbsp;<\/li><\/ul>\"\n\t\t\t\t\t\t\t\t\t}\n\t\t\t}\n\t\t\t,\t\t\t\t{\n\t\t\t\t\"@type\": \"Question\",\n\t\t\t\t\"name\": \"Czy pracownik musi potrafi\u0107 ewakuowa\u0107 si\u0119 z turbiny wiatrowej? \u00a0\",\n\t\t\t\t\"acceptedAnswer\": {\n\t\t\t\t\t\"@type\": \"Answer\",\n\t\t\t\t\t\"text\": \"<p>Pracownik pracuj\u0105cy w obszarze turbiny wiatrowej powinien mie\u0107 umiej\u0119tno\u015b\u0107 ewakuacji siebie oraz swojego kolegi w przypadku sytuacji zagro\u017cenia zdrowia i \u017cycia.\u00a0<\/p>\"\n\t\t\t\t\t\t\t\t\t}\n\t\t\t}\n\t\t\t\t\t\t]\n\t}\n<\/script>\n","protected":false},"excerpt":{"rendered":"","protected":false},"author":3,"featured_media":5325,"parent":5314,"menu_order":0,"comment_status":"closed","ping_status":"closed","template":"","meta":{"footnotes":""},"class_list":["post-5324","page","type-page","status-publish","has-post-thumbnail","hentry"],"aioseo_notices":[],"_links":{"self":[{"href":"https:\/\/szkolenia-udt.pl\/ua\/wp-json\/wp\/v2\/pages\/5324","targetHints":{"allow":["GET"]}}],"collection":[{"href":"https:\/\/szkolenia-udt.pl\/ua\/wp-json\/wp\/v2\/pages"}],"about":[{"href":"https:\/\/szkolenia-udt.pl\/ua\/wp-json\/wp\/v2\/types\/page"}],"author":[{"embeddable":true,"href":"https:\/\/szkolenia-udt.pl\/ua\/wp-json\/wp\/v2\/users\/3"}],"replies":[{"embeddable":true,"href":"https:\/\/szkolenia-udt.pl\/ua\/wp-json\/wp\/v2\/comments?post=5324"}],"version-history":[{"count":1,"href":"https:\/\/szkolenia-udt.pl\/ua\/wp-json\/wp\/v2\/pages\/5324\/revisions"}],"predecessor-version":[{"id":5326,"href":"https:\/\/szkolenia-udt.pl\/ua\/wp-json\/wp\/v2\/pages\/5324\/revisions\/5326"}],"up":[{"embeddable":true,"href":"https:\/\/szkolenia-udt.pl\/ua\/wp-json\/wp\/v2\/pages\/5314"}],"wp:featuredmedia":[{"embeddable":true,"href":"https:\/\/szkolenia-udt.pl\/ua\/wp-json\/wp\/v2\/media\/5325"}],"wp:attachment":[{"href":"https:\/\/szkolenia-udt.pl\/ua\/wp-json\/wp\/v2\/media?parent=5324"}],"curies":[{"name":"wp","href":"https:\/\/api.w.org\/{rel}","templated":true}]}}