{"id":55,"date":"2014-10-07T16:26:04","date_gmt":"2014-10-07T16:26:04","guid":{"rendered":"http:\/\/szkolenia-udt.pl\/?page_id=55"},"modified":"2021-07-19T22:09:52","modified_gmt":"2021-07-19T22:09:52","slug":"%d0%ba%d1%80%d0%b0%d0%bd%d0%b8-2","status":"publish","type":"page","link":"https:\/\/szkolenia-udt.pl\/ua\/dzwignice\/suwnice\/","title":{"rendered":"\u041a\u0440\u0430\u043d\u0438"},"content":{"rendered":"<div style=\"float: left; padding-right: 10px;\"><div id=\"metaslider-id-662\" style=\"max-width: 300px;\" class=\"ml-slider-3-107-0 metaslider metaslider-flex metaslider-662 ml-slider ms-theme-default nav-hidden\" role=\"region\" aria-label=\"\u041a\u0440\u0430\u043d\u0438\" data-height=\"225\" data-width=\"300\">\n    <div id=\"metaslider_container_662\">\n        <div id=\"metaslider_662\">\n            <ul class='slides'>\n                <li style=\"display: block; width: 100%;\" class=\"slide-1209 ms-image\" aria-roledescription=\"slide\" data-date=\"2014-11-17 21:42:15\" data-filename=\"suw1a.jpg\" data-slide-type=\"image\"><img loading=\"lazy\" decoding=\"async\" src=\"https:\/\/szkolenia-udt.pl\/wp-content\/uploads\/2014\/11\/suw1a.jpg\" height=\"225\" width=\"300\" alt=\"\" class=\"slider-662 slide-1209 msDefaultImage\" \/><\/li>\n            <\/ul>\n        <\/div>\n        \n    <\/div>\n<\/div><\/div>\n<div class=\"wyjustuj\">\n<p>\u041c\u043e\u0441\u0442\u043e\u0432\u0456 \u043a\u0440\u0430\u043d\u0438 - \u0446\u0435 \u043f\u0440\u0438\u0441\u0442\u0440\u043e\u0457, \u043f\u0440\u0438\u0437\u043d\u0430\u0447\u0435\u043d\u0456 \u0434\u043b\u044f \u0442\u0440\u0430\u043d\u0441\u043f\u043e\u0440\u0442\u0443\u0432\u0430\u043d\u043d\u044f \u043c\u0430\u0442\u0435\u0440\u0456\u0430\u043b\u0456\u0432, \u044f\u043a\u0456 \u043f\u0440\u0430\u0446\u044e\u044e\u0442\u044c \u0432 \u0443\u043c\u043e\u0432\u0430\u0445 \u043f\u0435\u0440\u0435\u0440\u0438\u0432\u0447\u0430\u0441\u0442\u043e\u0433\u043e \u0440\u0443\u0445\u0443. \u041e\u0441\u043d\u0430\u0449\u0435\u043d\u0456 \u043c\u0435\u0445\u0430\u043d\u0456\u0437\u043c\u0430\u043c\u0438 \u0434\u043b\u044f \u043e\u043f\u0443\u0441\u043a\u0430\u043d\u043d\u044f \u0456 \u043f\u0456\u0434\u0439\u043e\u043c\u0443 \u0432\u0430\u043d\u0442\u0430\u0436\u0456\u0432 - \u043f\u0456\u0434\u0439\u043e\u043c\u043d\u0438\u043a\u0430\u043c\u0438 \u0430\u0431\u043e \u043b\u0435\u0431\u0456\u0434\u043a\u0430\u043c\u0438, \u0432\u043e\u043d\u0438 \u0437\u0434\u0430\u0442\u043d\u0456 \u0434\u043e\u0441\u0442\u0430\u0432\u043b\u044f\u0442\u0438 \u0432\u0430\u043d\u0442\u0430\u0436\u0456 \u0432 \u0437\u0430\u0437\u043d\u0430\u0447\u0435\u043d\u0443 \u0442\u043e\u0447\u043a\u0443. \u0417\u0430 \u043d\u0438\u043c\u0438 \u0437\u0434\u0456\u0439\u0441\u043d\u044e\u0454\u0442\u044c\u0441\u044f \u0442\u0435\u0445\u043d\u0456\u0447\u043d\u0438\u0439 \u043d\u0430\u0433\u043b\u044f\u0434. \u0429\u043e\u0431 \u043a\u0435\u0440\u0443\u0432\u0430\u0442\u0438 \u043f\u0440\u0438\u0441\u0442\u0440\u043e\u044f\u043c\u0438, \u0432\u0430\u043c \u043f\u043e\u0442\u0440\u0456\u0431\u043d\u0456 \u043b\u0456\u0446\u0435\u043d\u0437\u0456\u0457 \u043d\u0430 \u043f\u043e\u0440\u0442\u0430\u043b. \u041d\u0435\u043e\u0431\u0445\u0456\u0434\u043d\u043e \u0457\u0445 \u043e\u0442\u0440\u0438\u043c\u0430\u0442\u0438 <a href=\"https:\/\/szkolenia-udt.pl\/ua\/kursy\/suwnice\/\">\u043a\u0443\u0440\u0441 \u0434\u043b\u044f \u043f\u043e\u0440\u0442\u0430\u043b\u0456\u0432<\/a>, \u043d\u0430 \u044f\u043a\u0438\u0439 \u0432\u0438 \u0442\u0430\u043a\u043e\u0436 \u043c\u043e\u0436\u0435\u0442\u0435 \u0437\u0430\u0440\u0435\u0454\u0441\u0442\u0440\u0443\u0432\u0430\u0442\u0438\u0441\u044f \u0432 \u043d\u0430\u0448\u043e\u043c\u0443 <a href=\"https:\/\/szkolenia-udt.pl\/ua\/o-firmie\/\">\u041a\u0443\u0440\u043e\u0440\u0442<\/a>\u041f\u0456\u0434\u0439\u043e\u043c\u043d\u0456 \u043a\u0440\u0430\u043d\u0438 \u2014 \u043a\u0440\u0430\u043d\u0438, \u044f\u043a\u0456 \u0441\u043a\u043b\u0430\u0434\u0430\u044e\u0442\u044c\u0441\u044f \u0437 \u043d\u0435\u0441\u0443\u0447\u043e\u0457 \u0441\u0438\u0441\u0442\u0435\u043c\u0438, \u0449\u043e \u043f\u0435\u0440\u0435\u0441\u0443\u0432\u0430\u0454\u0442\u044c\u0441\u044f \u043f\u043e \u0434\u0432\u043e\u0445 \u043a\u043e\u043b\u0456\u044f\u0445. \u0412\u043e\u043d\u0438 \u043f\u0440\u0438\u0437\u043d\u0430\u0447\u0435\u043d\u0456 \u0434\u043b\u044f \u043e\u0431\u043c\u0435\u0436\u0435\u043d\u043e\u0433\u043e \u043f\u0435\u0440\u0435\u0432\u0435\u0437\u0435\u043d\u043d\u044f \u0432\u0430\u043d\u0442\u0430\u0436\u0456\u0432 \u043f\u043e \u043a\u043e\u043b\u0456\u044f\u0445 \u0437 \u043c\u0430\u043a\u0441\u0438\u043c\u0430\u043b\u044c\u043d\u043e\u044e \u0432\u0456\u0434\u0441\u0442\u0430\u043d\u043d\u044e \u043c\u0456\u0436 \u043d\u0438\u043c\u0438. \u041d\u0435\u0441\u0443\u0447\u0430 \u0447\u0430\u0441\u0442\u0438\u043d\u0430 \u043a\u0440\u0430\u043d\u0430 \u0441\u043a\u043b\u0430\u0434\u0430\u0454\u0442\u044c\u0441\u044f \u0437 \u043c\u043e\u0441\u0442\u0443 \u0456 \u0434\u0432\u043e\u0445 \u043a\u0456\u043d\u0446\u0435\u0432\u0438\u0445 \u043a\u0430\u0440\u0435\u0442\u043e\u043a. \u041c\u0456\u0441\u0442 \u043c\u0430\u0454 \u0444\u043e\u0440\u043c\u0443 \u0431\u0430\u043b\u043a\u0438 \u043c\u0456\u0436 \u0440\u0435\u0439\u043a\u0430\u043c\u0438 \u0456 \u043a\u0440\u0456\u043f\u0438\u0442\u044c\u0441\u044f \u0434\u043e \u043a\u0456\u043d\u0446\u0435\u0432\u0438\u0445 \u0432\u0430\u0433\u043e\u043d\u0456\u0432, \u043a\u0443\u0442\u0438 \u043f\u0435\u0440\u043f\u0435\u043d\u0434\u0438\u043a\u0443\u043b\u044f\u0440\u043d\u0456 \u043c\u043e\u0441\u0442\u0443. \u041a\u0456\u043d\u0446\u0435\u0432\u0456 \u0442\u0435\u043b\u0435\u0436\u043a\u0438 \u043e\u0441\u043d\u0430\u0449\u0435\u043d\u0456 \u043a\u043e\u043b\u0456\u0441\u043d\u0438\u043c\u0438 \u043f\u0440\u0438\u0432\u043e\u0434\u0430\u043c\u0438, \u0437\u0430\u0432\u0434\u044f\u043a\u0438 \u044f\u043a\u0438\u043c \u043a\u0440\u0430\u043d \u043f\u0435\u0440\u0435\u0441\u0443\u0432\u0430\u0454\u0442\u044c\u0441\u044f \u043f\u043e \u043a\u043e\u043b\u0456\u044f\u0445. \u041a\u0440\u0456\u043c \u0442\u043e\u0433\u043e, \u0432\u0437\u0434\u043e\u0432\u0436 \u043c\u043e\u0441\u0442\u0430 \u043c\u0430\u0448\u0438\u043d\u0438 \u0454 \u043a\u043e\u043c\u043f\u043e\u043d\u0435\u043d\u0442 \u0434\u043b\u044f \u043f\u0456\u0434\u0439\u043e\u043c\u0443 \u043b\u0435\u0431\u0456\u0434\u043a\u0438 \u0430\u0431\u043e \u043f\u0456\u0434\u0439\u043e\u043c\u043d\u0438\u043a\u0430, \u044f\u043a\u0438\u0439 \u0441\u043a\u043b\u0430\u0434\u0430\u0454\u0442\u044c\u0441\u044f \u0437 \u043a\u0430\u043d\u0430\u0442\u0443 \u0430\u0431\u043e \u043b\u0430\u043d\u0446\u044e\u0433\u0430 \u0434\u043b\u044f \u043f\u0456\u0434\u0439\u043e\u043c\u0443 \u0432\u0430\u043d\u0442\u0430\u0436\u0443 \u043d\u0430 \u0433\u0430\u043a \u0430\u0431\u043e \u0456\u043d\u0448\u0438\u0439 \u0441\u0442\u0440\u043e\u043f. \u0414\u043e\u0441\u0442\u043e\u0432\u0456\u0440\u043d\u0443 \u0456\u043d\u0444\u043e\u0440\u043c\u0430\u0446\u0456\u044e \u043f\u0440\u043e \u043a\u043e\u043d\u0441\u0442\u0440\u0443\u043a\u0446\u0456\u044e \u043f\u0440\u0438\u0441\u0442\u0440\u043e\u0457\u0432 \u0434\u0430\u044e\u0442\u044c \u043a\u0440\u0430\u043d\u043e\u0432\u0456 \u0442\u0440\u0435\u043d\u0443\u0432\u0430\u043d\u043d\u044f.<\/p>\n<h2><strong>\u041c\u0438 \u043f\u043e\u0434\u0456\u043b\u044f\u0454\u043c\u043e \u043f\u0440\u0438\u0441\u0442\u0440\u043e\u0457 \u043d\u0430 \u043a\u0456\u043b\u044c\u043a\u0430 \u0432\u0438\u0434\u0456\u0432:<\/strong><\/h2>\n<ul>\n<li>\u043a\u043e\u043b\u0456\u0439\u043d\u0456 \u0430\u0431\u043e \u043c\u043e\u0441\u0442\u043e\u0432\u0456 - \u043a\u043e\u043b\u0438 \u043a\u0440\u0430\u043d \u0440\u0443\u0445\u0430\u0454\u0442\u044c\u0441\u044f \u043f\u043e \u043a\u043e\u043b\u0456\u044f\u0445<\/li>\n<li>\u043f\u0456\u0434\u0432\u0456\u0441\u043d\u0438\u0439 - \u043a\u043e\u043b\u0438 \u043a\u0440\u0430\u043d \u043f\u0456\u0434\u0432\u0456\u0448\u0435\u043d\u0438\u0439 \u043d\u0430 \u043a\u043e\u043b\u0456\u044f\u0445 \u0437\u043d\u0438\u0437\u0443<\/li>\n<li>\u043a\u043e\u0437\u043b\u043e\u0432\u0438\u0439 - \u043a\u043e\u043b\u0438 \u043a\u0440\u0430\u043d \u0440\u0443\u0445\u0430\u0454\u0442\u044c\u0441\u044f \u043f\u043e \u0433\u0440\u0443\u043d\u0442\u043e\u0432\u0438\u0445 \u043a\u043e\u043b\u0456\u044f\u0445, \u0430\u043b\u0435 \u0439\u043e\u0433\u043e \u043c\u0456\u0441\u0442 \u0437\u043d\u0430\u0445\u043e\u0434\u0438\u0442\u044c\u0441\u044f \u043d\u0430\u0434 \u043a\u043e\u043b\u0456\u044f\u043c\u0438<\/li>\n<\/ul>\n<p>\u041a\u0435\u0440\u0443\u0432\u0430\u0442\u0438 \u043f\u0440\u0438\u0441\u0442\u0440\u043e\u044f\u043c\u0438 \u043c\u0430\u044e\u0442\u044c \u043f\u0440\u0430\u0432\u043e \u043b\u0438\u0448\u0435 \u043e\u0441\u043e\u0431\u0438, \u044f\u043a\u0456 \u043c\u0430\u044e\u0442\u044c \u043f\u0440\u0430\u0432\u043e \u0432\u0438\u043a\u043e\u0440\u0438\u0441\u0442\u043e\u0432\u0443\u0432\u0430\u0442\u0438 \u043c\u043e\u0441\u0442\u043e\u0432\u0456 \u043a\u0440\u0430\u043d\u0438. \u0412\u0438 \u043c\u043e\u0436\u0435\u0442\u0435 \u043e\u0442\u0440\u0438\u043c\u0430\u0442\u0438 \u0457\u0445, \u0437\u0430\u043f\u0438\u0441\u0430\u0432\u0448\u0438\u0441\u044c \u043d\u0430 \u043a\u0443\u0440\u0441 Gantry. \u041f\u0456\u0434 \u0447\u0430\u0441 \u043a\u0443\u0440\u0441\u0443 \u0440\u043e\u0437\u0433\u043b\u044f\u0434\u0430\u0454\u0442\u044c\u0441\u044f \u0442\u0435\u043e\u0440\u0456\u044f \u0442\u0430 \u043f\u0440\u0430\u043a\u0442\u0438\u043a\u0430 \u0435\u043a\u0441\u043f\u043b\u0443\u0430\u0442\u0430\u0446\u0456\u0457 \u043f\u0440\u0438\u0441\u0442\u0440\u043e\u0457\u0432 \u0437\u0430\u043b\u0435\u0436\u043d\u043e \u0432\u0456\u0434 \u0457\u0445 \u043e\u0431\u0440\u0430\u043d\u043e\u0433\u043e \u0442\u0438\u043f\u0443 \u0432\u0456\u0434\u043f\u043e\u0432\u0456\u0434\u043d\u043e \u0434\u043e \u0434\u043e\u0437\u0432\u043e\u043b\u0456\u0432.<\/p>\n<h3><strong>\u0412\u0456\u0434\u043f\u043e\u0432\u0456\u0434\u043d\u043e \u0434\u043e \u0432\u0438\u043c\u043e\u0433 UDT \u0432\u0438\u0434\u0456\u043b\u044f\u044e\u0442\u044c \u043d\u0430\u0441\u0442\u0443\u043f\u043d\u0456 \u043a\u0440\u0430\u043d\u043e\u0432\u0456 \u043a\u0443\u0440\u0441\u0438:<\/strong><\/h3>\n<ul>\n<li>II S - \u043f\u0440\u0438\u0441\u0442\u0440\u043e\u0457, \u043a\u0435\u0440\u043e\u0432\u0430\u043d\u0456 \u0437 \u0440\u043e\u0431\u043e\u0447\u043e\u0433\u043e \u0440\u0456\u0432\u043d\u044f, \u043f\u0456\u0434\u0439\u043e\u043c\u043d\u0438\u043a\u0438, \u043b\u0435\u0431\u0456\u0434\u043a\u0438 \u043a\u0430\u0442\u0435\u0433\u043e\u0440\u0456\u0457 II W \u0456 \u0441\u0442\u0430\u0446\u0456\u043e\u043d\u0430\u0440\u043d\u0456 \u0446\u0435\u0445\u043e\u0432\u0456 \u043a\u0440\u0430\u043d\u0438.<\/li>\n<li>IS - \u043f\u0440\u0438\u0441\u0442\u0440\u043e\u0457, \u043a\u0435\u0440\u043e\u0432\u0430\u043d\u0456 \u0437 \u043a\u0430\u0431\u0456\u043d\u0438, \u043f\u0456\u0434\u0439\u043e\u043c\u043d\u0438\u043a\u0438, \u043b\u0435\u0431\u0456\u0434\u043a\u0438 \u043a\u0430\u0442\u0435\u0433\u043e\u0440\u0456\u0457 IW \u0456 \u043f\u0440\u0438\u0441\u0442\u0440\u043e\u0457 \u043a\u0430\u0442\u0435\u0433\u043e\u0440\u0456\u0457 II S<\/li>\n<\/ul>\n<p>\u041a\u043e\u0436\u0435\u043d \u043a\u0443\u0440\u0441 Gantry \u0437\u0430\u0432\u0435\u0440\u0448\u0443\u0454\u0442\u044c\u0441\u044f \u0456\u0441\u043f\u0438\u0442\u043e\u043c \u043f\u0435\u0440\u0435\u0434 \u043a\u043e\u043c\u0456\u0441\u0456\u0454\u044e \u0423\u043f\u0440\u0430\u0432\u043b\u0456\u043d\u043d\u044f \u0442\u0435\u0445\u043d\u0456\u0447\u043d\u043e\u0457 \u0456\u043d\u0441\u043f\u0435\u043a\u0446\u0456\u0457. Gantry exam \u043f\u0435\u0440\u0435\u0432\u0456\u0440\u044f\u0454 \u0437\u043d\u0430\u043d\u043d\u044f \u0442\u0430 \u043d\u0430\u0432\u0438\u0447\u043a\u0438, \u0430 \u043f\u0456\u0441\u043b\u044f \u0439\u043e\u0433\u043e \u0437\u0434\u0430\u0447\u0456 \u0443\u0447\u0430\u0441\u043d\u0438\u043a \u043e\u0442\u0440\u0438\u043c\u0443\u0454 \u043a\u0432\u0430\u043b\u0456\u0444\u0456\u043a\u0430\u0446\u0456\u044e.<\/p>\n<div style=\"float: left; padding-right: 10px;\"><div id=\"metaslider-id-671\" style=\"max-width: 300px;\" class=\"ml-slider-3-107-0 metaslider metaslider-flex metaslider-671 ml-slider ms-theme-default nav-hidden nav-hidden\" role=\"region\" aria-label=\"\u0416\u0443\u0440\u0430\u0432\u043b\u04562\" data-height=\"225\" data-width=\"300\">\n    <div id=\"metaslider_container_671\">\n        <div id=\"metaslider_671\">\n            <ul class='slides'>\n                <li style=\"display: block; width: 100%;\" class=\"slide-1995 ms-image\" aria-roledescription=\"slide\" data-date=\"2017-12-29 10:22:17\" data-filename=\"suwnica-5-252x189.jpg\" data-slide-type=\"image\"><img loading=\"lazy\" decoding=\"async\" src=\"https:\/\/szkolenia-udt.pl\/wp-content\/uploads\/2017\/12\/suwnica-5-252x189.jpg\" height=\"225\" width=\"300\" alt=\"\" class=\"slider-671 slide-1995 msDefaultImage\" \/><\/li>\n            <\/ul>\n        <\/div>\n        \n    <\/div>\n<\/div><\/div>\n<p>\u0417\u0430\u043f\u0440\u043e\u0448\u0443\u0454\u043c\u043e \u043d\u0430 \u043a\u0443\u0440\u0441 \u043a\u0440\u0430\u043d\u0430 - \u0446\u0456\u043d\u0430 \u0434\u0443\u0436\u0435 \u0434\u043e\u0441\u0442\u0443\u043f\u043d\u0430 \u0456 \u0437\u0430\u0432\u0436\u0434\u0438 \u0434\u043e\u0433\u043e\u0432\u0456\u0440\u043d\u0430. \u041f\u0440\u0438 \u0432\u0438\u0431\u043e\u0440\u0456 \u0437\u0430\u043a\u0440\u0438\u0442\u043e\u0433\u043e \u043a\u0443\u0440\u0441\u0443 \u043d\u0430 \u043a\u043e\u0437\u043b\u043e\u0432\u0456 \u043a\u0440\u0430\u043d\u0438 \u0446\u0456\u043d\u0430 \u0432\u0441\u0442\u0430\u043d\u043e\u0432\u043b\u044e\u0454\u0442\u044c\u0441\u044f \u0456\u043d\u0434\u0438\u0432\u0456\u0434\u0443\u0430\u043b\u044c\u043d\u043e. \u042f\u043a\u0449\u043e \u0432\u0438 \u0445\u043e\u0447\u0435\u0442\u0435 \u0431\u0435\u0437\u043f\u0435\u0447\u043d\u043e \u043a\u0435\u0440\u0443\u0432\u0430\u0442\u0438 \u043c\u043e\u0441\u0442\u043e\u0432\u0438\u043c\u0438 \u043a\u0440\u0430\u043d\u0430\u043c\u0438, \u043d\u0430\u0448 \u043a\u0443\u0440\u0441 \u0441\u0442\u0430\u043d\u0435 \u0433\u0430\u0440\u043d\u043e\u044e \u0456\u043d\u0432\u0435\u0441\u0442\u0438\u0446\u0456\u0454\u044e. \u0423 \u043d\u0430\u0448\u0438\u0445 \u0444\u0456\u043b\u0456\u044f\u0445 \u043c\u0438 \u043f\u0440\u043e\u0432\u043e\u0434\u0438\u043c\u043e \u043a\u0443\u0440\u0441\u0438 \u043a\u0440\u0430\u043d\u0456\u0432 \u0443 \u0412\u0430\u0440\u0448\u0430\u0432\u0456, \u041a\u0440\u0430\u043a\u043e\u0432\u0456, \u041a\u0430\u0442\u043e\u0432\u0456\u0446\u0435 \u0442\u0430 \u0411\u0435\u043b\u044c\u0441\u044c\u043a\u043e-\u0411\u044f\u043b\u0430. \u0422\u0430\u043a\u043e\u0436 \u043c\u043e\u0436\u043b\u0438\u0432\u0430 \u043e\u0440\u0433\u0430\u043d\u0456\u0437\u0430\u0446\u0456\u044f \u0437\u0430\u043d\u044f\u0442\u044c \u0432 \u0431\u0443\u0434\u044c-\u044f\u043a\u043e\u043c\u0443 \u043c\u0456\u0441\u0446\u0456 \u0442\u0430 \u0447\u0430\u0441 \u0437 \u0443\u0440\u0430\u0445\u0443\u0432\u0430\u043d\u043d\u044f\u043c \u043f\u043e\u0431\u0430\u0436\u0430\u043d\u044c \u043a\u043b\u0456\u0454\u043d\u0442\u0430. \u0420\u0430\u0434\u0438\u043c\u043e \u043f\u0435\u0440\u0435\u0432\u0456\u0440\u0438\u0442\u0438 \u0432\u0456\u043b\u044c\u043d\u0456 \u0434\u0430\u0442\u0438 \u0442\u0430 \u0441\u043a\u043e\u0440\u0438\u0441\u0442\u0430\u0442\u0438\u0441\u044f \u043d\u0438\u043c\u0438 <a href=\"https:\/\/szkolenia-udt.pl\/ua\/oferta\/\">\u041d\u0430\u0448\u0456 \u041f\u043e\u0441\u043b\u0443\u0433\u0438<\/a>!<\/p>\n<\/div>","protected":false},"excerpt":{"rendered":"<p>Suwnice s\u0105 urz\u0105dzeniami przeznaczonymi do transportu bliskiego, kt\u00f3re pracuj\u0105 w ruchu przerywanym. Dzi\u0119ki wyposa\u017ceniu w mechanizmy opuszczaj\u0105 i podnoszenia \u0142adunk\u00f3w \u2013 wci\u0105gniki lub wci\u0105garki, s\u0105 one w stanie dostarczy\u0107 \u0142adunki we wskazany punkt. Podlegaj\u0105 dozorowi technicznemu. Aby obs\u0142ugiwa\u0107 urz\u0105dzenia potrzebne s\u0105 uprawnienia na suwnice. Do ich uzyskania niezb\u0119dny jest kurs na suwnice, na kt\u00f3ry mo\u017cna [&hellip;]<\/p>\n","protected":false},"author":3,"featured_media":664,"parent":69,"menu_order":0,"comment_status":"closed","ping_status":"closed","template":"","meta":{"footnotes":""},"class_list":["post-55","page","type-page","status-publish","has-post-thumbnail","hentry"],"aioseo_notices":[],"_links":{"self":[{"href":"https:\/\/szkolenia-udt.pl\/ua\/wp-json\/wp\/v2\/pages\/55","targetHints":{"allow":["GET"]}}],"collection":[{"href":"https:\/\/szkolenia-udt.pl\/ua\/wp-json\/wp\/v2\/pages"}],"about":[{"href":"https:\/\/szkolenia-udt.pl\/ua\/wp-json\/wp\/v2\/types\/page"}],"author":[{"embeddable":true,"href":"https:\/\/szkolenia-udt.pl\/ua\/wp-json\/wp\/v2\/users\/3"}],"replies":[{"embeddable":true,"href":"https:\/\/szkolenia-udt.pl\/ua\/wp-json\/wp\/v2\/comments?post=55"}],"version-history":[{"count":9,"href":"https:\/\/szkolenia-udt.pl\/ua\/wp-json\/wp\/v2\/pages\/55\/revisions"}],"predecessor-version":[{"id":2383,"href":"https:\/\/szkolenia-udt.pl\/ua\/wp-json\/wp\/v2\/pages\/55\/revisions\/2383"}],"up":[{"embeddable":true,"href":"https:\/\/szkolenia-udt.pl\/ua\/wp-json\/wp\/v2\/pages\/69"}],"wp:featuredmedia":[{"embeddable":true,"href":"https:\/\/szkolenia-udt.pl\/ua\/wp-json\/wp\/v2\/media\/664"}],"wp:attachment":[{"href":"https:\/\/szkolenia-udt.pl\/ua\/wp-json\/wp\/v2\/media?parent=55"}],"curies":[{"name":"wp","href":"https:\/\/api.w.org\/{rel}","templated":true}]}}