{"id":59,"date":"2014-10-07T16:26:41","date_gmt":"2014-10-07T16:26:41","guid":{"rendered":"http:\/\/szkolenia-udt.pl\/?page_id=59"},"modified":"2016-07-06T17:45:00","modified_gmt":"2016-07-06T17:45:00","slug":"%d0%bc%d0%b0%d0%bd%d1%96%d0%bf%d1%83%d0%bb%d1%8f%d1%86%d1%96%d0%b9%d0%bd%d1%96-%d0%bf%d1%80%d0%b8%d1%81%d1%82%d1%80%d0%be%d1%97-%d0%b4%d0%bb%d1%8f-%d0%ba%d0%be%d0%bd%d1%82%d0%b5%d0%b9%d0%bd%d0%b5","status":"publish","type":"page","link":"https:\/\/szkolenia-udt.pl\/ua\/dzwignice\/urzadzenia-do-manipulacji-kontenerami\/","title":{"rendered":"\u041e\u0431\u043b\u0430\u0434\u043d\u0430\u043d\u043d\u044f \u0434\u043b\u044f \u043e\u0431\u0440\u043e\u0431\u043a\u0438 \u043a\u043e\u043d\u0442\u0435\u0439\u043d\u0435\u0440\u0456\u0432"},"content":{"rendered":"<div style=\"float: left; padding-right: 10px;\"><div id=\"metaslider-id-684\" style=\"max-width: 300px;\" class=\"ml-slider-3-107-0 metaslider metaslider-flex metaslider-684 ml-slider ms-theme-default nav-hidden\" role=\"region\" aria-label=\"\u041c\u0430\u043d\u0456\u043f\u0443\u043b\u044f\u0446\u0456\u0439\u043d\u0456 \u043f\u0440\u0438\u0441\u0442\u0440\u043e\u0457\" data-height=\"225\" data-width=\"300\">\n    <div id=\"metaslider_container_684\">\n        <div id=\"metaslider_684\">\n            <ul class='slides'>\n                <li style=\"display: block; width: 100%;\" class=\"slide-686 ms-image\" aria-roledescription=\"slide\" data-date=\"2014-10-12 11:03:24\" data-filename=\"O\u015brodek-szkolenia-operator\u00f3w.jpg\" data-slide-type=\"image\"><img loading=\"lazy\" decoding=\"async\" src=\"https:\/\/szkolenia-udt.pl\/wp-content\/uploads\/2014\/10\/O\u015brodek-szkolenia-operator\u00f3w.jpg\" height=\"225\" width=\"300\" alt=\"\" class=\"slider-684 slide-686 msDefaultImage\" \/><div class=\"caption-wrap\"><div class=\"caption\">\u0435\u0442\u0438\u043a\u0435\u0442\u043a\u0430<\/div><\/div><\/li>\n                <li style=\"display: none; width: 100%;\" class=\"slide-687 ms-image\" aria-roledescription=\"slide\" data-date=\"2014-10-12 11:03:26\" data-filename=\"szkolenia-urz\u0105dzenia-manipulacji-kontenerami.jpg\" data-slide-type=\"image\"><img loading=\"lazy\" decoding=\"async\" src=\"https:\/\/szkolenia-udt.pl\/wp-content\/uploads\/2014\/10\/szkolenia-urz\u0105dzenia-manipulacji-kontenerami.jpg\" height=\"225\" width=\"300\" alt=\"\u041a\u0443\u0440\u0441 \u0432\u0430\u043d\u0442\u0430\u0436\u043d\u043e-\u0440\u043e\u0437\u0432\u0430\u043d\u0442\u0430\u0436\u0443\u0432\u0430\u043b\u044c\u043d\u0438\u0445 \u043f\u0440\u0438\u0441\u0442\u0440\u043e\u0457\u0432 \u0442\u0430\u0440\u0438\" class=\"slider-684 slide-687 msDefaultImage\" \/><\/li>\n                <li style=\"display: none; width: 100%;\" class=\"slide-685 ms-image\" aria-roledescription=\"slide\" data-date=\"2014-10-12 11:03:23\" data-filename=\"Kursy-urz\u0105dzenia-manipulacji-kontenerami.jpg\" data-slide-type=\"image\"><img loading=\"lazy\" decoding=\"async\" src=\"https:\/\/szkolenia-udt.pl\/wp-content\/uploads\/2014\/10\/Kursy-urz\u0105dzenia-manipulacji-kontenerami.jpg\" height=\"225\" width=\"300\" alt=\"\u0426\u0435\u043d\u0442\u0440 \u043f\u0456\u0434\u0433\u043e\u0442\u043e\u0432\u043a\u0438 \u043e\u043f\u0435\u0440\u0430\u0442\u043e\u0440\u0456\u0432 \u0443 \u0412\u0430\u0440\u0448\u0430\u0432\u0456\" class=\"slider-684 slide-685 msDefaultImage\" \/><\/li>\n                <li style=\"display: none; width: 100%;\" class=\"slide-688 ms-image\" aria-roledescription=\"slide\" data-date=\"2014-10-12 11:03:26\" data-filename=\"Zdj\u0119cie-manipulacja-kontenerami.jpg\" data-slide-type=\"image\"><img loading=\"lazy\" decoding=\"async\" src=\"https:\/\/szkolenia-udt.pl\/wp-content\/uploads\/2014\/10\/Zdj\u0119cie-manipulacja-kontenerami.jpg\" height=\"225\" width=\"300\" alt=\"\u041f\u0440\u0438\u0441\u0442\u0440\u043e\u0457 \u0434\u043b\u044f \u043e\u0431\u0440\u043e\u0431\u043a\u0438 \u0442\u0430\u0440\u0438\" class=\"slider-684 slide-688 msDefaultImage\" \/><\/li>\n                <li style=\"display: none; width: 100%;\" class=\"slide-689 ms-image\" aria-roledescription=\"slide\" data-date=\"2014-10-12 11:03:44\" data-filename=\"Szkolenia-oraz-kursy-zdj\u0119cie.jpg\" data-slide-type=\"image\"><img loading=\"lazy\" decoding=\"async\" src=\"https:\/\/szkolenia-udt.pl\/wp-content\/uploads\/2014\/10\/Szkolenia-oraz-kursy-zdj\u0119cie.jpg\" height=\"225\" width=\"300\" alt=\"\" class=\"slider-684 slide-689 msDefaultImage\" \/><\/li>\n            <\/ul>\n        <\/div>\n        \n    <\/div>\n<\/div><\/div>\n<div class=\"wyjustuj\">\u041f\u0440\u0438\u0441\u0442\u0440\u043e\u0457 \u0434\u043b\u044f \u043e\u0431\u0440\u043e\u0431\u043a\u0438 \u043a\u043e\u043d\u0442\u0435\u0439\u043d\u0435\u0440\u0456\u0432 \u0432\u0438\u043a\u043e\u0440\u0438\u0441\u0442\u043e\u0432\u0443\u044e\u0442\u044c\u0441\u044f \u0432 \u0442\u0430\u043a\u0438\u0445 \u043c\u0456\u0441\u0446\u044f\u0445, \u044f\u043a \u043f\u0435\u0440\u0435\u0432\u0430\u043d\u0442\u0430\u0436\u0443\u0432\u0430\u043b\u044c\u043d\u0456 \u043f\u043e\u0440\u0442\u0438 \u0442\u0430 \u0456\u043d\u0448\u0456 \u0442\u0438\u043f\u0438 \u043f\u0443\u043d\u043a\u0442\u0456\u0432, \u0434\u0435 \u043f\u0435\u0440\u0435\u043c\u0456\u0449\u0443\u044e\u0442\u044c\u0441\u044f \u0432\u0430\u043d\u0442\u0430\u0436\u043d\u0456 \u043a\u043e\u043d\u0442\u0435\u0439\u043d\u0435\u0440\u0438. \u0414\u043b\u044f \u0440\u043e\u0431\u043e\u0442\u0438 \u0437 \u043f\u0440\u0438\u0441\u0442\u0440\u043e\u0454\u043c \u043d\u0435\u043e\u0431\u0445\u0456\u0434\u043d\u0430 \u043a\u0432\u0430\u043b\u0456\u0444\u0456\u043a\u0430\u0446\u0456\u044f \u0434\u043b\u044f \u043f\u0440\u0438\u0441\u0442\u0440\u043e\u0457\u0432 \u0434\u043b\u044f \u043e\u0431\u0440\u043e\u0431\u043a\u0438 \u043a\u043e\u043d\u0442\u0435\u0439\u043d\u0435\u0440\u0456\u0432, \u044f\u043a\u0443 \u043c\u043e\u0436\u043d\u0430 \u043e\u0442\u0440\u0438\u043c\u0430\u0442\u0438 \u0447\u0435\u0440\u0435\u0437 \u0456\u0441\u043f\u0438\u0442 \u043f\u0435\u0440\u0435\u0434 \u043a\u043e\u043c\u0456\u0441\u0456\u0454\u044e \u0423\u043f\u0440\u0430\u0432\u043b\u0456\u043d\u043d\u044f \u0442\u0435\u0445\u043d\u0456\u0447\u043d\u043e\u0457 \u0456\u043d\u0441\u043f\u0435\u043a\u0446\u0456\u0457. \u041a\u0432\u0430\u043b\u0456\u0444\u0456\u043a\u0430\u0446\u0456\u044f \u043d\u0430\u0434\u0430\u0454\u0442\u044c\u0441\u044f \u0437\u0430 \u0406 \u043a\u0430\u0442\u0435\u0433\u043e\u0440\u0456\u0454\u044e \u041a. \u0411\u0430\u0436\u0430\u044e\u0447\u0438\u0445 \u043f\u0440\u0430\u0446\u044e\u0432\u0430\u0442\u0438 \u043e\u043f\u0435\u0440\u0430\u0442\u043e\u0440\u043e\u043c \u0434\u0430\u043d\u043e\u0433\u043e \u0432\u0438\u0434\u0443 \u0442\u0435\u0445\u043d\u0456\u043a\u0438 \u0437\u0430\u043f\u0440\u043e\u0448\u0443\u0454\u043c\u043e \u043d\u0430 \u043a\u0443\u0440\u0441\u0438 \u043f\u043e \u0432\u0430\u043d\u0442\u0430\u0436\u043d\u043e-\u0440\u043e\u0437\u0432\u0430\u043d\u0442\u0430\u0436\u0443\u0432\u0430\u043b\u044c\u043d\u0456\u0439 \u0442\u0435\u0445\u043d\u0456\u0446\u0456 \u0443 \u043d\u0430\u0441 <a href=\"https:\/\/szkolenia-udt.pl\/ua\/o-firmie\/\">\u0426\u0435\u043d\u0442\u0440 \u043f\u0456\u0434\u0433\u043e\u0442\u043e\u0432\u043a\u0438 \u043e\u043f\u0435\u0440\u0430\u0442\u043e\u0440\u0456\u0432<\/a>. \u0417\u0430\u0432\u0434\u044f\u043a\u0438 \u043d\u044c\u043e\u043c\u0443 \u043c\u043e\u0436\u043d\u0430 \u043e\u0442\u0440\u0438\u043c\u0430\u0442\u0438 \u0432\u0438\u0447\u0435\u0440\u043f\u043d\u0456 \u0437\u043d\u0430\u043d\u043d\u044f \u0437 \u0440\u043e\u0431\u043e\u0442\u0438 \u043f\u0440\u0438\u043b\u0430\u0434\u0456\u0432 \u0456 \u0441\u043a\u043b\u0430\u0441\u0442\u0438 \u0456\u0441\u043f\u0438\u0442. \u041c\u0438 \u043f\u0440\u043e\u0432\u043e\u0434\u0438\u043c\u043e \u0437\u0430\u043d\u044f\u0442\u0442\u044f \u0443 \u0412\u0430\u0440\u0448\u0430\u0432\u0456, \u041a\u0440\u0430\u043a\u043e\u0432\u0456, \u041a\u0430\u0442\u043e\u0432\u0456\u0446\u0435 \u0442\u0430 \u0411\u0435\u043b\u044c\u0441\u044c\u043a\u043e-\u0411\u044f\u043b\u0430, \u0430 \u0442\u0430\u043a\u043e\u0436 \u0432 \u0456\u043d\u0448\u0438\u0445 \u043c\u0456\u0441\u0446\u044f\u0445 \u0432\u0456\u0434\u043f\u043e\u0432\u0456\u0434\u043d\u043e \u0434\u043e \u043f\u043e\u0431\u0430\u0436\u0430\u043d\u044c \u043d\u0430\u0448\u0438\u0445 \u043a\u043b\u0456\u0454\u043d\u0442\u0456\u0432. \u0426\u0456\u043d\u0438 \u0437\u0430\u043b\u0435\u0436\u0430\u0442\u044c \u0432\u0456\u0434 \u043a\u0456\u043b\u044c\u043a\u043e\u0441\u0442\u0456 \u0443\u0447\u0430\u0441\u043d\u0438\u043a\u0456\u0432. \u0417\u0430\u043f\u0440\u043e\u0448\u0443\u0454\u043c\u043e \u0432\u0430\u0441 \u0441\u043a\u043e\u0440\u0438\u0441\u0442\u0430\u0442\u0438\u0441\u044f <a href=\"https:\/\/szkolenia-udt.pl\/ua\/oferta\/\">\u041d\u0430\u0448\u0456 \u041f\u043e\u0441\u043b\u0443\u0433\u0438<\/a>!<\/p>\n<\/div>","protected":false},"excerpt":{"rendered":"<p>Urz\u0105dzenia do manipulacji kontenerami znajduj\u0105 zastosowanie w miejscach takich jak porty prze\u0142adunkowe oraz innego rodzaju punktach, w kt\u00f3rych przemieszcza si\u0119 kontenery z \u0142adunkami. Do obs\u0142ugi urz\u0105dzenia potrzebne s\u0105 uprawnienia na urz\u0105dzenia do manipulacji kontenerami, kt\u00f3re zdobywa si\u0119 przez egzamin przed komisj\u0105 Urz\u0119du Dozoru Technicznego. Uprawnienia nadawane s\u0105 w kategorii I K.Osoby chc\u0105ce pracowa\u0107 na stanowisku [&hellip;]<\/p>\n","protected":false},"author":3,"featured_media":0,"parent":69,"menu_order":0,"comment_status":"closed","ping_status":"closed","template":"","meta":{"footnotes":""},"class_list":["post-59","page","type-page","status-publish","hentry"],"aioseo_notices":[],"_links":{"self":[{"href":"https:\/\/szkolenia-udt.pl\/ua\/wp-json\/wp\/v2\/pages\/59","targetHints":{"allow":["GET"]}}],"collection":[{"href":"https:\/\/szkolenia-udt.pl\/ua\/wp-json\/wp\/v2\/pages"}],"about":[{"href":"https:\/\/szkolenia-udt.pl\/ua\/wp-json\/wp\/v2\/types\/page"}],"author":[{"embeddable":true,"href":"https:\/\/szkolenia-udt.pl\/ua\/wp-json\/wp\/v2\/users\/3"}],"replies":[{"embeddable":true,"href":"https:\/\/szkolenia-udt.pl\/ua\/wp-json\/wp\/v2\/comments?post=59"}],"version-history":[{"count":5,"href":"https:\/\/szkolenia-udt.pl\/ua\/wp-json\/wp\/v2\/pages\/59\/revisions"}],"predecessor-version":[{"id":1703,"href":"https:\/\/szkolenia-udt.pl\/ua\/wp-json\/wp\/v2\/pages\/59\/revisions\/1703"}],"up":[{"embeddable":true,"href":"https:\/\/szkolenia-udt.pl\/ua\/wp-json\/wp\/v2\/pages\/69"}],"wp:attachment":[{"href":"https:\/\/szkolenia-udt.pl\/ua\/wp-json\/wp\/v2\/media?parent=59"}],"curies":[{"name":"wp","href":"https:\/\/api.w.org\/{rel}","templated":true}]}}