{"id":63,"date":"2014-10-07T16:28:55","date_gmt":"2014-10-07T16:28:55","guid":{"rendered":"http:\/\/szkolenia-udt.pl\/?page_id=63"},"modified":"2021-06-27T22:15:27","modified_gmt":"2021-06-27T22:15:27","slug":"%d0%b2%d0%b0%d0%bd%d1%82%d0%b0%d0%b6%d0%bd%d1%96-%d0%bf%d1%96%d0%b4%d0%b9%d0%be%d0%bc%d0%bd%d0%b8%d0%ba%d0%b8","status":"publish","type":"page","link":"https:\/\/szkolenia-udt.pl\/ua\/dzwignice\/wyciagi-towarowe\/","title":{"rendered":"\u0412\u0430\u043d\u0442\u0430\u0436\u043d\u0456 \u043b\u0456\u0444\u0442\u0438"},"content":{"rendered":"<div style=\"float: left; padding-right: 10px;\"><div id=\"metaslider-id-1448\" style=\"max-width: 300px;\" class=\"ml-slider-3-107-0 metaslider metaslider-flex metaslider-1448 ml-slider ms-theme-default nav-hidden\" role=\"region\" aria-label=\"\u0412\u0430\u043d\u0442\u0430\u0436\u043d\u0456 \u043b\u0456\u0444\u0442\u0438\" data-height=\"225\" data-width=\"300\">\n    <div id=\"metaslider_container_1448\">\n        <div id=\"metaslider_1448\">\n            <ul class='slides'>\n                <li style=\"display: block; width: 100%;\" class=\"slide-1447 ms-image\" aria-roledescription=\"slide\" data-date=\"2015-07-11 16:47:57\" data-filename=\"reswyciag_Junior_Bau_Beladung_01.jpg\" data-slide-type=\"image\"><img loading=\"lazy\" decoding=\"async\" src=\"https:\/\/szkolenia-udt.pl\/wp-content\/uploads\/2015\/07\/reswyciag_Junior_Bau_Beladung_01.jpg\" height=\"225\" width=\"300\" alt=\"\" class=\"slider-1448 slide-1447 msDefaultImage\" \/><\/li>\n                <li style=\"display: none; width: 100%;\" class=\"slide-1446 ms-image\" aria-roledescription=\"slide\" data-date=\"2015-07-11 16:47:56\" data-filename=\"reswyciag_f5a7f60b6a.jpg\" data-slide-type=\"image\"><img loading=\"lazy\" decoding=\"async\" src=\"https:\/\/szkolenia-udt.pl\/wp-content\/uploads\/2015\/07\/reswyciag_f5a7f60b6a.jpg\" height=\"225\" width=\"300\" alt=\"\" class=\"slider-1448 slide-1446 msDefaultImage\" \/><\/li>\n                <li style=\"display: none; width: 100%;\" class=\"slide-1445 ms-image\" aria-roledescription=\"slide\" data-date=\"2015-07-11 16:47:55\" data-filename=\"reswyciag_d91a2cec0e.jpg\" data-slide-type=\"image\"><img loading=\"lazy\" decoding=\"async\" src=\"https:\/\/szkolenia-udt.pl\/wp-content\/uploads\/2015\/07\/reswyciag_d91a2cec0e.jpg\" height=\"225\" width=\"300\" alt=\"\" class=\"slider-1448 slide-1445 msDefaultImage\" \/><\/li>\n                <li style=\"display: none; width: 100%;\" class=\"slide-1444 ms-image\" aria-roledescription=\"slide\" data-date=\"2015-07-11 16:47:55\" data-filename=\"reswyciag_a02794910f.jpg\" data-slide-type=\"image\"><img loading=\"lazy\" decoding=\"async\" src=\"https:\/\/szkolenia-udt.pl\/wp-content\/uploads\/2015\/07\/reswyciag_a02794910f.jpg\" height=\"225\" width=\"300\" alt=\"\" class=\"slider-1448 slide-1444 msDefaultImage\" \/><\/li>\n                <li style=\"display: none; width: 100%;\" class=\"slide-1443 ms-image\" aria-roledescription=\"slide\" data-date=\"2015-07-11 16:47:54\" data-filename=\"reswyciag_91de282e83.jpg\" data-slide-type=\"image\"><img loading=\"lazy\" decoding=\"async\" src=\"https:\/\/szkolenia-udt.pl\/wp-content\/uploads\/2015\/07\/reswyciag_91de282e83.jpg\" height=\"225\" width=\"300\" alt=\"\" class=\"slider-1448 slide-1443 msDefaultImage\" \/><\/li>\n                <li style=\"display: none; width: 100%;\" class=\"slide-1442 ms-image\" aria-roledescription=\"slide\" data-date=\"2015-07-11 16:47:53\" data-filename=\"reswyciag_9d4b99f161.jpg\" data-slide-type=\"image\"><img loading=\"lazy\" decoding=\"async\" src=\"https:\/\/szkolenia-udt.pl\/wp-content\/uploads\/2015\/07\/reswyciag_9d4b99f161.jpg\" height=\"225\" width=\"300\" alt=\"\" class=\"slider-1448 slide-1442 msDefaultImage\" \/><\/li>\n            <\/ul>\n        <\/div>\n        \n    <\/div>\n<\/div><\/div>\n<div class=\"wyjustuj\">\n<p>\u0412\u0430\u043d\u0442\u0430\u0436\u043d\u0456 \u043f\u0456\u0434\u0439\u043e\u043c\u043d\u0438\u043a\u0438 (\u0434\u0440\u0430\u0431\u0438\u043d\u0438, \u0441\u043a\u0456\u043f\u0438) - \u0446\u0435 \u043f\u0456\u0434\u0439\u043e\u043c\u043d\u0456 \u043f\u0440\u0438\u0441\u0442\u0440\u043e\u0457, \u0432\u0438\u0433\u043e\u0442\u043e\u0432\u043b\u0435\u043d\u0456 \u0437 \u0432\u0430\u043d\u0442\u0430\u0436\u043d\u043e\u0457 \u043e\u0441\u043d\u043e\u0432\u0438, \u0440\u043e\u0437\u043c\u0456\u0449\u0435\u043d\u043e\u0457 \u043d\u0430 \u043d\u0430\u043f\u0440\u044f\u043c\u043d\u0438\u0445. \u041f\u0456\u0434\u0439\u043e\u043c\u043d\u0438\u043a\u0438 \u043f\u0440\u0438\u0441\u0442\u043e\u0441\u043e\u0432\u0430\u043d\u0456 \u0434\u043b\u044f \u043f\u043e\u0445\u0438\u043b\u0438\u0445 \u0432\u0430\u043d\u0442\u0430\u0436\u0456\u0432 \u0437\u0430 \u0434\u043e\u043f\u043e\u043c\u043e\u0433\u043e\u044e \u043b\u0430\u043d\u0446\u044e\u0433\u043e\u0432\u043e\u0457 \u0430\u0431\u043e \u043a\u0430\u043d\u0430\u0442\u043d\u043e\u0457 \u0442\u044f\u0433\u0438. \u0417\u0430 \u043a\u043e\u043d\u0441\u0442\u0440\u0443\u043a\u0446\u0456\u0454\u044e \u043f\u0440\u0438\u0441\u0442\u0440\u043e\u0457 \u043d\u0430\u0433\u0430\u0434\u0443\u044e\u0442\u044c \u0434\u0440\u0430\u0431\u0438\u043d\u0438. \u041d\u0430\u0439\u0447\u0430\u0441\u0442\u0456\u0448\u0435 \u0457\u0445 \u043a\u0440\u0456\u043f\u043b\u044f\u0442\u044c \u0434\u043e \u0434\u0430\u0445\u0443 \u0431\u0443\u0434\u0456\u0432\u043b\u0456 \u0430\u0431\u043e \u0456\u043d\u0448\u043e\u0433\u043e \u0439\u043e\u0433\u043e \u0435\u043b\u0435\u043c\u0435\u043d\u0442\u0430, \u0430 \u0456\u043d\u0448\u0438\u043c \u043a\u0456\u043d\u0446\u0435\u043c \u0441\u0442\u0430\u0432\u043b\u044f\u0442\u044c \u043d\u0430 \u0437\u0435\u043c\u043b\u044e. \u041d\u0430 \u043f\u043e\u0431\u0443\u0434\u043e\u0432\u0430\u043d\u0456\u0439 \u0442\u0430\u043a\u0438\u043c \u0447\u0438\u043d\u043e\u043c \u043f\u043b\u0430\u0442\u0444\u043e\u0440\u043c\u0456 \u0432\u0430\u043d\u0442\u0430\u0436\u0456, \u043d\u0430\u043f\u0440\u0438\u043a\u043b\u0430\u0434 \u0431\u0443\u0434\u0456\u0432\u0435\u043b\u044c\u043d\u0456 \u043c\u0430\u0442\u0435\u0440\u0456\u0430\u043b\u0438, \u043f\u0435\u0440\u0435\u043c\u0456\u0449\u0443\u044e\u0442\u044c\u0441\u044f \u043d\u0430 \u0432\u0438\u0449\u0456 \u0440\u0456\u0432\u043d\u0456. \u0410\u043f\u0430\u0440\u0430\u0442\u0438 \u043f\u0456\u0434\u043b\u044f\u0433\u0430\u044e\u0442\u044c \u0442\u0435\u0445\u043d\u0456\u0447\u043d\u043e\u043c\u0443 \u043e\u0433\u043b\u044f\u0434\u0443.<\/p>\n<p><strong>\u041c\u0438 \u043f\u043e\u0434\u0456\u043b\u044f\u0454\u043c\u043e \u0442\u043e\u0432\u0430\u0440\u043d\u0456 \u0432\u0456\u0434\u043e\u043c\u043e\u0441\u0442\u0456 \u043d\u0430:<\/strong><\/p>\n<ul>\n<li>\u043a\u0430\u043d\u0430\u0442\u043d\u0438\u0439 - \u0442\u0440\u0430\u043a\u0442\u043e\u0440 \u0443 \u0432\u0438\u0433\u043b\u044f\u0434\u0456 \u0442\u0440\u043e\u0441\u0430<\/li>\n<li>\u043b\u0430\u043d\u0446\u044e\u0433\u0438 - \u0442\u0440\u0430\u043a\u0442\u043e\u0440 \u0443 \u0432\u0438\u0433\u043b\u044f\u0434\u0456 \u043b\u0430\u043d\u0446\u044e\u0433\u0430<\/li>\n<\/ul>\n<p>\u0414\u043b\u044f \u0435\u043a\u0441\u043f\u043b\u0443\u0430\u0442\u0430\u0446\u0456\u0457 \u043f\u0440\u0438\u0441\u0442\u0440\u043e\u0457\u0432 \u043d\u0435\u043e\u0431\u0445\u0456\u0434\u043d\u0456 \u0434\u043e\u0437\u0432\u043e\u043b\u0438 \u043d\u0430 \u0432\u0438\u043f\u0438\u0441\u043a\u0443 \u0442\u043e\u0432\u0430\u0440\u0456\u0432, \u0432\u0438\u0434\u0430\u043d\u0456 \u0423\u043f\u0440\u0430\u0432\u043b\u0456\u043d\u043d\u044f\u043c \u0442\u0435\u0445\u043d\u0456\u0447\u043d\u043e\u0457 \u0456\u043d\u0441\u043f\u0435\u043a\u0446\u0456\u0457.<\/p>\n<p>\u0412 \u043d\u0430\u0448\u043e\u043c\u0443 <a href=\"https:\/\/szkolenia-udt.pl\/ua\/o-firmie\/\">\u0426\u0435\u043d\u0442\u0440 \u043f\u0456\u0434\u0433\u043e\u0442\u043e\u0432\u043a\u0438 \u043e\u043f\u0435\u0440\u0430\u0442\u043e\u0440\u0456\u0432<\/a> \u0432\u0438 \u043c\u043e\u0436\u0435\u0442\u0435 \u043f\u0456\u0434\u043f\u0438\u0441\u0430\u0442\u0438\u0441\u044f \u043d\u0430 <a href=\"https:\/\/szkolenia-udt.pl\/ua\/kursy\/uprawnienia-udt-tdt-wdt\/wyciagi-towarowe\/\">\u043a\u0443\u0440\u0441 \u0434\u043b\u044f \u0432\u0430\u043d\u0442\u0430\u0436\u043d\u0438\u0445 \u043f\u0456\u0434\u0439\u043e\u043c\u043d\u0438\u043a\u0456\u0432<\/a>. \u0412\u0438 \u043f\u0440\u043e\u0439\u0434\u0435\u0442\u0435 \u0442\u0435\u043e\u0440\u0435\u0442\u0438\u0447\u043d\u0443 \u043f\u0456\u0434\u0433\u043e\u0442\u043e\u0432\u043a\u0443 \u0442\u0430 \u0432\u0456\u0437\u044c\u043c\u0435\u0442\u0435 \u0443\u0447\u0430\u0441\u0442\u044c \u0443 \u043f\u0440\u0430\u043a\u0442\u0438\u0447\u043d\u0438\u0445 \u0437\u0430\u043d\u044f\u0442\u0442\u044f\u0445 \u0434\u043b\u044f \u043f\u0456\u0434\u0433\u043e\u0442\u043e\u0432\u043a\u0438 \u0434\u043e \u0440\u043e\u0431\u043e\u0442\u0438 \u043d\u0430 \u043e\u0431\u043b\u0430\u0434\u043d\u0430\u043d\u043d\u0456. \u041f\u043e \u0437\u0430\u0432\u0435\u0440\u0448\u0435\u043d\u043d\u044e \u043d\u0430\u0432\u0447\u0430\u043d\u043d\u044f \u0443\u0447\u0430\u0441\u043d\u0438\u043a\u0438 \u0441\u043a\u043b\u0430\u0434\u0430\u044e\u0442\u044c \u0456\u0441\u043f\u0438\u0442 \u043f\u0435\u0440\u0435\u0434 \u043a\u043e\u043c\u0456\u0441\u0456\u0454\u044e \u0423\u0414\u0422.<\/p>\n<p>\u041c\u0438 \u043f\u0440\u043e\u0432\u043e\u0434\u0438\u043c\u043e \u0437\u0430\u043d\u044f\u0442\u0442\u044f \u0434\u043b\u044f \u043e\u0440\u0433\u0430\u043d\u0456\u0437\u043e\u0432\u0430\u043d\u0438\u0445 \u0433\u0440\u0443\u043f \u0442\u0430 \u043e\u043a\u0440\u0435\u043c\u0438\u0445 \u043e\u0441\u0456\u0431 \u0443 \u0412\u0430\u0440\u0448\u0430\u0432\u0456, \u041a\u0440\u0430\u043a\u043e\u0432\u0456, \u0411\u0435\u043b\u044c\u0441\u044c\u043a\u043e-\u0411\u044f\u043b\u0456 \u0442\u0430 \u041a\u0430\u0442\u043e\u0432\u0456\u0446\u0435. \u041c\u0438 \u043c\u043e\u0436\u0435\u043c\u043e \u043e\u0445\u043e\u043f\u0438\u0442\u0438 \u043a\u043b\u0456\u0454\u043d\u0442\u0456\u0432 \u043f\u043e \u0432\u0441\u0456\u0439 \u041f\u043e\u043b\u044c\u0449\u0456. \u0417\u0430\u043f\u0440\u043e\u0448\u0443\u0454\u043c\u043e!<\/p>\n<\/div>","protected":false},"excerpt":{"rendered":"<p>Wyci\u0105gami towarowymi (drabinami, skipami) nazywamy urz\u0105dzenia d\u017awignicowe, kt\u00f3re s\u0105 zbudowane z podstawy \u0142adunkowej umieszczonej na prowadnicach. Wyci\u0105gi s\u0105 przystosowane do prowadzenia \u0142adunk\u00f3w pochy\u0142o z u\u017cyciem ci\u0119gnik\u00f3w \u0142a\u0144cuchowych lub linowych. Pod wzgl\u0119dem budowy urz\u0105dzenia przypominaj\u0105 drabiny. Najcz\u0119\u015bciej mocowane s\u0105 do dachu budynku lub innego jego elementu, a drugi koniec umieszczany jest na ziemi. Po tak skonstruowanej [&hellip;]<\/p>\n","protected":false},"author":3,"featured_media":0,"parent":69,"menu_order":0,"comment_status":"closed","ping_status":"closed","template":"","meta":{"footnotes":""},"class_list":["post-63","page","type-page","status-publish","hentry"],"aioseo_notices":[],"_links":{"self":[{"href":"https:\/\/szkolenia-udt.pl\/ua\/wp-json\/wp\/v2\/pages\/63","targetHints":{"allow":["GET"]}}],"collection":[{"href":"https:\/\/szkolenia-udt.pl\/ua\/wp-json\/wp\/v2\/pages"}],"about":[{"href":"https:\/\/szkolenia-udt.pl\/ua\/wp-json\/wp\/v2\/types\/page"}],"author":[{"embeddable":true,"href":"https:\/\/szkolenia-udt.pl\/ua\/wp-json\/wp\/v2\/users\/3"}],"replies":[{"embeddable":true,"href":"https:\/\/szkolenia-udt.pl\/ua\/wp-json\/wp\/v2\/comments?post=63"}],"version-history":[{"count":7,"href":"https:\/\/szkolenia-udt.pl\/ua\/wp-json\/wp\/v2\/pages\/63\/revisions"}],"predecessor-version":[{"id":2232,"href":"https:\/\/szkolenia-udt.pl\/ua\/wp-json\/wp\/v2\/pages\/63\/revisions\/2232"}],"up":[{"embeddable":true,"href":"https:\/\/szkolenia-udt.pl\/ua\/wp-json\/wp\/v2\/pages\/69"}],"wp:attachment":[{"href":"https:\/\/szkolenia-udt.pl\/ua\/wp-json\/wp\/v2\/media?parent=63"}],"curies":[{"name":"wp","href":"https:\/\/api.w.org\/{rel}","templated":true}]}}