{"id":65,"date":"2014-10-07T16:29:21","date_gmt":"2014-10-07T16:29:21","guid":{"rendered":"http:\/\/szkolenia-udt.pl\/?page_id=65"},"modified":"2016-07-06T17:50:40","modified_gmt":"2016-07-06T17:50:40","slug":"%d0%bf%d1%96%d0%b4%d0%bd%d1%96%d0%bc%d0%b0%d1%94%d1%82%d1%8c%d1%81%d1%8f","status":"publish","type":"page","link":"https:\/\/szkolenia-udt.pl\/ua\/dzwignice\/zwyzki\/","title":{"rendered":"\u0417\u0431\u0456\u043b\u044c\u0448\u0443\u0454\u0442\u044c\u0441\u044f"},"content":{"rendered":"<div style=\"float: left; padding-right: 10px;\"><div id=\"metaslider-id-694\" style=\"max-width: 300px;\" class=\"ml-slider-3-107-0 metaslider metaslider-flex metaslider-694 ml-slider ms-theme-default nav-hidden\" role=\"region\" aria-label=\"\u0417\u0431\u0456\u043b\u044c\u0448\u0443\u0454\u0442\u044c\u0441\u044f\" data-height=\"225\" data-width=\"300\">\n    <div id=\"metaslider_container_694\">\n        <div id=\"metaslider_694\">\n            <ul class='slides'>\n                <li style=\"display: block; width: 100%;\" class=\"slide-657 ms-image\" aria-roledescription=\"slide\" data-date=\"2014-10-12 10:19:28\" data-filename=\"Uprawnienia-udt.jpg\" data-slide-type=\"image\"><img loading=\"lazy\" decoding=\"async\" src=\"https:\/\/szkolenia-udt.pl\/wp-content\/uploads\/2014\/10\/Uprawnienia-udt.jpg\" height=\"225\" width=\"300\" alt=\"\" class=\"slider-694 slide-657 msDefaultImage\" \/><\/li>\n                <li style=\"display: none; width: 100%;\" class=\"slide-589 ms-image\" aria-roledescription=\"slide\" data-date=\"2014-10-12 05:43:39\" data-filename=\"Kursy-szkolenia.jpg\" data-slide-type=\"image\"><img loading=\"lazy\" decoding=\"async\" src=\"https:\/\/szkolenia-udt.pl\/wp-content\/uploads\/2014\/10\/Kursy-szkolenia.jpg\" height=\"225\" width=\"300\" alt=\"\" class=\"slider-694 slide-589 msDefaultImage\" \/><\/li>\n                <li style=\"display: none; width: 100%;\" class=\"slide-656 ms-image\" aria-roledescription=\"slide\" data-date=\"2014-10-12 10:19:27\" data-filename=\"kursy-Platformy-no\u017cycowe.jpg\" data-slide-type=\"image\"><img loading=\"lazy\" decoding=\"async\" src=\"https:\/\/szkolenia-udt.pl\/wp-content\/uploads\/2014\/10\/kursy-Platformy-no\u017cycowe.jpg\" height=\"225\" width=\"300\" alt=\"\u041d\u0430\u0432\u0447\u0430\u043d\u043d\u044f \u0442\u0430 \u043a\u0443\u0440\u0441\u0438 \u0417\u0431\u0456\u043b\u044c\u0448\u0435\u043d\u043d\u044f\" class=\"slider-694 slide-656 msDefaultImage\" \/><\/li>\n                <li style=\"display: none; width: 100%;\" class=\"slide-590 ms-image\" aria-roledescription=\"slide\" data-date=\"2014-10-12 05:43:40\" data-filename=\"Kursy-szkolenia-OSO1.jpg\" data-slide-type=\"image\"><img loading=\"lazy\" decoding=\"async\" src=\"https:\/\/szkolenia-udt.pl\/wp-content\/uploads\/2014\/10\/Kursy-szkolenia-OSO1.jpg\" height=\"225\" width=\"300\" alt=\"\u0426\u0435\u043d\u0442\u0440 \u043f\u0456\u0434\u0433\u043e\u0442\u043e\u0432\u043a\u0438 \u043e\u043f\u0435\u0440\u0430\u0442\u043e\u0440\u0456\u0432 \u0443 \u0412\u0430\u0440\u0448\u0430\u0432\u0456\" class=\"slider-694 slide-590 msDefaultImage\" \/><\/li>\n                <li style=\"display: none; width: 100%;\" class=\"slide-696 ms-image\" aria-roledescription=\"slide\" data-date=\"2014-10-12 11:19:03\" data-filename=\"Kursy-Zwy\u017cki.jpg\" data-slide-type=\"image\"><img loading=\"lazy\" decoding=\"async\" src=\"https:\/\/szkolenia-udt.pl\/wp-content\/uploads\/2014\/10\/Kursy-Zwy\u017cki.jpg\" height=\"225\" width=\"300\" alt=\"\" class=\"slider-694 slide-696 msDefaultImage\" \/><\/li>\n            <\/ul>\n        <\/div>\n        \n    <\/div>\n<\/div><\/div>\n<div class=\"wyjustuj\">\u041f\u043b\u0430\u0442\u0444\u043e\u0440\u043c\u0438 \u2013 \u0446\u0435 \u043f\u0440\u0438\u0441\u0442\u0440\u043e\u0457, \u0449\u043e \u0432\u0445\u043e\u0434\u044f\u0442\u044c \u0434\u043e \u043a\u0430\u0442\u0435\u0433\u043e\u0440\u0456\u0457 \u043c\u043e\u0431\u0456\u043b\u044c\u043d\u0438\u0445 \u043f\u043b\u0430\u0442\u0444\u043e\u0440\u043c. \u0426\u0435\u0439 \u0442\u0435\u0440\u043c\u0456\u043d \u0432 \u043e\u0441\u043d\u043e\u0432\u043d\u043e\u043c\u0443 \u0432\u0438\u043a\u043e\u0440\u0438\u0441\u0442\u043e\u0432\u0443\u0454\u0442\u044c\u0441\u044f \u0434\u043b\u044f \u043e\u043f\u0438\u0441\u0443 \u043f\u0456\u0434\u0439\u043e\u043c\u043d\u0438\u0445 \u043f\u043b\u0430\u0442\u0444\u043e\u0440\u043c, \u0430\u043b\u0435 \u0442\u0430\u043a\u043e\u0436 \u0446\u044f \u043d\u0430\u0437\u0432\u0430 \u0432\u0438\u043a\u043e\u0440\u0438\u0441\u0442\u043e\u0432\u0443\u0454\u0442\u044c\u0441\u044f \u0434\u043b\u044f \u043e\u043f\u0438\u0441\u0443 \u043f\u0440\u0438\u0441\u0442\u0440\u043e\u0457\u0432, \u0442\u0430\u043a\u0438\u0445 \u044f\u043a \u043d\u043e\u0436\u0438\u0447\u043d\u0456 \u043f\u0456\u0434\u0439\u043e\u043c\u043d\u0438\u043a\u0438, \u044f\u043a\u0456 \u0432\u0456\u0434\u0440\u0456\u0437\u043d\u044f\u044e\u0442\u044c\u0441\u044f \u0441\u0432\u043e\u0454\u044e \u043a\u043e\u043d\u0441\u0442\u0440\u0443\u043a\u0446\u0456\u0454\u044e. \u0423\u0441\u0456 \u0432\u043e\u043d\u0438 \u043f\u0456\u0434\u043b\u044f\u0433\u0430\u044e\u0442\u044c \u0442\u0435\u0445\u043d\u0456\u0447\u043d\u043e\u043c\u0443 \u043e\u0433\u043b\u044f\u0434\u0443, \u0442\u043e\u043c\u0443 \u0434\u043b\u044f \u0457\u0445 \u0435\u043a\u0441\u043f\u043b\u0443\u0430\u0442\u0430\u0446\u0456\u0457 \u043f\u043e\u0442\u0440\u0456\u0431\u0435\u043d \u0434\u043e\u0437\u0432\u0456\u043b \u043d\u0430 \u043f\u0456\u0434\u0432\u0438\u0449\u0435\u043d\u043d\u044f, \u043d\u0430\u0434\u0430\u043d\u0438\u0439 \u0423\u043f\u0440\u0430\u0432\u043b\u0456\u043d\u043d\u044f\u043c \u0442\u0435\u0445\u043d\u0456\u0447\u043d\u043e\u0433\u043e \u043d\u0430\u0433\u043b\u044f\u0434\u0443 \u0442\u0430 \u0456\u043d\u0448\u0435. \u041f\u0440\u0438\u0441\u0442\u0440\u043e\u0457 \u043c\u0438 \u043f\u043e\u0434\u0456\u043b\u044f\u0454\u043c\u043e \u043d\u0430 \u0441\u0442\u0430\u0446\u0456\u043e\u043d\u0430\u0440\u043d\u0456 - \u043f\u0440\u0430\u0446\u044e\u044e\u0442\u044c \u0443 \u0432\u0438\u0437\u043d\u0430\u0447\u0435\u043d\u043e\u043c\u0443 \u043c\u0456\u0441\u0446\u0456, \u0430 \u0442\u0430\u043a\u043e\u0436 \u043c\u043e\u0431\u0456\u043b\u044c\u043d\u0456 - \u044f\u043a\u0456 \u043c\u043e\u0436\u0443\u0442\u044c \u0440\u0443\u0445\u0430\u0442\u0438\u0441\u044f.<\/p>\n<p>\u043c\u0438 \u0437\u0430\u043f\u0440\u043e\u0448\u0443\u0454\u043c\u043e \u0432\u0430\u0441 <a href=\"https:\/\/szkolenia-udt.pl\/ua\/kursy\/uprawnienia-udt-tdt-wdt\/podnosniki-koszowe\/\">\u043a\u0443\u0440\u0441 \u043d\u0430 \u043f\u0456\u0434\u0432\u0438\u0449\u0435\u043d\u043d\u044f<\/a> \u0432 SPA. \u0417\u0430\u0432\u0434\u044f\u043a\u0438 \u043d\u0430\u043c \u0432\u0438 \u043e\u0442\u0440\u0438\u043c\u0430\u0454\u0442\u0435 \u043d\u0435\u043e\u0431\u0445\u0456\u0434\u043d\u0456 \u0434\u043e\u0437\u0432\u043e\u043b\u0438 \u0456 \u0437\u043c\u043e\u0436\u0435\u0442\u0435 \u043f\u0440\u0438\u0441\u0442\u0443\u043f\u0438\u0442\u0438 \u0434\u043e \u0440\u043e\u0431\u043e\u0442\u0438 \u043e\u043f\u0435\u0440\u0430\u0442\u043e\u0440\u043e\u043c \u0430\u043f\u0430\u0440\u0430\u0442\u0443. \u041d\u0430\u0432\u0447\u0430\u043b\u044c\u043d\u0438\u0439 \u043a\u0443\u0440\u0441 \u0432\u043a\u043b\u044e\u0447\u0430\u0454 \u0432 \u0441\u0435\u0431\u0435 \u0442\u0435\u043e\u0440\u0456\u044e \u0435\u043a\u0441\u043f\u043b\u0443\u0430\u0442\u0430\u0446\u0456\u0457 \u043f\u0440\u0438\u0441\u0442\u0440\u043e\u044e \u0442\u0430 \u043f\u0440\u0430\u043a\u0442\u0438\u0447\u043d\u0456 \u0437\u0430\u043d\u044f\u0442\u0442\u044f. \u041d\u0430\u0432\u0447\u0430\u043d\u043d\u044f \u0437\u0430\u0432\u0435\u0440\u0448\u0443\u0454\u0442\u044c\u0441\u044f \u0456\u0441\u043f\u0438\u0442\u043e\u043c \u043f\u0435\u0440\u0435\u0434 \u043a\u043e\u043c\u0456\u0441\u0456\u0454\u044e \u0423\u0414\u0422. <a href=\"https:\/\/szkolenia-udt.pl\/ua\/oferta\/\">\u0426\u0456\u043d\u0430<\/a> \u0437\u0430\u043d\u044f\u0442\u044c \u0437\u0430\u043b\u0435\u0436\u0438\u0442\u044c \u0432\u0456\u0434 \u043a\u0456\u043b\u044c\u043a\u043e\u0441\u0442\u0456 \u0443\u0447\u0430\u0441\u043d\u0438\u043a\u0456\u0432. \u041c\u0438 \u043d\u0430\u0432\u0447\u0430\u0454\u043c\u043e\u0441\u044c \u0443 \u0442\u0430\u043a\u0438\u0445 \u043c\u0456\u0441\u0442\u0430\u0445: \u0412\u0430\u0440\u0448\u0430\u0432\u0430, \u041a\u0440\u0430\u043a\u0456\u0432, \u0411\u0435\u043b\u044c\u0441\u044c\u043a\u043e-\u0411\u044f\u043b\u0430, \u041a\u0430\u0442\u043e\u0432\u0456\u0446\u0435 \u0442\u0430 \u0434\u043e\u0431\u0438\u0440\u0430\u0454\u043c\u043e\u0441\u044f \u0434\u043e \u043a\u043b\u0456\u0454\u043d\u0442\u0456\u0432 \u043f\u043e \u0432\u0441\u0456\u0439 \u043a\u0440\u0430\u0457\u043d\u0456. \u0417\u0430\u043f\u0440\u043e\u0448\u0443\u0454\u043c\u043e!<\/p>\n<\/div>","protected":false},"excerpt":{"rendered":"<p>Zwy\u017cki to urz\u0105dzenia zaliczane do kategorii podest\u00f3w ruchomych. Tym terminem okre\u015bla si\u0119 przede wszystkim podno\u015bniki koszowe, ale r\u00f3wnie\u017c nazwa ta stosowana jest w celu opisu urz\u0105dze\u0144 takich jak podno\u015bniki no\u017cycowe r\u00f3\u017cni\u0105ce si\u0119 od nich swoj\u0105 konstrukcj\u0105. Wszystkie podlegaj\u0105 dozorowi technicznemu, dlatego do ich obs\u0142ugiwania potrzebne s\u0105 uprawnienia na zwy\u017cki nadane przez Urz\u0105d Dozoru Technicznego.Zwy\u017cka to [&hellip;]<\/p>\n","protected":false},"author":3,"featured_media":0,"parent":69,"menu_order":0,"comment_status":"closed","ping_status":"closed","template":"","meta":{"footnotes":""},"class_list":["post-65","page","type-page","status-publish","hentry"],"aioseo_notices":[],"_links":{"self":[{"href":"https:\/\/szkolenia-udt.pl\/ua\/wp-json\/wp\/v2\/pages\/65","targetHints":{"allow":["GET"]}}],"collection":[{"href":"https:\/\/szkolenia-udt.pl\/ua\/wp-json\/wp\/v2\/pages"}],"about":[{"href":"https:\/\/szkolenia-udt.pl\/ua\/wp-json\/wp\/v2\/types\/page"}],"author":[{"embeddable":true,"href":"https:\/\/szkolenia-udt.pl\/ua\/wp-json\/wp\/v2\/users\/3"}],"replies":[{"embeddable":true,"href":"https:\/\/szkolenia-udt.pl\/ua\/wp-json\/wp\/v2\/comments?post=65"}],"version-history":[{"count":6,"href":"https:\/\/szkolenia-udt.pl\/ua\/wp-json\/wp\/v2\/pages\/65\/revisions"}],"predecessor-version":[{"id":1718,"href":"https:\/\/szkolenia-udt.pl\/ua\/wp-json\/wp\/v2\/pages\/65\/revisions\/1718"}],"up":[{"embeddable":true,"href":"https:\/\/szkolenia-udt.pl\/ua\/wp-json\/wp\/v2\/pages\/69"}],"wp:attachment":[{"href":"https:\/\/szkolenia-udt.pl\/ua\/wp-json\/wp\/v2\/media?parent=65"}],"curies":[{"name":"wp","href":"https:\/\/api.w.org\/{rel}","templated":true}]}}