{"id":72,"date":"2014-10-07T16:53:49","date_gmt":"2014-10-07T16:53:49","guid":{"rendered":"http:\/\/szkolenia-udt.pl\/?page_id=72"},"modified":"2021-06-27T22:15:03","modified_gmt":"2021-06-27T22:15:03","slug":"%d0%ba%d1%80%d0%b0%d0%bd%d0%b8-3","status":"publish","type":"page","link":"https:\/\/szkolenia-udt.pl\/ua\/dzwignice\/zurawie\/","title":{"rendered":"\u041a\u0440\u0430\u043d\u0438"},"content":{"rendered":"<div style=\"float: left; padding-right: 10px;\"><div id=\"metaslider-id-692\" style=\"max-width: 300px;\" class=\"ml-slider-3-107-0 metaslider metaslider-flex metaslider-692 ml-slider ms-theme-default nav-hidden\" role=\"region\" aria-label=\"\u041a\u0440\u0430\u043d\" data-height=\"225\" data-width=\"300\">\n    <div id=\"metaslider_container_692\">\n        <div id=\"metaslider_692\">\n            <ul class='slides'>\n                <li style=\"display: block; width: 100%;\" class=\"slide-647 ms-image\" aria-roledescription=\"slide\" data-date=\"2014-10-12 09:52:02\" data-filename=\"O\u015brodek-Szkolenia-Operator\u00f3w.jpg\" data-slide-type=\"image\"><img loading=\"lazy\" decoding=\"async\" src=\"https:\/\/szkolenia-udt.pl\/wp-content\/uploads\/2014\/10\/O\u015brodek-Szkolenia-Operator\u00f3w.jpg\" height=\"225\" width=\"300\" alt=\"\" class=\"slider-692 slide-647 msDefaultImage\" \/><\/li>\n                <li style=\"display: none; width: 100%;\" class=\"slide-646 ms-image\" aria-roledescription=\"slide\" data-date=\"2014-10-12 09:52:01\" data-filename=\"Operator-D\u017awig.jpg\" data-slide-type=\"image\"><img loading=\"lazy\" decoding=\"async\" src=\"https:\/\/szkolenia-udt.pl\/wp-content\/uploads\/2014\/10\/Operator-D\u017awig.jpg\" height=\"225\" width=\"300\" alt=\"\" class=\"slider-692 slide-646 msDefaultImage\" \/><\/li>\n                <li style=\"display: none; width: 100%;\" class=\"slide-643 ms-image\" aria-roledescription=\"slide\" data-date=\"2014-10-12 09:51:58\" data-filename=\"D\u017awig.jpg\" data-slide-type=\"image\"><img loading=\"lazy\" decoding=\"async\" src=\"https:\/\/szkolenia-udt.pl\/wp-content\/uploads\/2014\/10\/D\u017awig.jpg\" height=\"225\" width=\"300\" alt=\"\" class=\"slider-692 slide-643 msDefaultImage\" \/><\/li>\n                <li style=\"display: none; width: 100%;\" class=\"slide-649 ms-image\" aria-roledescription=\"slide\" data-date=\"2014-10-12 09:52:03\" data-filename=\"Szkolenie-d\u017awigi.jpg\" data-slide-type=\"image\"><img loading=\"lazy\" decoding=\"async\" src=\"https:\/\/szkolenia-udt.pl\/wp-content\/uploads\/2014\/10\/Szkolenie-d\u017awigi.jpg\" height=\"225\" width=\"300\" alt=\"\u041a\u0440\u0430\u043d\u043e\u0432\u0438\u0439 \u043a\u0443\u0440\u0441\" class=\"slider-692 slide-649 msDefaultImage\" \/><\/li>\n                <li style=\"display: none; width: 100%;\" class=\"slide-648 ms-image\" aria-roledescription=\"slide\" data-date=\"2014-10-12 09:52:02\" data-filename=\"szkolenia-d\u017awigi.jpg\" data-slide-type=\"image\"><img loading=\"lazy\" decoding=\"async\" src=\"https:\/\/szkolenia-udt.pl\/wp-content\/uploads\/2014\/10\/szkolenia-d\u017awigi.jpg\" height=\"225\" width=\"300\" alt=\"\u0426\u0435\u043d\u0442\u0440 \u043f\u0456\u0434\u0433\u043e\u0442\u043e\u0432\u043a\u0438 \u043e\u043f\u0435\u0440\u0430\u0442\u043e\u0440\u0456\u0432\" class=\"slider-692 slide-648 msDefaultImage\" \/><\/li>\n            <\/ul>\n        <\/div>\n        \n    <\/div>\n<\/div><\/div>\n<div class=\"wyjustuj\">\n<p>\u041a\u0440\u0430\u043d\u0438 - \u0446\u0435 \u043f\u0456\u0434\u0439\u043e\u043c\u043d\u0456 \u043f\u0440\u0438\u0441\u0442\u0440\u043e\u0457, \u044f\u043a\u0456 \u0432\u0438\u043a\u043e\u0440\u0438\u0441\u0442\u043e\u0432\u0443\u044e\u0442\u044c\u0441\u044f, \u0437\u043e\u043a\u0440\u0435\u043c\u0430, \u0432 \u0431\u0443\u0434\u0456\u0432\u0435\u043b\u044c\u043d\u0438\u0445 \u0440\u043e\u0431\u043e\u0442\u0430\u0445. \u041a\u0440\u0430\u043d\u0438 \u0441\u043a\u043b\u0430\u0434\u0430\u044e\u0442\u044c\u0441\u044f \u0437 \u043a\u043e\u043b\u043e\u043d\u0438 \u0456 \u0441\u0442\u0440\u0456\u043b\u0438, \u044f\u043a \u043f\u0440\u0430\u0432\u0438\u043b\u043e, \u0442\u0435\u043b\u0435\u0441\u043a\u043e\u043f\u0456\u0447\u043d\u043e\u0457, \u043d\u0430 \u044f\u043a\u0443 \u043a\u0440\u0456\u043f\u0438\u0442\u044c\u0441\u044f \u0442\u0440\u0430\u043a\u0442\u043e\u0440. \u0412\u0441\u0456 \u043f\u0440\u0438\u0441\u0442\u0440\u043e\u0457 \u0446\u044c\u043e\u0433\u043e \u0442\u0438\u043f\u0443 \u043f\u0440\u043e\u0445\u043e\u0434\u044f\u0442\u044c \u0442\u0435\u0445\u043d\u0456\u0447\u043d\u0438\u0439 \u043e\u0433\u043b\u044f\u0434 \u0456 \u0434\u043b\u044f \u0457\u0445 \u0435\u043a\u0441\u043f\u043b\u0443\u0430\u0442\u0430\u0446\u0456\u0457 \u043d\u0435\u043e\u0431\u0445\u0456\u0434\u043d\u0456 \u043a\u0443\u0440\u0441\u0438 \u043a\u0440\u0430\u043d\u0456\u0432\u043d\u0438\u043a\u0430 \u0442\u0430 \u043e\u0442\u0440\u0438\u043c\u0430\u043d\u043d\u044f \u043a\u0432\u0430\u043b\u0456\u0444\u0456\u043a\u0430\u0446\u0456\u0457 \u0423\u0414\u0422.<\/p>\n<p><strong>\u041c\u0438 \u0432\u0438\u0434\u0456\u043b\u044f\u0454\u043c\u043e \u043d\u0430\u0441\u0442\u0443\u043f\u043d\u0456 \u0442\u0438\u043f\u0438 \u043f\u0440\u0438\u0441\u0442\u0440\u043e\u0457\u0432:<\/strong><\/p>\n<ul>\n<li>\u0431\u0430\u0448\u0442\u0430 - \u0432\u0438\u043a\u043e\u0440\u0438\u0441\u0442\u043e\u0432\u0443\u0454\u0442\u044c\u0441\u044f \u0432 \u043e\u0441\u043d\u043e\u0432\u043d\u043e\u043c\u0443 \u043d\u0430 \u0431\u0443\u0434\u0456\u0432\u0435\u043b\u044c\u043d\u0438\u0445 \u043c\u0430\u0439\u0434\u0430\u043d\u0447\u0438\u043a\u0430\u0445, \u0434\u043e\u0441\u0442\u0443\u043f\u043d\u0430 \u044f\u043a \u0441\u0442\u0430\u0446\u0456\u043e\u043d\u0430\u0440\u043d\u0430, \u0442\u0430\u043a \u0456 \u043c\u043e\u0431\u0456\u043b\u044c\u043d\u0430 \u043d\u0430 \u0433\u0443\u0441\u0435\u043d\u0438\u0447\u043d\u0438\u0445 \u0430\u0431\u043e \u0437\u0430\u043b\u0456\u0437\u043d\u0438\u0447\u043d\u0438\u0445 \u0448\u0430\u0441\u0456<\/li>\n<li>\u043f\u043e\u0440\u0442 \u0430\u0431\u043e \u0432\u0435\u0440\u0444 - \u0432\u0438\u043a\u043e\u0440\u0438\u0441\u0442\u043e\u0432\u0443\u0454\u0442\u044c\u0441\u044f \u043f\u0440\u0438 \u0432\u0430\u043d\u0442\u0430\u0436\u043d\u043e-\u0440\u043e\u0437\u0432\u0430\u043d\u0442\u0430\u0436\u0443\u0432\u0430\u043b\u044c\u043d\u0438\u0445 \u0440\u043e\u0431\u043e\u0442\u0430\u0445 \u0441\u0443\u0434\u0435\u043d \u0456 \u043f\u0440\u0438 \u0441\u043a\u043b\u0430\u0434\u0430\u043d\u043d\u0456 \u043f\u043b\u0430\u0432\u0443\u0447\u0438\u0445 \u043e\u0431&#039;\u0454\u043a\u0442\u0456\u0432<\/li>\n<li>\u0441\u0430\u043c\u043e\u0445\u0456\u0434\u043d\u0438\u0439 - \u0430\u0432\u0442\u043e\u043c\u043e\u0431\u0456\u043b\u044c, \u0441\u0430\u043c\u043e\u0445\u0456\u0434, \u0437\u043c\u043e\u043d\u0442\u043e\u0432\u0430\u043d\u0438\u0439 \u043d\u0430 \u0448\u0430\u0441\u0456 \u0432\u0430\u043d\u0442\u0430\u0436\u043d\u043e\u0433\u043e \u0430\u0432\u0442\u043e\u043c\u043e\u0431\u0456\u043b\u044f \u0430\u0431\u043e \u0441\u043f\u0435\u0446\u0456\u0430\u043b\u044c\u043d\u0456 \u0441\u0430\u043c\u043e\u0445\u0456\u0434\u043d\u0456 \u043d\u0430\u043f\u0456\u0432\u043f\u0440\u0438\u0447\u0435\u043f\u0438, \u0449\u043e \u0432\u0438\u043a\u043e\u0440\u0438\u0441\u0442\u043e\u0432\u0443\u044e\u0442\u044c\u0441\u044f \u0434\u043b\u044f \u043c\u043e\u043d\u0442\u0430\u0436\u043d\u043e-\u043f\u0435\u0440\u0435\u0432\u0430\u043d\u0442\u0430\u0436\u0443\u0432\u0430\u043b\u044c\u043d\u0438\u0445 \u0440\u043e\u0431\u0456\u0442.<\/li>\n<li>\u043f\u043b\u0430\u0432\u0443\u0447\u0456 - \u043f\u043b\u0430\u0432\u0443\u0447\u0456 \u0443\u0441\u0442\u0430\u043d\u043e\u0432\u043a\u0438, \u043e\u0441\u043d\u0430\u0449\u0435\u043d\u0456 \u043a\u0440\u0430\u043d\u0430\u043c\u0438, \u0449\u043e \u0432\u0438\u043a\u043e\u0440\u0438\u0441\u0442\u043e\u0432\u0443\u044e\u0442\u044c\u0441\u044f \u0434\u043b\u044f \u0440\u043e\u0431\u043e\u0442\u0438 \u0443 \u0432\u0456\u0434\u043a\u0440\u0438\u0442\u0438\u0445 \u0432\u043e\u0434\u043e\u0439\u043c\u0430\u0445<\/li>\n<\/ul>\n<p><strong>\u0417\u0430 \u043a\u0432\u0430\u043b\u0456\u0444\u0456\u043a\u0430\u0446\u0456\u0454\u044e UDT \u0432\u0438\u0434\u0456\u043b\u044f\u044e\u0442\u044c \u0442\u0430\u043a\u0456 \u043a\u0430\u0442\u0435\u0433\u043e\u0440\u0456\u0457:<\/strong><\/p>\n<ul>\n<li>II \u017b - \u043c\u043e\u0431\u0456\u043b\u044c\u043d\u0456 \u043f\u0440\u0438\u0441\u0442\u0440\u043e\u0457 (\u043a\u0440\u0430\u043d\u0438), \u043f\u0435\u0440\u0435\u043d\u043e\u0441\u043d\u0456 (\u043d\u0430\u043f\u0440\u0438\u043a\u043b\u0430\u0434, HDS), \u0441\u0442\u0430\u0446\u0456\u043e\u043d\u0430\u0440\u043d\u0456<\/li>\n<li>I \u017b - \u0431\u0430\u0448\u0442\u043e\u0432\u0456 \u043f\u0440\u0438\u0441\u0442\u0440\u043e\u0457 (\u043d\u0430\u043f\u0440\u0438\u043a\u043b\u0430\u0434, \u0431\u0443\u0434\u0456\u0432\u0435\u043b\u044c\u043d\u0456), \u0448\u0432\u0438\u0434\u043a\u043e\u0437\u0431\u0456\u0440\u043d\u0456 \u0430\u0432\u0442\u043e\u043a\u0440\u0430\u043d\u0438<\/li>\n<\/ul>\n<p>\u042f\u043a\u0449\u043e \u0432\u0438 \u0445\u043e\u0447\u0435\u0442\u0435 \u043f\u0440\u0430\u0446\u044e\u0432\u0430\u0442\u0438 \u043d\u0430 \u043f\u043e\u0441\u0430\u0434\u0456 <a href=\"https:\/\/szkolenia-udt.pl\/ua\/kursy\/uprawnienia-udt-tdt-wdt\/zurawie-wiezowe\/\">\u043c\u0430\u0448\u0438\u043d\u0456\u0441\u0442 \u0431\u0430\u0448\u0442\u043e\u0432\u043e\u0433\u043e \u043a\u0440\u0430\u043d\u0430<\/a> \u043d\u0430 \u043d\u0430\u0448\u043e\u043c\u0443 \u043a\u0443\u0440\u0441\u0456 <a href=\"https:\/\/szkolenia-udt.pl\/ua\/o-firmie\/\">\u0426\u0435\u043d\u0442\u0440 \u043f\u0456\u0434\u0433\u043e\u0442\u043e\u0432\u043a\u0438 \u043e\u043f\u0435\u0440\u0430\u0442\u043e\u0440\u0456\u0432<\/a> \u0446\u0435 \u043d\u0430\u0439\u043a\u0440\u0430\u0449\u0438\u0439 \u0432\u0438\u0431\u0456\u0440 \u0434\u043b\u044f \u0432\u0430\u0441. \u041c\u0438 \u0437\u0430\u043e\u0445\u043e\u0447\u0443\u0454\u043c\u043e \u0432\u0430\u0441 \u0437\u0430\u043f\u0438\u0441\u0430\u0442\u0438\u0441\u044f \u043d\u0430 \u043a\u0443\u0440\u0441 \u043a\u0440\u0430\u043d\u0456\u0432 \u0443 \u043d\u0430\u0448\u0438\u0445 \u0444\u0456\u043b\u0456\u044f\u0445 \u0443 \u0412\u0430\u0440\u0448\u0430\u0432\u0456, \u041a\u0430\u0442\u043e\u0432\u0456\u0446\u0435, \u041a\u0440\u0430\u043a\u043e\u0432\u0456 \u0442\u0430 \u0411\u0435\u043b\u044c\u0441\u044c\u043a\u043e-\u0411\u044f\u043b\u0456, \u0430\u043b\u0435 \u043c\u0438 \u0442\u0430\u043a\u043e\u0436 \u043c\u043e\u0436\u0435\u043c\u043e \u043e\u0440\u0433\u0430\u043d\u0456\u0437\u0443\u0432\u0430\u0442\u0438 \u0437\u0430\u043d\u044f\u0442\u0442\u044f \u043f\u043e \u0432\u0441\u0456\u0439 \u041f\u043e\u043b\u044c\u0449\u0456 \u0437 \u0442\u0440\u0430\u043d\u0441\u043f\u043e\u0440\u0442\u0443\u0432\u0430\u043d\u043d\u044f\u043c \u0434\u043e \u043a\u043b\u0456\u0454\u043d\u0442\u0430. \u0412\u0430\u0440\u0442\u0456\u0441\u0442\u044c \u0437\u0430\u043b\u0435\u0436\u0438\u0442\u044c \u0432\u0456\u0434 \u043a\u0456\u043b\u044c\u043a\u043e\u0441\u0442\u0456 \u0443\u0447\u0430\u0441\u043d\u0438\u043a\u0456\u0432. \u0417\u0430\u043f\u0440\u043e\u0448\u0443\u0454\u043c\u043e \u043d\u0430 \u043d\u0430\u0432\u0447\u0430\u043d\u043d\u044f \u0434\u043e \u043d\u0430\u0448\u043e\u0433\u043e \u0426\u0435\u043d\u0442\u0440\u0443!<\/p>\n<\/div>","protected":false},"excerpt":{"rendered":"<p>\u017burawie (d\u017awigi) to urz\u0105dzenia d\u017awignicowe, kt\u00f3re stosowane s\u0105 w szczeg\u00f3lno\u015bci w pracach budowlanych. \u017burawie zbudowane s\u0105 z kolumny i wysi\u0119gnika, na og\u00f3\u0142 teleskopowego, na kt\u00f3rym zamontowany jest ci\u0119gnik. Wszystkie urz\u0105dzenia tego typu podlegaj\u0105 dozorowi technicznemu i do ich obs\u0142ugi potrzebny jest kurs operatora \u017curawia oraz uzyskanie uprawnie\u0144 UDT. Wyr\u00f3\u017cniamy nast\u0119puj\u0105ce rodzaje urz\u0105dze\u0144: wie\u017cowe \u2013 wykorzystywane [&hellip;]<\/p>\n","protected":false},"author":3,"featured_media":0,"parent":69,"menu_order":0,"comment_status":"closed","ping_status":"closed","template":"","meta":{"footnotes":""},"class_list":["post-72","page","type-page","status-publish","hentry"],"aioseo_notices":[],"_links":{"self":[{"href":"https:\/\/szkolenia-udt.pl\/ua\/wp-json\/wp\/v2\/pages\/72","targetHints":{"allow":["GET"]}}],"collection":[{"href":"https:\/\/szkolenia-udt.pl\/ua\/wp-json\/wp\/v2\/pages"}],"about":[{"href":"https:\/\/szkolenia-udt.pl\/ua\/wp-json\/wp\/v2\/types\/page"}],"author":[{"embeddable":true,"href":"https:\/\/szkolenia-udt.pl\/ua\/wp-json\/wp\/v2\/users\/3"}],"replies":[{"embeddable":true,"href":"https:\/\/szkolenia-udt.pl\/ua\/wp-json\/wp\/v2\/comments?post=72"}],"version-history":[{"count":7,"href":"https:\/\/szkolenia-udt.pl\/ua\/wp-json\/wp\/v2\/pages\/72\/revisions"}],"predecessor-version":[{"id":2231,"href":"https:\/\/szkolenia-udt.pl\/ua\/wp-json\/wp\/v2\/pages\/72\/revisions\/2231"}],"up":[{"embeddable":true,"href":"https:\/\/szkolenia-udt.pl\/ua\/wp-json\/wp\/v2\/pages\/69"}],"wp:attachment":[{"href":"https:\/\/szkolenia-udt.pl\/ua\/wp-json\/wp\/v2\/media?parent=72"}],"curies":[{"name":"wp","href":"https:\/\/api.w.org\/{rel}","templated":true}]}}