{"id":823,"date":"2014-11-01T21:28:35","date_gmt":"2014-11-01T21:28:35","guid":{"rendered":"http:\/\/szkolenia-udt.pl\/?page_id=823"},"modified":"2022-10-21T16:10:13","modified_gmt":"2022-10-21T14:10:13","slug":"%d0%ba%d1%80%d0%b0%d0%bd%d0%b8-2","status":"publish","type":"page","link":"https:\/\/szkolenia-udt.pl\/ua\/kursy\/suwnice\/","title":{"rendered":"\u041a\u0440\u0430\u043d\u0438"},"content":{"rendered":"<div class=\"wyjustuj\">\n<h2>\u041a\u0443\u0440\u0441\u0438 \u0434\u043b\u044f \u043f\u043e\u0440\u0442\u0430\u043b\u044c\u043d\u0438\u0445 - \u0412\u0430\u0440\u0448\u0430\u0432\u0430 \u0456 \u0432\u0441\u044f \u041f\u043e\u043b\u044c\u0449\u0430<\/h2>\n<div class=\"sliderpage\"><div id=\"metaslider-id-662\" style=\"max-width: 300px;\" class=\"ml-slider-3-107-0 metaslider metaslider-flex metaslider-662 ml-slider ms-theme-default nav-hidden\" role=\"region\" aria-label=\"\u041a\u0440\u0430\u043d\u0438\" data-height=\"225\" data-width=\"300\">\n    <div id=\"metaslider_container_662\">\n        <div id=\"metaslider_662\">\n            <ul class='slides'>\n                <li style=\"display: block; width: 100%;\" class=\"slide-1209 ms-image\" aria-roledescription=\"slide\" data-date=\"2014-11-17 21:42:15\" data-filename=\"suw1a.jpg\" data-slide-type=\"image\"><img loading=\"lazy\" decoding=\"async\" src=\"https:\/\/szkolenia-udt.pl\/wp-content\/uploads\/2014\/11\/suw1a.jpg\" height=\"225\" width=\"300\" alt=\"\" class=\"slider-662 slide-1209 msDefaultImage\" \/><\/li>\n            <\/ul>\n        <\/div>\n        \n    <\/div>\n<\/div><\/div>\n<p>\u0411\u0430\u0436\u0430\u0454\u0442\u0435 \u043e\u0442\u0440\u0438\u043c\u0430\u0442\u0438 \u043b\u0456\u0446\u0435\u043d\u0437\u0456\u044e \u043d\u0430 \u043a\u0440\u0430\u043d \u0431\u0435\u0437 \u043f\u0435\u0440\u0435\u043f\u043b\u0430\u0442? \u0423 \u043d\u0430\u0441 \u0432\u0438 \u0437\u043c\u043e\u0436\u0435\u0442\u0435 \u043e\u0442\u0440\u0438\u043c\u0430\u0442\u0438 \u0457\u0445 \u0431\u0435\u0437 \u043f\u0440\u043e\u0431\u043b\u0435\u043c! \u0432 <a href=\"https:\/\/szkolenia-udt.pl\/ua\/o-firmie\/\">\u0426\u0435\u043d\u0442\u0440 \u043f\u0456\u0434\u0433\u043e\u0442\u043e\u0432\u043a\u0438 \u043e\u043f\u0435\u0440\u0430\u0442\u043e\u0440\u0456\u0432<\/a> \u041c\u0438 \u0434\u0431\u0430\u0454\u043c\u043e \u043f\u0440\u043e \u0437\u0430\u0434\u043e\u0432\u043e\u043b\u0435\u043d\u043d\u044f \u043d\u0430\u0448\u0438\u0445 \u0441\u0442\u0443\u0434\u0435\u043d\u0442\u0456\u0432, \u0442\u043e\u043c\u0443 \u0437\u0430\u0432\u0436\u0434\u0438 \u043d\u0430\u0432\u0447\u0430\u0454\u043c\u043e \u043a\u043e\u043c\u043f\u043b\u0435\u043a\u0441\u043d\u043e, \u043f\u0440\u043e\u0444\u0435\u0441\u0456\u0439\u043d\u043e \u0442\u0430 \u0437\u0430 \u0434\u043e\u0441\u0442\u0443\u043f\u043d\u0438\u043c\u0438 \u0446\u0456\u043d\u0430\u043c\u0438.<\/p>\n<p>\u041a\u0443\u0440\u0441\u0438 \u043c\u043e\u0441\u0442\u043e\u0432\u0438\u0445 \u043a\u0440\u0430\u043d\u0456\u0432, \u044f\u043a\u0456 \u043c\u0438 \u043f\u0440\u043e\u0432\u043e\u0434\u0438\u043c\u043e, \u043f\u0440\u0438\u0437\u043d\u0430\u0447\u0435\u043d\u0456 \u0434\u043b\u044f \u043a\u043e\u0436\u043d\u043e\u0433\u043e, \u0445\u0442\u043e \u0445\u043e\u0447\u0435 \u043e\u0442\u0440\u0438\u043c\u0430\u0442\u0438 \u043a\u0432\u0430\u043b\u0456\u0444\u0456\u043a\u0430\u0446\u0456\u044e \u0442\u0430 \u0437\u043d\u0430\u0439\u0442\u0438 \u0440\u043e\u0431\u043e\u0442\u0443 \u043e\u043f\u0435\u0440\u0430\u0442\u043e\u0440\u0430 \u0446\u0438\u0445 \u043f\u0440\u0438\u0441\u0442\u0440\u043e\u0457\u0432. \u041c\u0438 \u043f\u0440\u043e\u0432\u043e\u0434\u0438\u043c\u043e \u043a\u043e\u043c\u043f\u043b\u0435\u043a\u0441\u043d\u0456 \u0437\u0430\u043d\u044f\u0442\u0442\u044f, \u0449\u043e \u043e\u0445\u043e\u043f\u043b\u044e\u044e\u0442\u044c \u0448\u0438\u0440\u043e\u043a\u0438\u0439 \u0441\u043f\u0435\u043a\u0442\u0440 \u0456\u043d\u0444\u043e\u0440\u043c\u0430\u0446\u0456\u0457 \u0442\u0430 \u043f\u0440\u0430\u043a\u0442\u0438\u0447\u043d\u0438\u0445 \u0437\u0430\u043d\u044f\u0442\u044c, \u0442\u043e\u043c\u0443 \u043f\u0440\u043e\u0444\u0435\u0441\u0456\u0439\u043d\u043e \u0433\u043e\u0442\u0443\u0454\u043c\u043e\u0441\u044f \u0434\u043e \u0456\u0441\u043f\u0438\u0442\u0443 \u043f\u0435\u0440\u0435\u0434 \u043a\u043e\u043c\u0456\u0441\u0456\u0454\u044e \u0442\u0435\u0445\u043d\u0430\u0433\u043b\u044f\u0434\u0443, \u043f\u0456\u0441\u043b\u044f \u044f\u043a\u043e\u0433\u043e \u0443\u0447\u0430\u0441\u043d\u0438\u043a \u043e\u0442\u0440\u0438\u043c\u0443\u0454 \u043a\u0432\u0430\u043b\u0456\u0444\u0456\u043a\u0430\u0446\u0456\u044e Gantry.<\/p>\n<div class=\"filmw\">\n<div class=\"responsive-youtube\"><iframe loading=\"lazy\" title=\"\u0412\u0456\u0434\u0435\u043e\u043f\u043b\u0435\u0454\u0440 YouTube\" src=\"https:\/\/www.youtube.com\/embed\/EFy-SGiLltQ\" width=\"560\" height=\"315\" frameborder=\"0\" allowfullscreen=\"allowfullscreen\"><\/iframe><\/div>\n<\/div>\n<h2 class=\"boldnagl\">\u041a\u0430\u0442\u0435\u0433\u043e\u0440\u0456\u0457 \u0430\u0432\u0442\u043e\u0440\u0438\u0437\u0430\u0446\u0456\u0457 \u043e\u0431\u0441\u043b\u0443\u0433\u043e\u0432\u0443\u0432\u0430\u043d\u043d\u044f \u043f\u0440\u0438\u0441\u0442\u0440\u043e\u044e \u0437\u0433\u0456\u0434\u043d\u043e UDT:<\/h2>\n<ul>\n<li>II S - \u043a\u0440\u0430\u043d\u0438, \u043a\u0435\u0440\u043e\u0432\u0430\u043d\u0456 \u0437 \u0440\u043e\u0431\u043e\u0447\u043e\u0433\u043e \u0440\u0456\u0432\u043d\u044f, \u043f\u0456\u0434\u0439\u043e\u043c\u043d\u0438\u043a\u0438 \u0442\u0430 \u043b\u0435\u0431\u0456\u0434\u043a\u0438 \u043a\u0430\u0442\u0435\u0433\u043e\u0440\u0456\u0457 II W, \u0441\u0442\u0430\u0446\u0456\u043e\u043d\u0430\u0440\u043d\u0456 \u0446\u0435\u0445\u043e\u0432\u0456 \u043a\u0440\u0430\u043d\u0438.<\/li>\n<li>IS - \u043f\u0440\u0438\u0441\u0442\u0440\u043e\u0457, \u043a\u0435\u0440\u043e\u0432\u0430\u043d\u0456 \u0437 \u043a\u0430\u0431\u0456\u043d\u0438 \u043e\u043f\u0435\u0440\u0430\u0442\u043e\u0440\u0430, \u043b\u0435\u0431\u0456\u0434\u043a\u0438 \u0442\u0430 \u043f\u0456\u0434\u0439\u043e\u043c\u043d\u0438\u043a\u0438 \u043a\u0430\u0442\u0435\u0433\u043e\u0440\u0456\u0457 IW \u0442\u0430 \u043f\u0440\u0438\u0441\u0442\u0440\u043e\u0457 \u043a\u0430\u0442\u0435\u0433\u043e\u0440\u0456\u0457 II S<\/li>\n<\/ul>\n<p>\u0423\u0441\u0456 \u043a\u0440\u0430\u043d\u043e\u0432\u0456 \u043a\u0443\u0440\u0441\u0438 \u0432 \u043d\u0430\u0448\u043e\u043c\u0443 \u0426\u0435\u043d\u0442\u0440\u0456 \u0431\u0430\u0437\u0443\u044e\u0442\u044c\u0441\u044f \u043d\u0430 \u0432\u0438\u043c\u043e\u0433\u0430\u0445 UDT \u0456 \u0433\u043e\u0442\u0443\u044e\u0442\u044c\u0441\u044f \u043d\u0430\u0448\u0438\u043c\u0438 \u043a\u043e\u043c\u043f\u0435\u0442\u0435\u043d\u0442\u043d\u0438\u043c\u0438 \u0437\u0430 \u0437\u043c\u0456\u0441\u0442\u043e\u043c \u0456\u043d\u0441\u0442\u0440\u0443\u043a\u0442\u043e\u0440\u0430\u043c\u0438.<\/p>\n<h2 class=\"boldnagl\">\u041a\u043e\u0436\u0435\u043d \u043f\u043e\u0440\u0442\u0430\u043b\u044c\u043d\u0438\u0439 \u043a\u0443\u0440\u0441 \u043c\u0456\u0441\u0442\u0438\u0442\u044c \u0442\u0430\u043a\u0443 \u0456\u043d\u0444\u043e\u0440\u043c\u0430\u0446\u0456\u044e, \u043d\u0435\u043e\u0431\u0445\u0456\u0434\u043d\u0443 \u043d\u0430 \u043f\u043e\u0441\u0430\u0434\u0456 \u043e\u043f\u0435\u0440\u0430\u0442\u043e\u0440\u0430:<\/h2>\n<ul>\n<li>\u0442\u0435\u0445\u043d\u0456\u0447\u043d\u0438\u0439 \u043d\u0430\u0433\u043b\u044f\u0434 \u0437\u0430 \u043f\u0440\u0438\u043b\u0430\u0434\u0430\u043c\u0438 \u043a\u0430\u0442\u0435\u0433\u043e\u0440\u0456\u0457 II S \u0430\u0431\u043e IS<\/li>\n<li>\u043a\u043e\u043d\u0441\u0442\u0440\u0443\u043a\u0446\u0456\u044f \u0442\u0430 \u0440\u043e\u0431\u043e\u0442\u0430 \u043f\u0440\u0438\u043b\u0430\u0434\u0456\u0432<\/li>\n<li>\u043e\u0431\u043e\u0432&#039;\u044f\u0437\u043a\u0438 \u043e\u043f\u0435\u0440\u0430\u0442\u043e\u0440\u0430 \u043d\u0430 \u0440\u043e\u0431\u043e\u0447\u043e\u043c\u0443 \u043c\u0456\u0441\u0446\u0456<\/li>\n<li>\u043f\u0440\u0438\u043d\u0446\u0438\u043f\u0438 \u043e\u0445\u043e\u0440\u043e\u043d\u0438 \u043f\u0440\u0430\u0446\u0456<\/li>\n<li>\u043f\u0440\u0430\u043a\u0442\u0438\u0447\u043d\u0456 \u0437\u0430\u043d\u044f\u0442\u0442\u044f<\/li>\n<\/ul>\n<p>\u0429\u043e \u0441\u0442\u043e\u0441\u0443\u0454\u0442\u044c\u0441\u044f \u043f\u0456\u0434\u0439\u043e\u043c\u043d\u0438\u0445 \u043a\u0440\u0430\u043d\u0456\u0432, \u0442\u043e \u043d\u0430\u0448 \u043a\u0443\u0440\u0441 \u043d\u0435 \u0442\u0456\u043b\u044c\u043a\u0438 \u0431\u0430\u0433\u0430\u0442\u0438\u0439 \u0442\u0435\u043e\u0440\u0456\u0454\u044e, \u0430 \u0439 \u0437\u0430\u043d\u044f\u0442\u0442\u044f\u043c\u0438 \u0437 \u0432\u0438\u043a\u043e\u0440\u0438\u0441\u0442\u0430\u043d\u043d\u044f\u043c \u043f\u0440\u0438\u0441\u0442\u0440\u043e\u0457\u0432 \u0432 \u0440\u0430\u043c\u043a\u0430\u0445 \u043f\u0440\u0430\u043a\u0442\u0438\u0447\u043d\u0438\u0445 \u0437\u0430\u043d\u044f\u0442\u044c. \u041f\u0456\u0434 \u0447\u0430\u0441 \u043d\u0438\u0445 \u0443\u0447\u0430\u0441\u043d\u0438\u043a\u0438 \u0437\u043c\u043e\u0436\u0443\u0442\u044c \u0437\u0430\u0441\u0442\u043e\u0441\u0443\u0432\u0430\u0442\u0438 \u043e\u0442\u0440\u0438\u043c\u0430\u043d\u0456 \u0437\u043d\u0430\u043d\u043d\u044f \u0442\u0430 \u043d\u0430\u0432\u0447\u0438\u0442\u0438\u0441\u044f \u043f\u0440\u0430\u0432\u0438\u043b\u044c\u043d\u043e \u0442\u0430 \u0431\u0435\u0437\u043f\u0435\u0447\u043d\u043e \u043f\u0440\u0430\u0446\u044e\u0432\u0430\u0442\u0438 \u0437 \u043f\u0440\u0438\u0441\u0442\u0440\u043e\u044f\u043c\u0438 \u043d\u0430 \u0440\u043e\u0431\u043e\u0447\u043e\u043c\u0443 \u043c\u0456\u0441\u0446\u0456. \u041f\u0456\u0441\u043b\u044f \u0437\u0430\u043a\u0456\u043d\u0447\u0435\u043d\u043d\u044f \u043d\u0430\u0432\u0447\u0430\u043d\u043d\u044f \u0443\u0447\u0430\u0441\u043d\u0438\u043a\u0438 \u0441\u043a\u043b\u0430\u0434\u0430\u044e\u0442\u044c \u0456\u0441\u043f\u0438\u0442, \u043e\u0442\u0440\u0438\u043c\u0443\u044e\u0442\u044c \u0441\u0435\u0440\u0442\u0438\u0444\u0456\u043a\u0430\u0442\u0438 \u043f\u0440\u043e \u043f\u0440\u043e\u0445\u043e\u0434\u0436\u0435\u043d\u043d\u044f \u043d\u0430\u0432\u0447\u0430\u043d\u043d\u044f \u043d\u0430 \u043c\u043e\u0441\u0442\u043e\u0432\u0438\u0445 \u043a\u0440\u0430\u043d\u0456\u0432 \u0456 \u043a\u0432\u0430\u043b\u0456\u0444\u0456\u043a\u0430\u0446\u0456\u044e \u0434\u043b\u044f \u0435\u043a\u0441\u043f\u043b\u0443\u0430\u0442\u0430\u0446\u0456\u0457 \u043e\u0431\u043b\u0430\u0434\u043d\u0430\u043d\u043d\u044f \u043a\u0430\u0442\u0435\u0433\u043e\u0440\u0456\u0457 II S \u0430\u0431\u043e IS, \u0432\u0438\u0434\u0430\u043d\u0456 \u0423\u0414\u0422.<\/p>\n<h2 class=\"boldnagl\">\u0412\u0438\u043c\u043e\u0433\u0438<\/h2>\n<div class=\"sliderpageright\"><div id=\"metaslider-id-671\" style=\"max-width: 300px;\" class=\"ml-slider-3-107-0 metaslider metaslider-flex metaslider-671 ml-slider ms-theme-default nav-hidden nav-hidden\" role=\"region\" aria-label=\"\u0416\u0443\u0440\u0430\u0432\u043b\u04562\" data-height=\"225\" data-width=\"300\">\n    <div id=\"metaslider_container_671\">\n        <div id=\"metaslider_671\">\n            <ul class='slides'>\n                <li style=\"display: block; width: 100%;\" class=\"slide-1995 ms-image\" aria-roledescription=\"slide\" data-date=\"2017-12-29 10:22:17\" data-filename=\"suwnica-5-252x189.jpg\" data-slide-type=\"image\"><img loading=\"lazy\" decoding=\"async\" src=\"https:\/\/szkolenia-udt.pl\/wp-content\/uploads\/2017\/12\/suwnica-5-252x189.jpg\" height=\"225\" width=\"300\" alt=\"\" class=\"slider-671 slide-1995 msDefaultImage\" \/><\/li>\n            <\/ul>\n        <\/div>\n        \n    <\/div>\n<\/div><\/div>\n<p>\u041a\u0443\u0440\u0441 Gantry \u043f\u0440\u0438\u0437\u043d\u0430\u0447\u0435\u043d\u0438\u0439 \u0434\u043b\u044f \u043b\u044e\u0434\u0435\u0439, \u044f\u043a\u0456 \u0432\u0456\u0434\u043f\u043e\u0432\u0456\u0434\u0430\u044e\u0442\u044c \u0442\u0430\u043a\u0438\u043c \u0432\u0438\u043c\u043e\u0433\u0430\u043c:<\/p>\n<ul>\n<li>\u0441\u0442\u0430\u0440\u0448\u0435 18 \u0440\u043e\u043a\u0456\u0432<\/li>\n<li>\u043c\u0430\u044e\u0442\u044c \u0437\u0430\u043a\u0456\u043d\u0447\u0435\u043d\u0443 \u043f\u0440\u0438\u043d\u0430\u0439\u043c\u043d\u0456 \u043f\u043e\u0447\u0430\u0442\u043a\u043e\u0432\u0443 \u0448\u043a\u043e\u043b\u0443<\/li>\n<li>\u043d\u0435 \u043c\u0430\u0442\u0438 \u043c\u0435\u0434\u0438\u0447\u043d\u0438\u0445 \u043f\u0440\u043e\u0442\u0438\u043f\u043e\u043a\u0430\u0437\u0430\u043d\u044c \u0434\u043e \u0440\u043e\u0431\u043e\u0442\u0438 \u043e\u043f\u0435\u0440\u0430\u0442\u043e\u0440\u043e\u043c<\/li>\n<\/ul>\n<h2 class=\"boldnagl\">\u0426\u0456\u043d\u0430<\/h2>\n<p>\u042f\u043a\u0449\u043e \u0432\u0438 \u0431\u0430\u0436\u0430\u0454\u0442\u0435 \u0437\u0430\u043f\u0438\u0441\u0430\u0442\u0438\u0441\u044f \u043d\u0430 \u043a\u0443\u0440\u0441 \u043a\u0440\u0430\u043d\u0430, \u0446\u0456\u043d\u0430 \u0432 \u043d\u0430\u0448\u043e\u043c\u0443 \u0426\u0435\u043d\u0442\u0440\u0456 \u0432\u0430\u0441 \u043e\u0431\u043e\u0432&#039;\u044f\u0437\u043a\u043e\u0432\u043e \u0437\u0430\u0446\u0456\u043a\u0430\u0432\u0438\u0442\u044c. \u0426\u0456\u043d\u0430 \u0437\u0430\u043b\u0435\u0436\u0438\u0442\u044c \u0432\u0456\u0434 \u043a\u0456\u043b\u044c\u043a\u043e\u0441\u0442\u0456 \u0443\u0447\u0430\u0441\u043d\u0438\u043a\u0456\u0432 \u0437\u0430\u043d\u044f\u0442\u044c. \u0406\u0441\u043f\u0438\u0442 \u043d\u0430 \u043f\u043e\u0440\u0442\u0430\u043b\u0456 \u0432\u0436\u0435 \u0432\u043a\u043b\u044e\u0447\u0435\u043d\u0438\u0439 \u0443 \u0432\u0430\u0440\u0442\u0456\u0441\u0442\u044c. \u0423 \u0432\u0438\u043f\u0430\u0434\u043a\u0443 \u043e\u0440\u0433\u0430\u043d\u0456\u0437\u043e\u0432\u0430\u043d\u0438\u0445 \u0433\u0440\u0443\u043f \u043c\u0438 \u0432\u0441\u0442\u0430\u043d\u043e\u0432\u043b\u044e\u0454\u043c\u043e \u0432\u0430\u0440\u0442\u0456\u0441\u0442\u044c \u0456\u043d\u0434\u0438\u0432\u0456\u0434\u0443\u0430\u043b\u044c\u043d\u043e \u0442\u0430 \u043f\u0440\u043e\u0441\u0438\u043c\u043e <a href=\"https:\/\/szkolenia-udt.pl\/ua\/kontakt\/\">\u0437\u0432&#039;\u044f\u0437\u0430\u0442\u0438\u0441\u044f \u0437 \u043d\u0430\u043c\u0438<\/a> \u0437\u0430 \u0434\u0435\u0442\u0430\u043b\u044f\u043c\u0438 \u043f\u043e \u0442\u0435\u043b\u0435\u0444\u043e\u043d\u0443 \u0430\u0431\u043e \u0435\u043b\u0435\u043a\u0442\u0440\u043e\u043d\u043d\u043e\u044e \u043f\u043e\u0448\u0442\u043e\u044e.<\/p>\n<h2 class=\"boldnagl\">\u0414\u0435 \u043c\u0438 \u043f\u0440\u0430\u0446\u044e\u0454\u043c\u043e?<\/h2>\n<p>\u041c\u0438 \u043f\u0440\u043e\u0432\u043e\u0434\u0438\u043c\u043e \u043a\u0443\u0440\u0441\u0438 \u0434\u043b\u044f \u043c\u043e\u0441\u0442\u043e\u0432\u0438\u0445 \u043a\u0440\u0430\u043d\u0456\u0432 \u0443 4 \u043c\u0456\u0441\u0446\u044f\u0445 \u041f\u043e\u043b\u044c\u0449\u0456 \u0442\u0430 \u0432 \u0431\u0443\u0434\u044c-\u044f\u043a\u043e\u043c\u0443 \u043c\u0456\u0441\u0446\u0456, \u044f\u043a\u0435 \u0432\u043a\u0430\u0436\u0443\u0442\u044c \u043d\u0430\u0448\u0456 \u043a\u043b\u0456\u0454\u043d\u0442\u0438 - \u043c\u0438 \u043f\u043e\u0434\u043e\u0440\u043e\u0436\u0443\u0454\u043c\u043e \u043f\u043e \u0432\u0441\u0456\u0439 \u043a\u0440\u0430\u0457\u043d\u0456. \u041e\u0441\u043d\u043e\u0432\u043d\u0438\u043c \u043c\u0456\u0441\u0446\u0435\u043c \u0440\u043e\u0437\u0442\u0430\u0448\u0443\u0432\u0430\u043d\u043d\u044f \u043d\u0430\u0448\u043e\u0433\u043e \u0426\u0435\u043d\u0442\u0440\u0443 \u0454 \u0412\u0430\u0440\u0448\u0430\u0432\u0430, \u0430 \u043c\u0456\u0441\u0446\u0435\u0432\u0456 \u0444\u0456\u043b\u0456\u0457 \u2013 \u041a\u0430\u0442\u043e\u0432\u0456\u0446\u0435, \u041a\u0440\u0430\u043a\u0456\u0432 \u0442\u0430 \u0411\u0435\u043b\u044c\u0441\u044c\u043a\u043e-\u0411\u044f\u043b\u0430, \u0434\u0435 \u0437\u0430\u043d\u044f\u0442\u0442\u044f \u043e\u0440\u0433\u0430\u043d\u0456\u0437\u043e\u0432\u0443\u044e\u0442\u044c\u0441\u044f \u0437\u0433\u0456\u0434\u043d\u043e \u0437 \u0440\u043e\u0437\u043a\u043b\u0430\u0434\u043e\u043c, \u0434\u043e\u0441\u0442\u0443\u043f\u043d\u0438\u043c \u043d\u0430 \u043d\u0430\u0448\u043e\u043c\u0443 \u0441\u0430\u0439\u0442\u0456.<\/p>\n<p>\u042f\u043a\u0449\u043e \u0443 \u0432\u0430\u0441 \u0432\u0438\u043d\u0438\u043a\u043b\u0438 \u043f\u0438\u0442\u0430\u043d\u043d\u044f \u043f\u043e \u0442\u0430\u043a\u0438\u043c \u043f\u0438\u0442\u0430\u043d\u043d\u044f\u043c, \u044f\u043a \u043a\u0440\u0430\u043d\u043e\u0432\u0438\u0439 \u043a\u0443\u0440\u0441, \u0446\u0456\u043d\u0430, \u043c\u0456\u0441\u0446\u0435 \u043f\u0440\u043e\u0432\u0435\u0434\u0435\u043d\u043d\u044f \u0437\u0430\u043d\u044f\u0442\u044c, \u0442\u043e \u0437\u0432\u0435\u0440\u0442\u0430\u0439\u0442\u0435\u0441\u044f \u0434\u043e \u043d\u0430\u0441, \u043c\u0438 \u043f\u043e\u0441\u0442\u0430\u0440\u0430\u0454\u043c\u043e\u0441\u044f \u0432\u0456\u0434\u043f\u043e\u0432\u0456\u0441\u0442\u0438 \u0432 \u043d\u0430\u0439\u043a\u043e\u0440\u043e\u0442\u0448\u0456 \u0442\u0435\u0440\u043c\u0456\u043d\u0438.<\/p>\n<p>\u0429\u0438\u0440\u043e \u0437\u0430\u043f\u0440\u043e\u0448\u0443\u0454\u043c\u043e \u0412\u0430\u0441 \u043e\u0437\u043d\u0430\u0439\u043e\u043c\u0438\u0442\u0438\u0441\u044f \u0437 \u043d\u0430\u0448\u0438\u043c <a href=\"https:\/\/szkolenia-udt.pl\/ua\/oferta\/\">\u043f\u043e\u0432\u043d\u0430 \u043f\u0440\u043e\u043f\u043e\u0437\u0438\u0446\u0456\u044f<\/a> \u0456 \u0442\u0440\u0435\u043d\u0443\u0432\u0430\u0442\u0438\u0441\u044f \u0437 \u043d\u0430\u043c\u0438!<\/p>\n<p><a href=\"https:\/\/szkolenia-udt.pl\/wp-content\/uploads\/2022\/01\/0031-oso-suwnice-ogolnego-i-specjalnego-przeznaczenia.jpg\"><img loading=\"lazy\" decoding=\"async\" class=\"aligncenter wp-image-2602 size-large\" src=\"https:\/\/szkolenia-udt.pl\/wp-content\/uploads\/2022\/01\/0031-oso-suwnice-ogolnego-i-specjalnego-przeznaczenia-1024x853.jpg\" alt=\"\" width=\"750\" height=\"625\" srcset=\"https:\/\/szkolenia-udt.pl\/wp-content\/uploads\/2022\/01\/0031-oso-suwnice-ogolnego-i-specjalnego-przeznaczenia-1024x853.jpg 1024w, https:\/\/szkolenia-udt.pl\/wp-content\/uploads\/2022\/01\/0031-oso-suwnice-ogolnego-i-specjalnego-przeznaczenia-300x250.jpg 300w, https:\/\/szkolenia-udt.pl\/wp-content\/uploads\/2022\/01\/0031-oso-suwnice-ogolnego-i-specjalnego-przeznaczenia-768x640.jpg 768w, https:\/\/szkolenia-udt.pl\/wp-content\/uploads\/2022\/01\/0031-oso-suwnice-ogolnego-i-specjalnego-przeznaczenia.jpg 1200w\" sizes=\"auto, (max-width: 750px) 100vw, 750px\" \/><\/a><\/p>\n<\/div>","protected":false},"excerpt":{"rendered":"<p>Kursy na suwnice &#8211; Warszawa i ca\u0142a Polska Chcesz bez przep\u0142acania zdoby\u0107 uprawnienia na suwnice? Z nami mo\u017cesz otrzyma\u0107 je bez problem\u00f3w! W O\u015brodku Szkolenia Operator\u00f3w OSO zale\u017cy nam na zadowoleniu kursant\u00f3w, dlatego uczymy zawsze kompleksowo, profesjonalnie i w przyst\u0119pnych cenach. Prowadzony przez nas kurs na suwnice jest przeznaczony dla ka\u017cdej osoby, kt\u00f3ra chcia\u0142aby otrzyma\u0107 [&hellip;]<\/p>\n","protected":false},"author":3,"featured_media":3424,"parent":22,"menu_order":10,"comment_status":"closed","ping_status":"closed","template":"","meta":{"footnotes":""},"class_list":["post-823","page","type-page","status-publish","has-post-thumbnail","hentry"],"aioseo_notices":[],"_links":{"self":[{"href":"https:\/\/szkolenia-udt.pl\/ua\/wp-json\/wp\/v2\/pages\/823","targetHints":{"allow":["GET"]}}],"collection":[{"href":"https:\/\/szkolenia-udt.pl\/ua\/wp-json\/wp\/v2\/pages"}],"about":[{"href":"https:\/\/szkolenia-udt.pl\/ua\/wp-json\/wp\/v2\/types\/page"}],"author":[{"embeddable":true,"href":"https:\/\/szkolenia-udt.pl\/ua\/wp-json\/wp\/v2\/users\/3"}],"replies":[{"embeddable":true,"href":"https:\/\/szkolenia-udt.pl\/ua\/wp-json\/wp\/v2\/comments?post=823"}],"version-history":[{"count":18,"href":"https:\/\/szkolenia-udt.pl\/ua\/wp-json\/wp\/v2\/pages\/823\/revisions"}],"predecessor-version":[{"id":3301,"href":"https:\/\/szkolenia-udt.pl\/ua\/wp-json\/wp\/v2\/pages\/823\/revisions\/3301"}],"up":[{"embeddable":true,"href":"https:\/\/szkolenia-udt.pl\/ua\/wp-json\/wp\/v2\/pages\/22"}],"wp:featuredmedia":[{"embeddable":true,"href":"https:\/\/szkolenia-udt.pl\/ua\/wp-json\/wp\/v2\/media\/3424"}],"wp:attachment":[{"href":"https:\/\/szkolenia-udt.pl\/ua\/wp-json\/wp\/v2\/media?parent=823"}],"curies":[{"name":"wp","href":"https:\/\/api.w.org\/{rel}","templated":true}]}}