{"id":851,"date":"2014-11-01T23:09:36","date_gmt":"2014-11-01T23:09:36","guid":{"rendered":"http:\/\/szkolenia-udt.pl\/?page_id=851"},"modified":"2021-07-15T00:18:06","modified_gmt":"2021-07-15T00:18:06","slug":"%d0%bf%d0%b5%d1%80%d0%b5%d0%b4-%d0%bf%d0%be%d1%87%d0%b0%d1%82%d0%ba%d0%be%d0%bc-%d1%80%d0%be%d0%b1%d0%be%d1%82%d0%b8-%d0%b7-%d0%ba%d1%80%d0%b0%d0%bd%d0%be%d0%bc","status":"publish","type":"page","link":"https:\/\/szkolenia-udt.pl\/ua\/kursy\/suwnice\/przed-rozpoczeciem-pracy-z-suwnica\/","title":{"rendered":"\u041f\u0435\u0440\u0435\u0434 \u043f\u043e\u0447\u0430\u0442\u043a\u043e\u043c \u0440\u043e\u0431\u043e\u0442\u0438 \u0437 \u043a\u0440\u0430\u043d\u043e\u043c"},"content":{"rendered":"<div style=\"float: left; padding-right: 10px;\"><div id=\"metaslider-id-662\" style=\"max-width: 300px;\" class=\"ml-slider-3-107-0 metaslider metaslider-flex metaslider-662 ml-slider ms-theme-default nav-hidden\" role=\"region\" aria-label=\"\u041a\u0440\u0430\u043d\u0438\" data-height=\"225\" data-width=\"300\">\n    <div id=\"metaslider_container_662\">\n        <div id=\"metaslider_662\">\n            <ul class='slides'>\n                <li style=\"display: block; width: 100%;\" class=\"slide-1209 ms-image\" aria-roledescription=\"slide\" data-date=\"2014-11-17 21:42:15\" data-filename=\"suw1a.jpg\" data-slide-type=\"image\"><img loading=\"lazy\" decoding=\"async\" src=\"https:\/\/szkolenia-udt.pl\/wp-content\/uploads\/2014\/11\/suw1a.jpg\" height=\"225\" width=\"300\" alt=\"\" class=\"slider-662 slide-1209 msDefaultImage\" \/><\/li>\n            <\/ul>\n        <\/div>\n        \n    <\/div>\n<\/div><\/div>\n<div class=\"wyjustuj\">\n<p>\u041d\u0430\u043b\u0435\u0436\u043d\u0430 \u043f\u0456\u0434\u0433\u043e\u0442\u043e\u0432\u043a\u0430 \u0440\u043e\u0431\u043e\u0447\u043e\u0433\u043e \u043c\u0456\u0441\u0446\u044f \u0437\u0434\u0430\u0442\u043d\u0430 \u0437\u043d\u0430\u0447\u043d\u043e \u0437\u043d\u0438\u0437\u0438\u0442\u0438 \u0440\u0438\u0437\u0438\u043a \u0432\u0438\u043d\u0438\u043a\u043d\u0435\u043d\u043d\u044f \u043d\u0435\u0431\u0435\u0437\u043f\u0435\u043a \u0442\u0430 \u043d\u0435\u0449\u0430\u0441\u043d\u0438\u0445 \u0432\u0438\u043f\u0430\u0434\u043a\u0456\u0432. \u041f\u0440\u0430\u0446\u044e\u044e\u0447\u0438 \u043c\u0430\u0448\u0438\u043d\u0456\u0441\u0442\u043e\u043c \u043c\u043e\u0441\u0442\u043e\u0432\u043e\u0433\u043e \u043a\u0440\u0430\u043d\u0430, \u0432\u0430\u0436\u043b\u0438\u0432\u043e \u0437\u043d\u0430\u0442\u0438 \u0456 \u0434\u043e\u0442\u0440\u0438\u043c\u0443\u0432\u0430\u0442\u0438\u0441\u044f \u043f\u0440\u0430\u0432\u0438\u043b \u043e\u0445\u043e\u0440\u043e\u043d\u0438 \u043f\u0440\u0430\u0446\u0456 \u0442\u0430 \u0442\u0435\u0445\u043d\u0456\u043a\u0438 \u0431\u0435\u0437\u043f\u0435\u043a\u0438. \u041e\u0431\u0438\u0440\u0430\u044e\u0447\u0438 \u043d\u0430\u0448 <a href=\"https:\/\/szkolenia-udt.pl\/ua\/kursy\/suwnice\/\">\u043a\u0443\u0440\u0441 \u0434\u043b\u044f \u043f\u043e\u0440\u0442\u0430\u043b\u0456\u0432<\/a>\u0412\u0438 \u043c\u043e\u0436\u0435\u0442\u0435 \u0434\u0456\u0437\u043d\u0430\u0442\u0438\u0441\u044f \u0432\u0441\u0435 \u043f\u0440\u043e \u0431\u0435\u0437\u043f\u0435\u0447\u043d\u0443 \u0440\u043e\u0431\u043e\u0442\u0443 \u044f\u043a \u0434\u043e, \u0442\u0430\u043a \u0456 \u043f\u0456\u0434 \u0447\u0430\u0441 \u0442\u0430 \u043f\u0456\u0441\u043b\u044f \u0435\u043a\u0441\u043f\u043b\u0443\u0430\u0442\u0430\u0446\u0456\u0457 \u043e\u0431\u043b\u0430\u0434\u043d\u0430\u043d\u043d\u044f. \u0423 \u0446\u0456\u0439 \u0441\u0442\u0430\u0442\u0442\u0456 \u043c\u0438 \u0432\u043a\u043b\u044e\u0447\u0438\u043b\u0438 \u0432\u0441\u0456 \u043a\u043b\u044e\u0447\u043e\u0432\u0456 \u043f\u043e\u043d\u044f\u0442\u0442\u044f, \u0449\u043e \u0441\u0442\u043e\u0441\u0443\u044e\u0442\u044c\u0441\u044f \u043f\u0440\u0430\u0432\u0438\u043b \u043e\u0445\u043e\u0440\u043e\u043d\u0438 \u043f\u0440\u0430\u0446\u0456 \u0442\u0430 \u0442\u0435\u0445\u043d\u0456\u043a\u0438 \u0431\u0435\u0437\u043f\u0435\u043a\u0438 \u0434\u043e \u0442\u043e\u0433\u043e, \u044f\u043a \u043e\u043f\u0435\u0440\u0430\u0442\u043e\u0440 \u043f\u0440\u0438\u0441\u0442\u0443\u043f\u0438\u0442\u044c \u0434\u043e \u0440\u043e\u0431\u043e\u0442\u0438. \u041d\u0430\u0439\u0432\u0430\u0436\u043b\u0438\u0432\u0456\u0448\u0438\u043c \u0442\u0443\u0442 \u0454 \u043e\u0433\u043b\u044f\u0434\u0438 - \u0441\u0430\u043c\u0435 \u0432\u043e\u043d\u0438 \u0434\u043e\u0437\u0432\u043e\u043b\u044f\u044e\u0442\u044c \u0432\u0438\u0437\u043d\u0430\u0447\u0438\u0442\u0438 \u0441\u0442\u0430\u043d \u043e\u0431\u043b\u0430\u0434\u043d\u0430\u043d\u043d\u044f, \u0456 \u043d\u0430 \u043f\u0456\u0434\u0441\u0442\u0430\u0432\u0456 \u0446\u0438\u0445 \u043e\u0433\u043b\u044f\u0434\u0456\u0432 \u043c\u043e\u0436\u043d\u0430 \u043f\u0440\u043e\u0432\u043e\u0434\u0438\u0442\u0438 \u0440\u0435\u043c\u043e\u043d\u0442\u043d\u0456 \u0442\u0430 \u043f\u0440\u043e\u0444\u0456\u043b\u0430\u043a\u0442\u0438\u0447\u043d\u0456 \u0440\u043e\u0431\u043e\u0442\u0438, \u043a\u043e\u043b\u0438 \u0446\u0435 \u043d\u0435\u043e\u0431\u0445\u0456\u0434\u043d\u043e. \u041f\u0440\u0430\u0432\u0438\u043b\u044c\u043d\u043e \u043f\u0456\u0434\u0433\u043e\u0442\u043e\u0432\u043b\u0435\u043d\u0435 \u0440\u043e\u0431\u043e\u0447\u0435 \u043c\u0456\u0441\u0446\u0435 \u0432\u0430\u0436\u043b\u0438\u0432\u0435 \u043d\u0435 \u0442\u0456\u043b\u044c\u043a\u0438 \u0434\u043b\u044f \u0441\u0430\u043c\u043e\u0433\u043e \u043e\u043f\u0435\u0440\u0430\u0442\u043e\u0440\u0430, \u0430\u043b\u0435 \u0456 \u0434\u043b\u044f \u0439\u043e\u0433\u043e \u043a\u043e\u043b\u0435\u0433.<\/p>\n<p><strong>\u041f\u0435\u0440\u0435\u0434 \u043f\u043e\u0447\u0430\u0442\u043a\u043e\u043c \u0440\u043e\u0431\u043e\u0442\u0438:<\/strong><\/p>\n<ul>\n<li style=\"text-align: left;\">\u043f\u0435\u0440\u0435\u0432\u0456\u0440\u0438\u0442\u0438 \u043d\u0430\u044f\u0432\u043d\u0456\u0441\u0442\u044c \u0434\u0456\u0439\u0441\u043d\u043e\u0433\u043e \u0440\u0456\u0448\u0435\u043d\u043d\u044f UDT - \u043e\u0431\u043b\u0430\u0434\u043d\u0430\u043d\u043d\u044f \u0431\u0435\u0437 \u0434\u0456\u0439\u0441\u043d\u0438\u0445 \u0440\u0456\u0448\u0435\u043d\u044c UDT \u043c\u043e\u0436\u0435 \u0431\u0443\u0442\u0438 \u043f\u043e\u0448\u043a\u043e\u0434\u0436\u0435\u043d\u043e \u0442\u0430 \u043f\u0456\u0434\u0432\u0438\u0449\u0438\u0442\u0438 \u043d\u0435\u0431\u0435\u0437\u043f\u0435\u043a\u0443 \u0432\u0438\u043a\u043e\u0440\u0438\u0441\u0442\u0430\u043d\u043d\u044f<\/li>\n<li style=\"text-align: left;\">\u043f\u0430\u043c'\u044f\u0442\u0430\u0439\u0442\u0435 \u043f\u0440\u043e \u0434\u043e\u0442\u0440\u0438\u043c\u0430\u043d\u043d\u044f \u043f\u0440\u0430\u0432\u0438\u043b \u043e\u0445\u043e\u0440\u043e\u043d\u0438 \u043f\u0440\u0430\u0446\u0456 \u0442\u0430 \u0442\u0435\u0445\u043d\u0456\u043a\u0438 \u0431\u0435\u0437\u043f\u0435\u043a\u0438 \u043d\u0430 \u0441\u0432\u043e\u0454\u043c\u0443 \u0440\u043e\u0431\u043e\u0447\u043e\u043c\u0443 \u043c\u0456\u0441\u0446\u0456, \u043f\u0435\u0440\u0448 \u0437\u0430 \u0432\u0441\u0435, \u043d\u0430 \u043f\u0456\u0434\u0441\u0442\u0430\u0432\u0456 \u0412\u0430\u0448\u0438\u0445 \u0440\u043e\u0431\u043e\u0447\u0438\u0445 \u0456\u043d\u0441\u0442\u0440\u0443\u043a\u0446\u0456\u0439<\/li>\n<li style=\"text-align: left;\">\u043e\u0437\u043d\u0430\u0439\u043e\u043c\u0442\u0435\u0441\u044f \u0437 \u0456\u043d\u0441\u0442\u0440\u0443\u043a\u0446\u0456\u0454\u044e \u0437 \u0435\u043a\u0441\u043f\u043b\u0443\u0430\u0442\u0430\u0446\u0456\u0457 \u043f\u0440\u0438\u043b\u0430\u0434\u0443, \u044f\u043a\u0438\u0439 \u0432\u0438 \u0431\u0443\u0434\u0435\u0442\u0435 \u0435\u043a\u0441\u043f\u043b\u0443\u0430\u0442\u0443\u0432\u0430\u0442\u0438 \u0432\u043f\u0435\u0440\u0448\u0435<\/li>\n<li style=\"text-align: left;\">\u0435\u043a\u0441\u043f\u043b\u0443\u0430\u0442\u0443\u0432\u0430\u0442\u0438 \u043c\u0430\u0448\u0438\u043d\u0443 \u0442\u0456\u043b\u044c\u043a\u0438 \u0437\u0430 \u043d\u0430\u044f\u0432\u043d\u043e\u0441\u0442\u0456 \u043f\u043e\u0441\u0432\u0456\u0434\u0447\u0435\u043d\u043d\u044f \u043d\u0430 \u043f\u0440\u0430\u0432\u043e \u043a\u0435\u0440\u0443\u0432\u0430\u043d\u043d\u044f \u043a\u0440\u0430\u043d\u043e\u043c<\/li>\n<li style=\"text-align: left;\">\u043f\u0440\u0438 \u0432\u0438\u044f\u0432\u043b\u0435\u043d\u043d\u0456 \u043d\u0435\u0441\u043f\u0440\u0430\u0432\u043d\u043e\u0441\u0442\u0435\u0439, \u0432\u0438\u0442\u043e\u043a\u0456\u0432 \u0430\u0431\u043e \u0456\u043d\u0448\u0438\u0445 \u0442\u0440\u0438\u0432\u043e\u0436\u043d\u0438\u0445 \u043e\u0437\u043d\u0430\u043a \u0437\u043d\u0435\u0440\u0443\u0445\u043e\u043c\u0442\u0435 \u043e\u0431\u043b\u0430\u0434\u043d\u0430\u043d\u043d\u044f \u0442\u0430 \u043f\u043e\u0432\u0456\u0434\u043e\u043c\u0442\u0435 \u043f\u0440\u043e \u043d\u0438\u0445 \u0432\u0456\u0434\u043f\u043e\u0432\u0456\u0434\u0430\u043b\u044c\u043d\u0438\u0445 \u043e\u0441\u0456\u0431<\/li>\n<li style=\"text-align: left;\">\u043e\u0437\u043d\u0430\u0439\u043e\u043c\u0438\u0442\u0438\u0441\u044f \u0437 \u043e\u0441\u0442\u0430\u043d\u043d\u0456\u043c\u0438 \u0437\u0430\u043f\u0438\u0441\u0430\u043c\u0438 \u0432 \u043a\u043d\u0438\u0437\u0456 \u0435\u043a\u0441\u043f\u043b\u0443\u0430\u0442\u0430\u0446\u0456\u0457, \u0442\u0435\u0445\u043d\u0456\u0447\u043d\u043e\u0433\u043e \u043e\u0431\u0441\u043b\u0443\u0433\u043e\u0432\u0443\u0432\u0430\u043d\u043d\u044f \u0430\u0431\u043e \u043f\u0440\u0438\u0439\u043c\u0430\u043d\u043d\u044f \u043e\u0431\u043b\u0430\u0434\u043d\u0430\u043d\u043d\u044f<\/li>\n<li style=\"text-align: left;\">\u043f\u0435\u0440\u0435\u0432\u0456\u0440\u0442\u0435 \u043d\u0430\u0432\u043a\u043e\u043b\u0438\u0448\u043d\u0454 \u043e\u0442\u043e\u0447\u0435\u043d\u043d\u044f \u043f\u0440\u0438\u043b\u0430\u0434\u0443, \u0437\u043e\u043a\u0440\u0435\u043c\u0430 \u0437\u0432\u0435\u0440\u043d\u0456\u0442\u044c \u0443\u0432\u0430\u0433\u0443 \u043d\u0430 \u0431\u0443\u0434\u044c-\u044f\u043a\u0456 \u043f\u0435\u0440\u0435\u0448\u043a\u043e\u0434\u0438, \u0449\u043e \u0437\u043d\u0430\u0445\u043e\u0434\u044f\u0442\u044c\u0441\u044f \u043d\u0430 \u0448\u043b\u044f\u0445\u0443, \u0443\u0441\u0443\u043d\u044c\u0442\u0435 \u0457\u0445 \u0430\u0431\u043e \u043f\u043e\u0432\u0456\u0434\u043e\u043c\u0442\u0435 \u043f\u0440\u043e \u0457\u0445 \u043d\u0430\u044f\u0432\u043d\u0456\u0441\u0442\u044c \u0432\u0456\u0434\u043f\u043e\u0432\u0456\u0434\u0430\u043b\u044c\u043d\u0456\u0439 \u043e\u0441\u043e\u0431\u0456, \u044f\u043a\u0449\u043e \u0432\u0438 \u043d\u0435 \u043c\u043e\u0436\u0435\u0442\u0435 \u0443\u0441\u0443\u043d\u0443\u0442\u0438 \u0457\u0445 \u0441\u0430\u043c\u043e\u0441\u0442\u0456\u0439\u043d\u043e<\/li>\n<li style=\"text-align: left;\">\u043f\u043e\u0432\u0456\u0434\u043e\u043c\u0438\u0442\u0438 \u043e\u0441\u0456\u0431, \u044f\u043a\u0456 \u043f\u0440\u0430\u0446\u044e\u044e\u0442\u044c \u043f\u043e\u0431\u043b\u0438\u0437\u0443 \u043e\u0431\u043b\u0430\u0434\u043d\u0430\u043d\u043d\u044f, \u043f\u0440\u043e \u043f\u043e\u0447\u0430\u0442\u043e\u043a \u0440\u043e\u0431\u0456\u0442<\/li>\n<li style=\"text-align: left;\">\u0443\u0437\u0433\u043e\u0434\u0438\u0442\u0438 \u0437 \u043e\u043f\u0435\u0440\u0430\u0442\u043e\u0440\u043e\u043c \u0441\u0442\u0440\u043e\u043f\u0430 \u0437\u043d\u0430\u043a\u0438 \u0437\u0432'\u044f\u0437\u043a\u0443<\/li>\n<li style=\"text-align: left;\">\u043f\u0435\u0440\u0435\u0432\u0456\u0440\u0438\u0442\u0438 \u043c\u0430\u0441\u0443 \u0432\u0430\u043d\u0442\u0430\u0436\u0456\u0432 \u0456 \u043f\u0435\u0440\u0435\u043a\u043e\u043d\u0430\u0442\u0438\u0441\u044f, \u0449\u043e \u0432\u043e\u043d\u0438 \u0432\u0456\u0434\u043f\u043e\u0432\u0456\u0434\u0430\u044e\u0442\u044c \u0432\u0430\u043d\u0442\u0430\u0436\u043e\u043f\u0456\u0434\u0439\u043e\u043c\u043d\u043e\u0441\u0442\u0456 \u043c\u0430\u0448\u0438\u043d\u0438<\/li>\n<li style=\"text-align: left;\">\u043f\u0456\u0434\u0433\u043e\u0442\u0443\u0432\u0430\u0442\u0438 \u043c\u0456\u0441\u0446\u0435 \u0434\u043b\u044f \u0437\u0431\u0435\u0440\u0456\u0433\u0430\u043d\u043d\u044f \u0432\u0430\u043d\u0442\u0430\u0436\u0456\u0432<\/li>\n<li style=\"text-align: left;\">\u043f\u0440\u043e\u0432\u0435\u0441\u0442\u0438 \u043e\u0433\u043b\u044f\u0434 \u043e\u0431\u043b\u0430\u0434\u043d\u0430\u043d\u043d\u044f - \u0432\u0456\u0437\u0443\u0430\u043b\u044c\u043d\u043e \u043f\u0435\u0440\u0435\u0432\u0456\u0440\u0438\u0442\u0438 \u0439\u043e\u0433\u043e \u043f\u0440\u0430\u0446\u0435\u0437\u0434\u0430\u0442\u043d\u0456\u0441\u0442\u044c \u0456 \u043f\u043e\u0442\u043e\u0447\u043d\u0438\u0439 \u0440\u043e\u0431\u043e\u0447\u0438\u0439 \u0441\u0442\u0430\u043d, \u043f\u0435\u0440\u0435\u0432\u0456\u0440\u0438\u0442\u0438 \u0440\u043e\u0431\u043e\u0442\u0443 \u043a\u043e\u043c\u043f\u043e\u043d\u0435\u043d\u0442\u0456\u0432 \u0431\u0435\u0437\u043f\u0435\u043a\u0438 \u0456 \u043f\u0440\u0438\u0432\u043e\u0434\u043d\u0438\u0445 \u043c\u0435\u0445\u0430\u043d\u0456\u0437\u043c\u0456\u0432 \u043f\u0456\u0434 \u0447\u0430\u0441 \u043f\u0440\u043e\u0431\u043d\u043e\u0433\u043e \u0437\u0430\u043f\u0443\u0441\u043a\u0443<\/li>\n<li style=\"text-align: left;\">\u0437\u0440\u043e\u0431\u0438\u0442\u0438 \u0437\u0430\u043f\u0438\u0441 \u0443 \u0436\u0443\u0440\u043d\u0430\u043b\u0456 \u0430\u0431\u043e \u0456\u043d\u0448\u043e\u043c\u0443 \u0434\u043e\u043a\u0443\u043c\u0435\u043d\u0442\u0456<\/li>\n<\/ul>\n<\/div>","protected":false},"excerpt":{"rendered":"<p>W\u0142a\u015bciwe przygotowanie stanowiska pracy jest w stanie zmniejszy\u0107 znacznie ryzyko zagro\u017ce\u0144 i wypadk\u00f3w. W pracy operatora suwnicy wa\u017cna jest znajomo\u015b\u0107 zasad BHP i ich przestrzeganie. Wybieraj\u0105c nasz kurs na suwnice, mo\u017cesz dowiedzie\u0107 si\u0119 wszystkiego na temat pracy bezpiecznej zar\u00f3wno przed jej rozpocz\u0119ciem, podczas, jak i po zako\u0144czeniu obs\u0142ugi urz\u0105dzenia. W tym artykule zawarli\u015bmy wszystkie kluczowe [&hellip;]<\/p>\n","protected":false},"author":3,"featured_media":0,"parent":823,"menu_order":0,"comment_status":"closed","ping_status":"closed","template":"","meta":{"footnotes":""},"class_list":["post-851","page","type-page","status-publish","hentry"],"aioseo_notices":[],"_links":{"self":[{"href":"https:\/\/szkolenia-udt.pl\/ua\/wp-json\/wp\/v2\/pages\/851","targetHints":{"allow":["GET"]}}],"collection":[{"href":"https:\/\/szkolenia-udt.pl\/ua\/wp-json\/wp\/v2\/pages"}],"about":[{"href":"https:\/\/szkolenia-udt.pl\/ua\/wp-json\/wp\/v2\/types\/page"}],"author":[{"embeddable":true,"href":"https:\/\/szkolenia-udt.pl\/ua\/wp-json\/wp\/v2\/users\/3"}],"replies":[{"embeddable":true,"href":"https:\/\/szkolenia-udt.pl\/ua\/wp-json\/wp\/v2\/comments?post=851"}],"version-history":[{"count":5,"href":"https:\/\/szkolenia-udt.pl\/ua\/wp-json\/wp\/v2\/pages\/851\/revisions"}],"predecessor-version":[{"id":2250,"href":"https:\/\/szkolenia-udt.pl\/ua\/wp-json\/wp\/v2\/pages\/851\/revisions\/2250"}],"up":[{"embeddable":true,"href":"https:\/\/szkolenia-udt.pl\/ua\/wp-json\/wp\/v2\/pages\/823"}],"wp:attachment":[{"href":"https:\/\/szkolenia-udt.pl\/ua\/wp-json\/wp\/v2\/media?parent=851"}],"curies":[{"name":"wp","href":"https:\/\/api.w.org\/{rel}","templated":true}]}}