{"id":859,"date":"2014-11-01T23:15:17","date_gmt":"2014-11-01T23:15:17","guid":{"rendered":"http:\/\/szkolenia-udt.pl\/?page_id=859"},"modified":"2021-07-15T00:20:03","modified_gmt":"2021-07-15T00:20:03","slug":"%d0%bf%d1%96%d1%81%d0%bb%d1%8f-%d1%80%d0%be%d0%b1%d0%be%d1%82%d0%b8-%d0%b7-%d0%ba%d1%80%d0%b0%d0%bd%d0%be%d0%bc","status":"publish","type":"page","link":"https:\/\/szkolenia-udt.pl\/ua\/kursy\/suwnice\/po-zakonczeniu-pracy-z-suwnica\/","title":{"rendered":"\u041f\u0456\u0441\u043b\u044f \u0437\u0430\u043a\u0456\u043d\u0447\u0435\u043d\u043d\u044f \u0440\u043e\u0431\u043e\u0442\u0438 \u0437 \u043a\u0440\u0430\u043d\u043e\u043c"},"content":{"rendered":"<div style=\"float: left; padding-right: 10px;\"><div id=\"metaslider-id-1932\" style=\"max-width: 300px;\" class=\"ml-slider-3-107-0 metaslider metaslider-flex metaslider-1932 ml-slider ms-theme-default nav-hidden\" role=\"region\" aria-label=\"\u043a\u0440\u0430\u043d\u04383\" data-height=\"225\" data-width=\"300\">\n    <div id=\"metaslider_container_1932\">\n        <div id=\"metaslider_1932\">\n            <ul class='slides'>\n                <li style=\"display: block; width: 100%;\" class=\"slide-1999 ms-image\" aria-roledescription=\"slide\" data-date=\"2017-12-29 10:25:20\" data-filename=\"suwnica-2-300x225.jpg\" data-slide-type=\"image\"><img loading=\"lazy\" decoding=\"async\" src=\"https:\/\/szkolenia-udt.pl\/wp-content\/uploads\/2017\/12\/suwnica-2-300x225.jpg\" height=\"225\" width=\"300\" alt=\"\" class=\"slider-1932 slide-1999 msDefaultImage\" \/><\/li>\n            <\/ul>\n        <\/div>\n        \n    <\/div>\n<\/div><\/div>\n<div class=\"wyjustuj\">\n<p>\u041f\u0435\u0440\u0435\u0432\u0435\u0437\u0435\u043d\u043d\u044f\u043c \u043e\u0441\u0442\u0430\u043d\u043d\u044c\u043e\u0433\u043e \u0432\u0430\u043d\u0442\u0430\u0436\u0443 \u043d\u0430 \u043c\u0430\u0439\u0434\u0430\u043d\u0447\u0438\u043a \u0440\u043e\u0431\u043e\u0442\u0430 \u043a\u0440\u0430\u043d\u0456\u0432\u043d\u0438\u043a\u0430 \u043d\u0435 \u0437\u0430\u043a\u0456\u043d\u0447\u0443\u0454\u0442\u044c\u0441\u044f. \u0411\u0443\u0434\u044c-\u044f\u043a\u0430 \u043e\u0441\u043e\u0431\u0430, \u044f\u043a\u0430 \u0442\u0440\u0438\u043c\u0430\u043b\u0430 \u0432 \u0440\u0443\u043a\u0430\u0445 <a href=\"https:\/\/szkolenia-udt.pl\/ua\/kursy\/suwnice\/\">\u043a\u0443\u0440\u0441 \u0434\u043b\u044f \u043f\u043e\u0440\u0442\u0430\u043b\u0456\u0432<\/a> \u0432 \u043d\u0430\u0448\u043e\u043c\u0443 <a href=\"https:\/\/szkolenia-udt.pl\/ua\/o-firmie\/\">\u041a\u0443\u0440\u043e\u0440\u0442<\/a>\u041e\u043f\u0435\u0440\u0430\u0442\u043e\u0440 \u043e\u0437\u043d\u0430\u0439\u043e\u043c\u043b\u0435\u043d\u0438\u0439 \u0437 \u043f\u0440\u0430\u0432\u0438\u043b\u0430\u043c\u0438 \u043f\u043e\u0432\u0435\u0434\u0456\u043d\u043a\u0438 \u043f\u0456\u0441\u043b\u044f \u0437\u0430\u043a\u0456\u043d\u0447\u0435\u043d\u043d\u044f \u0440\u043e\u0431\u043e\u0442\u0438. \u0412\u043e\u043d\u0438 \u043c\u043e\u0436\u0443\u0442\u044c \u0434\u043e\u043f\u043e\u043c\u043e\u0433\u0442\u0438 \u0434\u043e\u0434\u0430\u0442\u043a\u043e\u0432\u043e \u0437\u0430\u0445\u0438\u0441\u0442\u0438\u0442\u0438 \u043c\u0430\u0448\u0438\u043d\u0443 \u0456 \u0440\u043e\u0431\u043e\u0447\u0435 \u043c\u0456\u0441\u0446\u0435, \u0437\u0430\u043f\u043e\u0431\u0456\u0433\u0430\u044e\u0447\u0438 \u043d\u0435\u0449\u0430\u0441\u043d\u0438\u043c \u0432\u0438\u043f\u0430\u0434\u043a\u0430\u043c. \u041d\u0438\u0436\u0447\u0435 \u043d\u0430\u0432\u0435\u0434\u0435\u043d\u043e \u043f\u0435\u0440\u0435\u043b\u0456\u043a \u043d\u0430\u0439\u0431\u0456\u043b\u044c\u0448 \u0432\u0430\u0436\u043b\u0438\u0432\u0438\u0445 \u043a\u0440\u043e\u043a\u0456\u0432 \u043f\u0435\u0440\u0435\u0434 \u0442\u0438\u043c, \u044f\u043a \u043a\u0440\u0430\u043d\u0456\u0432\u043d\u0438\u043a \u0437\u0430\u043b\u0438\u0448\u0438\u0442\u044c \u0440\u043e\u0431\u043e\u0447\u0435 \u043c\u0456\u0441\u0446\u0435:<\/p>\n<ul>\n<li>\u043f\u0435\u0440\u0435\u043a\u043e\u043d\u0430\u0442\u0438\u0441\u044f, \u0449\u043e \u0432\u0430\u043d\u0442\u0430\u0436 \u043f\u043e\u043a\u043b\u0430\u0434\u0435\u043d\u043e \u043d\u0430 \u0441\u0432\u043e\u0454 \u043c\u0456\u0441\u0446\u0435<\/li>\n<li>\u0432\u0430\u043d\u0442\u0430\u0436\u043e\u0437\u0430\u0445\u043e\u043f\u043b\u044e\u0432\u0430\u043b\u044c\u043d\u0438\u0439 \u043f\u0440\u0438\u0441\u0442\u0440\u0456\u0439 \u043f\u043e\u0432\u0438\u043d\u0435\u043d \u0440\u043e\u0437\u0442\u0430\u0448\u043e\u0432\u0443\u0432\u0430\u0442\u0438\u0441\u044f \u043d\u0430 \u0432\u0438\u0441\u043e\u0442\u0456, \u044f\u043a\u0430 \u043d\u0435 \u043f\u0435\u0440\u0435\u0448\u043a\u043e\u0434\u0436\u0430\u0454 \u0456\u043d\u0448\u0438\u043c \u043b\u044e\u0434\u044f\u043c \u0456 \u0442\u0440\u0430\u043d\u0441\u043f\u043e\u0440\u0442\u043d\u0438\u043c \u0437\u0430\u0441\u043e\u0431\u0430\u043c, \u0449\u043e \u0437\u043d\u0430\u0445\u043e\u0434\u044f\u0442\u044c\u0441\u044f \u0432 \u0440\u043e\u0431\u043e\u0447\u0456\u0439 \u0437\u043e\u043d\u0456<\/li>\n<li>\u043f\u0440\u0438\u0441\u0442\u0440\u0456\u0439 \u043f\u043e\u0432\u0438\u043d\u0435\u043d \u0431\u0443\u0442\u0438 \u0432\u0441\u0442\u0430\u043d\u043e\u0432\u043b\u0435\u043d\u0438\u0439 \u0432 \u043f\u0430\u0440\u043a\u0443\u0432\u0430\u043b\u044c\u043d\u0435 \u043f\u043e\u043b\u043e\u0436\u0435\u043d\u043d\u044f<\/li>\n<li>\u043f\u0456\u0441\u043b\u044f \u0442\u043e\u0433\u043e, \u044f\u043a \u043f\u0440\u0438\u0441\u0442\u0440\u0456\u0439 \u0437\u0430\u0439\u043d\u044f\u0432 \u043f\u043e\u0437\u0438\u0446\u0456\u044e, \u043e\u043f\u0435\u0440\u0430\u0442\u043e\u0440 \u043f\u043e\u0432\u0438\u043d\u0435\u043d \u0437\u0430\u0444\u0456\u043a\u0441\u0443\u0432\u0430\u0442\u0438 \u0439\u043e\u0433\u043e, \u043d\u0430\u0442\u0438\u0441\u043d\u0443\u0432\u0448\u0438 \u0432\u0456\u0434\u043f\u043e\u0432\u0456\u0434\u043d\u0443 \u043a\u043d\u043e\u043f\u043a\u0443<\/li>\n<li>\u0437\u0430\u0431\u043b\u043e\u043a\u0443\u0432\u0430\u0442\u0438 \u043e\u0440\u0433\u0430\u043d\u0438 \u0443\u043f\u0440\u0430\u0432\u043b\u0456\u043d\u043d\u044f \u0442\u0430 \u0432\u0438\u043c\u043a\u043d\u0443\u0442\u0438 \u0435\u043b\u0435\u043a\u0442\u0440\u043e\u0436\u0438\u0432\u043b\u0435\u043d\u043d\u044f \u043f\u0440\u0438\u043b\u0430\u0434\u0443<\/li>\n<li>\u044f\u043a\u0449\u043e \u043e\u0431\u043b\u0430\u0434\u043d\u0430\u043d\u043d\u044f \u043c\u0430\u0454 \u0432\u0456\u0442\u0440\u043e\u0432\u0456 \u0433\u0430\u043b\u044c\u043c\u0430, \u0432\u043e\u043d\u0438 \u043f\u043e\u0432\u0438\u043d\u043d\u0456 \u0431\u0443\u0442\u0438 \u0437\u0430\u043a\u0440\u0456\u043f\u043b\u0435\u043d\u0456<\/li>\n<li>\u043e\u043f\u0435\u0440\u0430\u0442\u043e\u0440 \u043f\u043e\u0432\u0438\u043d\u0435\u043d \u043f\u0440\u043e\u0432\u0435\u0441\u0442\u0438 \u0432\u0456\u0437\u0443\u0430\u043b\u044c\u043d\u0438\u0439 \u043e\u0433\u043b\u044f\u0434 \u043e\u0431\u043b\u0430\u0434\u043d\u0430\u043d\u043d\u044f<\/li>\n<li>\u043f\u0440\u0438\u0441\u0442\u0440\u0456\u0439 \u043f\u043e\u0432\u0438\u043d\u0435\u043d \u0431\u0443\u0442\u0438 \u0437\u0430\u0445\u0438\u0449\u0435\u043d\u0438\u0439 \u0432\u0456\u0434 \u043d\u0435\u0441\u0430\u043d\u043a\u0446\u0456\u043e\u043d\u043e\u0432\u0430\u043d\u043e\u0433\u043e \u0432\u0438\u043a\u043e\u0440\u0438\u0441\u0442\u0430\u043d\u043d\u044f<\/li>\n<li>\u043f\u0440\u0438 \u0432\u0438\u044f\u0432\u043b\u0435\u043d\u043d\u0456 \u043d\u0435\u0441\u043f\u0440\u0430\u0432\u043d\u043e\u0441\u0442\u0435\u0439 \u0430\u0431\u043e \u0456\u043d\u0448\u0438\u0445 \u043f\u0440\u043e\u0431\u043b\u0435\u043c \u0432 \u0440\u043e\u0431\u043e\u0442\u0456 \u043e\u0431\u043b\u0430\u0434\u043d\u0430\u043d\u043d\u044f \u043f\u043e\u0432\u0456\u0434\u043e\u043c\u0442\u0435 \u043f\u0440\u043e \u0446\u0435 \u0432\u0456\u0434\u043f\u043e\u0432\u0456\u0434\u0430\u043b\u044c\u043d\u0438\u0445 \u043e\u0441\u0456\u0431<\/li>\n<li>\u043f\u0440\u0438 \u043f\u0435\u0440\u0435\u0434\u0430\u0447\u0456 \u043e\u0431\u043b\u0430\u0434\u043d\u0430\u043d\u043d\u044f \u043f\u043e\u0432\u0438\u043d\u0435\u043d \u0431\u0443\u0442\u0438 \u0437\u0440\u043e\u0431\u043b\u0435\u043d\u0438\u0439 \u0437\u0430\u043f\u0438\u0441 \u0432 \u0436\u0443\u0440\u043d\u0430\u043b\u0456 \u043e\u0431\u043b\u0456\u043a\u0443<\/li>\n<li>\u0437\u0430\u043b\u0438\u0448\u0430\u0442\u0438 \u0441\u0432\u043e\u0454 \u0440\u043e\u0431\u043e\u0447\u0435 \u043c\u0456\u0441\u0446\u0435 \u0434\u043e\u0437\u0432\u043e\u043b\u044f\u0454\u0442\u044c\u0441\u044f \u0442\u0456\u043b\u044c\u043a\u0438 \u0443 \u0440\u0430\u0437\u0456 \u0437\u043c\u0456\u043d\u0438 \u043a\u0440\u0430\u043d\u0456\u0432\u043d\u0438\u043a\u0430 \u0430\u0431\u043e \u0437 \u0434\u043e\u0437\u0432\u043e\u043b\u0443 \u043a\u0435\u0440\u0456\u0432\u043d\u0438\u043a\u0430 \u0440\u043e\u0431\u0456\u0442<\/li>\n<\/ul>\n<p>\u0414\u043e\u0442\u0440\u0438\u043c\u0430\u043d\u043d\u044f \u0446\u0438\u0445 \u043f\u0440\u0430\u0432\u0438\u043b \u0440\u043e\u0431\u0438\u0442\u044c \u0435\u043a\u0441\u043f\u043b\u0443\u0430\u0442\u0430\u0446\u0456\u044e \u043e\u0431\u043b\u0430\u0434\u043d\u0430\u043d\u043d\u044f \u0449\u0435 \u043f\u0440\u043e\u0441\u0442\u0456\u0448\u043e\u044e, \u0441\u0430\u043c\u0435 \u0442\u043e\u043c\u0443 \u043d\u0430 \u0440\u043e\u0431\u043e\u0447\u0438\u0445 \u043c\u0456\u0441\u0446\u044f\u0445 \u0434\u0431\u0430\u044e\u0442\u044c \u043f\u0440\u043e \u044f\u043a\u0456\u0441\u0442\u044c \u0442\u0430\u043a\u043e\u0457 \u0434\u0456\u044f\u043b\u044c\u043d\u043e\u0441\u0442\u0456. \u041f\u0456\u0434\u0433\u043e\u0442\u043e\u0432\u043b\u0435\u043d\u0435 \u0442\u0430\u043a\u0438\u043c \u0447\u0438\u043d\u043e\u043c \u0440\u043e\u0431\u043e\u0447\u0435 \u043c\u0456\u0441\u0446\u0435 \u0454 \u0431\u0435\u0437\u043f\u0435\u0447\u043d\u0438\u043c \u0434\u043b\u044f \u043f\u043e\u0447\u0430\u0442\u043a\u0443 \u0437\u043c\u0456\u043d\u0438 \u043d\u043e\u0432\u043e\u0433\u043e \u043f\u0440\u0430\u0446\u0456\u0432\u043d\u0438\u043a\u0430. \u0426\u0435 \u0432\u0430\u0436\u043b\u0438\u0432\u043e, \u0430\u0434\u0436\u0435 \u043f\u0440\u043e\u043f\u0443\u0441\u043a \u0442\u043e\u0447\u043a\u0438 \u043c\u043e\u0436\u0435 \u043c\u0430\u0442\u0438 \u0442\u0440\u0430\u0433\u0456\u0447\u043d\u0456 \u043d\u0430\u0441\u043b\u0456\u0434\u043a\u0438 \u043d\u0435 \u0442\u0456\u043b\u044c\u043a\u0438 \u0434\u043b\u044f \u043e\u043f\u0435\u0440\u0430\u0442\u043e\u0440\u0430, \u0430 \u0439 \u0434\u043b\u044f \u043a\u043e\u043b\u0435\u0433.<\/p>\n<p>\u041c\u0438 \u043f\u0440\u0430\u0433\u043d\u0435\u043c\u043e \u0434\u043e \u0431\u0435\u0437\u043f\u0435\u0447\u043d\u043e\u0457 \u0440\u043e\u0431\u043e\u0442\u0438 \u0443\u0447\u0430\u0441\u043d\u0438\u043a\u0456\u0432 \u043d\u0430\u0448\u0438\u0445 \u0437\u0430\u043d\u044f\u0442\u044c, \u0441\u0430\u043c\u0435 \u0442\u043e\u043c\u0443 \u0437\u0430\u0432\u0436\u0434\u0438 \u043f\u0440\u0438\u0434\u0456\u043b\u044f\u0454\u043c\u043e \u0431\u0430\u0433\u0430\u0442\u043e \u0447\u0430\u0441\u0443 \u0442\u0435\u043c\u0430\u043c \u043e\u0445\u043e\u0440\u043e\u043d\u0438 \u043f\u0440\u0430\u0446\u0456 \u0442\u0430 \u043f\u0440\u0430\u0432\u0438\u043b\u044c\u043d\u043e\u0457 \u0435\u043a\u0441\u043f\u043b\u0443\u0430\u0442\u0430\u0446\u0456\u0457 \u043e\u0431\u043b\u0430\u0434\u043d\u0430\u043d\u043d\u044f, \u0430 \u0442\u0430\u043a\u043e\u0436 \u043f\u0440\u043e\u0432\u043e\u0434\u0438\u043c\u043e \u043f\u0440\u0430\u043a\u0442\u0438\u0447\u043d\u0456 \u0437\u0430\u043d\u044f\u0442\u0442\u044f \u0432 \u0446\u044c\u043e\u043c\u0443 \u043d\u0430\u043f\u0440\u044f\u043c\u043a\u0443.<\/p>\n<p>\u0412\u0441\u0456\u0445 \u0431\u0430\u0436\u0430\u044e\u0447\u0438\u0445 \u043e\u0442\u0440\u0438\u043c\u0430\u0442\u0438 \u043b\u0456\u0446\u0435\u043d\u0437\u0456\u044e \u043d\u0430 \u0432\u0438\u043a\u043e\u043d\u0430\u043d\u043d\u044f \u0440\u043e\u0431\u0456\u0442 \u043d\u0430 \u0432\u0430\u043d\u0442\u0430\u0436\u043e\u043f\u0456\u0434\u0456\u0439\u043c\u0430\u043b\u044c\u043d\u043e\u043c\u0443 \u043a\u0440\u0430\u043d\u0456 \u0437\u0430\u043f\u0440\u043e\u0448\u0443\u0454\u043c\u043e <a href=\"https:\/\/szkolenia-udt.pl\/ua\/oferta\/\">\u043a\u043e\u0440\u0438\u0441\u0442\u0443\u0432\u0430\u043d\u043d\u044f \u043f\u043e\u0441\u043b\u0443\u0433\u0430\u043c\u0438<\/a>!<\/p>\n<\/div>","protected":false},"excerpt":{"rendered":"<p>Przetransportowanie ostatniego \u0142adunku na miejsce nie ko\u0144czy pracy operatora suwnicy. Ka\u017cda osoba, kt\u00f3ra odby\u0142a kurs na suwnice w naszym O\u015brodku, zaznajamiana jest z zasadami postepowania po zako\u0144czonej pracy. Dzi\u0119ki nim mo\u017cna dodatkowo zabezpieczy\u0107 urz\u0105dzenie oraz miejsce pracy, zapobiegaj\u0105c wypadkom. Poni\u017cej przedstawiamy list\u0119 najwa\u017cniejszych czynno\u015bci przed opuszczeniem stanowiska pracy przez operatora suwnicy: nale\u017cy upewni\u0107 si\u0119, czy [&hellip;]<\/p>\n","protected":false},"author":3,"featured_media":0,"parent":823,"menu_order":10,"comment_status":"closed","ping_status":"closed","template":"","meta":{"footnotes":""},"class_list":["post-859","page","type-page","status-publish","hentry"],"aioseo_notices":[],"_links":{"self":[{"href":"https:\/\/szkolenia-udt.pl\/ua\/wp-json\/wp\/v2\/pages\/859","targetHints":{"allow":["GET"]}}],"collection":[{"href":"https:\/\/szkolenia-udt.pl\/ua\/wp-json\/wp\/v2\/pages"}],"about":[{"href":"https:\/\/szkolenia-udt.pl\/ua\/wp-json\/wp\/v2\/types\/page"}],"author":[{"embeddable":true,"href":"https:\/\/szkolenia-udt.pl\/ua\/wp-json\/wp\/v2\/users\/3"}],"replies":[{"embeddable":true,"href":"https:\/\/szkolenia-udt.pl\/ua\/wp-json\/wp\/v2\/comments?post=859"}],"version-history":[{"count":4,"href":"https:\/\/szkolenia-udt.pl\/ua\/wp-json\/wp\/v2\/pages\/859\/revisions"}],"predecessor-version":[{"id":2252,"href":"https:\/\/szkolenia-udt.pl\/ua\/wp-json\/wp\/v2\/pages\/859\/revisions\/2252"}],"up":[{"embeddable":true,"href":"https:\/\/szkolenia-udt.pl\/ua\/wp-json\/wp\/v2\/pages\/823"}],"wp:attachment":[{"href":"https:\/\/szkolenia-udt.pl\/ua\/wp-json\/wp\/v2\/media?parent=859"}],"curies":[{"name":"wp","href":"https:\/\/api.w.org\/{rel}","templated":true}]}}